{"id":53,"date":"2020-01-28T10:11:03","date_gmt":"2020-01-28T13:11:03","guid":{"rendered":"https:\/\/www.ufsm.br\/laboratorios\/estudio21\/?page_id=53"},"modified":"2020-01-28T10:11:06","modified_gmt":"2020-01-28T13:11:06","slug":"dicas-de-leitura","status":"publish","type":"page","link":"https:\/\/www.ufsm.br\/laboratorios\/estudio21\/dicas-de-leitura","title":{"rendered":"Dicas de leitura"},"content":{"rendered":"\n<div class=\"item-page\">\n<div>\n<p><strong>Site:<\/strong><\/p>\n<p>Mnemocine<br \/><a href=\"http:\/\/www.mnemocine.com.br\/\" target=\"_blank\" rel=\"noopener noreferrer\">http:\/\/www.mnemocine.com.br\/<\/a><\/p>\n<p><strong>Livros on-line:<\/strong><\/p>\n<p><a href=\"http:\/\/www.labcom-ifp.ubi.pt\/ficheiros\/nogueira-manuais-cinema-I-2010.pdf\" target=\"_blank\" rel=\"noopener noreferrer\">Manuais de Cinema I &#8211; Laborat\u00f3rio de Roteiro<\/a><\/p>\n<p><a href=\"http:\/\/www.labcom-ifp.ubi.pt\/ficheiros\/nogueira-manual_II_generos_cinematograficos.pdf\" target=\"_blank\" rel=\"noopener noreferrer\">Manuais de Cinema II &#8211; Generos Cinematogr\u00e1ficos<\/a><\/p>\n<p><a href=\"http:\/\/www.labcom-ifp.ubi.pt\/ficheiros\/nogueira-manuais_III_planificacao_e_montagem.pdf\" target=\"_blank\" rel=\"noopener noreferrer\">Manuais de Cinema III &#8211; Planifica\u00e7\u00e3o e Montagem<\/a><\/p>\n<p><a href=\"http:\/\/www.labcom-ifp.ubi.pt\/ficheiros\/20101105-nogueira_manuais_iv_cineastas.pdf\" target=\"_blank\" rel=\"noopener noreferrer\">Manuais de Cinema IV &#8211; Os Cineastas e a sua Arte<\/a><\/p>\n<p><a href=\"http:\/\/www.labcom-ifp.ubi.pt\/ficheiros\/20150629-2014_manuais_cinema_v.pdf\" target=\"_blank\" rel=\"noopener noreferrer\">Manuais de Cinema V &#8211; Hist\u00f3rias do Cinema<\/a><\/p>\n<p><strong>Livros:<\/strong><\/p>\n<p>T\u00edtulo: 50 anos de luz, c\u00e2mera e a\u00e7\u00e3o<br \/>Autor: Edgar Moura<br \/>Editora: SENAC<\/p>\n<p>T\u00edtulo: A forma do filme<br \/>Autor: Sergei Elsenstein<br \/>Editora: Zahar<\/p>\n<p>T\u00edtulo: A narrativa visual<br \/>Autor: Bruce Block<br \/>Editora: Campus<\/p>\n<p>T\u00edtulo: A televis\u00e3o levada a s\u00e9rio<br \/>Autor: Arlindo Machado<br \/>Editora: Senac<\/p>\n<p>T\u00edtulo: Cinema: Primeiro filme \u2013 descobrindo, fazendo, pensando<br \/>Autor: Carlos Gerbase<br \/>Editora: Artes e Of\u00edcios<\/p>\n<p>T\u00edtulo: Da cria\u00e7\u00e3o ao roteiro<br \/>Autor: Doc Comparato<br \/>Editora: Summus<\/p>\n<p>T\u00edtulo: Manual de produ\u00e7\u00e3o de televis\u00e3o<br \/>Autor: Herbert Zettl<br \/>Editora: Cengage Learning<\/p>\n<p>T\u00edtulo: O cinema e a produ\u00e7\u00e3o<br \/>Autor: Chris Rodrigues<br \/>Editora: Lamparina<\/p>\n<p>T\u00edtulo: O texto na TV &#8211; Manual de Telejornalismo<br \/>Autor: Vera Iris Paternostro<br \/>Editora: Campus<\/p>\n<p>T\u00edtulo: On Camera<br \/>Autor: Harris Watts<br \/>Editora: Summus Editorial<\/p>\n<p>T\u00edtulo: Os cinco Cs da cinematografia<br \/>Autor: Joseph V. Mascelli<br \/>Editora: Summus Editorial<\/p>\n<p>T\u00edtulo: R\u00e1dio: o ve\u00edculo, a hist\u00f3ria e a t\u00e9cnica<br \/>Autor: Luiz Artur Ferraretto<br \/>Editora: Sagra Luzzatto<\/p>\n<p>T\u00edtulo: T\u00e9cnicas de edi\u00e7\u00e3o para cinema e v\u00eddeo: hist\u00f3ria, teoria e pr\u00e1tica.<br \/>Autor: Ken Dancyger<br \/>Editora: Elsevier<\/p>\n<\/div>\n<\/div>\n","protected":false},"excerpt":{"rendered":"<p>Site: Mnemocinehttp:\/\/www.mnemocine.com.br\/ Livros on-line: Manuais de Cinema I &#8211; Laborat\u00f3rio de Roteiro Manuais de Cinema II &#8211; Generos Cinematogr\u00e1ficos Manuais de Cinema III &#8211; Planifica\u00e7\u00e3o e Montagem Manuais de Cinema IV &#8211; Os Cineastas e a sua Arte Manuais de Cinema V &#8211; Hist\u00f3rias do Cinema Livros: T\u00edtulo: 50 anos de luz, c\u00e2mera e a\u00e7\u00e3oAutor: [&hellip;]<\/p>\n","protected":false},"author":867,"featured_media":0,"parent":0,"menu_order":0,"comment_status":"closed","ping_status":"closed","template":"","meta":{"footnotes":""},"categories":[],"tags":[],"class_list":["post-53","page","type-page","status-publish","hentry"],"acf":[],"_links":{"self":[{"href":"https:\/\/www.ufsm.br\/laboratorios\/estudio21\/wp-json\/wp\/v2\/pages\/53","targetHints":{"allow":["GET"]}}],"collection":[{"href":"https:\/\/www.ufsm.br\/laboratorios\/estudio21\/wp-json\/wp\/v2\/pages"}],"about":[{"href":"https:\/\/www.ufsm.br\/laboratorios\/estudio21\/wp-json\/wp\/v2\/types\/page"}],"author":[{"embeddable":true,"href":"https:\/\/www.ufsm.br\/laboratorios\/estudio21\/wp-json\/wp\/v2\/users\/867"}],"replies":[{"embeddable":true,"href":"https:\/\/www.ufsm.br\/laboratorios\/estudio21\/wp-json\/wp\/v2\/comments?post=53"}],"version-history":[{"count":0,"href":"https:\/\/www.ufsm.br\/laboratorios\/estudio21\/wp-json\/wp\/v2\/pages\/53\/revisions"}],"wp:attachment":[{"href":"https:\/\/www.ufsm.br\/laboratorios\/estudio21\/wp-json\/wp\/v2\/media?parent=53"}],"wp:term":[{"taxonomy":"category","embeddable":true,"href":"https:\/\/www.ufsm.br\/laboratorios\/estudio21\/wp-json\/wp\/v2\/categories?post=53"},{"taxonomy":"post_tag","embeddable":true,"href":"https:\/\/www.ufsm.br\/laboratorios\/estudio21\/wp-json\/wp\/v2\/tags?post=53"}],"curies":[{"name":"wp","href":"https:\/\/api.w.org\/{rel}","templated":true}]}}