{"id":66,"date":"2020-01-28T10:41:18","date_gmt":"2020-01-28T13:41:18","guid":{"rendered":"https:\/\/www.ufsm.br\/laboratorios\/estudio21\/?page_id=66"},"modified":"2020-01-28T10:42:15","modified_gmt":"2020-01-28T13:42:15","slug":"apoio-tecnico","status":"publish","type":"page","link":"https:\/\/www.ufsm.br\/laboratorios\/estudio21\/apoio-tecnico","title":{"rendered":"Apoio T\u00e9cnico"},"content":{"rendered":"\t\t<div data-elementor-type=\"wp-page\" data-elementor-id=\"66\" class=\"elementor elementor-66\">\n\t\t\t\t\t\t<section class=\"elementor-section elementor-top-section elementor-element elementor-element-51286876 elementor-section-boxed elementor-section-height-default elementor-section-height-default\" data-id=\"51286876\" data-element_type=\"section\">\n\t\t\t\t\t\t<div class=\"elementor-container elementor-column-gap-default\">\n\t\t\t\t\t<div class=\"elementor-column elementor-col-100 elementor-top-column elementor-element elementor-element-30225f02\" data-id=\"30225f02\" data-element_type=\"column\">\n\t\t\t<div class=\"elementor-widget-wrap elementor-element-populated\">\n\t\t\t\t\t\t<div class=\"elementor-element elementor-element-a0ccb97 elementor-widget elementor-widget-text-editor\" data-id=\"a0ccb97\" data-element_type=\"widget\" data-widget_type=\"text-editor.default\">\n\t\t\t\t<div class=\"elementor-widget-container\">\n\t\t\t\t\t\t\t<p style=\"text-align: center\"><strong><span style=\"font-size: 24pt\">Nossos trabalhos de apoio em atividades did\u00e1ticas e projetos<\/span><\/strong><\/p>\t\t\t\t\t\t<\/div>\n\t\t\t\t<\/div>\n\t\t\t\t<div class=\"elementor-element elementor-element-4449a0f7 elementor-widget elementor-widget-text-editor\" data-id=\"4449a0f7\" data-element_type=\"widget\" data-widget_type=\"text-editor.default\">\n\t\t\t\t<div class=\"elementor-widget-container\">\n\t\t\t\t\t\t\t<!-- wp:tadv\/classic-paragraph \/-->\t\t\t\t\t\t<\/div>\n\t\t\t\t<\/div>\n\t\t\t\t\t<\/div>\n\t\t<\/div>\n\t\t\t\t\t<\/div>\n\t\t<\/section>\n\t\t\t\t<section class=\"elementor-section elementor-top-section elementor-element elementor-element-4704f7e elementor-section-boxed elementor-section-height-default elementor-section-height-default\" data-id=\"4704f7e\" data-element_type=\"section\">\n\t\t\t\t\t\t<div class=\"elementor-container elementor-column-gap-default\">\n\t\t\t\t\t<div class=\"elementor-column elementor-col-100 elementor-top-column elementor-element elementor-element-a74f57e\" data-id=\"a74f57e\" data-element_type=\"column\">\n\t\t\t<div class=\"elementor-widget-wrap elementor-element-populated\">\n\t\t\t\t\t\t<div class=\"elementor-element elementor-element-4e53275 elementor-widget elementor-widget-text-editor\" data-id=\"4e53275\" data-element_type=\"widget\" data-widget_type=\"text-editor.default\">\n\t\t\t\t<div class=\"elementor-widget-container\">\n\t\t\t\t\t\t\t<p style=\"text-align: left\"><strong>Produ\u00e7\u00f5es audiovisuais para projetos de ensino, pesquisa e extens\u00e3o:<\/strong><\/p>\n<p style=\"text-align: left\">Clique no t\u00edtulo do projeto para ter acesso aos dados do Portal de Projetos da UFSM.<\/p>\t\t\t\t\t\t<\/div>\n\t\t\t\t<\/div>\n\t\t\t\t\t<\/div>\n\t\t<\/div>\n\t\t\t\t\t<\/div>\n\t\t<\/section>\n\t\t\t\t<section class=\"elementor-section elementor-top-section elementor-element elementor-element-f2776c3 elementor-section-boxed elementor-section-height-default elementor-section-height-default\" data-id=\"f2776c3\" data-element_type=\"section\">\n\t\t\t\t\t\t<div class=\"elementor-container elementor-column-gap-default\">\n\t\t\t\t\t<div class=\"elementor-column elementor-col-100 elementor-top-column elementor-element elementor-element-f750769\" data-id=\"f750769\" data-element_type=\"column\">\n\t\t\t<div class=\"elementor-widget-wrap elementor-element-populated\">\n\t\t\t\t\t\t<div class=\"elementor-element elementor-element-45581e8 elementor-widget elementor-widget-text-editor\" data-id=\"45581e8\" data-element_type=\"widget\" data-widget_type=\"text-editor.default\">\n\t\t\t\t<div class=\"elementor-widget-container\">\n\t\t\t\t\t\t\t<p><a href=\"https:\/\/portal.ufsm.br\/projetos\/publico\/projetos\/view.html?idProjeto=46199\">Programa Volver na TV<\/a><\/p>\n<p><iframe title=\"TEATRINHO - CATEGORIA EGRESSO - 3 \u00ba LUGAR - Athos Ronaldo Miralha da Cunha\" width=\"500\" height=\"281\" src=\"https:\/\/www.youtube.com\/embed\/pGeb9d_2fuw?list=PLs8tbqxVMPsJ2vrebem01AcydF0C7eWjO\" frameborder=\"0\" allow=\"accelerometer; autoplay; clipboard-write; encrypted-media; gyroscope; picture-in-picture; web-share\" referrerpolicy=\"strict-origin-when-cross-origin\" allowfullscreen><\/iframe><\/p>\n<p><a href=\"https:\/\/portal.ufsm.br\/projetos\/publico\/projetos\/view.html?idProjeto=48526\">Programa Universo da Leitura<\/a><\/p>\n<p><iframe title=\"Universo da Leitura - Programa Piloto - Bloco 01\" width=\"500\" height=\"281\" src=\"https:\/\/www.youtube.com\/embed\/J4nMCtRyYn8?list=PLs8tbqxVMPsIMMzFjZA-yAhF8GA60kAnv\" frameborder=\"0\" allow=\"accelerometer; autoplay; clipboard-write; encrypted-media; gyroscope; picture-in-picture; web-share\" referrerpolicy=\"strict-origin-when-cross-origin\" allowfullscreen><\/iframe><\/p>\n<p><a href=\"https:\/\/portal.ufsm.br\/projetos\/publico\/projetos\/view.html?idProjeto=48550\">Programa Juke TV<\/a><\/p>\n<p><iframe title=\"JukeTV  #1x01 | Vespertinos\" width=\"500\" height=\"281\" src=\"https:\/\/www.youtube.com\/embed\/Xv4Y9Xt4qXA?list=PLs8tbqxVMPsKsw0ufQo0vhsGjL91f1QV0\" frameborder=\"0\" allow=\"accelerometer; autoplay; clipboard-write; encrypted-media; gyroscope; picture-in-picture; web-share\" referrerpolicy=\"strict-origin-when-cross-origin\" allowfullscreen><\/iframe><\/p>\n<p><strong>Produ\u00e7\u00f5es dos Cursos de Comunica\u00e7\u00e3o Social<\/strong><\/p>\n<p><iframe title=\"Demo Reel Est\u00fadio 21\" width=\"500\" height=\"281\" src=\"https:\/\/www.youtube.com\/embed\/NeJTabUA3ow?feature=oembed\" frameborder=\"0\" allow=\"accelerometer; autoplay; clipboard-write; encrypted-media; gyroscope; picture-in-picture; web-share\" referrerpolicy=\"strict-origin-when-cross-origin\" allowfullscreen><\/iframe><\/p>\n<p>\u00a0<\/p>\t\t\t\t\t\t<\/div>\n\t\t\t\t<\/div>\n\t\t\t\t\t<\/div>\n\t\t<\/div>\n\t\t\t\t\t<\/div>\n\t\t<\/section>\n\t\t\t\t<\/div>\n\t\t","protected":false},"excerpt":{"rendered":"<p>Nossos trabalhos de apoio em atividades did\u00e1ticas e projetos Produ\u00e7\u00f5es audiovisuais para projetos de ensino, pesquisa e extens\u00e3o: Clique no t\u00edtulo do projeto para ter acesso aos dados do Portal de Projetos da UFSM. Programa Volver na TV Programa Universo da Leitura Programa Juke TV Produ\u00e7\u00f5es dos Cursos de Comunica\u00e7\u00e3o Social \u00a0<\/p>\n","protected":false},"author":867,"featured_media":0,"parent":0,"menu_order":0,"comment_status":"closed","ping_status":"closed","template":"","meta":{"footnotes":""},"categories":[],"tags":[],"class_list":["post-66","page","type-page","status-publish","hentry"],"acf":[],"_links":{"self":[{"href":"https:\/\/www.ufsm.br\/laboratorios\/estudio21\/wp-json\/wp\/v2\/pages\/66","targetHints":{"allow":["GET"]}}],"collection":[{"href":"https:\/\/www.ufsm.br\/laboratorios\/estudio21\/wp-json\/wp\/v2\/pages"}],"about":[{"href":"https:\/\/www.ufsm.br\/laboratorios\/estudio21\/wp-json\/wp\/v2\/types\/page"}],"author":[{"embeddable":true,"href":"https:\/\/www.ufsm.br\/laboratorios\/estudio21\/wp-json\/wp\/v2\/users\/867"}],"replies":[{"embeddable":true,"href":"https:\/\/www.ufsm.br\/laboratorios\/estudio21\/wp-json\/wp\/v2\/comments?post=66"}],"version-history":[{"count":0,"href":"https:\/\/www.ufsm.br\/laboratorios\/estudio21\/wp-json\/wp\/v2\/pages\/66\/revisions"}],"wp:attachment":[{"href":"https:\/\/www.ufsm.br\/laboratorios\/estudio21\/wp-json\/wp\/v2\/media?parent=66"}],"wp:term":[{"taxonomy":"category","embeddable":true,"href":"https:\/\/www.ufsm.br\/laboratorios\/estudio21\/wp-json\/wp\/v2\/categories?post=66"},{"taxonomy":"post_tag","embeddable":true,"href":"https:\/\/www.ufsm.br\/laboratorios\/estudio21\/wp-json\/wp\/v2\/tags?post=66"}],"curies":[{"name":"wp","href":"https:\/\/api.w.org\/{rel}","templated":true}]}}