{"id":23,"date":"2019-05-14T17:02:03","date_gmt":"2019-05-14T20:02:03","guid":{"rendered":"https:\/\/www.ufsm.br\/template-laboratprio\/?page_id=23"},"modified":"2025-12-29T16:20:54","modified_gmt":"2025-12-29T19:20:54","slug":"equipe","status":"publish","type":"page","link":"https:\/\/www.ufsm.br\/laboratorios\/fisicadosolo\/equipe","title":{"rendered":"Equipe"},"content":{"rendered":"<p><strong>Professores<\/strong><\/p>\n<p>Miriam Fernanda Rodrigues &#8211; <a href=\"http:\/\/lattes.cnpq.br\/9437153589348766\">Curr\u00edculo Lattes<\/a><\/p>\n<p>Paulo Ivonir Gubiani &#8211; <a href=\"http:\/\/buscatextual.cnpq.br\/buscatextual\/visualizacv.do?metodo=apresentar&amp;id=K4710781D1\">Curr\u00edculo Lattes<\/a><\/p>\n<p>Rodrigo Pivoto Mulazzani &#8211; <a href=\"http:\/\/lattes.cnpq.br\/2236708807814017\">Curr\u00edculo Lattes<\/a><\/p>\n<p><strong>T\u00e9cnico<\/strong><\/p>\n<p>Flavio Fontinelli &#8211;\u00a0<a href=\"http:\/\/buscatextual.cnpq.br\/buscatextual\/visualizacv.do?id=K4705432H2\">Curr\u00edculo Lattes\u00a0<\/a><\/p>\n<p><strong>Estudantes atuais<\/strong><\/p>\n<p>Mariana Rigueira &#8211; Doutorado<\/p>\n<p>Suellen Passos Aguiar &#8211; Mestrado<\/p>\n<p>Vit\u00f3ria Ceretta &#8211; Mestrado<\/p>\n<p>Isabela Somavilla &#8211; Mestrado<\/p>\n<p>Ana Julia Xavier &#8211; Inicia\u00e7\u00e3o Cient\u00edfica<\/p>\n<p>Beatris Schopf &#8211; Inicia\u00e7\u00e3o Cient\u00edfica<\/p>\n<p>Gustavo Padilha &#8211; Inicia\u00e7\u00e3o Cient\u00edfica<\/p>\n<p>Mariana Lorenze &#8211; Inicia\u00e7\u00e3o Cient\u00edfica<\/p>\n","protected":false},"excerpt":{"rendered":"<p>Professores Miriam Fernanda Rodrigues &#8211; Curr\u00edculo Lattes Paulo Ivonir Gubiani &#8211; Curr\u00edculo Lattes Rodrigo Pivoto Mulazzani &#8211; Curr\u00edculo Lattes T\u00e9cnico Flavio Fontinelli &#8211;\u00a0Curr\u00edculo Lattes\u00a0 Estudantes atuais Mariana Rigueira &#8211; Doutorado Suellen Passos Aguiar &#8211; Mestrado Vit\u00f3ria Ceretta &#8211; Mestrado Isabela Somavilla &#8211; Mestrado Ana Julia Xavier &#8211; Inicia\u00e7\u00e3o Cient\u00edfica Beatris Schopf &#8211; Inicia\u00e7\u00e3o Cient\u00edfica Gustavo [&hellip;]<\/p>\n","protected":false},"author":124,"featured_media":0,"parent":0,"menu_order":0,"comment_status":"closed","ping_status":"closed","template":"","meta":{"footnotes":""},"categories":[],"tags":[],"class_list":["post-23","page","type-page","status-publish","hentry"],"acf":[],"_links":{"self":[{"href":"https:\/\/www.ufsm.br\/laboratorios\/fisicadosolo\/wp-json\/wp\/v2\/pages\/23","targetHints":{"allow":["GET"]}}],"collection":[{"href":"https:\/\/www.ufsm.br\/laboratorios\/fisicadosolo\/wp-json\/wp\/v2\/pages"}],"about":[{"href":"https:\/\/www.ufsm.br\/laboratorios\/fisicadosolo\/wp-json\/wp\/v2\/types\/page"}],"author":[{"embeddable":true,"href":"https:\/\/www.ufsm.br\/laboratorios\/fisicadosolo\/wp-json\/wp\/v2\/users\/124"}],"replies":[{"embeddable":true,"href":"https:\/\/www.ufsm.br\/laboratorios\/fisicadosolo\/wp-json\/wp\/v2\/comments?post=23"}],"version-history":[{"count":0,"href":"https:\/\/www.ufsm.br\/laboratorios\/fisicadosolo\/wp-json\/wp\/v2\/pages\/23\/revisions"}],"wp:attachment":[{"href":"https:\/\/www.ufsm.br\/laboratorios\/fisicadosolo\/wp-json\/wp\/v2\/media?parent=23"}],"wp:term":[{"taxonomy":"category","embeddable":true,"href":"https:\/\/www.ufsm.br\/laboratorios\/fisicadosolo\/wp-json\/wp\/v2\/categories?post=23"},{"taxonomy":"post_tag","embeddable":true,"href":"https:\/\/www.ufsm.br\/laboratorios\/fisicadosolo\/wp-json\/wp\/v2\/tags?post=23"}],"curies":[{"name":"wp","href":"https:\/\/api.w.org\/{rel}","templated":true}]}}