{"id":68,"date":"2020-02-28T08:23:54","date_gmt":"2020-02-28T11:23:54","guid":{"rendered":"https:\/\/www.ufsm.br\/laboratorios\/fisicadosolo\/?page_id=68"},"modified":"2024-03-27T10:09:52","modified_gmt":"2024-03-27T13:09:52","slug":"hidrossedimentometria","status":"publish","type":"page","link":"https:\/\/www.ufsm.br\/laboratorios\/fisicadosolo\/hidrossedimentometria","title":{"rendered":"Rela\u00e7\u00e3o de an\u00e1lises"},"content":{"rendered":"<p>Algumas das an\u00e1lises abaixo s\u00e3o realizadas apenas em projetos de disserta\u00e7\u00f5es e teses. Se voc\u00ea precisa alguma das an\u00e1lises abaixo, sugerimos que nos consulte via e-mail lafisufsm@gmail.com.<\/p>\n<table style=\"border-collapse: collapse;width: 96.3722%;height: 583px\">\n<tbody>\n<tr style=\"height: 23px\">\n<td style=\"width: 33.3333%;height: 23px\"><strong>An\u00e1lise<\/strong><\/td>\n<td style=\"width: 33.3333%;height: 23px\"><strong>Metodologia<\/strong><\/td>\n<\/tr>\n<tr style=\"height: 23px\">\n<td style=\"width: 33.3333%;height: 23px\">Textura (areia, silte e argila)<\/td>\n<td style=\"width: 33.3333%;height: 23px\">Pipeta e dens\u00edmetro<\/td>\n<\/tr>\n<tr style=\"height: 23px\">\n<td style=\"width: 33.3333%;height: 23px\">Argila dispersa em \u00e1gua<\/td>\n<td style=\"width: 33.3333%;height: 23px\">Pipeta<\/td>\n<\/tr>\n<tr style=\"height: 23px\">\n<td style=\"width: 33.3333%;height: 23px\">Densidade de part\u00edculas<\/td>\n<td style=\"width: 33.3333%;height: 23px\">Bal\u00e3o volum\u00e9trico<\/td>\n<\/tr>\n<tr style=\"height: 23px\">\n<td style=\"width: 33.3333%;height: 23px\">Densidade do solo<\/td>\n<td style=\"width: 33.3333%;height: 23px\">Anel volum\u00e9trico e torr\u00e3o parafinado<\/td>\n<\/tr>\n<tr style=\"height: 23px\">\n<td style=\"width: 33.3333%;height: 23px\">Porosidade (total, macro e micro ou curva de distribui\u00e7\u00e3o do tamanho de poros)<\/td>\n<td style=\"width: 33.3333%;height: 23px\">Coluna de areia e c\u00e2maras de press\u00e3o<\/td>\n<\/tr>\n<tr style=\"height: 23px\">\n<td style=\"width: 33.3333%;height: 23px\">Distribui\u00e7\u00e3o de tamanho de agregados em \u00e1gua<\/td>\n<td style=\"width: 33.3333%;height: 23px\">Agitador de peneiras tipo Yoder<\/td>\n<\/tr>\n<tr style=\"height: 23px\">\n<td style=\"width: 33.3333%;height: 23px\">Curva de reten\u00e7\u00e3o de \u00e1gua<\/td>\n<td style=\"width: 33.3333%;height: 23px\">Coluna de areia, c\u00e2maras de press\u00e3o e psicr\u00f4metro de ponto de orvalho<\/td>\n<\/tr>\n<tr style=\"height: 23px\">\n<td style=\"width: 33.3333%;height: 23px\">Curva de condutividade hidr\u00e1ulica<\/td>\n<td style=\"width: 33.3333%;height: 23px\">Hyprop<\/td>\n<\/tr>\n<tr style=\"height: 23px\">\n<td style=\"width: 33.3333%;height: 23px\">Condutividade hidr\u00e1ulica em solo saturado<\/td>\n<td style=\"width: 33.3333%;height: 23px\">Perme\u00e2metro de carga hidr\u00e1ulica constante e vari\u00e1vel<\/td>\n<\/tr>\n<tr style=\"height: 23px\">\n<td style=\"width: 33.3333%;height: 23px\">Infiltra\u00e7\u00e3o de \u00e1gua no solo<\/td>\n<td style=\"width: 33.3333%;height: 23px\">Duplo anel conc\u00eantrico<\/td>\n<\/tr>\n<tr style=\"height: 23px\">\n<td style=\"width: 33.3333%;height: 23px\">Estimativas de capacidade de campo, ponto de murcha permanente e \u00e1gua dispon\u00edvel<\/td>\n<td style=\"width: 33.3333%;height: 23px\">Coluna de areia e e psicr\u00f4metro de ponto de orvalho<\/td>\n<\/tr>\n<tr style=\"height: 23px\">\n<td style=\"width: 33.3333%;height: 23px\">Permeabilidade ao ar<\/td>\n<td style=\"width: 33.3333%;height: 23px\">Perme\u00e2metro de press\u00e3o constante<\/td>\n<\/tr>\n<tr style=\"height: 46px\">\n<td style=\"width: 33.3333%;height: 46px\">Resist\u00eancia \u00e0 penetra\u00e7\u00e3o<\/td>\n<td style=\"width: 33.3333%;height: 46px\">Penetr\u00f4metro de bancada (medi\u00e7\u00f5es em amostras no laborat\u00f3rio) e port\u00e1til (medi\u00e7\u00f5es a campo)<\/td>\n<\/tr>\n<tr style=\"height: 23px\">\n<td style=\"width: 33.3333%;height: 23px\">Compressibilidade do solo<\/td>\n<td style=\"width: 33.3333%;height: 23px\">Ensaio uniaxial<\/td>\n<\/tr>\n<tr style=\"height: 23px\">\n<td style=\"width: 33.3333%;height: 23px\">Micromec\u00e2nica do solo<\/td>\n<td style=\"width: 33.3333%;height: 23px\">Reometria<\/td>\n<\/tr>\n<tr style=\"height: 23px\">\n<td style=\"width: 33.3333%;height: 23px\">An\u00e1lise por imagens<\/td>\n<td style=\"width: 33.3333%;height: 23px\">Tomografia computadorizada<\/td>\n<\/tr>\n<tr>\n<td style=\"width: 33.3333%\">An\u00e1lise por imagens<\/td>\n<td style=\"width: 33.3333%\">Tomografia computadorizada<\/td>\n<\/tr>\n<tr>\n<td style=\"width: 33.3333%\">Temperatura do solo<\/td>\n<td style=\"width: 33.3333%\">Termopares<\/td>\n<\/tr>\n<tr>\n<td style=\"width: 33.3333%\">Conte\u00fado de \u00e1gua no solo<\/td>\n<td style=\"width: 33.3333%\">Coleta de amostras e sensores de medi\u00e7\u00e3o<\/td>\n<\/tr>\n<\/tbody>\n<\/table>\n","protected":false},"excerpt":{"rendered":"<p>Algumas das an\u00e1lises abaixo s\u00e3o realizadas apenas em projetos de disserta\u00e7\u00f5es e teses. Se voc\u00ea precisa alguma das an\u00e1lises abaixo, sugerimos que nos consulte via e-mail lafisufsm@gmail.com. An\u00e1lise Metodologia Textura (areia, silte e argila) Pipeta e dens\u00edmetro Argila dispersa em \u00e1gua Pipeta Densidade de part\u00edculas Bal\u00e3o volum\u00e9trico Densidade do solo Anel volum\u00e9trico e torr\u00e3o parafinado [&hellip;]<\/p>\n","protected":false},"author":867,"featured_media":0,"parent":0,"menu_order":0,"comment_status":"closed","ping_status":"closed","template":"","meta":{"footnotes":""},"categories":[],"tags":[],"class_list":["post-68","page","type-page","status-publish","hentry"],"acf":[],"_links":{"self":[{"href":"https:\/\/www.ufsm.br\/laboratorios\/fisicadosolo\/wp-json\/wp\/v2\/pages\/68","targetHints":{"allow":["GET"]}}],"collection":[{"href":"https:\/\/www.ufsm.br\/laboratorios\/fisicadosolo\/wp-json\/wp\/v2\/pages"}],"about":[{"href":"https:\/\/www.ufsm.br\/laboratorios\/fisicadosolo\/wp-json\/wp\/v2\/types\/page"}],"author":[{"embeddable":true,"href":"https:\/\/www.ufsm.br\/laboratorios\/fisicadosolo\/wp-json\/wp\/v2\/users\/867"}],"replies":[{"embeddable":true,"href":"https:\/\/www.ufsm.br\/laboratorios\/fisicadosolo\/wp-json\/wp\/v2\/comments?post=68"}],"version-history":[{"count":0,"href":"https:\/\/www.ufsm.br\/laboratorios\/fisicadosolo\/wp-json\/wp\/v2\/pages\/68\/revisions"}],"wp:attachment":[{"href":"https:\/\/www.ufsm.br\/laboratorios\/fisicadosolo\/wp-json\/wp\/v2\/media?parent=68"}],"wp:term":[{"taxonomy":"category","embeddable":true,"href":"https:\/\/www.ufsm.br\/laboratorios\/fisicadosolo\/wp-json\/wp\/v2\/categories?post=68"},{"taxonomy":"post_tag","embeddable":true,"href":"https:\/\/www.ufsm.br\/laboratorios\/fisicadosolo\/wp-json\/wp\/v2\/tags?post=68"}],"curies":[{"name":"wp","href":"https:\/\/api.w.org\/{rel}","templated":true}]}}