{"id":93,"date":"2024-03-18T16:12:57","date_gmt":"2024-03-18T19:12:57","guid":{"rendered":"https:\/\/www.ufsm.br\/laboratorios\/fisicadosolo\/?page_id=93"},"modified":"2024-03-27T09:11:02","modified_gmt":"2024-03-27T12:11:02","slug":"livros","status":"publish","type":"page","link":"https:\/\/www.ufsm.br\/laboratorios\/fisicadosolo\/livros","title":{"rendered":"Livros"},"content":{"rendered":"\n<p>Fisica do Solo<\/p>\n<p>O livro de F\u00edsica do Solo faz parte de um esfor\u00e7o conjunto dos membros do N\u00facleo Regional Sul da SBCS. Os cap\u00edtulos apresentam os conceitos b\u00e1sicos e rela\u00e7\u00f5es concernentes \u00e0s condi\u00e7\u00f5es f\u00edsicas dos solos, com foco em resultados de pesquisa regional e nacional, sem perder a consolidada conceitua\u00e7\u00e3o mundial. O conte\u00fado contribui para o ensino de gradua\u00e7\u00e3o e p\u00f3s-gradua\u00e7\u00e3o facilitando o entendimento e a perfeita defini\u00e7\u00e3o da caracter\u00edstica, propriedade ou processo, bem como, acesso a refer\u00eancia bibliogr\u00e1fica disponibilizado aos estudantes.<br \/>O livro f\u00edsico pode ser comprado pelo e-mail:<br \/>contato@sbcs-nrs.org.br<\/p>\n<p>\u00a0<\/p>\n<p><img fetchpriority=\"high\" decoding=\"async\" class=\"aligncenter wp-image-103 size-medium\" src=\"https:\/\/www.ufsm.br\/app\/uploads\/sites\/810\/2024\/03\/Livro-fisica-do-solo-209x300.jpg\" alt=\"\" width=\"209\" height=\"300\" srcset=\"https:\/\/www.ufsm.br\/app\/uploads\/sites\/810\/2024\/03\/Livro-fisica-do-solo-209x300.jpg 209w, https:\/\/www.ufsm.br\/app\/uploads\/sites\/810\/2024\/03\/Livro-fisica-do-solo-714x1024.jpg 714w, https:\/\/www.ufsm.br\/app\/uploads\/sites\/810\/2024\/03\/Livro-fisica-do-solo.jpg 726w\" sizes=\"(max-width: 209px) 100vw, 209px\" \/><\/p>\n<p style=\"font-weight: 400\">Pref\u00e1cio<\/p>\n<p style=\"font-weight: 400\">O livro de F\u00edsica do Solo resulta de esfor\u00e7o conjunto do N\u00facleo Regional Sul da Sociedade Brasileira de Ci\u00eancia do Solo. Conta com professores da \u00e1rea ligados a diversas Institui\u00e7\u00f5es e Cursos dos estados do Rio Grande do Sul e de Santa Catarina. A constru\u00e7\u00e3o do livro F\u00edsica do Solo decorre de um desejo antigo e foi realizada a muitas \u201cm\u00e3os\u201d e destina-se, prioritariamente, para ser usado nos cursos de gradua\u00e7\u00e3o e p\u00f3s-gradua\u00e7\u00e3o. O crescimento e o desenvolvimento da agricultura, bem como da pecu\u00e1ria e \u00e1rea florestal \u00e9 realidade nacional, exigindo t\u00e9cnicos com s\u00f3lidos conhecimentos da base dos sistemas de produ\u00e7\u00e3o \u2013 o solo. A obra contribuir\u00e1 para a difus\u00e3o do saber de quatro dos cinco fatores b\u00e1sicos associados ao crescimento e desenvolvimento vegetal \u2013 leia-se ar, \u00e1gua, calor e resist\u00eancia do solo. Os cap\u00edtulos do livro de F\u00edsica do Solo apresentam os conceitos b\u00e1sicos e rela\u00e7\u00f5es concernentes \u00e0s condi\u00e7\u00f5es f\u00edsicas dos solos com luz principal em resultados de pesquisa regional e nacional, sem perder a consolidada conceitua\u00e7\u00e3o mundial. Os usu\u00e1rios encontrar\u00e3o uma obra com conte\u00fados usados no dia a dia dos professores, facilitando o entendimento e a perfeita defini\u00e7\u00e3o da caracter\u00edstica, propriedade ou processo, bem como, acesso a refer\u00eancia bibliogr\u00e1fica disponibilizado aos estudantes. Podemos afirmar que \u00e9 uma obra in\u00e9dita na \u00e1rea, no Brasil. Parab\u00e9ns, N\u00facleo Regional Sul da SBCS, parab\u00e9ns editores e professores autores.<\/p>\n<p style=\"font-weight: 400\">Dalvan Jos\u00e9 Reinert, Dr.<\/p>\n<p style=\"font-weight: 400\">Professor Titular de Solos \u2013 UFSM<\/p>\n<p>\u00a0<\/p>\n<p style=\"font-weight: 400\"><strong style=\"font-weight: 500\">Cap\u00edtulos e Autores<\/strong><\/p>\n<p style=\"font-weight: 400\"><strong style=\"font-weight: 500\">I \u2013 Breve hist\u00f3ria da F\u00edsica do Solo<\/strong><\/p>\n<p style=\"font-weight: 400\">Jose Miguel Reichert, Eduardo Saldanha Vogelmann<\/p>\n<p style=\"font-weight: 400\"><strong style=\"font-weight: 500\">II \u2013 Solo como sistema trif\u00e1sico<\/strong><\/p>\n<p style=\"font-weight: 400\">Jose Miguel Reichert, Milton da Veiga, Danilo Rheinheimer dos Santos, Jackson Adriano Albuquerque<\/p>\n<p style=\"font-weight: 400\"><strong style=\"font-weight: 500\">III \u2013 Estrutura e agrega\u00e7\u00e3o do solo<\/strong><\/p>\n<p style=\"font-weight: 400\">Cl\u00e1udia Liane Rodrigues de Lima, Douglas Rodrigo Kaiser<\/p>\n<p style=\"font-weight: 400\"><strong style=\"font-weight: 500\">IV \u2013 Densidade e porosidade do solo<\/strong><\/p>\n<p style=\"font-weight: 400\">Cleudson Jos\u00e9 Michelon, Douglas Rodrigo Kaiser, Marta Sandra Drescher, Jo\u00e3o Alfredo Braida<\/p>\n<p style=\"font-weight: 400\"><strong style=\"font-weight: 500\">V- Consist\u00eancia do solo<\/strong><\/p>\n<p style=\"font-weight: 400\">Jose Miguel Reichert, Vanderlei Rodrigues da Silva, Jo\u00e3o Alfredo Braida, Jackson Adriano Albuquerque<\/p>\n<p style=\"font-weight: 400\"><strong style=\"font-weight: 500\">VI \u2013 Compacta\u00e7\u00e3o do solo<\/strong><\/p>\n<p style=\"font-weight: 400\">Marta Sandra Drescher, Douglas Rodrigo Kaiser, Cl\u00e1udia Liane Rodrigues de Lima, Jo\u00e3o Alfredo Braida<\/p>\n<p style=\"font-weight: 400\"><strong style=\"font-weight: 500\">VII \u2013 Aera\u00e7\u00e3o do solo<\/strong><\/p>\n<p style=\"font-weight: 400\">Dalvan Jos\u00e9 Reinert, Paulo Ivonir Gubiani<\/p>\n<p style=\"font-weight: 400\"><strong style=\"font-weight: 500\">VIII \u2013 Energia t\u00e9rmica do solo<\/strong><\/p>\n<p style=\"font-weight: 400\">Paulo Ivonir Gubiani, Dalvan Jos\u00e9 Reinert<\/p>\n<p style=\"font-weight: 400\"><strong style=\"font-weight: 500\">IX \u2013 \u00c1gua no solo<\/strong><\/p>\n<p style=\"font-weight: 400\">Douglas Rodrigo Kaiser, Vanderlei Rodrigues da Silva<\/p>\n<p style=\"font-weight: 400\"><strong style=\"font-weight: 500\">X \u2013 Fluxo de \u00e1gua no solo<\/strong><\/p>\n<p style=\"font-weight: 400\">Jackson Adriano Albuquerque, Paulo Ivonir Gubiani, Milton da Veiga, Jose Miguel Reichert<\/p>\n<p style=\"font-weight: 400\"><strong style=\"font-weight: 500\">XI \u2013 Indicadores de qualidade f\u00edsica do solo<\/strong><\/p>\n<p style=\"font-weight: 400\">Eduardo Saldanha Vogelmann, Jo\u00e3o Alfredo Braida, Marta Sandra Drescher<\/p>\n","protected":false},"excerpt":{"rendered":"<p>Fisica do Solo O livro de F\u00edsica do Solo faz parte de um esfor\u00e7o conjunto dos membros do N\u00facleo Regional Sul da SBCS. Os cap\u00edtulos apresentam os conceitos b\u00e1sicos e rela\u00e7\u00f5es concernentes \u00e0s condi\u00e7\u00f5es f\u00edsicas dos solos, com foco em resultados de pesquisa regional e nacional, sem perder a consolidada conceitua\u00e7\u00e3o mundial. O conte\u00fado contribui [&hellip;]<\/p>\n","protected":false},"author":6112,"featured_media":0,"parent":0,"menu_order":0,"comment_status":"closed","ping_status":"closed","template":"","meta":{"footnotes":""},"categories":[],"tags":[],"class_list":["post-93","page","type-page","status-publish","hentry"],"acf":[],"_links":{"self":[{"href":"https:\/\/www.ufsm.br\/laboratorios\/fisicadosolo\/wp-json\/wp\/v2\/pages\/93","targetHints":{"allow":["GET"]}}],"collection":[{"href":"https:\/\/www.ufsm.br\/laboratorios\/fisicadosolo\/wp-json\/wp\/v2\/pages"}],"about":[{"href":"https:\/\/www.ufsm.br\/laboratorios\/fisicadosolo\/wp-json\/wp\/v2\/types\/page"}],"author":[{"embeddable":true,"href":"https:\/\/www.ufsm.br\/laboratorios\/fisicadosolo\/wp-json\/wp\/v2\/users\/6112"}],"replies":[{"embeddable":true,"href":"https:\/\/www.ufsm.br\/laboratorios\/fisicadosolo\/wp-json\/wp\/v2\/comments?post=93"}],"version-history":[{"count":0,"href":"https:\/\/www.ufsm.br\/laboratorios\/fisicadosolo\/wp-json\/wp\/v2\/pages\/93\/revisions"}],"wp:attachment":[{"href":"https:\/\/www.ufsm.br\/laboratorios\/fisicadosolo\/wp-json\/wp\/v2\/media?parent=93"}],"wp:term":[{"taxonomy":"category","embeddable":true,"href":"https:\/\/www.ufsm.br\/laboratorios\/fisicadosolo\/wp-json\/wp\/v2\/categories?post=93"},{"taxonomy":"post_tag","embeddable":true,"href":"https:\/\/www.ufsm.br\/laboratorios\/fisicadosolo\/wp-json\/wp\/v2\/tags?post=93"}],"curies":[{"name":"wp","href":"https:\/\/api.w.org\/{rel}","templated":true}]}}