{"id":95,"date":"2024-03-19T15:36:42","date_gmt":"2024-03-19T18:36:42","guid":{"rendered":"https:\/\/www.ufsm.br\/laboratorios\/fisicadosolo\/?page_id=95"},"modified":"2024-03-19T16:06:57","modified_gmt":"2024-03-19T19:06:57","slug":"formacao-de-mestres-e-doutores","status":"publish","type":"page","link":"https:\/\/www.ufsm.br\/laboratorios\/fisicadosolo\/formacao-de-mestres-e-doutores","title":{"rendered":"Forma\u00e7\u00e3o de mestres e doutores"},"content":{"rendered":"\n<p>Dezenas de estudantes conclu\u00edram suas disserta\u00e7\u00f5es e teses no LAFIS. Confira nos links abaixo.<\/p>\n<p><a href=\"https:\/\/docs.google.com\/spreadsheets\/d\/1vHEqckdZ1GOFMBBv4b8RUtWHQ_GoSR5EaY09Nb4EYR4\/edit?usp=sharing\">Doutores<\/a><\/p>\n<p><a href=\"https:\/\/docs.google.com\/spreadsheets\/d\/1t7Joj3KBWWoLvZPI-Fr140ic0-dPKKuJNUHj0xcqxUY\/edit?usp=sharing\">Mestres<\/a><\/p>\n","protected":false},"excerpt":{"rendered":"<p>Dezenas de estudantes conclu\u00edram suas disserta\u00e7\u00f5es e teses no LAFIS. Confira nos links abaixo. Doutores Mestres<\/p>\n","protected":false},"author":1008,"featured_media":0,"parent":0,"menu_order":0,"comment_status":"closed","ping_status":"closed","template":"","meta":{"footnotes":""},"categories":[],"tags":[],"class_list":["post-95","page","type-page","status-publish","hentry"],"acf":[],"_links":{"self":[{"href":"https:\/\/www.ufsm.br\/laboratorios\/fisicadosolo\/wp-json\/wp\/v2\/pages\/95","targetHints":{"allow":["GET"]}}],"collection":[{"href":"https:\/\/www.ufsm.br\/laboratorios\/fisicadosolo\/wp-json\/wp\/v2\/pages"}],"about":[{"href":"https:\/\/www.ufsm.br\/laboratorios\/fisicadosolo\/wp-json\/wp\/v2\/types\/page"}],"author":[{"embeddable":true,"href":"https:\/\/www.ufsm.br\/laboratorios\/fisicadosolo\/wp-json\/wp\/v2\/users\/1008"}],"replies":[{"embeddable":true,"href":"https:\/\/www.ufsm.br\/laboratorios\/fisicadosolo\/wp-json\/wp\/v2\/comments?post=95"}],"version-history":[{"count":0,"href":"https:\/\/www.ufsm.br\/laboratorios\/fisicadosolo\/wp-json\/wp\/v2\/pages\/95\/revisions"}],"wp:attachment":[{"href":"https:\/\/www.ufsm.br\/laboratorios\/fisicadosolo\/wp-json\/wp\/v2\/media?parent=95"}],"wp:term":[{"taxonomy":"category","embeddable":true,"href":"https:\/\/www.ufsm.br\/laboratorios\/fisicadosolo\/wp-json\/wp\/v2\/categories?post=95"},{"taxonomy":"post_tag","embeddable":true,"href":"https:\/\/www.ufsm.br\/laboratorios\/fisicadosolo\/wp-json\/wp\/v2\/tags?post=95"}],"curies":[{"name":"wp","href":"https:\/\/api.w.org\/{rel}","templated":true}]}}