{"id":23,"date":"2019-05-14T17:02:03","date_gmt":"2019-05-14T20:02:03","guid":{"rendered":"https:\/\/www.ufsm.br\/template-laboratprio\/?page_id=23"},"modified":"2024-04-11T09:30:23","modified_gmt":"2024-04-11T12:30:23","slug":"equipe","status":"publish","type":"page","link":"https:\/\/www.ufsm.br\/laboratorios\/genevo\/equipe","title":{"rendered":"Equipe"},"content":{"rendered":"\n<p><strong>COORDENADOR<\/strong><\/p>\n<table style=\"border-collapse: collapse;width: 100%;height: 46px\">\n<tbody>\n<tr style=\"height: 23px\">\n<td style=\"width: 50%;text-align: center;height: 23px\"><strong>Nome<\/strong><\/td>\n<td style=\"width: 50%;height: 23px;text-align: center\"><strong>Cargo<\/strong><\/td>\n<\/tr>\n<tr style=\"height: 23px\">\n<td style=\"width: 50%;height: 23px\">Daniel \u00c2ngelo Sganzerla Graichen<\/td>\n<td style=\"width: 50%;height: 23px\">Professor Associado do Departamento de Zootecnia e Ci\u00eancias Biol\u00f3gicas (UFSM-PM)<\/td>\n<\/tr>\n<\/tbody>\n<\/table>\n<p><strong>T\u00c9CNICA DE LABORAT\u00d3RIO<\/strong><\/p>\n<table style=\"border-collapse: collapse;width: 100%;height: 46px\">\n<tbody>\n<tr style=\"height: 23px\">\n<td style=\"width: 50%;text-align: center;height: 23px\"><strong>Nome<\/strong><\/td>\n<td style=\"width: 50%;text-align: center;height: 23px\"><strong>Cargo<\/strong><\/td>\n<\/tr>\n<tr style=\"height: 23px\">\n<td style=\"width: 50%;height: 23px\">Andrielle Wouters Kuhn<\/td>\n<td style=\"width: 50%;height: 23px\">T\u00e9cnica de Laborat\u00f3rio &#8211; Biologia (UFSM-PM)<\/td>\n<\/tr>\n<\/tbody>\n<\/table>\n\n\n\n<p><strong>INTEGRANTES<\/strong><\/p>\n\n\n\n<table style=\"border-collapse: collapse;width: 100%;height: 230px\">\n<tbody>\n<tr style=\"height: 23px\">\n<td style=\"width: 50%;text-align: center;height: 23px\"><strong>Nome<\/strong><\/td>\n<td style=\"width: 50%;text-align: center;height: 23px\"><strong>Cargo<\/strong><\/td>\n<\/tr>\n<tr style=\"height: 23px\">\n<td style=\"width: 50%;height: 23px\">Thamara Lu\u00edsa Staudt Schneider<\/td>\n<td style=\"width: 50%;height: 23px\">Doutora em Zootecnia (UFSM)<\/td>\n<\/tr>\n<tr style=\"height: 23px\">\n<td style=\"width: 50%;height: 23px\">J\u00e9ssyca Bressan Schwantes<\/td>\n<td style=\"width: 50%;height: 23px\">Doutoranda em Biodiversidade Animal (UFSM)<\/td>\n<\/tr>\n<tr style=\"height: 23px\">\n<td style=\"width: 50%;height: 23px\">Renata Marschner Costa<\/td>\n<td style=\"width: 50%;height: 23px\">Mestrando em Bioqu\u00edmica (UFRGS)<\/td>\n<\/tr>\n<tr style=\"height: 23px\">\n<td style=\"width: 50%;height: 23px\">Kauanne Farezin<\/td>\n<td style=\"width: 50%;height: 23px\">Graduanda em Zootecnia (UFSM-PM)<\/td>\n<\/tr>\n<tr style=\"height: 23px\">\n<td style=\"width: 50%;height: 23px\">Tain\u00e1 Ferreira da Silva<\/td>\n<td style=\"width: 50%;height: 23px\">Graduanda em Ci\u00eancias Biol\u00f3gicas &#8211; Licenciatura (UFSM-PM)<\/td>\n<\/tr>\n<tr style=\"height: 23px\">\n<td style=\"width: 50%;height: 23px\">Izael Henrique Benke<\/td>\n<td style=\"width: 50%;height: 23px\">Graduando em Ci\u00eancias Biol\u00f3gicas &#8211; Licenciatura (UFSM-PM)<\/td>\n<\/tr>\n<tr style=\"height: 23px\">\n<td style=\"width: 50%;height: 23px\">Gilberto Augusto Krug<\/td>\n<td style=\"width: 50%;height: 23px\">Graduando em Ci\u00eancias Biol\u00f3gicas &#8211; Licenciatura (UFSM-PM)<\/td>\n<\/tr>\n<tr style=\"height: 23px\">\n<td style=\"width: 50%;height: 23px\">Giliane Oteiro Desotti Molinari<\/td>\n<td style=\"width: 50%;height: 23px\">Graduanda em Ci\u00eancias Biol\u00f3gicas &#8211; Licenciatura (UFSM-PM)<\/td>\n<\/tr>\n<tr style=\"height: 23px\">\n<td style=\"width: 50%;height: 23px\">Jamile Regina Outeiro da Silva<\/td>\n<td style=\"width: 50%;height: 23px\">Graduanda em Ci\u00eancias Biol\u00f3gicas &#8211; Licenciatura (UFSM-PM)<\/td>\n<\/tr>\n<\/tbody>\n<\/table>\n","protected":false},"excerpt":{"rendered":"<p>COORDENADOR Nome Cargo Daniel \u00c2ngelo Sganzerla Graichen Professor Associado do Departamento de Zootecnia e Ci\u00eancias Biol\u00f3gicas (UFSM-PM) T\u00c9CNICA DE LABORAT\u00d3RIO Nome Cargo Andrielle Wouters Kuhn T\u00e9cnica de Laborat\u00f3rio &#8211; Biologia (UFSM-PM) INTEGRANTES Nome Cargo Thamara Lu\u00edsa Staudt Schneider Doutora em Zootecnia (UFSM) J\u00e9ssyca Bressan Schwantes Doutoranda em Biodiversidade Animal (UFSM) Renata Marschner Costa Mestrando em [&hellip;]<\/p>\n","protected":false},"author":124,"featured_media":0,"parent":0,"menu_order":0,"comment_status":"closed","ping_status":"closed","template":"","meta":{"footnotes":""},"categories":[],"tags":[],"class_list":["post-23","page","type-page","status-publish","hentry"],"acf":[],"_links":{"self":[{"href":"https:\/\/www.ufsm.br\/laboratorios\/genevo\/wp-json\/wp\/v2\/pages\/23","targetHints":{"allow":["GET"]}}],"collection":[{"href":"https:\/\/www.ufsm.br\/laboratorios\/genevo\/wp-json\/wp\/v2\/pages"}],"about":[{"href":"https:\/\/www.ufsm.br\/laboratorios\/genevo\/wp-json\/wp\/v2\/types\/page"}],"author":[{"embeddable":true,"href":"https:\/\/www.ufsm.br\/laboratorios\/genevo\/wp-json\/wp\/v2\/users\/124"}],"replies":[{"embeddable":true,"href":"https:\/\/www.ufsm.br\/laboratorios\/genevo\/wp-json\/wp\/v2\/comments?post=23"}],"version-history":[{"count":0,"href":"https:\/\/www.ufsm.br\/laboratorios\/genevo\/wp-json\/wp\/v2\/pages\/23\/revisions"}],"wp:attachment":[{"href":"https:\/\/www.ufsm.br\/laboratorios\/genevo\/wp-json\/wp\/v2\/media?parent=23"}],"wp:term":[{"taxonomy":"category","embeddable":true,"href":"https:\/\/www.ufsm.br\/laboratorios\/genevo\/wp-json\/wp\/v2\/categories?post=23"},{"taxonomy":"post_tag","embeddable":true,"href":"https:\/\/www.ufsm.br\/laboratorios\/genevo\/wp-json\/wp\/v2\/tags?post=23"}],"curies":[{"name":"wp","href":"https:\/\/api.w.org\/{rel}","templated":true}]}}