{"id":32,"date":"2019-05-24T15:38:39","date_gmt":"2019-05-24T18:38:39","guid":{"rendered":"https:\/\/www.ufsm.br\/template-laboratprio\/?page_id=32"},"modified":"2019-07-02T14:14:54","modified_gmt":"2019-07-02T17:14:54","slug":"projetos","status":"publish","type":"page","link":"https:\/\/www.ufsm.br\/laboratorios\/genevo\/projetos","title":{"rendered":"Projetos"},"content":{"rendered":"\n<p><strong>Pesquisa:<\/strong><br \/>&#8211; Estudo da variabilidade gen\u00e9tica e ecol\u00f3gica de comunidades de Drosophilidae na regi\u00e3o de Mata Atl\u00e2ntica do norte do Rio Grande do Sul<br \/>&#8211; Epidemiologia Molecular de Fasciola hepatica no Rio Grande do Sul e no Brasil<\/p>\n<p><br \/><strong>Ensino:<\/strong><br \/>&#8211; Populariza\u00e7\u00e3o da Gen\u00e9tica e Evolu\u00e7\u00e3o Biol\u00f3gica por meio de abordagens experimentais<\/p>\n","protected":false},"excerpt":{"rendered":"<p>Pesquisa:&#8211; Estudo da variabilidade gen\u00e9tica e ecol\u00f3gica de comunidades de Drosophilidae na regi\u00e3o de Mata Atl\u00e2ntica do norte do Rio Grande do Sul&#8211; Epidemiologia Molecular de Fasciola hepatica no Rio Grande do Sul e no Brasil Ensino:&#8211; Populariza\u00e7\u00e3o da Gen\u00e9tica e Evolu\u00e7\u00e3o Biol\u00f3gica por meio de abordagens experimentais<\/p>\n","protected":false},"author":25,"featured_media":0,"parent":0,"menu_order":0,"comment_status":"closed","ping_status":"closed","template":"","meta":{"footnotes":""},"categories":[],"tags":[],"class_list":["post-32","page","type-page","status-publish","hentry"],"acf":[],"_links":{"self":[{"href":"https:\/\/www.ufsm.br\/laboratorios\/genevo\/wp-json\/wp\/v2\/pages\/32","targetHints":{"allow":["GET"]}}],"collection":[{"href":"https:\/\/www.ufsm.br\/laboratorios\/genevo\/wp-json\/wp\/v2\/pages"}],"about":[{"href":"https:\/\/www.ufsm.br\/laboratorios\/genevo\/wp-json\/wp\/v2\/types\/page"}],"author":[{"embeddable":true,"href":"https:\/\/www.ufsm.br\/laboratorios\/genevo\/wp-json\/wp\/v2\/users\/25"}],"replies":[{"embeddable":true,"href":"https:\/\/www.ufsm.br\/laboratorios\/genevo\/wp-json\/wp\/v2\/comments?post=32"}],"version-history":[{"count":0,"href":"https:\/\/www.ufsm.br\/laboratorios\/genevo\/wp-json\/wp\/v2\/pages\/32\/revisions"}],"wp:attachment":[{"href":"https:\/\/www.ufsm.br\/laboratorios\/genevo\/wp-json\/wp\/v2\/media?parent=32"}],"wp:term":[{"taxonomy":"category","embeddable":true,"href":"https:\/\/www.ufsm.br\/laboratorios\/genevo\/wp-json\/wp\/v2\/categories?post=32"},{"taxonomy":"post_tag","embeddable":true,"href":"https:\/\/www.ufsm.br\/laboratorios\/genevo\/wp-json\/wp\/v2\/tags?post=32"}],"curies":[{"name":"wp","href":"https:\/\/api.w.org\/{rel}","templated":true}]}}