{"id":40,"date":"2019-07-02T14:16:27","date_gmt":"2019-07-02T17:16:27","guid":{"rendered":"https:\/\/www.ufsm.br\/laboratorios\/genevo\/?page_id=40"},"modified":"2019-07-02T14:16:30","modified_gmt":"2019-07-02T17:16:30","slug":"linhas-de-pesquisa","status":"publish","type":"page","link":"https:\/\/www.ufsm.br\/laboratorios\/genevo\/linhas-de-pesquisa","title":{"rendered":"Linhas de Pesquisa"},"content":{"rendered":"\n<p style=\"margin-bottom: 10px;color: #666666;font-family: Helvetica, Arial, sans-serif;font-size: 13px;text-align: justify\"><span style=\"font-family: helvetica;font-size: 12pt\"><span style=\"font-weight: bold;color: #004074\">Biologia Evolutiva de Parasitos:<\/span>\u00a0<\/span><br \/><span style=\"font-family: helvetica;font-size: 12pt\">&#8211; Biogeografia em parasitos de import\u00e2ncia econ\u00f4mica;<\/span><br \/><span style=\"font-family: helvetica;font-size: 12pt\">&#8211; Evolu\u00e7\u00e3o molecular, adapta\u00e7\u00e3o e gen\u00f4mica em platelmintos;\u00a0<\/span><br \/><span style=\"font-family: helvetica;font-size: 12pt\">&#8211; Rela\u00e7\u00e3o parasito-hospedeiro em insetos &#8211; Drosophila como modelo.<\/span><\/p>\n<p style=\"margin-top: 0px;margin-bottom: 10px;color: #666666;font-family: Helvetica, Arial, sans-serif;font-size: 13px;text-align: justify\"><span style=\"font-weight: bold;color: #004074\"><span style=\"font-family: helvetica;font-size: 12pt\">Evolu\u00e7\u00e3o Molecular nos Neotr\u00f3picos:<\/span><\/span><br \/><span style=\"font-family: helvetica;font-size: 12pt\">&#8211; Fluxo g\u00eanico e hibridismo em popula\u00e7\u00f5es naturais;<\/span><br \/><span style=\"font-family: helvetica;font-size: 12pt\">&#8211; Adapta\u00e7\u00e3o e ecologia em popula\u00e7\u00f5es naturais de Drosophila.<\/span><\/p>\n","protected":false},"excerpt":{"rendered":"<p>Biologia Evolutiva de Parasitos:\u00a0&#8211; Biogeografia em parasitos de import\u00e2ncia econ\u00f4mica;&#8211; Evolu\u00e7\u00e3o molecular, adapta\u00e7\u00e3o e gen\u00f4mica em platelmintos;\u00a0&#8211; Rela\u00e7\u00e3o parasito-hospedeiro em insetos &#8211; Drosophila como modelo. Evolu\u00e7\u00e3o Molecular nos Neotr\u00f3picos:&#8211; Fluxo g\u00eanico e hibridismo em popula\u00e7\u00f5es naturais;&#8211; Adapta\u00e7\u00e3o e ecologia em popula\u00e7\u00f5es naturais de Drosophila.<\/p>\n","protected":false},"author":115,"featured_media":0,"parent":0,"menu_order":0,"comment_status":"closed","ping_status":"closed","template":"","meta":{"footnotes":""},"categories":[],"tags":[],"class_list":["post-40","page","type-page","status-publish","hentry"],"acf":[],"_links":{"self":[{"href":"https:\/\/www.ufsm.br\/laboratorios\/genevo\/wp-json\/wp\/v2\/pages\/40","targetHints":{"allow":["GET"]}}],"collection":[{"href":"https:\/\/www.ufsm.br\/laboratorios\/genevo\/wp-json\/wp\/v2\/pages"}],"about":[{"href":"https:\/\/www.ufsm.br\/laboratorios\/genevo\/wp-json\/wp\/v2\/types\/page"}],"author":[{"embeddable":true,"href":"https:\/\/www.ufsm.br\/laboratorios\/genevo\/wp-json\/wp\/v2\/users\/115"}],"replies":[{"embeddable":true,"href":"https:\/\/www.ufsm.br\/laboratorios\/genevo\/wp-json\/wp\/v2\/comments?post=40"}],"version-history":[{"count":0,"href":"https:\/\/www.ufsm.br\/laboratorios\/genevo\/wp-json\/wp\/v2\/pages\/40\/revisions"}],"wp:attachment":[{"href":"https:\/\/www.ufsm.br\/laboratorios\/genevo\/wp-json\/wp\/v2\/media?parent=40"}],"wp:term":[{"taxonomy":"category","embeddable":true,"href":"https:\/\/www.ufsm.br\/laboratorios\/genevo\/wp-json\/wp\/v2\/categories?post=40"},{"taxonomy":"post_tag","embeddable":true,"href":"https:\/\/www.ufsm.br\/laboratorios\/genevo\/wp-json\/wp\/v2\/tags?post=40"}],"curies":[{"name":"wp","href":"https:\/\/api.w.org\/{rel}","templated":true}]}}