{"id":91,"date":"2019-07-15T16:17:33","date_gmt":"2019-07-15T19:17:33","guid":{"rendered":"https:\/\/www.ufsm.br\/laboratorios\/genevo\/?page_id=91"},"modified":"2019-07-15T16:17:36","modified_gmt":"2019-07-15T19:17:36","slug":"historico-de-eventos","status":"publish","type":"page","link":"https:\/\/www.ufsm.br\/laboratorios\/genevo\/historico-de-eventos","title":{"rendered":"Hist\u00f3rico de Eventos"},"content":{"rendered":"\n<p class=\"western\" lang=\"pt-BR\">&#8211; II Workshop de Gen\u00e9tica Evolutiva: As Bases Evolutivas da Biologia Humana \u2013 2016\u00a0<\/p>\n<p class=\"western\" lang=\"pt-BR\">&#8211; Curso de Biologia Evolutiva \u2013 2015<\/p>\n<p class=\"western\" lang=\"pt-BR\">&#8211; Curso de Parasitologia &#8211; 2015<\/p>\n<p class=\"western\" lang=\"pt-BR\">&#8211; Curso de Identifica\u00e7\u00e3o Morfol\u00f3gica de Esp\u00e9cies de Drosofil\u00eddeos \u2013 2015<\/p>\n<p class=\"western\" lang=\"pt-BR\">&#8211; I Workshop de Gen\u00e9tica Evolutiva: O Modelo\u00a0<em>Drosophila<\/em>\u00a0\u2013 2014<\/p>\n<p class=\"western\" lang=\"pt-BR\">\u00a0<\/p>\n","protected":false},"excerpt":{"rendered":"<p>&#8211; II Workshop de Gen\u00e9tica Evolutiva: As Bases Evolutivas da Biologia Humana \u2013 2016\u00a0 &#8211; Curso de Biologia Evolutiva \u2013 2015 &#8211; Curso de Parasitologia &#8211; 2015 &#8211; Curso de Identifica\u00e7\u00e3o Morfol\u00f3gica de Esp\u00e9cies de Drosofil\u00eddeos \u2013 2015 &#8211; I Workshop de Gen\u00e9tica Evolutiva: O Modelo\u00a0Drosophila\u00a0\u2013 2014 \u00a0<\/p>\n","protected":false},"author":723,"featured_media":0,"parent":0,"menu_order":0,"comment_status":"closed","ping_status":"closed","template":"","meta":{"footnotes":""},"categories":[],"tags":[],"class_list":["post-91","page","type-page","status-publish","hentry"],"acf":[],"_links":{"self":[{"href":"https:\/\/www.ufsm.br\/laboratorios\/genevo\/wp-json\/wp\/v2\/pages\/91","targetHints":{"allow":["GET"]}}],"collection":[{"href":"https:\/\/www.ufsm.br\/laboratorios\/genevo\/wp-json\/wp\/v2\/pages"}],"about":[{"href":"https:\/\/www.ufsm.br\/laboratorios\/genevo\/wp-json\/wp\/v2\/types\/page"}],"author":[{"embeddable":true,"href":"https:\/\/www.ufsm.br\/laboratorios\/genevo\/wp-json\/wp\/v2\/users\/723"}],"replies":[{"embeddable":true,"href":"https:\/\/www.ufsm.br\/laboratorios\/genevo\/wp-json\/wp\/v2\/comments?post=91"}],"version-history":[{"count":0,"href":"https:\/\/www.ufsm.br\/laboratorios\/genevo\/wp-json\/wp\/v2\/pages\/91\/revisions"}],"wp:attachment":[{"href":"https:\/\/www.ufsm.br\/laboratorios\/genevo\/wp-json\/wp\/v2\/media?parent=91"}],"wp:term":[{"taxonomy":"category","embeddable":true,"href":"https:\/\/www.ufsm.br\/laboratorios\/genevo\/wp-json\/wp\/v2\/categories?post=91"},{"taxonomy":"post_tag","embeddable":true,"href":"https:\/\/www.ufsm.br\/laboratorios\/genevo\/wp-json\/wp\/v2\/tags?post=91"}],"curies":[{"name":"wp","href":"https:\/\/api.w.org\/{rel}","templated":true}]}}