{"id":2,"date":"2019-05-14T15:59:30","date_gmt":"2019-05-14T18:59:30","guid":{"rendered":"https:\/\/www.ufsm.br\/laboratorios-larp\/?page_id=2"},"modified":"2025-10-06T11:38:31","modified_gmt":"2025-10-06T14:38:31","slug":"pagina-inicial","status":"publish","type":"page","link":"https:\/\/www.ufsm.br\/laboratorios\/herpeto\/","title":{"rendered":"P\u00e1gina inicial"},"content":{"rendered":"\t\t<div data-elementor-type=\"wp-post\" data-elementor-id=\"2\" class=\"elementor elementor-2\">\n\t\t\t\t\t\t<section class=\"elementor-section elementor-top-section elementor-element elementor-element-31fda3f1 elementor-section-boxed elementor-section-height-default elementor-section-height-default\" data-id=\"31fda3f1\" data-element_type=\"section\" data-settings=\"{&quot;background_background&quot;:&quot;slideshow&quot;,&quot;background_slideshow_gallery&quot;:[],&quot;background_slideshow_loop&quot;:&quot;yes&quot;,&quot;background_slideshow_slide_duration&quot;:5000,&quot;background_slideshow_slide_transition&quot;:&quot;fade&quot;,&quot;background_slideshow_transition_duration&quot;:500}\">\n\t\t\t\t\t\t\t<div class=\"elementor-background-overlay\"><\/div>\n\t\t\t\t\t\t\t<div class=\"elementor-container elementor-column-gap-default\">\n\t\t\t\t\t<div class=\"elementor-column elementor-col-100 elementor-top-column elementor-element elementor-element-7c1b024\" data-id=\"7c1b024\" data-element_type=\"column\">\n\t\t\t<div class=\"elementor-widget-wrap elementor-element-populated\">\n\t\t\t\t\t\t<div class=\"elementor-element elementor-element-8d9b83a elementor-widget elementor-widget-heading\" data-id=\"8d9b83a\" data-element_type=\"widget\" data-widget_type=\"heading.default\">\n\t\t\t\t<div class=\"elementor-widget-container\">\n\t\t\t<h5 class=\"elementor-heading-title elementor-size-default\">Apresenta\u00e7\u00e3o<\/h5>\t\t<\/div>\n\t\t\t\t<\/div>\n\t\t\t\t<div class=\"elementor-element elementor-element-e48e5ed elementor-widget elementor-widget-wp-widget-ufsm_noticias_widget\" data-id=\"e48e5ed\" data-element_type=\"widget\" data-widget_type=\"wp-widget-ufsm_noticias_widget.default\">\n\t\t\t\t<div class=\"elementor-widget-container\">\n\t\t\t<div id='ufsm-carousel-1777278806-646651249' class='carousel slide carousel-ufsm' data-bs-ride='carousel' aria-hidden='true'>\n    <div class='carousel-inner'>\n                    \n\n            <div class='carousel-item active' data-bs-interval='4000'>\n                                    <!-- Slider Image -->\n                    <img class='w-100'  style='max-height:250px; object-fit:cover;' alt=\"No dia 16 de julho, a partir das 13:30, o laborat\u00f3rio de Herpetologia estar\u00e1 apresentando&nbsp;no Shopping Pra\u00e7a Nova (Santa Maria, RS) a exposi\u00e7\u00e3o \u201cAnimais Pe\u00e7onhentos do Rio&nbsp;Grande do Sul\u201d, no espa\u00e7o da UFSM. &nbsp; Com o objetivo de sanar d\u00favidas,&hellip;\" srcset=\"https:\/\/www.ufsm.br\/app\/uploads\/sites\/673\/2023\/06\/Animais-Peconhentos-do-Rio-Grande-do-Sul-300x251.jpg 300w, https:\/\/www.ufsm.br\/app\/uploads\/sites\/673\/2023\/06\/Animais-Peconhentos-do-Rio-Grande-do-Sul-768x644.jpg 768w, https:\/\/www.ufsm.br\/app\/uploads\/sites\/673\/2023\/06\/Animais-Peconhentos-do-Rio-Grande-do-Sul.jpg 940w\">\n                \n                \n                                                            <\/div>\n                    \n\n            <div class='carousel-item ' data-bs-interval='4000'>\n                                    <!-- Slider Image -->\n                    <img class='w-100'  style='max-height:250px; object-fit:cover;' alt=\"\" srcset=\"https:\/\/www.ufsm.br\/app\/uploads\/sites\/673\/2019\/07\/1170x308-crop-90-images_slider__pulchellus-2-300x79.jpg 300w, https:\/\/www.ufsm.br\/app\/uploads\/sites\/673\/2019\/07\/1170x308-crop-90-images_slider__pulchellus-2-768x202.jpg 768w, https:\/\/www.ufsm.br\/app\/uploads\/sites\/673\/2019\/07\/1170x308-crop-90-images_slider__pulchellus-2-1024x270.jpg 1024w, https:\/\/www.ufsm.br\/app\/uploads\/sites\/673\/2019\/07\/1170x308-crop-90-images_slider__pulchellus-2.jpg 1170w\">\n                \n                \n                                                            <\/div>\n                    \n\n            <div class='carousel-item ' data-bs-interval='4000'>\n                                    <!-- Slider Image -->\n                    <img class='w-100'  style='max-height:250px; object-fit:cover;' alt=\"\" srcset=\"https:\/\/www.ufsm.br\/app\/uploads\/sites\/673\/2019\/07\/1170x308-crop-90-images_slider__latirostris-300x79.jpg 300w, https:\/\/www.ufsm.br\/app\/uploads\/sites\/673\/2019\/07\/1170x308-crop-90-images_slider__latirostris-768x202.jpg 768w, https:\/\/www.ufsm.br\/app\/uploads\/sites\/673\/2019\/07\/1170x308-crop-90-images_slider__latirostris-1024x270.jpg 1024w, https:\/\/www.ufsm.br\/app\/uploads\/sites\/673\/2019\/07\/1170x308-crop-90-images_slider__latirostris.jpg 1170w\">\n                \n                \n                                                            <\/div>\n                    \n\n            <div class='carousel-item ' data-bs-interval='4000'>\n                                    <!-- Slider Image -->\n                    <img class='w-100'  style='max-height:250px; object-fit:cover;' alt=\"\" srcset=\"https:\/\/www.ufsm.br\/app\/uploads\/sites\/673\/2019\/07\/1170x308-crop-90-images_slider__granulatus-300x79.jpg 300w, https:\/\/www.ufsm.br\/app\/uploads\/sites\/673\/2019\/07\/1170x308-crop-90-images_slider__granulatus-768x202.jpg 768w, https:\/\/www.ufsm.br\/app\/uploads\/sites\/673\/2019\/07\/1170x308-crop-90-images_slider__granulatus-1024x270.jpg 1024w, https:\/\/www.ufsm.br\/app\/uploads\/sites\/673\/2019\/07\/1170x308-crop-90-images_slider__granulatus.jpg 1170w\">\n                \n                \n                                                            <\/div>\n                    \n\n            <div class='carousel-item ' data-bs-interval='4000'>\n                                    <!-- Slider Image -->\n                    <img class='w-100'  style='max-height:250px; object-fit:cover;' alt=\"\" srcset=\"https:\/\/www.ufsm.br\/app\/uploads\/sites\/673\/2019\/07\/1170x308-crop-90-images_slider__flavifrenatus-300x79.jpg 300w, https:\/\/www.ufsm.br\/app\/uploads\/sites\/673\/2019\/07\/1170x308-crop-90-images_slider__flavifrenatus-768x202.jpg 768w, https:\/\/www.ufsm.br\/app\/uploads\/sites\/673\/2019\/07\/1170x308-crop-90-images_slider__flavifrenatus-1024x270.jpg 1024w, https:\/\/www.ufsm.br\/app\/uploads\/sites\/673\/2019\/07\/1170x308-crop-90-images_slider__flavifrenatus.jpg 1170w\">\n                \n                \n                                                            <\/div>\n                    \n\n            <div class='carousel-item ' data-bs-interval='4000'>\n                                    <!-- Slider Image -->\n                    <img class='w-100'  style='max-height:250px; object-fit:cover;' alt=\"\" srcset=\"https:\/\/www.ufsm.br\/app\/uploads\/sites\/673\/2019\/07\/bannerfinal-300x76.png 300w, https:\/\/www.ufsm.br\/app\/uploads\/sites\/673\/2019\/07\/bannerfinal.png 526w\">\n                \n                \n                                                            <\/div>\n                    <!-- Exibi Indicadores -->\n                    <ol class='carousel-indicators carousel-indicators-numbers d-none d-md-flex align-self-end m-0'>\n                <li data-bs-target='#ufsm-carousel-1777278806-646651249' data-bs-slide-to='0' class='d-flex rounded-circle active'><span class='m-auto fw-bold'>1<\/span><\/li><li data-bs-target='#ufsm-carousel-1777278806-646651249' data-bs-slide-to='1' class='d-flex rounded-circle '><span class='m-auto fw-bold'>2<\/span><\/li><li data-bs-target='#ufsm-carousel-1777278806-646651249' data-bs-slide-to='2' class='d-flex rounded-circle '><span class='m-auto fw-bold'>3<\/span><\/li><li data-bs-target='#ufsm-carousel-1777278806-646651249' data-bs-slide-to='3' class='d-flex rounded-circle '><span class='m-auto fw-bold'>4<\/span><\/li><li data-bs-target='#ufsm-carousel-1777278806-646651249' data-bs-slide-to='4' class='d-flex rounded-circle '><span class='m-auto fw-bold'>5<\/span><\/li><li data-bs-target='#ufsm-carousel-1777278806-646651249' data-bs-slide-to='5' class='d-flex rounded-circle '><span class='m-auto fw-bold'>6<\/span><\/li>            <\/ol>\n            <a class='carousel-control-prev' href='#ufsm-carousel-1777278806-646651249' role='button' data-bs-slide='prev'>\n                <span class='carousel-control-prev-icon' aria-hidden='true'><\/span>\n                <span class='visually-hidden'>Previous<\/span>\n            <\/a>\n            <a class='carousel-control-next' href='#ufsm-carousel-1777278806-646651249' role='button' data-bs-slide='next'>\n                <span class='carousel-control-next-icon' aria-hidden='true'><\/span>\n                <span class='visually-hidden'>Next<\/span>\n            <\/a>\n            <\/div>\n<\/div>\n<!-- Acessibilidade, apenas leitor de tela -->\n<ul class='visually-hidden'>\n    <li><a href='https:\/\/www.ufsm.br\/laboratorios\/herpeto\/2023\/06\/21\/exposicao-animais-peconhentos-do-rio-grande-do-sul'>Exposi\u00e7\u00e3o Animais Pe\u00e7onhentos do Rio Grande do Sul<\/a><\/li><li><a href='https:\/\/www.ufsm.br\/laboratorios\/herpeto\/2019\/07\/10\/banner5'>banner5<\/a><\/li><li><a href='https:\/\/www.ufsm.br\/laboratorios\/herpeto\/2019\/07\/10\/banner4'>banner4<\/a><\/li><li><a href='https:\/\/www.ufsm.br\/laboratorios\/herpeto\/2019\/07\/10\/banner3'>banner3<\/a><\/li><li><a href='https:\/\/www.ufsm.br\/laboratorios\/herpeto\/2019\/07\/10\/banner2'>banner2<\/a><\/li><li><a href='https:\/\/www.ufsm.br\/laboratorios\/herpeto\/2019\/07\/10\/banner1'>banner1<\/a><\/li><\/ul>\n\t\t<\/div>\n\t\t\t\t<\/div>\n\t\t\t\t<div class=\"elementor-element elementor-element-c8da605 elementor-widget elementor-widget-text-editor\" data-id=\"c8da605\" data-element_type=\"widget\" data-widget_type=\"text-editor.default\">\n\t\t\t\t<div class=\"elementor-widget-container\">\n\t\t\t\t\t\t\t<p>O Laborat\u00f3rio de Herpetologia da Universidade Federal de Santa Maria (UFSM) tem como objetivo produzir conhecimento sobre Bioecologia e Conserva\u00e7\u00e3o de Anf\u00edbios e R\u00e9pteis. O grupo de pesquisa \u00e9 liderado pelo\u00a0Dr. Tiago Gomes dos Santos, do Departamento de Ecologia e Evolu\u00e7\u00e3o e integrante do corpo docente do\u00a0<a href=\"http:\/\/w3.ufsm.br\/pbiod\">Programa de P\u00f3s-Gradua\u00e7\u00e3o em Biodiversidade Animal<\/a>\u00a0da UFSM. A equipe desenvolve pesquisas multidisciplinares integrando colaboradores de diversas institui\u00e7\u00f5es.<\/p>\t\t\t\t\t\t<\/div>\n\t\t\t\t<\/div>\n\t\t\t\t\t<\/div>\n\t\t<\/div>\n\t\t\t\t\t<\/div>\n\t\t<\/section>\n\t\t\t\t<section class=\"elementor-section elementor-top-section elementor-element elementor-element-7416eee elementor-section-boxed elementor-section-height-default elementor-section-height-default\" data-id=\"7416eee\" data-element_type=\"section\">\n\t\t\t\t\t\t<div class=\"elementor-container elementor-column-gap-default\">\n\t\t\t\t\t<div class=\"elementor-column elementor-col-100 elementor-top-column elementor-element elementor-element-fff47c8\" data-id=\"fff47c8\" data-element_type=\"column\">\n\t\t\t<div class=\"elementor-widget-wrap elementor-element-populated\">\n\t\t\t\t\t\t<div class=\"elementor-element elementor-element-203a095 elementor-widget elementor-widget-wp-widget-ufsm_utilidades\" data-id=\"203a095\" data-element_type=\"widget\" data-widget_type=\"wp-widget-ufsm_utilidades.default\">\n\t\t\t\t<div class=\"elementor-widget-container\">\n\t\t\t\t\t<h5 class=\"card-title titulo-conteudos\">Utilidades<\/h5>\n\t\t\t\t\n\t\t<div class=\"row d-flex justify-content-around\">\n\t\t\t\t\t\t\t<div class=\"col-12 col-sm-6 col-md-2 mt-4 text-center\">\n\t\t\t\t\t\t\t\t\t\t\t<a href=\"https:\/\/www.ufsm.br\/laboratorios\/herpeto\/equipe\" class=\"item-utilidades d-block\">\n\t\t\t\t\t\t\t\t\t\t<i class=\"fa fa-group animation-pulse\" aria-hidden=\"true\"><\/i><b>Equipe<\/b><\/a>\n\t\t\t\t<\/div>\n\t\t\t\t\t\t\t<div class=\"col-12 col-sm-6 col-md-2 mt-4 text-center\">\n\t\t\t\t\t\t\t\t\t\t\t<a href=\"https:\/\/www.ufsm.br\/laboratorios\/herpeto\/producao-cientifica\" class=\"item-utilidades d-block\">\n\t\t\t\t\t\t\t\t\t\t<i class=\"fa fa-quote-right animation-pulse\" aria-hidden=\"true\"><\/i><b>Produ\u00e7\u00e3o Cient\u00edfica<\/b><\/a>\n\t\t\t\t<\/div>\n\t\t\t\t\t<\/div>\n\t\t\t\t<\/div>\n\t\t\t\t<\/div>\n\t\t\t\t\t<\/div>\n\t\t<\/div>\n\t\t\t\t\t<\/div>\n\t\t<\/section>\n\t\t\t\t<section class=\"elementor-section elementor-top-section elementor-element elementor-element-399195b elementor-section-boxed elementor-section-height-default elementor-section-height-default\" data-id=\"399195b\" data-element_type=\"section\">\n\t\t\t\t\t\t<div class=\"elementor-container elementor-column-gap-default\">\n\t\t\t\t\t<div class=\"elementor-column elementor-col-100 elementor-top-column elementor-element elementor-element-8759219\" data-id=\"8759219\" data-element_type=\"column\">\n\t\t\t<div class=\"elementor-widget-wrap elementor-element-populated\">\n\t\t\t\t\t\t<div class=\"elementor-element elementor-element-b327021 elementor-widget elementor-widget-wp-widget-ufsm_noticias_widget\" data-id=\"b327021\" data-element_type=\"widget\" data-widget_type=\"wp-widget-ufsm_noticias_widget.default\">\n\t\t\t\t<div class=\"elementor-widget-container\">\n\t\t\t<h5 class='titulo-conteudos'>Not\u00edcias<\/h5><div class='widget-noticias-inside'>\n                        <div class=\"row\">\n                                    <div class=\"col-12 col-lg-12 pb-4\">\n                                        \n                                        \n                    \n                    <a class=\"noticias-widget-title d-block \"  title=\"Exposi\u00e7\u00e3o: Animais pe\u00e7onhentos do Rio Grande do Sul, no Shopping Pra\u00e7a Nova\" href=\"https:\/\/www.ufsm.br\/laboratorios\/herpeto\/2024\/01\/22\/elementor-111\">\n                                                Exposi\u00e7\u00e3o: Animais pe\u00e7onhentos do Rio Grande do Sul, no Shopping Pra\u00e7a Nova                    <\/a>\n                    \n                                            <div class=\"noticias-widget-introtext\">\n                            No dia 16 de julho de 2023 o Laborat\u00f3rio de Herpetologia da UFSM participou de uma exposi\u00e7\u00e3o no Shopping Pra\u00e7a Nova, em Santa Maria-RS. A exposi\u00e7\u00e3o aconteceu das 13h30 \u00e0s 18h e abordou os animais pe\u00e7onhentos do Rio Grande do&hellip;                        <\/div>\n                    \n                                        \n                                        \n                                            \n                                                    <div title=\"Publicado em 22\/01\/2024 \" class=\"data-publicacao-widget\">\n                                <i  class=\"far fa-clock\"><\/i>\n                                22\/01\/2024                             <\/div>\n                                                                <\/div>\n                            <\/div>\n                    <div class=\"row\">\n                                    <div class=\"col-12 col-lg-12 pb-4\">\n                                        \n                                        \n                    \n                    <a class=\"noticias-widget-title d-block \"  title=\"Resultado de edital de sele\u00e7\u00e3o de bolsista de inicia\u00e7\u00e3o cient\u00edfica\" href=\"https:\/\/www.ufsm.br\/laboratorios\/herpeto\/2023\/07\/18\/resultado-de-edital-de-selecao-de-bolsista-de-iniciacao-cientifica\">\n                                                Resultado de edital de sele\u00e7\u00e3o de bolsista de inicia\u00e7\u00e3o cient\u00edfica                    <\/a>\n                    \n                                            <div class=\"noticias-widget-introtext\">\n                            A professora Sonia Zanini Cechin da Universidade Federal de Santa Maria (UFSM) torna p\u00fablico(a) o resultado final da sele\u00e7\u00e3o de bolsistas de inicia\u00e7\u00e3o cient\u00edfica junto ao Laborat\u00f3rio de Herpetologia, referente ao Edital 001\/2023. A aluna Maira Keske Soares foi aprovada&hellip;                        <\/div>\n                    \n                                        \n                                        \n                                            \n                                                    <div title=\"Publicado em 18\/07\/2023 \" class=\"data-publicacao-widget\">\n                                <i  class=\"far fa-clock\"><\/i>\n                                18\/07\/2023                             <\/div>\n                                                                <\/div>\n                            <\/div>\n                    <div class=\"row\">\n                                    <div class=\"col-12 col-lg-12 pb-4\">\n                                        \n                                        \n                    \n                    <a class=\"noticias-widget-title d-block \"  title=\"Edital de sele\u00e7\u00e3o de bolsista de inicia\u00e7\u00e3o cient\u00edfica\" href=\"https:\/\/www.ufsm.br\/laboratorios\/herpeto\/2023\/07\/11\/edital-de-selecao-de-bolsista-de-iniciacao-cientifica\">\n                                                Edital de sele\u00e7\u00e3o de bolsista de inicia\u00e7\u00e3o cient\u00edfica                    <\/a>\n                    \n                                            <div class=\"noticias-widget-introtext\">\n                            &nbsp; &nbsp; &nbsp;A professora Sonia Zanini Cechin da Universidade Federal de Santa Maria (UFSM) torna p\u00fablico(a) a abertura de inscri\u00e7\u00f5es para sele\u00e7\u00e3o de acad\u00eamicos dos cursos de gradua\u00e7\u00e3o em Ci\u00eancias Biol\u00f3gicas da Universidade Federal de Santa Maria para Bolsa de&hellip;                        <\/div>\n                    \n                                        \n                                        \n                                            \n                                                    <div title=\"Publicado em 11\/07\/2023 \" class=\"data-publicacao-widget\">\n                                <i  class=\"far fa-clock\"><\/i>\n                                11\/07\/2023                             <\/div>\n                                                                <\/div>\n                            <\/div>\n                    <div class=\"row\">\n                                    <div class=\"col-12 col-lg-12 pb-4\">\n                                        \n                                        \n                    \n                    <a class=\"noticias-widget-title d-block \"  title=\"Exposi\u00e7\u00e3o Animais Pe\u00e7onhentos do Rio Grande do Sul\" href=\"https:\/\/www.ufsm.br\/laboratorios\/herpeto\/2023\/06\/21\/exposicao-animais-peconhentos-do-rio-grande-do-sul\">\n                                                Exposi\u00e7\u00e3o Animais Pe\u00e7onhentos do Rio Grande do Sul                    <\/a>\n                    \n                                            <div class=\"noticias-widget-introtext\">\n                            No dia 16 de julho, a partir das 13:30, o laborat\u00f3rio de Herpetologia estar\u00e1 apresentando&nbsp;no Shopping Pra\u00e7a Nova (Santa Maria, RS) a exposi\u00e7\u00e3o \u201cAnimais Pe\u00e7onhentos do Rio&nbsp;Grande do Sul\u201d, no espa\u00e7o da UFSM. &nbsp; Com o objetivo de sanar d\u00favidas,&hellip;                        <\/div>\n                    \n                                        \n                                        \n                                            \n                                                    <div title=\"Publicado em 21\/06\/2023 \" class=\"data-publicacao-widget\">\n                                <i  class=\"far fa-clock\"><\/i>\n                                21\/06\/2023                             <\/div>\n                                                                <\/div>\n                            <\/div>\n                    <div class=\"row\">\n                                    <div class=\"col-12 col-lg-12 pb-4\">\n                                        \n                                        \n                    \n                    <a class=\"noticias-widget-title d-block \"  title=\"Processo seletivo para est\u00e1gio no laborat\u00f3rio de herpetologia\" href=\"https:\/\/www.ufsm.br\/laboratorios\/herpeto\/2018\/04\/05\/processo-seletivo-para-estagio-no-laboratorio-de-herpetologia\">\n                                                Processo seletivo para est\u00e1gio no laborat\u00f3rio de herpetologia                    <\/a>\n                    \n                                            <div class=\"noticias-widget-introtext\">\n                            P\u00fablico-alvo:\u00a0acad\u00eamicos de Ci\u00eancias Biol\u00f3gicas (1\u00ba ao 4\u00ba semestre) da UFSM Inscri\u00e7\u00f5es: 23\u00a0de abril a 6 de maio de 2018 Entrevistas: 7\u00a0a 11 de maio de 2018 (hor\u00e1rio a combinar, por e-mail) Local:\u00a0Laborat\u00f3rio de Herpetologia, sala 1008, pr\u00e9dio 17                        <\/div>\n                    \n                                        \n                                        \n                                            \n                                                    <div title=\"Publicado em 05\/04\/2018 \" class=\"data-publicacao-widget\">\n                                <i  class=\"far fa-clock\"><\/i>\n                                05\/04\/2018                             <\/div>\n                                                                <\/div>\n                            <\/div>\n            <\/div>\n<div class=\"leia-mais p-1\">\n                <a href=\"https:\/\/www.ufsm.br\/laboratorios\/herpeto\/busca\/?q=&area=post&orderby=date&sites%5B%5D=673\">\n            LEIA MAIS            <span class=\"icon-box\">\n                <span class=\"bg-ufsm-widget-icon\">\n                    <i class=\"fas fa-chevron-right\" aria-hidden=\"true\"><\/i>\n                <\/span>\n            <\/span>\n        <\/a>\n    <\/div>\n\t\t<\/div>\n\t\t\t\t<\/div>\n\t\t\t\t\t<\/div>\n\t\t<\/div>\n\t\t\t\t\t<\/div>\n\t\t<\/section>\n\t\t\t\t<section class=\"elementor-section elementor-top-section elementor-element elementor-element-27ca6df elementor-section-boxed elementor-section-height-default elementor-section-height-default\" data-id=\"27ca6df\" data-element_type=\"section\">\n\t\t\t\t\t\t<div class=\"elementor-container elementor-column-gap-default\">\n\t\t\t\t\t<div class=\"elementor-column elementor-col-100 elementor-top-column elementor-element elementor-element-32d14c0\" data-id=\"32d14c0\" data-element_type=\"column\">\n\t\t\t<div class=\"elementor-widget-wrap elementor-element-populated\">\n\t\t\t\t\t\t<div class=\"elementor-element elementor-element-1a67f21 elementor-widget elementor-widget-wp-widget-ufsm_eventos_widget\" data-id=\"1a67f21\" data-element_type=\"widget\" data-widget_type=\"wp-widget-ufsm_eventos_widget.default\">\n\t\t\t\t<div class=\"elementor-widget-container\">\n\t\t\t<H2 class='titulo-conteudos'>Eventos<\/H2>\n          <div class='d-flex flex-column align-items-center justify-content-center py-4'>\n        <span class='text-muted fs-5 mb-2 d-flex align-items-center'>\n          <i class='fas fa-calendar-times fa-2x me-2'><\/i>\n          Nenhum evento futuro encontrado.\n        <\/span>\n        <a class='btn btn-outline-primary mt-2' href='https:\/\/www.ufsm.br\/laboratorios\/herpeto\/busca\/?q=&orderby=date&order=DESC&perpage=15&area=eventos&sites%5B%5D=673'>\n          Confira os eventos j\u00e1 realizados\n          <i class='fas fa-arrow-right ms-2'><\/i>\n        <\/a>\n          <\/div>\n        \t\t<\/div>\n\t\t\t\t<\/div>\n\t\t\t\t\t<\/div>\n\t\t<\/div>\n\t\t\t\t\t<\/div>\n\t\t<\/section>\n\t\t\t\t<section class=\"elementor-section elementor-top-section elementor-element elementor-element-94e1a26 elementor-section-boxed elementor-section-height-default elementor-section-height-default\" data-id=\"94e1a26\" data-element_type=\"section\">\n\t\t\t\t\t\t<div class=\"elementor-container elementor-column-gap-default\">\n\t\t\t\t\t<div class=\"elementor-column elementor-col-100 elementor-top-column elementor-element elementor-element-5c61f13\" data-id=\"5c61f13\" data-element_type=\"column\">\n\t\t\t<div class=\"elementor-widget-wrap elementor-element-populated\">\n\t\t\t\t\t\t<div class=\"elementor-element elementor-element-58eee6e elementor-widget elementor-widget-image\" data-id=\"58eee6e\" data-element_type=\"widget\" data-widget_type=\"image.default\">\n\t\t\t\t<div class=\"elementor-widget-container\">\n\t\t\t\t\t\t\t\t\t\t\t\t\t<img decoding=\"async\" src=\"https:\/\/www.ufsm.br\/app\/plugins\/elementor\/assets\/images\/placeholder.png\" title=\"\" alt=\"\" loading=\"lazy\" \/>\t\t\t\t\t\t\t\t\t\t\t\t\t<\/div>\n\t\t\t\t<\/div>\n\t\t\t\t\t<\/div>\n\t\t<\/div>\n\t\t\t\t\t<\/div>\n\t\t<\/section>\n\t\t\t\t<\/div>\n\t\t","protected":false},"excerpt":{"rendered":"<p>Apresenta\u00e7\u00e3o O Laborat\u00f3rio de Herpetologia da Universidade Federal de Santa Maria (UFSM) tem como objetivo produzir conhecimento sobre Bioecologia e Conserva\u00e7\u00e3o de Anf\u00edbios e R\u00e9pteis. O grupo de pesquisa \u00e9 liderado pelo\u00a0Dr. Tiago Gomes dos Santos, do Departamento de Ecologia e Evolu\u00e7\u00e3o e integrante do corpo docente do\u00a0Programa de P\u00f3s-Gradua\u00e7\u00e3o em Biodiversidade Animal\u00a0da UFSM. A [&hellip;]<\/p>\n","protected":false},"author":26,"featured_media":0,"parent":0,"menu_order":0,"comment_status":"closed","ping_status":"open","template":"","meta":{"footnotes":""},"categories":[],"tags":[],"class_list":["post-2","page","type-page","status-publish","hentry"],"acf":[],"_links":{"self":[{"href":"https:\/\/www.ufsm.br\/laboratorios\/herpeto\/wp-json\/wp\/v2\/pages\/2","targetHints":{"allow":["GET"]}}],"collection":[{"href":"https:\/\/www.ufsm.br\/laboratorios\/herpeto\/wp-json\/wp\/v2\/pages"}],"about":[{"href":"https:\/\/www.ufsm.br\/laboratorios\/herpeto\/wp-json\/wp\/v2\/types\/page"}],"author":[{"embeddable":true,"href":"https:\/\/www.ufsm.br\/laboratorios\/herpeto\/wp-json\/wp\/v2\/users\/26"}],"replies":[{"embeddable":true,"href":"https:\/\/www.ufsm.br\/laboratorios\/herpeto\/wp-json\/wp\/v2\/comments?post=2"}],"version-history":[{"count":0,"href":"https:\/\/www.ufsm.br\/laboratorios\/herpeto\/wp-json\/wp\/v2\/pages\/2\/revisions"}],"wp:attachment":[{"href":"https:\/\/www.ufsm.br\/laboratorios\/herpeto\/wp-json\/wp\/v2\/media?parent=2"}],"wp:term":[{"taxonomy":"category","embeddable":true,"href":"https:\/\/www.ufsm.br\/laboratorios\/herpeto\/wp-json\/wp\/v2\/categories?post=2"},{"taxonomy":"post_tag","embeddable":true,"href":"https:\/\/www.ufsm.br\/laboratorios\/herpeto\/wp-json\/wp\/v2\/tags?post=2"}],"curies":[{"name":"wp","href":"https:\/\/api.w.org\/{rel}","templated":true}]}}