{"id":22,"date":"2019-05-14T17:01:42","date_gmt":"2019-05-14T20:01:42","guid":{"rendered":"https:\/\/www.ufsm.br\/template-laboratprio\/?page_id=22"},"modified":"2019-07-16T16:55:23","modified_gmt":"2019-07-16T19:55:23","slug":"informacoes-gerais","status":"publish","type":"page","link":"https:\/\/www.ufsm.br\/laboratorios\/herpeto\/informacoes-gerais","title":{"rendered":"Sobre"},"content":{"rendered":"\n<p style=\"margin-bottom: 10px;color: #666666;font-family: Helvetica, Arial, sans-serif;font-size: 13px\"><span style=\"font-size: 12pt\">O Laborat\u00f3rio de Herpetologia da Universidade Federal de Santa Maria (UFSM) tem como objetivo produzir conhecimento sobre Bioecologia e Conserva\u00e7\u00e3o de Anf\u00edbios e R\u00e9pteis. O grupo de pesquisa \u00e9 liderado pela Dra. Sonia Zanini Cechin da\u00a0<a style=\"background: 0px 0px;color: #4782b2\" href=\"http:\/\/www.ufsm.br\/\">UFSM<\/a>, com aux\u00edlio do Dr. Tiago Gomes dos Santos da<a style=\"background: 0px 0px;color: #4782b2\" href=\"http:\/\/porteiras.unipampa.edu.br\/saogabriel\/\">UNIPAMPA<\/a>, ambos integrantes do corpo docente do\u00a0<a style=\"background: 0px 0px;color: #4782b2\" href=\"http:\/\/w3.ufsm.br\/pbiod\">Programa de P\u00f3s-Gradua\u00e7\u00e3o em Biodiversidade Animal<\/a>\u00a0da UFSM. A equipe desenvolve pesquisas multidisciplinares integrando colaboradores de diversas institui\u00e7\u00f5es.<\/span><\/p>\n<p style=\"margin-top: 0px;margin-bottom: 10px;color: #666666;font-family: Helvetica, Arial, sans-serif;font-size: 13px\"><span style=\"font-size: 12pt\">\u00a0 \u00a0 \u00a0Neste site voc\u00ea encontrar\u00e1 informa\u00e7\u00f5es sobre a equipe de trabalho, linhas de pesquisa, publica\u00e7\u00f5es e novidades.<\/span><span style=\"font-size: 12pt\">\u00a0<\/span><\/p>\n","protected":false},"excerpt":{"rendered":"<p>O Laborat\u00f3rio de Herpetologia da Universidade Federal de Santa Maria (UFSM) tem como objetivo produzir conhecimento sobre Bioecologia e Conserva\u00e7\u00e3o de Anf\u00edbios e R\u00e9pteis. O grupo de pesquisa \u00e9 liderado pela Dra. Sonia Zanini Cechin da\u00a0UFSM, com aux\u00edlio do Dr. Tiago Gomes dos Santos daUNIPAMPA, ambos integrantes do corpo docente do\u00a0Programa de P\u00f3s-Gradua\u00e7\u00e3o em Biodiversidade [&hellip;]<\/p>\n","protected":false},"author":124,"featured_media":0,"parent":0,"menu_order":0,"comment_status":"closed","ping_status":"closed","template":"","meta":{"footnotes":""},"categories":[],"tags":[],"class_list":["post-22","page","type-page","status-publish","hentry"],"acf":[],"_links":{"self":[{"href":"https:\/\/www.ufsm.br\/laboratorios\/herpeto\/wp-json\/wp\/v2\/pages\/22","targetHints":{"allow":["GET"]}}],"collection":[{"href":"https:\/\/www.ufsm.br\/laboratorios\/herpeto\/wp-json\/wp\/v2\/pages"}],"about":[{"href":"https:\/\/www.ufsm.br\/laboratorios\/herpeto\/wp-json\/wp\/v2\/types\/page"}],"author":[{"embeddable":true,"href":"https:\/\/www.ufsm.br\/laboratorios\/herpeto\/wp-json\/wp\/v2\/users\/124"}],"replies":[{"embeddable":true,"href":"https:\/\/www.ufsm.br\/laboratorios\/herpeto\/wp-json\/wp\/v2\/comments?post=22"}],"version-history":[{"count":0,"href":"https:\/\/www.ufsm.br\/laboratorios\/herpeto\/wp-json\/wp\/v2\/pages\/22\/revisions"}],"wp:attachment":[{"href":"https:\/\/www.ufsm.br\/laboratorios\/herpeto\/wp-json\/wp\/v2\/media?parent=22"}],"wp:term":[{"taxonomy":"category","embeddable":true,"href":"https:\/\/www.ufsm.br\/laboratorios\/herpeto\/wp-json\/wp\/v2\/categories?post=22"},{"taxonomy":"post_tag","embeddable":true,"href":"https:\/\/www.ufsm.br\/laboratorios\/herpeto\/wp-json\/wp\/v2\/tags?post=22"}],"curies":[{"name":"wp","href":"https:\/\/api.w.org\/{rel}","templated":true}]}}