{"id":77,"date":"2019-07-10T15:15:13","date_gmt":"2019-07-10T18:15:13","guid":{"rendered":"https:\/\/www.ufsm.br\/laboratorios\/herpeto\/?page_id=77"},"modified":"2019-07-10T15:15:17","modified_gmt":"2019-07-10T18:15:17","slug":"teses-e-dissertacoes","status":"publish","type":"page","link":"https:\/\/www.ufsm.br\/laboratorios\/herpeto\/teses-e-dissertacoes","title":{"rendered":"Teses e Disserta\u00e7\u00f5es"},"content":{"rendered":"\n<p style=\"margin-bottom: 10px;color: #666666;font-family: Helvetica, Arial, sans-serif;font-size: 13px;text-align: justify\"><span style=\"color: #333333\"><span style=\"font-family: Arial, sans-serif\">SANTOS, M. B.<span style=\"font-family: arial, helvetica, sans-serif\">\u00a0<span style=\"font-weight: bold;color: #004074\"><a style=\"background: 0px 0px;color: #4782b2\" href=\"http:\/\/repositorio.ufsm.br\/bitstream\/handle\/1\/3291\/SANTOS%2c%20MAURICIO%20BEUX%20DOS.pdf?sequence=1&amp;isAllowed=y\"><span style=\"color: #333333\">Estrutura\u00e7\u00e3o da comunidade de anuros e teste da hip\u00f3tese do dist\u00farbio intermedi\u00e1rio em campos \u00famidos costeiros no extremo sul do Brasil<\/span><\/a><\/span><\/span><\/span><span style=\"font-family: Tahoma, sans-serif\">. 2016. 96 f. Tese (Doutorado em Biodiversidade Animal) &#8211; Universidade Federal de Santa Maria, 2016.<\/span><\/span><\/p>\n<p style=\"margin-top: 0px;margin-bottom: 10px;color: #666666;font-family: Helvetica, Arial, sans-serif;font-size: 13px;text-align: justify\"><span style=\"color: #333333\">\u00a0<\/span><\/p>\n<p style=\"margin-top: 0px;margin-bottom: 10px;color: #666666;font-family: Helvetica, Arial, sans-serif;font-size: 13px;text-align: justify\"><span style=\"font-family: arial, helvetica, sans-serif;color: #333333\">LIPINSKI, V. M.\u00a0<span style=\"font-weight: bold;color: #004074\"><a style=\"background: 0px 0px;color: #4782b2\" href=\"http:\/\/cascavel.cpd.ufsm.br\/tede\/tde_busca\/arquivo.php?codArquivo=5516\"><span style=\"color: #333333\">Estrutura espacial de comunidades de anuros de duas regi\u00f5es fisiogr\u00e1ficas do Bioma Pampa.<\/span><\/a>\u00a0<\/span><span style=\"line-height: 21px\">2013. 38 f. Disserta\u00e7\u00e3o (Mestrado em Biodiversidade Animal) \u2013 Universidade Federal de Santa Maria, Santa Maria, 2013.<\/span><\/span>\u00a0<\/p>\n<p style=\"margin-top: 0px;margin-bottom: 10px;color: #666666;font-family: Helvetica, Arial, sans-serif;font-size: 13px;text-align: justify\"><span style=\"font-family: arial, helvetica, sans-serif\">\u00a0<\/span><\/p>\n<p style=\"margin-top: 0px;margin-bottom: 10px;color: #666666;font-family: Helvetica, Arial, sans-serif;font-size: 13px;text-align: justify\"><span style=\"font-family: arial, helvetica, sans-serif;color: #333333\"><span style=\"text-transform: uppercase\">MADALOZZO, B.\u00a0<\/span><span style=\"font-weight: bold;color: #004074\"><a style=\"background: 0px 0px;color: #4782b2\" href=\"http:\/\/w3.ufsm.br\/herpeto\/images\/Teses_e_Disserta%C3%A7%C3%B5es\/Disserta%C3%A7%C3%A3o_de_mestrado_Bruno_Madalozzo.pdf\"><span style=\"color: #333333\">Unidades de Conserva\u00e7\u00e3o com Fronteira Agr\u00edcola podem evitar Invas\u00f5es? o caso da R\u00e3-touro na Mata Atl\u00e2ntica do Sul do Brasil.\u00a0<\/span><\/a><\/span><\/span><span style=\"color: #333333;font-family: arial, helvetica, sans-serif\">2013. 96 f. Disserta\u00e7\u00e3o (Mestrado em Biodiversidade Animal) \u2013 Universidade Federal de Santa Maria, Santa Maria, 2013.<\/span><\/p>\n<p style=\"margin-top: 0px;margin-bottom: 10px;color: #666666;font-family: Helvetica, Arial, sans-serif;font-size: 13px;text-align: justify\"><span style=\"font-family: arial, helvetica, sans-serif;color: #333333\"><span style=\"line-height: 21px\">\u00a0<\/span><span style=\"line-height: 21px\">\u00a0<\/span><\/span><\/p>\n<p style=\"margin-top: 0px;margin-bottom: 10px;color: #666666;font-family: Helvetica, Arial, sans-serif;font-size: 13px;text-align: justify\"><span style=\"font-family: arial, helvetica, sans-serif;color: #333333\">MARAGNO, F. P.\u00a0<span style=\"font-weight: bold;color: #004074\"><a style=\"background: 0px 0px;color: #4782b2\" href=\"http:\/\/cascavel.ufsm.br\/tede\/tde_busca\/arquivo.php?codArquivo=5722\"><span style=\"color: #333333\">Estrutura espacial e temporal de taxocenoses de anuros de uma \u00e1rea de Cerrado, no Centro-Oeste do Brasil.<\/span><\/a>\u00a0<\/span>2013. 131 f. Tese (Doutorado em Biodiversidade Animal) &#8211; Universidade Federal de Santa Maria, 2013.<\/span><\/p>\n<p style=\"margin-top: 0px;margin-bottom: 10px;color: #666666;font-family: Helvetica, Arial, sans-serif;font-size: 13px;text-align: justify\"><span style=\"font-family: arial, helvetica, sans-serif;color: #333333\">\u00a0<\/span><\/p>\n<p style=\"margin-top: 0px;margin-bottom: 10px;color: #666666;font-family: Helvetica, Arial, sans-serif;font-size: 13px;text-align: justify\"><span style=\"font-family: arial, helvetica, sans-serif;color: #333333\">MESQUITA, P. C. M. D.\u00a0<span style=\"font-weight: bold;color: #004074\"><a style=\"background: 0px 0px;color: #4782b2\" href=\"http:\/\/cascavel.ufsm.br\/tede\/tde_busca\/arquivo.php?codArquivo=5056\"><span style=\"color: #333333\">Composi\u00e7\u00e3o, diversidade e estrutura de uma taxocenose de serpentes em uma \u00e1rea de caatinga no Munic\u00edpio de Pentecoste, Cear\u00e1<\/span><\/a><\/span>. 2013. 155 f. Tese (Doutorado em Biodiversidade Animal) &#8211; Universidade Federal de Santa Maria, 2013.<\/span><\/p>\n<p style=\"margin-top: 0px;margin-bottom: 10px;color: #666666;font-family: Helvetica, Arial, sans-serif;font-size: 13px;text-align: justify\"><span style=\"font-family: arial, helvetica, sans-serif;color: #333333\"><span style=\"line-height: 21px\">\u00a0<\/span><span style=\"line-height: 21px\">\u00a0<\/span><\/span><\/p>\n<p style=\"margin-top: 0px;margin-bottom: 10px;color: #666666;font-family: Helvetica, Arial, sans-serif;font-size: 13px;text-align: justify\"><span style=\"font-family: arial, helvetica, sans-serif;color: #333333\">PIETCZAK, C.\u00a0<span style=\"font-weight: bold;color: #004074\"><a style=\"background: 0px 0px;color: #4782b2\" href=\"http:\/\/cascavel.ufsm.br\/tede\/tde_busca\/arquivo.php?codArquivo=6309\"><span style=\"color: #333333\">Distribui\u00e7\u00e3o geogr\u00e1fica de\u00a0<em>Philodryas agassizii<\/em>\u00a0(Squamata: Dipsadidae): a modelagem ecol\u00f3gica como ferramenta para a identifica\u00e7\u00e3o de \u00e1reas priorit\u00e1rias para a conserva\u00e7\u00e3o da esp\u00e9cie no Rio Grande do Sul.<\/span><\/a><\/span>\u00a02013. 55 f. Disserta\u00e7\u00e3o (Mestrado em Biodiversidade Animal) &#8211; Universidade Federal de Santa Maria, 2013.<\/span><\/p>\n<p style=\"margin-top: 0px;margin-bottom: 10px;color: #666666;font-family: Helvetica, Arial, sans-serif;font-size: 13px;text-align: justify\"><span style=\"font-family: arial, helvetica, sans-serif;color: #333333\">\u00a0<\/span><\/p>\n<p style=\"margin-top: 0px;margin-bottom: 10px;color: #666666;font-family: Helvetica, Arial, sans-serif;font-size: 13px;text-align: justify\"><span style=\"font-family: arial, helvetica, sans-serif;color: #333333\">ALVES, S. S.\u00a0<span style=\"font-weight: bold;color: #004074\"><a style=\"background: 0px 0px;color: #4782b2\" href=\"http:\/\/cascavel.ufsm.br\/tede\/tde_busca\/arquivo.php?codArquivo=6599\"><span style=\"color: #333333\">Cultivo de\u00a0<em>Eucalyptus<\/em>\u00a0reduz a diversidade da herpetofauna em \u00e1rea de campo no sul do Brasil.<\/span><\/a><\/span>\u00a02012. Disserta\u00e7\u00e3o (Mestrado em Biodiversidade Animal) &#8211; Universidade Federal de Santa Maria, 2012.<\/span><\/p>\n<p style=\"margin-top: 0px;margin-bottom: 10px;color: #666666;font-family: Helvetica, Arial, sans-serif;font-size: 13px;text-align: justify\"><span style=\"font-family: arial, helvetica, sans-serif;color: #333333\">\u00a0<\/span><\/p>\n<p style=\"margin-top: 0px;margin-bottom: 10px;color: #666666;font-family: Helvetica, Arial, sans-serif;font-size: 13px;text-align: justify\"><span style=\"font-family: arial, helvetica, sans-serif;color: #333333\">BOLZAN, A. M.\u00a0<span style=\"font-weight: bold;color: #004074\"><a style=\"background: 0px 0px;color: #4782b2\" href=\"http:\/\/cascavel.ufsm.br\/tede\/tde_busca\/arquivo.php?codArquivo=6781\"><span style=\"color: #333333\">Diversidade e Padr\u00f5es de uso do espa\u00e7o de Anf\u00edbos anuros da \u00e1rea de Prote\u00e7\u00e3o Ambiental do Ibiraput\u00e3.<\/span><\/a><\/span>2012. Disserta\u00e7\u00e3o (Mestrado em Biodiversidade Animal) &#8211; Universidade Federal de Santa Maria,\u00a02012.<\/span><\/p>\n<p style=\"margin-top: 0px;margin-bottom: 10px;color: #666666;font-family: Helvetica, Arial, sans-serif;font-size: 13px;text-align: justify\"><span style=\"font-family: arial, helvetica, sans-serif;color: #333333\">\u00a0<\/span><\/p>\n<p style=\"margin-top: 0px;margin-bottom: 10px;color: #666666;font-family: Helvetica, Arial, sans-serif;font-size: 13px;text-align: justify\"><span style=\"font-family: arial, helvetica, sans-serif;color: #333333\">AMARANTE, D. D.\u00a0<span style=\"font-weight: bold;color: #004074\"><a style=\"background: 0px 0px;color: #4782b2\" href=\"http:\/\/cascavel.cpd.ufsm.br\/tede\/tde_busca\/arquivo.php?codArquivo=4041\"><span style=\"color: #333333\">Distribui\u00e7\u00e3o espa\u00e7o-temporal de girinos (Amphibia, Anura) no Cerrado Sul Mato-grossense.<\/span><\/a>\u00a0\u00a0<\/span>2011. 75 f. Disserta\u00e7\u00e3o (Mestrado em Biodiversidade Animal) &#8211; Universidade Federal de Santa Maria, 2011.<\/span><\/p>\n<p style=\"margin-top: 0px;margin-bottom: 10px;color: #666666;font-family: Helvetica, Arial, sans-serif;font-size: 13px;text-align: justify\"><span style=\"font-family: arial, helvetica, sans-serif;color: #333333\">\u00a0<\/span><\/p>\n<p style=\"margin-top: 0px;margin-bottom: 10px;color: #666666;font-family: Helvetica, Arial, sans-serif;font-size: 13px;text-align: justify\"><span style=\"font-family: arial, helvetica, sans-serif;color: #333333\"><span style=\"line-height: 21px\">CALDART, V. M.\u00a0<\/span><span style=\"font-weight: bold;color: #004074\"><a style=\"background: 0px 0px;color: #4782b2\" href=\"http:\/\/cascavel.ufsm.br\/tede\/tde_busca\/arquivo.php?codArquivo=3709\"><span style=\"color: #333333\">Hist\u00f3ria Natural de\u00a0<em>Crossodactylus schmidti\u00a0<\/em>Gallardo, 1961 (Anura, Hylodidae) no Parque Estadual do Turvo, Rio Grande do Sul.<\/span><\/a><\/span>\u00a0<span style=\"line-height: 21px\">2011. 66 f. Disserta\u00e7\u00e3o (Mestrado em Biodiversidade Animal) \u2013 Universidade Federal de Santa Maria, Santa Maria, 2011.<\/span><\/span><\/p>\n<p style=\"margin-top: 0px;margin-bottom: 10px;color: #666666;font-family: Helvetica, Arial, sans-serif;font-size: 13px;text-align: justify\"><span style=\"font-family: arial, helvetica, sans-serif;line-height: 21px;color: #333333\">\u00a0<\/span><\/p>\n<p style=\"margin-top: 0px;margin-bottom: 10px;color: #666666;font-family: Helvetica, Arial, sans-serif;font-size: 13px;text-align: justify\"><span style=\"font-family: arial, helvetica, sans-serif;color: #333333\"><span style=\"line-height: 21px\"><span style=\"line-height: 1.5em\">IOP, S.\u00a0<\/span><\/span><span style=\"font-weight: bold;color: #004074\"><span style=\"line-height: 21px\"><a style=\"background: 0px 0px;color: #4782b2\" href=\"http:\/\/w3.ufsm.br\/pbiod\/Dissertacoes\/Iop_2010.pdf\"><span style=\"color: #333333\">Diversidade e Distribui\u00e7\u00e3o Espacial de Anf\u00edbios Anuros no Parque Estadual Estadual do Turvo, Rio Grande do Sul.<\/span><\/a>\u00a0\u00a0<\/span><\/span><span style=\"line-height: 21px\"><span style=\"line-height: 1.5em\">2010. 80 f. Disserta\u00e7\u00e3o (Mestrado em Biodiversidade Animal) \u2013 Universidade Federal de Santa Maria, Santa Maria, 2010.<\/span><\/span><\/span><\/p>\n<p style=\"margin-top: 0px;margin-bottom: 10px;color: #666666;font-family: Helvetica, Arial, sans-serif;font-size: 13px;text-align: justify\"><span style=\"font-family: arial, helvetica, sans-serif;color: #333333\">\u00a0<\/span><\/p>\n<p style=\"margin-top: 0px;margin-bottom: 10px;color: #666666;font-family: Helvetica, Arial, sans-serif;font-size: 13px;text-align: justify\"><span style=\"font-family: arial, helvetica, sans-serif;color: #333333\">ROCHA, M. C.\u00a0<span style=\"font-weight: bold;color: #004074\"><a style=\"background: 0px 0px;color: #4782b2\" href=\"http:\/\/cascavel.ufsm.br\/tede\/tde_busca\/arquivo.php?codArquivo=5094\"><span style=\"color: #333333\">Ecologia de esp\u00e9cies simp\u00e1tricas de viper\u00eddeos (Serpentes) no Parque Estadual do Turvo, Rio Grande do Sul, Brasil.<\/span><\/a><\/span>\u00a02010. 67 f. Disserta\u00e7\u00e3o (Mestrado em Biodiversidade Animal) &#8211; Universidade Federal de Santa Maria, 2010.<\/span><\/p>\n<p style=\"margin-top: 0px;margin-bottom: 10px;color: #666666;font-family: Helvetica, Arial, sans-serif;font-size: 13px;text-align: justify\"><span style=\"font-family: arial, helvetica, sans-serif;color: #333333\">\u00a0<\/span><\/p>\n<p style=\"margin-top: 0px;margin-bottom: 10px;color: #666666;font-family: Helvetica, Arial, sans-serif;font-size: 13px;text-align: justify\"><span style=\"font-family: arial, helvetica, sans-serif;color: #333333\">ARRUDA, J. L. S.\u00a0<span style=\"font-weight: bold;color: #004074\"><a style=\"background: 0px 0px;color: #4782b2\" href=\"http:\/\/w3.ufsm.br\/pbiod\/Dissertacoes\/Arruda_2009.pdf\"><span style=\"color: #333333\">Ecologia de\u00a0<em>Tropidurus torquatus<\/em>\u00a0(Squamata: Tropiduridae) no Bioma Pampa, Extremo Sul do Brasil.<\/span><\/a><\/span>2009. 77 f. Disserta\u00e7\u00e3o (Mestrado em Biodiversidade Animal) \u2013 Universidade Federal de Santa Maria, Santa Maria, 2009.<\/span><\/p>\n<p style=\"margin-top: 0px;margin-bottom: 10px;color: #666666;font-family: Helvetica, Arial, sans-serif;font-size: 13px;text-align: justify\"><span style=\"font-family: arial, helvetica, sans-serif;color: #333333\">\u00a0<\/span><\/p>\n<p style=\"margin-top: 0px;margin-bottom: 10px;color: #666666;font-family: Helvetica, Arial, sans-serif;font-size: 13px;text-align: justify\"><span style=\"font-family: arial, helvetica, sans-serif;color: #333333\"><span style=\"line-height: 21px\">MONTECHIARO, L.\u00a0<\/span><span style=\"font-weight: bold;color: #004074\"><a style=\"background: 0px 0px;color: #4782b2\" href=\"http:\/\/w3.ufsm.br\/pbiod\/Dissertacoes\/Montechiaro_2008.pdf\"><span style=\"color: #333333\">Biologia de\u00a0<em>Ophiodes fragilis<\/em>\u00a0(Squamata: Anguidae): Dieta e Reprodu\u00e7\u00e3o, no Sul do Brasil.<\/span><\/a><\/span><span style=\"font-weight: bold;color: #004074;font-family: Arial, Verdana;font-size: 14px;line-height: 21px\">\u00a0<\/span><span style=\"line-height: 21px\">2008. 75 f. Disserta\u00e7\u00e3o (Mestrado em Biodiversidade Animal) \u2013 Universidade Federal de Santa Maria, Santa Maria, 2008.<\/span><\/span><\/p>\n<p style=\"margin-top: 0px;margin-bottom: 10px;color: #666666;font-family: Helvetica, Arial, sans-serif;font-size: 13px;text-align: justify\"><span style=\"font-family: arial, helvetica, sans-serif;line-height: 21px;color: #333333\">\u00a0<\/span><\/p>\n<p style=\"margin-top: 0px;margin-bottom: 10px;color: #666666;font-family: Helvetica, Arial, sans-serif;font-size: 13px;text-align: justify\"><span style=\"font-family: arial, helvetica, sans-serif;color: #333333\">FAGUNDES, C. K.\u00a0<span style=\"font-weight: bold;color: #004074\"><a style=\"background: 0px 0px;color: #4782b2\" href=\"http:\/\/w3.ufsm.br\/pbiod\/Dissertacoes\/Fagundes_2007.pdf\"><span style=\"color: #333333\">Din\u00e2mica populacional de\u00a0<em>Trachemys dorbigni\u00a0<\/em>(Testudines: Emydidae) em ambiente antr\u00f3pico em Pelotas, RS.<\/span><\/a><\/span>\u00a02007. 82 f. Disserta\u00e7\u00e3o (Mestrado em Biodiversidade Animal) \u2013 Universidade Federal de Santa Maria, Santa Maria, 2007.<\/span><\/p>\n<p style=\"margin-top: 0px;margin-bottom: 10px;color: #666666;font-family: Helvetica, Arial, sans-serif;font-size: 13px;text-align: justify\"><span style=\"font-family: arial, helvetica, sans-serif;line-height: 21px;color: #333333\">\u00a0<\/span><\/p>\n<p style=\"margin-top: 0px;margin-bottom: 10px;color: #666666;font-family: Helvetica, Arial, sans-serif;font-size: 13px;text-align: justify\"><span style=\"font-family: arial, helvetica, sans-serif;color: #333333\">GON\u00c7ALVES, F. A.\u00a0<\/span><span style=\"color: #333333\"><span style=\"font-weight: bold;color: #004074\"><span style=\"font-family: arial, helvetica, sans-serif\"><a style=\"background: 0px 0px;color: #4782b2\" href=\"http:\/\/w3.ufsm.br\/pbiod\/Dissertacoes\/Goncalves_2007.pdf\"><span style=\"color: #333333\">Preda\u00e7\u00e3o de ninhos da tartaruga tigre-d\u2019\u00e1gua,\u00a0<em>Trachemys dorbigni\u00a0<\/em>(Dum\u00e9ril &amp; Bibron, 1835) (Emydidae), no extremo Sul do Brasil<\/span><\/a>.\u00a0<\/span><\/span><span style=\"font-family: arial, helvetica, sans-serif\">2007. 47 f. Disserta\u00e7\u00e3o (Mestrado em Biodiversidade Animal) \u2013 Universidade Federal de Santa Maria, Santa Maria, 2007.<\/span><\/span><\/p>\n<p style=\"margin-top: 0px;margin-bottom: 10px;color: #666666;font-family: Helvetica, Arial, sans-serif;font-size: 13px;text-align: justify\"><span style=\"font-family: arial, helvetica, sans-serif;color: #333333\">\u00a0<\/span><\/p>\n<p style=\"margin-top: 0px;margin-bottom: 10px;color: #666666;font-family: Helvetica, Arial, sans-serif;font-size: 13px;text-align: justify\"><span style=\"font-family: arial, helvetica, sans-serif;color: #333333\">WINCK, G. R.\u00a0<span style=\"font-weight: bold;color: #004074\"><a style=\"background: 0px 0px;color: #4782b2\" href=\"http:\/\/w3.ufsm.br\/pbiod\/Dissertacoes\/Winck_2007.pdf\"><span style=\"color: #333333\">Hist\u00f3ria Natural de\u00a0<em>Tupinambis merianae<\/em>\u00a0(Squamata, Teiidae na Esta\u00e7\u00e3o Ecol\u00f3gica do Taim, Extremo Sul do Brasil.<\/span><\/a>\u00a0\u00a0<\/span>2007. 59 f. Disserta\u00e7\u00e3o (Mestrado em Biodiversidade Animal) \u2013 Universidade Federal de Santa Maria, Santa Maria, 2007.<\/span><\/p>\n<p style=\"margin-top: 0px;margin-bottom: 10px;color: #666666;font-family: Helvetica, Arial, sans-serif;font-size: 13px;text-align: justify\"><span style=\"font-family: arial, helvetica, sans-serif;color: #333333\">\u00a0<\/span><\/p>\n<p style=\"margin-top: 0px;margin-bottom: 10px;color: #666666;font-family: Helvetica, Arial, sans-serif;font-size: 13px;text-align: justify\"><span style=\"font-family: arial, helvetica, sans-serif;color: #333333\">LEITE, P. T.\u00a0<span style=\"font-weight: bold;color: #004074\"><a style=\"background: 0px 0px;color: #4782b2\" href=\"http:\/\/w3.ufsm.br\/pbiod\/Dissertacoes\/Dissertacao_Pedro_Terra_Leite.pdf\"><span style=\"color: #333333\">Hist\u00f3ria natural de\u00a0<em>Mastigodryas bifossatus<\/em>\u00a0(Serpentes, Colubridae) em Dom\u00ednio Subtropical no Brasil.<\/span><\/a><\/span>\u00a02006. 70 f. Disserta\u00e7\u00e3o (Mestrado em Biodiversidade Animal) \u2013 Universidade Federal de Santa Maria, Santa Maria, 2006.<\/span><\/p>\n<p style=\"margin-top: 0px;margin-bottom: 10px;color: #666666;font-family: Helvetica, Arial, sans-serif;font-size: 13px;text-align: justify\"><span style=\"font-family: arial, helvetica, sans-serif;color: #333333\">\u00a0<\/span><\/p>\n<p style=\"margin-top: 0px;margin-bottom: 10px;color: #666666;font-family: Helvetica, Arial, sans-serif;font-size: 13px;text-align: justify\"><span style=\"font-family: arial, helvetica, sans-serif;color: #333333\">NUNES, S. F.\u00a0<span style=\"font-weight: bold;color: #004074\"><a style=\"background: 0px 0px;color: #4782b2\" href=\"http:\/\/w3.ufsm.br\/pbiod\/Dissertacoes\/Dissertacao_Simone_de_Fatima_Nunes.pdf\"><span style=\"color: #333333\">Dieta e biologia reprodutiva da cruzeira,\u00a0<em>Bothrops\u00a0alternatus<\/em>\u00a0(Serpentes &#8211; Viparidade), na Regi\u00e3o Sul do Brasil.<\/span><\/a>\u00a0<\/span>2006. 68 f. Disserta\u00e7\u00e3o (Mestrado em Biodiversidade Animal) \u2013 Universidade Federal de Santa Maria, Santa Maria, 2006.<\/span><\/p>\n<p style=\"margin-top: 0px;margin-bottom: 10px;color: #666666;font-family: Helvetica, Arial, sans-serif;font-size: 13px;text-align: justify\"><span style=\"font-family: arial, helvetica, sans-serif;line-height: 21px;color: #333333\">\u00a0<\/span><\/p>\n<p style=\"margin-top: 0px;margin-bottom: 10px;color: #666666;font-family: Helvetica, Arial, sans-serif;font-size: 13px;text-align: justify\"><span style=\"font-family: arial, helvetica, sans-serif;color: #333333\">BOELTER, R. A.\u00a0<span style=\"font-weight: bold;color: #004074\"><a style=\"background: 0px 0px;color: #4782b2\" href=\"http:\/\/w3.ufsm.br\/pbiod\/Dissertacoes\/Dissertacao_Ruben.pdf\"><span style=\"color: #333333\">Preda\u00e7\u00e3o de anuros nativos pela r\u00e3-touro (<em>Rana catesbeiana<\/em>: Ranidae) no Sul do Brasil.<\/span><\/a>\u00a0<a style=\"background: 0px 0px;color: #4782b2\" href=\"http:\/\/w3.ufsm.br\/pbiod\/Dissertacoes\/Dissertacao_Ruben.pdf\"><span style=\"color: #333333\">\u00a0<\/span><\/a><\/span>2004. 36 f. Disserta\u00e7\u00e3o (Mestrado em Biodiversidade Animal) \u2013 Universidade Federal de Santa Maria, Santa Maria, 2004.<\/span><\/p>\n","protected":false},"excerpt":{"rendered":"<p>SANTOS, M. B.\u00a0Estrutura\u00e7\u00e3o da comunidade de anuros e teste da hip\u00f3tese do dist\u00farbio intermedi\u00e1rio em campos \u00famidos costeiros no extremo sul do Brasil. 2016. 96 f. Tese (Doutorado em Biodiversidade Animal) &#8211; Universidade Federal de Santa Maria, 2016. \u00a0 LIPINSKI, V. M.\u00a0Estrutura espacial de comunidades de anuros de duas regi\u00f5es fisiogr\u00e1ficas do Bioma Pampa.\u00a02013. 38 [&hellip;]<\/p>\n","protected":false},"author":115,"featured_media":0,"parent":0,"menu_order":0,"comment_status":"closed","ping_status":"closed","template":"","meta":{"footnotes":""},"categories":[],"tags":[],"class_list":["post-77","page","type-page","status-publish","hentry"],"acf":[],"_links":{"self":[{"href":"https:\/\/www.ufsm.br\/laboratorios\/herpeto\/wp-json\/wp\/v2\/pages\/77","targetHints":{"allow":["GET"]}}],"collection":[{"href":"https:\/\/www.ufsm.br\/laboratorios\/herpeto\/wp-json\/wp\/v2\/pages"}],"about":[{"href":"https:\/\/www.ufsm.br\/laboratorios\/herpeto\/wp-json\/wp\/v2\/types\/page"}],"author":[{"embeddable":true,"href":"https:\/\/www.ufsm.br\/laboratorios\/herpeto\/wp-json\/wp\/v2\/users\/115"}],"replies":[{"embeddable":true,"href":"https:\/\/www.ufsm.br\/laboratorios\/herpeto\/wp-json\/wp\/v2\/comments?post=77"}],"version-history":[{"count":0,"href":"https:\/\/www.ufsm.br\/laboratorios\/herpeto\/wp-json\/wp\/v2\/pages\/77\/revisions"}],"wp:attachment":[{"href":"https:\/\/www.ufsm.br\/laboratorios\/herpeto\/wp-json\/wp\/v2\/media?parent=77"}],"wp:term":[{"taxonomy":"category","embeddable":true,"href":"https:\/\/www.ufsm.br\/laboratorios\/herpeto\/wp-json\/wp\/v2\/categories?post=77"},{"taxonomy":"post_tag","embeddable":true,"href":"https:\/\/www.ufsm.br\/laboratorios\/herpeto\/wp-json\/wp\/v2\/tags?post=77"}],"curies":[{"name":"wp","href":"https:\/\/api.w.org\/{rel}","templated":true}]}}