{"id":101,"date":"2019-08-26T16:57:43","date_gmt":"2019-08-26T19:57:43","guid":{"rendered":"https:\/\/www.ufsm.br\/laboratorios\/inct\/?page_id=101"},"modified":"2020-07-06T18:58:32","modified_gmt":"2020-07-06T21:58:32","slug":"linhas-de-pesquisa","status":"publish","type":"page","link":"https:\/\/www.ufsm.br\/laboratorios\/inct\/linhas-de-pesquisa","title":{"rendered":"Linhas de pesquisa"},"content":{"rendered":"\t\t<div data-elementor-type=\"wp-post\" data-elementor-id=\"101\" class=\"elementor elementor-101\">\n\t\t\t\t\t\t<section class=\"elementor-section elementor-top-section elementor-element elementor-element-1e0d6ee elementor-section-boxed elementor-section-height-default elementor-section-height-default\" data-id=\"1e0d6ee\" data-element_type=\"section\">\n\t\t\t\t\t\t<div class=\"elementor-container elementor-column-gap-default\">\n\t\t\t\t\t<div class=\"elementor-column elementor-col-100 elementor-top-column elementor-element elementor-element-6712fd5\" data-id=\"6712fd5\" data-element_type=\"column\">\n\t\t\t<div class=\"elementor-widget-wrap elementor-element-populated\">\n\t\t\t\t\t\t<div class=\"elementor-element elementor-element-aa0141a elementor-widget elementor-widget-toggle\" data-id=\"aa0141a\" data-element_type=\"widget\" data-widget_type=\"toggle.default\">\n\t\t\t\t<div class=\"elementor-widget-container\">\n\t\t\t\t\t<div class=\"elementor-toggle\">\n\t\t\t\t\t\t\t<div class=\"elementor-toggle-item\">\n\t\t\t\t\t<div id=\"elementor-tab-title-1781\" class=\"elementor-tab-title\" data-tab=\"1\" role=\"button\" aria-controls=\"elementor-tab-content-1781\" aria-expanded=\"false\">\n\t\t\t\t\t\t\t\t\t\t\t\t<a class=\"elementor-toggle-title\" tabindex=\"0\"><h5 style=\"text-align:center\"><strong>Linha de Pesquisa 1 - Modelagem, An\u00e1lise e Desenvolvimento de Sistemas de Convers\u00e3o de Fontes de Energias Renov\u00e1veis em Energia El\u00e9trica<\/strong><\/h5><\/a>\n\t\t\t\t\t<\/div>\n\n\t\t\t\t\t<div id=\"elementor-tab-content-1781\" class=\"elementor-tab-content elementor-clearfix\" data-tab=\"1\" role=\"region\" aria-labelledby=\"elementor-tab-title-1781\">O intuito desta linha \u00e9 abordar t\u00f3picos relacionados a sistemas de convers\u00e3o de fontes prim\u00e1rias de energias renov\u00e1veis em energia el\u00e9trica, desde a modelagem, passando pela an\u00e1lise e desenvolvimento, at\u00e9 o uso final de diferentes dispositivos, tais como turbinas e\u00f3licas, pain\u00e9is fotovoltaicos, turbinas hidr\u00e1ulicas para pequenas e micro centrais hidroel\u00e9tricas, e grupos motor-gerador com etanol ou biog\u00e1s.\n\nOs objetivos espec\u00edficos referentes \u00e0 pesquisa s\u00e3o os seguintes:\n<ul>\n \t<li>Projetar e analisar o desempenho din\u00e2mico de turbinas e\u00f3licas empregando Din\u00e2mica dos Fluidos Computacional (CFD \u2013 Computational Fluid Dynamics), assim como avaliar turbinas e\u00f3licas experimentalmente em t\u00fanel de vento;<\/li>\n \t<li>Desenvolver metodologia para an\u00e1lise e otimiza\u00e7\u00e3o de sistemas fotovoltaicos em condi\u00e7\u00f5es de irradia\u00e7\u00e3o n\u00e3o-\u00f3timas;<\/li>\n \t<li>Desenvolver a tecnologia solar fotovoltaica integrada \u00e0 arquitetura, atrav\u00e9s de um software de aux\u00edlio a projeto;<\/li>\n \t<li>Desenvolver novas solu\u00e7\u00f5es para regula\u00e7\u00e3o de velocidade em PCHs e MCHs com utiliza\u00e7\u00e3o de ar comprimido ou fluidos biodegrad\u00e1veis;<\/li>\n \t<li>Desenvolver estrat\u00e9gias que permitam o aumento da efici\u00eancia de um grupo motor-gerador utilizando como combust\u00edvel o biog\u00e1s e o etanol com elevada concentra\u00e7\u00e3o de \u00e1gua.<\/li>\n<\/ul>\nCoordenadores:\n<ul>\n \t<li style=\"list-style-type:none\"><strong>Leandro Michels (UFSM)<\/strong><\/li>\n \t<li style=\"list-style-type:none\">Contato:\u00a0<span id=\"cloak671f3d6b03e40ea2fb423c15279263a7\"><a href=\"mailto:leandromichels@gmail.com\">leandromichels@gmail.com<\/a><\/span><\/li>\n \t<li style=\"list-style-type:none\"><strong>Humberto Pinheiro (UFSM)<\/strong><\/li>\n \t<li style=\"list-style-type:none\">Contato:\u00a0<span id=\"cloak627df55427f75981ce7d4cc161a0d21e\"><a href=\"mailto:humberto.ctlab.ufsm.br@gmail.com\">humberto.ctlab.ufsm.br@gmail.com<\/a><\/span><\/li>\n<\/ul><\/div>\n\t\t\t\t<\/div>\n\t\t\t\t\t\t\t<div class=\"elementor-toggle-item\">\n\t\t\t\t\t<div id=\"elementor-tab-title-1782\" class=\"elementor-tab-title\" data-tab=\"2\" role=\"button\" aria-controls=\"elementor-tab-content-1782\" aria-expanded=\"false\">\n\t\t\t\t\t\t\t\t\t\t\t\t<a class=\"elementor-toggle-title\" tabindex=\"0\"><h5 style=\"text-align:center\"><strong>Linha de Pesquisa 2 - Desenvolvimento de Conversores Est\u00e1ticos para Condicionamento da Energia Produzida por Fontes de Energias Renov\u00e1veis<\/strong><\/h5><\/a>\n\t\t\t\t\t<\/div>\n\n\t\t\t\t\t<div id=\"elementor-tab-content-1782\" class=\"elementor-tab-content elementor-clearfix\" data-tab=\"2\" role=\"region\" aria-labelledby=\"elementor-tab-title-1782\"><p>O intuito desta linha de pesquisa \u00e9 tratar sobre a concep\u00e7\u00e3o, desenvolvimento e implementa\u00e7\u00e3o de conversores est\u00e1ticos de pot\u00eancia para processamento da energia el\u00e9trica produzida por diferentes fontes de energias renov\u00e1veis, sendo a interface habilitadora entre diferentes sistemas el\u00e9tricos de pot\u00eancia. Esta linha aborda aspectos relacionados ao desenvolvimento de conversores est\u00e1ticos, desde topologias, circuitos auxiliares, e sistemas de modula\u00e7\u00e3o, controle e prote\u00e7\u00e3o, tanto para sistemas de gera\u00e7\u00e3o distribu\u00edda conectados na rede el\u00e9trica, quanto em sistemas aut\u00f4nomos.<\/p>\n\n<p>Os objetivos espec\u00edficos referentes \u00e0 pesquisa s\u00e3o os seguintes:<\/p>\n<ul>\n<li>Desenvolver metodologias de otimiza\u00e7\u00e3o de sistemas de gerenciamento, de controle e de projetos de conversores est\u00e1ticos aplicados \u00e0 gera\u00e7\u00e3o distribu\u00edda de energia el\u00e9trica.<\/li>\n\n<li>Desenvolver conversores est\u00e1ticos e seus controladores para sistemas de gera\u00e7\u00e3o e\u00f3lica;<\/li>\n\n<li>Desenvolver conversores est\u00e1ticos de elevada efici\u00eancia para aplica\u00e7\u00f5es em sistemas fotovoltaicos;<\/li>\n\n<li>Desenvolver novas topologias h\u00edbridas e sistemas de controle para a regula\u00e7\u00e3o de tens\u00e3o em pequenas e micro centrais hidrel\u00e9tricas;<\/li>\n\n<li>Desenvolver conversores est\u00e1ticos de alto rendimento utilizando novos semicondutores (SiC, AlGaN, GaN, outros);<\/li>\n\n<li>Desenvolver t\u00e9cnicas para melhoria da efici\u00eancia em conversores est\u00e1ticos.<\/li>\n<\/ul>\n\n<p>Coordenadores:<p>\n<ul>\n\n<li style=\"list-style-type:none\"><strong>Marco Ant\u00f4nio Dalla Costa (UFSM)<\/strong><\/li>\n\n<li style=\"list-style-type:none\">Contato:\u00a0<span id=\"cloak1fc24ccd573b5d5d5fb1027665484995\"><a href=\"mailto:madc.sm@gmail.com\">madc.sm@gmail.com<\/a><\/span><\/li>\n<p>&nbsp;<\/p>\n<li style=\"list-style-type:none\"><strong>Fabricio Dulpont (URI &#8211; FW)<\/strong><\/li>\n\n<li style=\"list-style-type:none\">Contato:\u00a0<span id=\"cloak3cc06ee0669b10216a20fa168d5781ea\"><a href=\"mailto:fhdupont@gmail.com\">fhdupont@gmail.com<\/a><\/span><\/li>\n\n<\/ul><\/div>\n\t\t\t\t<\/div>\n\t\t\t\t\t\t\t<div class=\"elementor-toggle-item\">\n\t\t\t\t\t<div id=\"elementor-tab-title-1783\" class=\"elementor-tab-title\" data-tab=\"3\" role=\"button\" aria-controls=\"elementor-tab-content-1783\" aria-expanded=\"false\">\n\t\t\t\t\t\t\t\t\t\t\t\t<a class=\"elementor-toggle-title\" tabindex=\"0\"><h5 style=\"text-align:center\"><strong>Linha de Pesquisa 3 - Modelagem, An\u00e1lise, Desenvolvimento e Simula\u00e7\u00e3o de Redes de Distribui\u00e7\u00e3o com fontes de Energias Renov\u00e1veis\u200b<\/strong><\/h5><\/a>\n\t\t\t\t\t<\/div>\n\n\t\t\t\t\t<div id=\"elementor-tab-content-1783\" class=\"elementor-tab-content elementor-clearfix\" data-tab=\"3\" role=\"region\" aria-labelledby=\"elementor-tab-title-1783\"><p>O intuito desta linha \u00e9 estudar o impacto da conex\u00e3o dos recursos distribu\u00eddos no planejamento, opera\u00e7\u00e3o, manuten\u00e7\u00e3o e prote\u00e7\u00e3o dos sistemas el\u00e9tricos de pot\u00eancia, incluindo-se a potencialidade das redes el\u00e9tricas inteligentes e desenvolvimento de fontes alternativas.<\/p>\n\n<p>Os objetivos espec\u00edficos referentes \u00e0 pesquisa s\u00e3o os seguintes:<\/p>\n<ul>\n<li>Montar um sistema que integre a leitura de Sistemas de Supervis\u00e3o, Controle e Aquisi\u00e7\u00e3o de Dados (SCADA) de equipamentos reais com um Simulador Digital de Tempo Real (RTDS);<\/li>\n\n<li>Definir modelos de carga, elementos de rede e perfis de gera\u00e7\u00e3o distribu\u00edda para simula\u00e7\u00e3o de Hardware In the Loop (HIL);<\/li>\n\n<li>Modelar componentes de sistemas fotovoltaicos em programas de fluxo de pot\u00eancia e de an\u00e1lises din\u00e2micas.<\/li>\n<\/ul>\n<p>Coordenadores:<\/p>\n<ul>\n\n<li style=\"list-style-type:none\"><strong>Luciane Neves Canha (UFSM)\u00a0<\/strong><\/li>\n\n<li style=\"list-style-type:none\">Contato:\u00a0<span id=\"cloak5e0b8d52f1d6e63b26ed6ae4799fa628\"><a href=\"mailto:lucianecanha@gmail.com\">lucianecanha@gmail.com<\/a><\/span><\/li>\n\n<li style=\"list-style-type:none\"><strong>Maur\u00edcio Sperandio (UFSM)<\/strong><\/li>\n\n<li style=\"list-style-type:none\">Contato:\u00a0<span id=\"cloak9481259194d6fc40ad36753023a9d92c\"><a href=\"mailto:mauricio.sperandio@ufsm.br\">mauricio.sperandio@ufsm.br<\/a><\/span><\/li>\n\n<\/ul><\/div>\n\t\t\t\t<\/div>\n\t\t\t\t\t\t\t<div class=\"elementor-toggle-item\">\n\t\t\t\t\t<div id=\"elementor-tab-title-1784\" class=\"elementor-tab-title\" data-tab=\"4\" role=\"button\" aria-controls=\"elementor-tab-content-1784\" aria-expanded=\"false\">\n\t\t\t\t\t\t\t\t\t\t\t\t<a class=\"elementor-toggle-title\" tabindex=\"0\"><h5 style=\"text-align:center\"><strong>Linha de Pesquisa 4 - Efici\u00eancia Energ\u00e9tica e Qualidade de Energia em Sistemas de Gera\u00e7\u00e3o Distribu\u00edda com Fontes de Energias Renov\u00e1veis<\/strong>\u200b<\/h5><\/a>\n\t\t\t\t\t<\/div>\n\n\t\t\t\t\t<div id=\"elementor-tab-content-1784\" class=\"elementor-tab-content elementor-clearfix\" data-tab=\"4\" role=\"region\" aria-labelledby=\"elementor-tab-title-1784\"><p>O intuito desta linha de pesquisa \u00e9 explorar aspectos relativos a qualidade da energia produzida e consumida em sistemas de gera\u00e7\u00e3o distribu\u00edda, pesquisando dispositivos e equipamentos que mantenham a qualidade da energia el\u00e9trica disponibilizada aos consumidores, mesmo com a mudan\u00e7a de um sistema de gera\u00e7\u00e3o centralizado (cen\u00e1rio atual) para um sistema de gera\u00e7\u00e3o distribu\u00edda. Esta linha tamb\u00e9m aborda t\u00f3picos relativos ao desenvolvimento de solu\u00e7\u00f5es para o uso racional de energia, que, junto com o uso de fontes de energia renov\u00e1veis, \u00e9 um dos pilares para uma pol\u00edtica energ\u00e9tica sustent\u00e1vel.<\/p>\n\n<p>Os objetivos espec\u00edficos referentes \u00e0 pesquisa s\u00e3o os seguintes:<\/p>\n<ul>\n<li>Analisar o comportamento de sistemas de sincronismo de turbinas e\u00f3licas conectadas \u00e0 rede durante afundamentos de tens\u00e3o;<\/li>\n\n<li>Desenvolver e implementar um transformador de estado s\u00f3lido para um sistema de gera\u00e7\u00e3o distribu\u00edda;<\/li>\n\n<li>Desenvolver um regulador de tens\u00e3o para sistemas de gera\u00e7\u00e3o distribu\u00edda utilizando inje\u00e7\u00e3o de pot\u00eancia reativa e processamento de harm\u00f4nicos;<\/li>\n\n<li>Desenvolver um sistema de armazenamento de energia ativa para inje\u00e7\u00e3o no hor\u00e1rio de ponta em sistemas de gera\u00e7\u00e3o distribu\u00edda, com otimiza\u00e7\u00e3o dos estados de carga e de vida das baterias.<\/li>\n<\/ul>\n\n<p>Coordenadores:<\/p>\n<ul>\n<li style=\"list-style-type:none\"><strong>Cassiano Rech (UFSM)<\/strong><\/li>\n\n<li style=\"list-style-type:none\">Contato:\u00a0<span id=\"cloakb52349804457cd92d302ada9633d01b3\"><a href=\"mailto:rech.cassiano@gmail.com\">rech.cassiano@gmail.com<\/a><\/span><\/li>\n\n<li style=\"list-style-type:none\"><strong>Alissandro Luiz Batschauer (UDESC)<\/strong><\/li>\n\n<li style=\"list-style-type:none\">Contato:\u00a0<span id=\"cloak6dea9354d42bc7f713e56e55d2e7d594\"><a href=\"mailto:alessandro.batschauer@udesc.br\">alessandro.batschauer@udesc.br<\/a><\/span><\/li>\n<\/ul><\/div>\n\t\t\t\t<\/div>\n\t\t\t\t\t\t\t\t<\/div>\n\t\t\t\t<\/div>\n\t\t\t\t<\/div>\n\t\t\t\t\t<\/div>\n\t\t<\/div>\n\t\t\t\t\t<\/div>\n\t\t<\/section>\n\t\t\t\t<\/div>\n\t\t","protected":false},"excerpt":{"rendered":"<p>Linha de Pesquisa 1 &#8211; Modelagem, An\u00e1lise e Desenvolvimento de Sistemas de Convers\u00e3o de Fontes de Energias Renov\u00e1veis em Energia El\u00e9trica O intuito desta linha \u00e9 abordar t\u00f3picos relacionados a sistemas de convers\u00e3o de fontes prim\u00e1rias de energias renov\u00e1veis em energia el\u00e9trica, desde a modelagem, passando pela an\u00e1lise e desenvolvimento, at\u00e9 o uso final de [&hellip;]<\/p>\n","protected":false},"author":115,"featured_media":0,"parent":0,"menu_order":0,"comment_status":"closed","ping_status":"closed","template":"","meta":{"footnotes":""},"categories":[],"tags":[],"class_list":["post-101","page","type-page","status-publish","hentry"],"acf":[],"_links":{"self":[{"href":"https:\/\/www.ufsm.br\/laboratorios\/inct\/wp-json\/wp\/v2\/pages\/101","targetHints":{"allow":["GET"]}}],"collection":[{"href":"https:\/\/www.ufsm.br\/laboratorios\/inct\/wp-json\/wp\/v2\/pages"}],"about":[{"href":"https:\/\/www.ufsm.br\/laboratorios\/inct\/wp-json\/wp\/v2\/types\/page"}],"author":[{"embeddable":true,"href":"https:\/\/www.ufsm.br\/laboratorios\/inct\/wp-json\/wp\/v2\/users\/115"}],"replies":[{"embeddable":true,"href":"https:\/\/www.ufsm.br\/laboratorios\/inct\/wp-json\/wp\/v2\/comments?post=101"}],"version-history":[{"count":0,"href":"https:\/\/www.ufsm.br\/laboratorios\/inct\/wp-json\/wp\/v2\/pages\/101\/revisions"}],"wp:attachment":[{"href":"https:\/\/www.ufsm.br\/laboratorios\/inct\/wp-json\/wp\/v2\/media?parent=101"}],"wp:term":[{"taxonomy":"category","embeddable":true,"href":"https:\/\/www.ufsm.br\/laboratorios\/inct\/wp-json\/wp\/v2\/categories?post=101"},{"taxonomy":"post_tag","embeddable":true,"href":"https:\/\/www.ufsm.br\/laboratorios\/inct\/wp-json\/wp\/v2\/tags?post=101"}],"curies":[{"name":"wp","href":"https:\/\/api.w.org\/{rel}","templated":true}]}}