{"id":286,"date":"2019-08-28T12:16:16","date_gmt":"2019-08-28T15:16:16","guid":{"rendered":"https:\/\/www.ufsm.br\/laboratorios\/inct\/?page_id=286"},"modified":"2020-03-10T10:02:34","modified_gmt":"2020-03-10T13:02:34","slug":"laboratorio-multiusuario-em-processamento-de-energia-eletrica","status":"publish","type":"page","link":"https:\/\/www.ufsm.br\/laboratorios\/inct\/laboratorio-multiusuario-em-processamento-de-energia-eletrica","title":{"rendered":"Laborat\u00f3rio Multiusu\u00e1rio em Processamento de Energia El\u00e9trica"},"content":{"rendered":"<p><!-- imagens {\"ids\":[290,291]} --><\/p>\n<figure class=\"wp-block-gallery columns-2 is-cropped\">\n<ul class=\"blocks-gallery-grid\">\n<li class=\"blocks-gallery-item\" style=\"float:left\">\n<figure><img fetchpriority=\"high\" decoding=\"async\" width=\"700\" height=\"300\" src=\"https:\/\/www.ufsm.br\/laboratorios\/inct\/wp-content\/uploads\/sites\/737\/2019\/08\/700x300-crop-90-images_laboratorios_lpee_album_lpee.jpg\" alt=\"\" data-id=\"290\" data-link=\"https:\/\/www.ufsm.br\/laboratorios\/inct\/laboratorio-multiusuario-em-processamento-de-energia-eletrica\/700x300-crop-90-images_laboratorios_lpee_album_lpee\/\" class=\"wp-image-290\" srcset=\"https:\/\/www.ufsm.br\/app\/uploads\/sites\/737\/2019\/08\/700x300-crop-90-images_laboratorios_lpee_album_lpee.jpg 700w, https:\/\/www.ufsm.br\/app\/uploads\/sites\/737\/2019\/08\/700x300-crop-90-images_laboratorios_lpee_album_lpee-300x129.jpg 300w\" sizes=\"(max-width: 700px) 100vw, 700px\" \/><\/figure>\n<\/li>\n<li class=\"blocks-gallery-item\" style=\"float:right\">\n<figure>\n<img decoding=\"async\" width=\"700\" height=\"300\" src=\"https:\/\/www.ufsm.br\/laboratorios\/inct\/wp-content\/uploads\/sites\/737\/2019\/08\/700x300-crop-90-images_laboratorios_lpee_album_multiusurio-lpe-1.jpg\" alt=\"\" data-id=\"291\" data-link=\"https:\/\/www.ufsm.br\/laboratorios\/inct\/laboratorio-multiusuario-em-processamento-de-energia-eletrica\/700x300-crop-90-images_laboratorios_lpee_album_multiusurio-lpe-1\/\" class=\"wp-image-291\" srcset=\"https:\/\/www.ufsm.br\/app\/uploads\/sites\/737\/2019\/08\/700x300-crop-90-images_laboratorios_lpee_album_multiusurio-lpe-1.jpg 700w, https:\/\/www.ufsm.br\/app\/uploads\/sites\/737\/2019\/08\/700x300-crop-90-images_laboratorios_lpee_album_multiusurio-lpe-1-300x129.jpg 300w\" sizes=\"(max-width: 700px) 100vw, 700px\" \/><\/figure>\n<\/li>\n<\/ul>\n<\/figure>\n<p><!-- \/imagem --><\/p>\n<p><!-- paragr\u00e1fo --><\/p>\n<div>O Laborat\u00f3rio Multiusu\u00e1rio em Processamento de Energia El\u00e9trica, LPEE, \u00e9 um laborat\u00f3rio voltado a pesquisa e desenvolvimento de conversores est\u00e1ticos para processamento de energia el\u00e9trica. O laborat\u00f3rio \u00e9 fruto de uma parceria entre o INCT-GD, o INRI e a UFSM, tendo sua estrutura de equipamentos compartilhada entre o INRI e o LPEE.<\/div>\n<h4>&nbsp;<\/h4>\n<div>O laborat\u00f3rio fica localizado na sala 217 do pr\u00e9dio do Instituto de Redes Inteligentes \u2013 INRI, no pr\u00e9dio 09E da Universidade Federal de Santa Maria.<\/div>\n<h4>&nbsp;<\/h4>\n<div>O LPEE conta com o que h\u00e1 de mais moderno em equipamentos para avalia\u00e7\u00e3o e desenvolvimento de conversores est\u00e1ticos com um investimento superior a mais 1 milh\u00e3o de reais, dispon\u00edveis para atividades de pesquisa e desenvolvimento na \u00e1rea de processamento de energia el\u00e9trica LPEE.<\/div>\n<h4>&nbsp;<\/h4>\n<div>Entre as diversas linhas de pesquisa que podem ser executadas no laborat\u00f3rio destaca-se:<\/div>\n<h4>&nbsp;<\/h4>\n<div>\n\u2013 Desenvolvimento e testes de conversores est\u00e1ticos em geral.<\/div>\n<h4>&nbsp;<\/h4>\n<div>\n\u2013 An\u00e1lise de efici\u00eancia de conversores est\u00e1ticos.<\/div>\n<h4>&nbsp;<\/h4>\n<div>\n\u2013 An\u00e1lise de desempenho de conversores sob diferentes condi\u00e7\u00f5es de carga (indutiva, capacitiva, resistiva).<\/div>\n<h4>&nbsp;<\/h4>\n<div>\n\u2013 An\u00e1lise de corrente de fuga.<\/div>\n<h4>&nbsp;<\/h4>\n<div>\n\u2013 An\u00e1lise e testes de desempenho de algoritmos de MPPT.<\/div>\n<h4>&nbsp;<\/h4>\n<div>\n\u2013 An\u00e1lise e testes de algoritmos de Anti ilhamento.<\/div>\n<h4>&nbsp;<\/h4>\n<div>\n\u2013 Testes sob diferentes condi\u00e7\u00f5es de rede com varia\u00e7\u00e3o de frequ\u00eancia e tens\u00e3o<\/div>\n<h4>&nbsp;<\/h4>\n<div>\n\u2013 Simula\u00e7\u00e3o de faltas na rede el\u00e9trica com afundamentos de tens\u00e3o, saltos de tens\u00e3o e frequ\u00eancia e Fault Ride Through (FRT)<\/div>\n<h4>&nbsp;<\/h4>\n<div>\nPara envio de propostas de pesquisa para o laborat\u00f3rio enviar e-mail para:&nbsp;<span id=\"cloak066feee1da36f8dd782a060f4aef3b37\"><a href=\"mailto:ricardo.labensaios@gepoc.ufsm.br\">ricardo.labensaios@gepoc.ufsm.br<\/a><\/span>&nbsp;&nbsp;<\/div>\n<p><!--\/Paragr\u00e1fo--><\/p>\n<h4>&nbsp;<\/h4>\n<p><!--Equipamentos (bloco para cada equipamento)--><\/p>\n<hr>\n<h4 style=\"text-align: center\">Equipamentos<\/h4>\n<hr>\n<h4>&nbsp;<\/h4>\n<hr>\n<h4>&nbsp;<\/h4>\n<div><img decoding=\"async\" class=\"wp-image-294\" style=\"float: left;padding-right: 30px\" src=\"https:\/\/www.ufsm.br\/laboratorios\/inct\/wp-content\/uploads\/sites\/737\/2019\/08\/1._N8957APV_da_Keysight-300x112.jpg\" alt=\"\" width=\"300\" height=\"112\"><p><\/p>\n<h6><strong>6 fontes CC&nbsp;<a href=\"https:\/\/www.keysight.com\/pt\/pd-2588133-pn-N8957APV\/photovoltaic-array-simulator-1500-vdc-400-vac?nid=-35489.1138060&amp;cc=BR&amp;lc=por\">N8957APV<\/a><\/strong><p><\/p>\n<p class=\"col-12 col-md-15\">Podem operar de 0-1500V e de 0-30A, limitadas a 15 kW de pot\u00eancia CC. As fontes N8957APV contam ainda com m\u00f3dulo de simula\u00e7\u00e3o de curvas fotovoltaicas para testes em inversores fotovoltaicos.<\/p>\n<\/h6>\n<\/div>\n<h4>&nbsp;<\/h4>\n<hr>\n<h4>&nbsp;<\/h4>\n<div><img decoding=\"async\" class=\"wp-image-294\" style=\"float:left;padding-right:30px\" src=\"https:\/\/www.ufsm.br\/laboratorios\/inct\/wp-content\/uploads\/sites\/737\/2019\/08\/2._Supplier-200x300.jpg\" alt=\"\"> <p><\/p>\n<p style=\"padding-top: 60px\">\n<\/p><h6><strong>2 fontes CA trif\u00e1sicas&nbsp;<a href=\"http:\/\/www.supplier.ind.br\/\/produto\/fontes-ca-trifasicas\/8\/fonte-ca-trifasica\/87\">FCATHQ 10000-60-50 PFC<\/a><\/strong><p><\/p>\n<p>Opera de 0-600V de tens\u00e3o alternada e at\u00e9 152A por fase, totalizando 100 kVA de pot\u00eancia total, pode ainda variar a frequ\u00eancia de sa\u00edda de 40 a 400 Hz.<\/p>\n<p><\/p>\n<\/h6>\n<\/div>\n<h4>&nbsp;<\/h4>\n<h4>&nbsp;<\/h4>\n<h4>&nbsp;<\/h4>\n<h4>&nbsp;<\/h4>\n<h4>&nbsp;<\/h4>\n<hr>\n<h4>&nbsp;<\/h4>\n<div><img loading=\"lazy\" decoding=\"async\" class=\"wp-image-294\" style=\"float:left;padding-right:30px\" src=\"https:\/\/www.ufsm.br\/laboratorios\/inct\/wp-content\/uploads\/sites\/737\/2019\/08\/6-300x167.png\" alt=\"\" width=\"300\" height=\"167\" srcset=\"https:\/\/www.ufsm.br\/app\/uploads\/sites\/737\/2019\/08\/6-300x167.png 300w, https:\/\/www.ufsm.br\/app\/uploads\/sites\/737\/2019\/08\/6-768x427.png 768w, https:\/\/www.ufsm.br\/app\/uploads\/sites\/737\/2019\/08\/6.png 952w\" sizes=\"(max-width: 300px) 100vw, 300px\" \/><p><\/p>\n<p style=\"padding-top: 20px\">\n<\/p><h6><strong>Carga RLC paralela program\u00e1vel 100 kVA<\/strong><\/h6>\n<p>Possui step de 1W resistivo, 150 VA indutivo e 1VA capacitivo para ensaio de conversores operando em diferentes situa\u00e7\u00f5es de cargas e realiza\u00e7\u00e3o de ensaios de anti-ilhamento para inversores.<\/p>\n<p><\/p>\n<\/div>\n<h4>&nbsp;<\/h4>\n<h4>&nbsp;<\/h4>\n<hr>\n<h4>&nbsp;<\/h4>\n<div><img loading=\"lazy\" decoding=\"async\" class=\"wp-image-296 \" style=\"float:left;padding-right:30px\" src=\"https:\/\/www.ufsm.br\/laboratorios\/inct\/wp-content\/uploads\/sites\/737\/2019\/08\/4-300x233.png\" alt=\"\" width=\"300\" height=\"233\" srcset=\"https:\/\/www.ufsm.br\/app\/uploads\/sites\/737\/2019\/08\/4-300x233.png 300w, https:\/\/www.ufsm.br\/app\/uploads\/sites\/737\/2019\/08\/4-768x597.png 768w, https:\/\/www.ufsm.br\/app\/uploads\/sites\/737\/2019\/08\/4.png 1000w\" sizes=\"(max-width: 300px) 100vw, 300px\" \/><p><\/p>\n<p style=\"padding-top: 50px\">\n<\/p><h6><strong>Imped\u00e2ncia de Rede at\u00e9 35A<\/strong><\/h6>\n<p>Seguindo as normas IEC61000-3-3 e IEC 61000-3-11, o equipamento \u00e9 utilizado para simula\u00e7\u00e3o de redes fracas e ensaios de cintila\u00e7\u00e3o.\n<\/p>\n<p><\/p>\n<\/div>\n<h4>&nbsp;<\/h4>\n<h4>&nbsp;<\/h4>\n<h4>&nbsp;<\/h4>\n<h4>&nbsp;<\/h4>\n<hr>\n<h4>&nbsp;<\/h4>\n<div><img loading=\"lazy\" decoding=\"async\" class=\"wp-image-297\" style=\"float:left;padding-right:30px\" src=\"https:\/\/www.ufsm.br\/laboratorios\/inct\/wp-content\/uploads\/sites\/737\/2019\/08\/5._WT3000-300x135.gif\" alt=\"\" width=\"300\" height=\"135\"><p><\/p>\n<p style=\"padding-top:10px\">\n<\/p><h6><strong>Analisador de energia&nbsp;<a href=\"https:\/\/tmi.yokogawa.com\/au\/solutions\/products\/power-analyzers\/wt3000e-precision-power-analyzer\/\">WT3000E<\/a><\/strong><\/h6>\n<p>Possui 4 canais para medidas el\u00e9tricas de tens\u00e3o, corrente, pot\u00eancia ativa, reativa, harm\u00f4nicos e diversas outras grandezas el\u00e9tricas.<\/p>\n<p><\/p>\n<\/div>\n<h4>&nbsp;<\/h4>\n<hr>\n<h4>&nbsp;<\/h4>\n<div><img loading=\"lazy\" decoding=\"async\" class=\"wp-image-298\" style=\"float:left;padding-right:30px\" src=\"https:\/\/www.ufsm.br\/laboratorios\/inct\/wp-content\/uploads\/sites\/737\/2019\/08\/6._Keysight-300x225.jpg\" alt=\"\" width=\"300\" height=\"225\" srcset=\"https:\/\/www.ufsm.br\/app\/uploads\/sites\/737\/2019\/08\/6._Keysight-300x225.jpg 300w, https:\/\/www.ufsm.br\/app\/uploads\/sites\/737\/2019\/08\/6._Keysight.jpg 540w\" sizes=\"(max-width: 300px) 100vw, 300px\" \/><p><\/p>\n<h6 style=\"padding-top:40px\"><strong>Oscilosc\u00f3pios&nbsp;<a href=\"https:\/\/www.keysight.com\/en\/pdx-x202181-pn-MSOX3014T\/mixed-signal-oscilloscope-100-mhz-4-analog-plus-16-digital-channels?nid=-32541.1150358&amp;cc=US&amp;lc=eng\">MSOX3014T<\/a><\/strong><p><\/p>\n<p>Contam com 4 canais anal\u00f3gicos e mais 16 canais digitais, 5GSa\/a. Al\u00e9m disso os oscilosc\u00f3pios contam com 2 ponteiras isoladas de at\u00e9 7kV.<\/p>\n<\/h6>\n<\/div>\n<h4>&nbsp;<\/h4>\n<h4>&nbsp;<\/h4>\n<hr>\n<h4>&nbsp;<\/h4>\n<p><!--\/equipamentos--><\/p>\n\n\n<iframe src=\"https:\/\/calendar.google.com\/calendar\/embed?showPrint=0&amp;showCalendars=0&amp;showTz=0&amp;height=600&amp;wkst=1&amp;bgcolor=%23FFFFFF&amp;src=gepoc.ufsm.br_pscun683luihiqprkq2v12fupo%40group.calendar.google.com&amp;color=%238D6F47&amp;ctz=America%2FSao_Paulo\" width=\"800\" height=\"600\" frameborder=\"0\" scrolling=\"no\"><\/iframe>\n","protected":false},"excerpt":{"rendered":"<p>O Laborat\u00f3rio Multiusu\u00e1rio em Processamento de Energia El\u00e9trica, LPEE, \u00e9 um laborat\u00f3rio voltado a pesquisa e desenvolvimento de conversores est\u00e1ticos para processamento de energia el\u00e9trica. O laborat\u00f3rio \u00e9 fruto de uma parceria entre o INCT-GD, o INRI e a UFSM, tendo sua estrutura de equipamentos compartilhada entre o INRI e o LPEE. &nbsp; O laborat\u00f3rio [&hellip;]<\/p>\n","protected":false},"author":115,"featured_media":0,"parent":0,"menu_order":0,"comment_status":"closed","ping_status":"closed","template":"","meta":{"footnotes":""},"categories":[],"tags":[],"class_list":["post-286","page","type-page","status-publish","hentry"],"acf":[],"_links":{"self":[{"href":"https:\/\/www.ufsm.br\/laboratorios\/inct\/wp-json\/wp\/v2\/pages\/286","targetHints":{"allow":["GET"]}}],"collection":[{"href":"https:\/\/www.ufsm.br\/laboratorios\/inct\/wp-json\/wp\/v2\/pages"}],"about":[{"href":"https:\/\/www.ufsm.br\/laboratorios\/inct\/wp-json\/wp\/v2\/types\/page"}],"author":[{"embeddable":true,"href":"https:\/\/www.ufsm.br\/laboratorios\/inct\/wp-json\/wp\/v2\/users\/115"}],"replies":[{"embeddable":true,"href":"https:\/\/www.ufsm.br\/laboratorios\/inct\/wp-json\/wp\/v2\/comments?post=286"}],"version-history":[{"count":0,"href":"https:\/\/www.ufsm.br\/laboratorios\/inct\/wp-json\/wp\/v2\/pages\/286\/revisions"}],"wp:attachment":[{"href":"https:\/\/www.ufsm.br\/laboratorios\/inct\/wp-json\/wp\/v2\/media?parent=286"}],"wp:term":[{"taxonomy":"category","embeddable":true,"href":"https:\/\/www.ufsm.br\/laboratorios\/inct\/wp-json\/wp\/v2\/categories?post=286"},{"taxonomy":"post_tag","embeddable":true,"href":"https:\/\/www.ufsm.br\/laboratorios\/inct\/wp-json\/wp\/v2\/tags?post=286"}],"curies":[{"name":"wp","href":"https:\/\/api.w.org\/{rel}","templated":true}]}}