{"id":320,"date":"2019-08-28T14:19:09","date_gmt":"2019-08-28T17:19:09","guid":{"rendered":"https:\/\/www.ufsm.br\/laboratorios\/inct\/?page_id=320"},"modified":"2020-04-27T21:43:10","modified_gmt":"2020-04-28T00:43:10","slug":"lab","status":"publish","type":"page","link":"https:\/\/www.ufsm.br\/laboratorios\/inct\/lab","title":{"rendered":"Laborat\u00f3rios"},"content":{"rendered":"\t\t<div data-elementor-type=\"wp-page\" data-elementor-id=\"320\" class=\"elementor elementor-320\">\n\t\t\t\t\t\t<section class=\"elementor-section elementor-top-section elementor-element elementor-element-657a01fc elementor-section-boxed elementor-section-height-default elementor-section-height-default\" data-id=\"657a01fc\" data-element_type=\"section\">\n\t\t\t\t\t\t<div class=\"elementor-container elementor-column-gap-default\">\n\t\t\t\t\t<div class=\"elementor-column elementor-col-100 elementor-top-column elementor-element elementor-element-7c575033\" data-id=\"7c575033\" data-element_type=\"column\">\n\t\t\t<div class=\"elementor-widget-wrap elementor-element-populated\">\n\t\t\t\t\t\t<div class=\"elementor-element elementor-element-4ec7fc79 elementor-widget elementor-widget-text-editor\" data-id=\"4ec7fc79\" data-element_type=\"widget\" data-widget_type=\"text-editor.default\">\n\t\t\t\t<div class=\"elementor-widget-container\">\n\t\t\t\t\t\t\t<h5><strong><a href=\"https:\/\/www.ufsm.br\/laboratorios\/inct\/laboratorio-multiusuario-em-processamento-de-energia-eletrica\/\">Laborat\u00f3rio Multiusu\u00e1rio em Processamento de Energia El\u00e9trica<\/a><\/strong><\/h5>\n<h5><strong><a href=\"https:\/\/www.ufsm.br\/laboratorios\/inct\/laboratorio-multiusuario-de-projetos-institucionais\/\">Laborat\u00f3rio Multiusu\u00e1rio de Projetos Institucionais<\/a><\/strong><\/h5>\n<h5><strong><a href=\"https:\/\/www.ufsm.br\/laboratorios\/inct\/laboratorio-multiusuario-de-simulacao-computacional\/\">Laborat\u00f3rio Multiusu\u00e1rio de Simula\u00e7\u00e3o Computacional<\/a><\/strong><\/h5>\n<h5><strong><a href=\"https:\/\/www.ufsm.br\/laboratorios\/inct\/laboratorio-multiusuario-de-gestao-em-negocios-de-energia\/\">Laborat\u00f3rio Multiusu\u00e1rio de Gest\u00e3o em Neg\u00f3cios de Energia<\/a><\/strong><\/h5>\n<h5><strong><a href=\"https:\/\/www.ufsm.br\/laboratorios\/inct\/laboratorio-multiusuario-de-media-tensao\/\">Laborat\u00f3rio Multiusu\u00e1rio de M\u00e9dia Tens\u00e3o<\/a><\/strong><\/h5>\n\n<!-- \/wp:tadv\/classic-paragraph -->\t\t\t\t\t\t<\/div>\n\t\t\t\t<\/div>\n\t\t\t\t\t<\/div>\n\t\t<\/div>\n\t\t\t\t\t<\/div>\n\t\t<\/section>\n\t\t\t\t<section class=\"elementor-section elementor-top-section elementor-element elementor-element-d18845f elementor-section-boxed elementor-section-height-default elementor-section-height-default\" data-id=\"d18845f\" data-element_type=\"section\">\n\t\t\t\t\t\t<div class=\"elementor-container elementor-column-gap-default\">\n\t\t\t\t\t<div class=\"elementor-column elementor-col-100 elementor-top-column elementor-element elementor-element-677f6a3\" data-id=\"677f6a3\" data-element_type=\"column\">\n\t\t\t<div class=\"elementor-widget-wrap elementor-element-populated\">\n\t\t\t\t\t\t<div class=\"elementor-element elementor-element-b9e2d48 elementor-button-success elementor-widget elementor-widget-button\" data-id=\"b9e2d48\" data-element_type=\"widget\" data-widget_type=\"button.default\">\n\t\t\t\t<div class=\"elementor-widget-container\">\n\t\t\t\t\t\t\t<div class=\"elementor-button-wrapper\">\n\t\t\t\t\t<a class=\"elementor-button elementor-button-link elementor-size-sm\" href=\"https:\/\/www.ufsm.br\/laboratorios\/inct\/wp-content\/uploads\/sites\/737\/2019\/11\/infraINCT.pdf\">\n\t\t\t\t\t\t<span class=\"elementor-button-content-wrapper\">\n\t\t\t\t\t\t<span class=\"elementor-button-icon\">\n\t\t\t\t<i aria-hidden=\"true\" class=\"fas fa-university\"><\/i>\t\t\t<\/span>\n\t\t\t\t\t\t\t\t\t<span class=\"elementor-button-text\">INFRAESTRUTURA<\/span>\n\t\t\t\t\t<\/span>\n\t\t\t\t\t<\/a>\n\t\t\t\t<\/div>\n\t\t\t\t\t\t<\/div>\n\t\t\t\t<\/div>\n\t\t\t\t\t<\/div>\n\t\t<\/div>\n\t\t\t\t\t<\/div>\n\t\t<\/section>\n\t\t\t\t<\/div>\n\t\t","protected":false},"excerpt":{"rendered":"<p>Laborat\u00f3rio Multiusu\u00e1rio em Processamento de Energia El\u00e9trica Laborat\u00f3rio Multiusu\u00e1rio de Projetos Institucionais Laborat\u00f3rio Multiusu\u00e1rio de Simula\u00e7\u00e3o Computacional Laborat\u00f3rio Multiusu\u00e1rio de Gest\u00e3o em Neg\u00f3cios de Energia Laborat\u00f3rio Multiusu\u00e1rio de M\u00e9dia Tens\u00e3o INFRAESTRUTURA<\/p>\n","protected":false},"author":115,"featured_media":0,"parent":0,"menu_order":0,"comment_status":"closed","ping_status":"closed","template":"","meta":{"footnotes":""},"categories":[],"tags":[],"class_list":["post-320","page","type-page","status-publish","hentry"],"acf":[],"_links":{"self":[{"href":"https:\/\/www.ufsm.br\/laboratorios\/inct\/wp-json\/wp\/v2\/pages\/320","targetHints":{"allow":["GET"]}}],"collection":[{"href":"https:\/\/www.ufsm.br\/laboratorios\/inct\/wp-json\/wp\/v2\/pages"}],"about":[{"href":"https:\/\/www.ufsm.br\/laboratorios\/inct\/wp-json\/wp\/v2\/types\/page"}],"author":[{"embeddable":true,"href":"https:\/\/www.ufsm.br\/laboratorios\/inct\/wp-json\/wp\/v2\/users\/115"}],"replies":[{"embeddable":true,"href":"https:\/\/www.ufsm.br\/laboratorios\/inct\/wp-json\/wp\/v2\/comments?post=320"}],"version-history":[{"count":0,"href":"https:\/\/www.ufsm.br\/laboratorios\/inct\/wp-json\/wp\/v2\/pages\/320\/revisions"}],"wp:attachment":[{"href":"https:\/\/www.ufsm.br\/laboratorios\/inct\/wp-json\/wp\/v2\/media?parent=320"}],"wp:term":[{"taxonomy":"category","embeddable":true,"href":"https:\/\/www.ufsm.br\/laboratorios\/inct\/wp-json\/wp\/v2\/categories?post=320"},{"taxonomy":"post_tag","embeddable":true,"href":"https:\/\/www.ufsm.br\/laboratorios\/inct\/wp-json\/wp\/v2\/tags?post=320"}],"curies":[{"name":"wp","href":"https:\/\/api.w.org\/{rel}","templated":true}]}}