{"id":33,"date":"2019-05-24T15:38:58","date_gmt":"2019-05-24T18:38:58","guid":{"rendered":"https:\/\/www.ufsm.br\/template-laboratprio\/?page_id=33"},"modified":"2022-05-23T10:43:51","modified_gmt":"2022-05-23T13:43:51","slug":"producao-cientifica","status":"publish","type":"page","link":"https:\/\/www.ufsm.br\/laboratorios\/inct\/producao-cientifica","title":{"rendered":"Produ\u00e7\u00e3o Cient\u00edfica"},"content":{"rendered":"\t\t<div data-elementor-type=\"wp-post\" data-elementor-id=\"33\" class=\"elementor elementor-33\">\n\t\t\t\t\t\t<section class=\"elementor-section elementor-top-section elementor-element elementor-element-dc1c32f elementor-section-boxed elementor-section-height-default elementor-section-height-default\" data-id=\"dc1c32f\" data-element_type=\"section\">\n\t\t\t\t\t\t<div class=\"elementor-container elementor-column-gap-default\">\n\t\t\t\t\t<div class=\"elementor-column elementor-col-100 elementor-top-column elementor-element elementor-element-bd7bb38\" data-id=\"bd7bb38\" data-element_type=\"column\">\n\t\t\t<div class=\"elementor-widget-wrap elementor-element-populated\">\n\t\t\t\t\t\t<div class=\"elementor-element elementor-element-ef70971 elementor-widget elementor-widget-text-editor\" data-id=\"ef70971\" data-element_type=\"widget\" data-widget_type=\"text-editor.default\">\n\t\t\t\t<div class=\"elementor-widget-container\">\n\t\t\t\t\t\t\t<h5><span style=\"font-size: 10pt\"><strong><a href=\"https:\/\/www.ufsm.br\/laboratorios\/inct\/artigos-publicados-em-periodicos-cientificos-indexados\/\">Artigos Publicados em Peri\u00f3dicos Cient\u00edficos Indexados<\/a><\/strong><\/span><\/h5>\n<h5><span style=\"font-size: 10pt\"><strong><a href=\"https:\/\/www.ufsm.br\/laboratorios\/inct\/dissertacoes\/\">Disserta\u00e7\u00f5es<\/a><\/strong><\/span><\/h5>\n<h5><span style=\"font-size: 10pt\"><strong><a href=\"https:\/\/www.ufsm.br\/laboratorios\/inct\/livros\/\">Livros<\/a><\/strong><\/span><\/h5>\n<h5><span style=\"font-size: 10pt\"><strong><a href=\"https:\/\/www.ufsm.br\/laboratorios\/inct\/registros-de-softwares-e-patentes\/\">Registros de Softwares e Patentes<\/a><\/strong><\/span><\/h5>\n<h5><span style=\"font-size: 10pt\"><a href=\"http:\/\/ufsm.br\/laboratorios\/inct\/teses\/\"><strong>Teses<\/strong><\/a><\/span><\/h5>\n<h5><span style=\"font-size: 10pt\"><strong><a href=\"https:\/\/www.ufsm.br\/laboratorios\/inct\/trabalhos-apresentados-em-congressos-cientificos\/\">Trabalhos Apresentados em Congressos Cient\u00edficos<\/a><\/strong><\/span><\/h5>\n<h5><span style=\"font-size: 10pt\"><strong><a href=\"https:\/\/www.ufsm.br\/laboratorios\/inct\/trabalhos-de-conclusao-de-curso-tcc\/\">Trabalhos de Conclus\u00e3o de Curso<\/a><\/strong><\/span><\/h5>\t\t\t\t\t\t<\/div>\n\t\t\t\t<\/div>\n\t\t\t\t\t<\/div>\n\t\t<\/div>\n\t\t\t\t\t<\/div>\n\t\t<\/section>\n\t\t\t\t<\/div>\n\t\t","protected":false},"excerpt":{"rendered":"<p>Artigos Publicados em Peri\u00f3dicos Cient\u00edficos Indexados Disserta\u00e7\u00f5es Livros Registros de Softwares e Patentes Teses Trabalhos Apresentados em Congressos Cient\u00edficos Trabalhos de Conclus\u00e3o de Curso<\/p>\n","protected":false},"author":25,"featured_media":0,"parent":0,"menu_order":0,"comment_status":"closed","ping_status":"closed","template":"","meta":{"footnotes":""},"categories":[],"tags":[],"class_list":["post-33","page","type-page","status-publish","hentry"],"acf":[],"_links":{"self":[{"href":"https:\/\/www.ufsm.br\/laboratorios\/inct\/wp-json\/wp\/v2\/pages\/33","targetHints":{"allow":["GET"]}}],"collection":[{"href":"https:\/\/www.ufsm.br\/laboratorios\/inct\/wp-json\/wp\/v2\/pages"}],"about":[{"href":"https:\/\/www.ufsm.br\/laboratorios\/inct\/wp-json\/wp\/v2\/types\/page"}],"author":[{"embeddable":true,"href":"https:\/\/www.ufsm.br\/laboratorios\/inct\/wp-json\/wp\/v2\/users\/25"}],"replies":[{"embeddable":true,"href":"https:\/\/www.ufsm.br\/laboratorios\/inct\/wp-json\/wp\/v2\/comments?post=33"}],"version-history":[{"count":0,"href":"https:\/\/www.ufsm.br\/laboratorios\/inct\/wp-json\/wp\/v2\/pages\/33\/revisions"}],"wp:attachment":[{"href":"https:\/\/www.ufsm.br\/laboratorios\/inct\/wp-json\/wp\/v2\/media?parent=33"}],"wp:term":[{"taxonomy":"category","embeddable":true,"href":"https:\/\/www.ufsm.br\/laboratorios\/inct\/wp-json\/wp\/v2\/categories?post=33"},{"taxonomy":"post_tag","embeddable":true,"href":"https:\/\/www.ufsm.br\/laboratorios\/inct\/wp-json\/wp\/v2\/tags?post=33"}],"curies":[{"name":"wp","href":"https:\/\/api.w.org\/{rel}","templated":true}]}}