{"id":48,"date":"2019-08-22T12:28:18","date_gmt":"2019-08-22T15:28:18","guid":{"rendered":"https:\/\/www.ufsm.br\/laboratorios\/inct\/?page_id=48"},"modified":"2023-12-04T17:41:22","modified_gmt":"2023-12-04T20:41:22","slug":"informacoes-gerais","status":"publish","type":"page","link":"https:\/\/www.ufsm.br\/laboratorios\/inct\/informacoes-gerais","title":{"rendered":"Sobre"},"content":{"rendered":"\t\t<div data-elementor-type=\"wp-page\" data-elementor-id=\"48\" class=\"elementor elementor-48\">\n\t\t\t\t\t\t<section class=\"elementor-section elementor-top-section elementor-element elementor-element-4b0b02f elementor-section-boxed elementor-section-height-default elementor-section-height-default\" data-id=\"4b0b02f\" data-element_type=\"section\">\n\t\t\t\t\t\t<div class=\"elementor-container elementor-column-gap-default\">\n\t\t\t\t\t<div class=\"elementor-column elementor-col-100 elementor-top-column elementor-element elementor-element-3579d4ba\" data-id=\"3579d4ba\" data-element_type=\"column\">\n\t\t\t<div class=\"elementor-widget-wrap elementor-element-populated\">\n\t\t\t\t\t\t<div class=\"elementor-element elementor-element-93e3226 elementor-widget elementor-widget-accordion\" data-id=\"93e3226\" data-element_type=\"widget\" data-widget_type=\"accordion.default\">\n\t\t\t\t<div class=\"elementor-widget-container\">\n\t\t\t\t\t<div class=\"elementor-accordion\">\n\t\t\t\t\t\t\t<div class=\"elementor-accordion-item\">\n\t\t\t\t\t<div id=\"elementor-tab-title-1551\" class=\"elementor-tab-title\" data-tab=\"1\" role=\"button\" aria-controls=\"elementor-tab-content-1551\" aria-expanded=\"false\">\n\t\t\t\t\t\t\t\t\t\t\t\t\t<span class=\"elementor-accordion-icon elementor-accordion-icon-left\" aria-hidden=\"true\">\n\t\t\t\t\t\t\t\t\t\t\t\t\t\t\t<span class=\"elementor-accordion-icon-closed\"><i class=\"fas fa-plus\"><\/i><\/span>\n\t\t\t\t\t\t\t\t<span class=\"elementor-accordion-icon-opened\"><i class=\"fas fa-minus\"><\/i><\/span>\n\t\t\t\t\t\t\t\t\t\t\t\t\t\t<\/span>\n\t\t\t\t\t\t\t\t\t\t\t\t<a class=\"elementor-accordion-title\" tabindex=\"0\">Portugu\u00eas<\/a>\n\t\t\t\t\t<\/div>\n\t\t\t\t\t<div id=\"elementor-tab-content-1551\" class=\"elementor-tab-content elementor-clearfix\" data-tab=\"1\" role=\"region\" aria-labelledby=\"elementor-tab-title-1551\"><p><!-- wp:tadv\/classic-paragraph --><\/p>\n<p><!-- \/wp:tadv\/classic-paragraph --><!-- wp:html --><\/p>\n<p>Em 2014, o Minist\u00e9rio da Ci\u00eancia, Tecnologia e Inova\u00e7\u00e3o (MCTI), atrav\u00e9s do Conselho Nacional de Desenvolvimento Cient\u00edfico e Tecnol\u00f3gico (CNPq), em parceria com a Coordena\u00e7\u00e3o de Aperfei\u00e7oamento de Pessoal de N\u00edvel Superior (CAPES), com diversas institui\u00e7\u00f5es e com as Funda\u00e7\u00f5es de Amparo \u00e0 Pesquisa, no caso a do Rio Grande de Sul (FAPERGS), divulgou a CHAMADA INCT \u2013 MCTI\/CNPq\/CAPES\/FAPs n\u00ba 16\/2014 e convidou a comunidade cientifica brasileira a apresentarem propostas com o objetivo de apoiar atividades de pesquisa de alto impacto cient\u00edfico em \u00e1reas estrat\u00e9gicas para a busca de solu\u00e7\u00e3o de grandes problemas nacionais.<\/p>\n<p>Nesse sentido, o Programa de P\u00f3s-gradua\u00e7\u00e3o em Engenharia El\u00e9trica da Universidade Federal de Santa apresentou projeto voltado para implanta\u00e7\u00e3o de uma rede de pesquisa na \u00e1rea de gera\u00e7\u00e3o distribu\u00edda de energia el\u00e9trica, com vistas a contribuir para a redu\u00e7\u00e3o da defasagem cient\u00edfico-tecnol\u00f3gica existente no Brasil. O projeto intitulado INSTITUTO NACIONAL DE CI\u00caNCIA E TECNOLOGIA EM GERA\u00c7\u00c3O DISTRIBU\u00cdDA DE ENERGIA EL\u00c9TRICA (INCT-GD). Atendendo a todos os requisitos e etapas da chamada 16\/2014 a proposta obteve recomenda\u00e7\u00e3o favor\u00e1vel dos \u00f3rg\u00e3os financiadores e teve sua implanta\u00e7\u00e3o a partir de janeiro de 2017.<\/p>\n<p><strong>Miss\u00e3o<\/strong><\/p>\n<p>Produzir ci\u00eancia, tecnologia e inova\u00e7\u00e3o, formar recursos humanos e transferir conhecimentos na \u00e1rea de Gera\u00e7\u00e3o Distribu\u00edda de Energia El\u00e9trica para o desenvolvimento do setor empresarial e p\u00fablico, e de toda sociedade brasileira.<\/p>\n<p><strong>Vis\u00e3o<\/strong><\/p>\n<p>Ser refer\u00eancia nacional e internacional na \u00e1rea de Gera\u00e7\u00e3o Distribu\u00edda de Energia El\u00e9trica pelo desenvolvimento de conhecimento e pelo atendimento e antecipa\u00e7\u00e3o das demandas de desenvolvimento e de qualidade de vida da sociedade brasileira.<\/p>\n<p><strong>Valores<\/strong><\/p>\n<p>Com base em princ\u00edpios de \u00e9tica, transpar\u00eancia e integridade, o INCT \u2013 GD defende e preserva um conjunto de valores que orientam continuamente suas estrat\u00e9gias e a\u00e7\u00f5es: excel\u00eancia, efic\u00e1cia, efici\u00eancia, efetividade, qualidade e pioneirismo na execu\u00e7\u00e3o de suas atividades; Valoriza\u00e7\u00e3o das pessoas, reconhecimento de que o desempenho depende do desenvolvimento, da valoriza\u00e7\u00e3o, do bem-estar e da realiza\u00e7\u00e3o profissional do seu capital humano; Comprometimento, compromisso dos profissionais com o atendimento dos objetivos e com a realiza\u00e7\u00e3o de prop\u00f3sitos comuns e duradouros; Pluralidade, respeito \u00e0 diversidade de ideias e opini\u00f5es e est\u00edmulo \u00e0 criatividade em harmonia com a miss\u00e3o.<\/p>\n<p><iframe src=\"https:\/\/www.youtube.com\/embed\/mZxcgiKcXCM\" width=\"462\" height=\"259\" frameborder=\"0\" allowfullscreen=\"allowfullscreen\"><\/iframe><\/p>\n<p>\u00a0<\/p>\n<p><!-- \/wp:html --><\/p><\/div>\n\t\t\t\t<\/div>\n\t\t\t\t\t\t\t<div class=\"elementor-accordion-item\">\n\t\t\t\t\t<div id=\"elementor-tab-title-1552\" class=\"elementor-tab-title\" data-tab=\"2\" role=\"button\" aria-controls=\"elementor-tab-content-1552\" aria-expanded=\"false\">\n\t\t\t\t\t\t\t\t\t\t\t\t\t<span class=\"elementor-accordion-icon elementor-accordion-icon-left\" aria-hidden=\"true\">\n\t\t\t\t\t\t\t\t\t\t\t\t\t\t\t<span class=\"elementor-accordion-icon-closed\"><i class=\"fas fa-plus\"><\/i><\/span>\n\t\t\t\t\t\t\t\t<span class=\"elementor-accordion-icon-opened\"><i class=\"fas fa-minus\"><\/i><\/span>\n\t\t\t\t\t\t\t\t\t\t\t\t\t\t<\/span>\n\t\t\t\t\t\t\t\t\t\t\t\t<a class=\"elementor-accordion-title\" tabindex=\"0\">English<\/a>\n\t\t\t\t\t<\/div>\n\t\t\t\t\t<div id=\"elementor-tab-content-1552\" class=\"elementor-tab-content elementor-clearfix\" data-tab=\"2\" role=\"region\" aria-labelledby=\"elementor-tab-title-1552\"><p>In 2014, the Ministry of Science, Technology and Innovation (MCTI), represented by the National Council for Scientific and Technological Development (CNPq), in partnership with the Coordination for the Improvement of Higher Education Personnel (CAPES), various institutions and Research Support Foundations, in this case that of Rio Grande de Sul (FAPERGS), announced INCT CALL &#8211; MCTI\/CNPq\/CAPES\/FAPs No. 16\/2014 and invited the Brazilian scientific community to submit proposals with the aim of supporting research activities with a high scientific impact in strategic areas for finding solutions to major national problems.<br \/>With this in mind, the Graduate Program in Electrical Engineering at the Federal University of Santa Maria presented a project aimed at setting up a research network in the area of distributed electricity generation, aiming to help reduce the scientific-technological gap that exists in Brazil. The project is entitled NATIONAL INSTITUTE OF SCIENCE AND TECHNOLOGY IN DISTRIBUTED ENERGY GENERATION (INCT-GD). Meeting all the requirements and stages of call n\u00ba 16\/2014, the proposal received a favorable recommendation from the funding bodies and was implemented as of January 2017.<\/p>\n<p><strong>Mission<\/strong><br \/>To produce science, technology and innovation, train human resources and transfer knowledge in the area of Distributed Electricity Generation for the development of the business and public sector, and the whole of Brazilian society.<\/p>\n<p><strong>Vision<\/strong><br \/>To be a national and international benchmark in the field of Distributed Electricity Generation by developing knowledge and meeting and anticipating the development and quality of life demands of Brazilian society.<\/p>\n<p><strong>Values<\/strong><br \/>Based on principles of ethics, transparency and integrity, INCT-GD defends and preserves a set of values that continuously guide its strategies and actions: excellence, efficacy, efficiency, effectiveness, quality and pioneering spirit in carrying out its activities; Valuing people, recognizing that performance depends on the development, appreciation, well-being and professional fulfillment of its human capital; Compromise and commitment of professionals to meeting objectives and achieving common and lasting purposes; Plurality, respect for the diversity of ideas and opinions and encouraging creativity in harmony with the mission.<\/p>\n<p><iframe src=\"https:\/\/www.youtube.com\/embed\/mZxcgiKcXCM\" width=\"462\" height=\"259\" frameborder=\"0\" allowfullscreen=\"allowfullscreen\"><\/iframe><\/p><\/div>\n\t\t\t\t<\/div>\n\t\t\t\t\t\t\t\t<\/div>\n\t\t\t\t<\/div>\n\t\t\t\t<\/div>\n\t\t\t\t\t<\/div>\n\t\t<\/div>\n\t\t\t\t\t<\/div>\n\t\t<\/section>\n\t\t\t\t<\/div>\n\t\t","protected":false},"excerpt":{"rendered":"<p>Portugu\u00eas Em 2014, o Minist\u00e9rio da Ci\u00eancia, Tecnologia e Inova\u00e7\u00e3o (MCTI), atrav\u00e9s do Conselho Nacional de Desenvolvimento Cient\u00edfico e Tecnol\u00f3gico (CNPq), em parceria com a Coordena\u00e7\u00e3o de Aperfei\u00e7oamento de Pessoal de N\u00edvel Superior (CAPES), com diversas institui\u00e7\u00f5es e com as Funda\u00e7\u00f5es de Amparo \u00e0 Pesquisa, no caso a do Rio Grande de Sul (FAPERGS), divulgou [&hellip;]<\/p>\n","protected":false},"author":115,"featured_media":0,"parent":0,"menu_order":0,"comment_status":"closed","ping_status":"closed","template":"","meta":{"footnotes":""},"categories":[],"tags":[],"class_list":["post-48","page","type-page","status-publish","hentry"],"acf":[],"_links":{"self":[{"href":"https:\/\/www.ufsm.br\/laboratorios\/inct\/wp-json\/wp\/v2\/pages\/48","targetHints":{"allow":["GET"]}}],"collection":[{"href":"https:\/\/www.ufsm.br\/laboratorios\/inct\/wp-json\/wp\/v2\/pages"}],"about":[{"href":"https:\/\/www.ufsm.br\/laboratorios\/inct\/wp-json\/wp\/v2\/types\/page"}],"author":[{"embeddable":true,"href":"https:\/\/www.ufsm.br\/laboratorios\/inct\/wp-json\/wp\/v2\/users\/115"}],"replies":[{"embeddable":true,"href":"https:\/\/www.ufsm.br\/laboratorios\/inct\/wp-json\/wp\/v2\/comments?post=48"}],"version-history":[{"count":0,"href":"https:\/\/www.ufsm.br\/laboratorios\/inct\/wp-json\/wp\/v2\/pages\/48\/revisions"}],"wp:attachment":[{"href":"https:\/\/www.ufsm.br\/laboratorios\/inct\/wp-json\/wp\/v2\/media?parent=48"}],"wp:term":[{"taxonomy":"category","embeddable":true,"href":"https:\/\/www.ufsm.br\/laboratorios\/inct\/wp-json\/wp\/v2\/categories?post=48"},{"taxonomy":"post_tag","embeddable":true,"href":"https:\/\/www.ufsm.br\/laboratorios\/inct\/wp-json\/wp\/v2\/tags?post=48"}],"curies":[{"name":"wp","href":"https:\/\/api.w.org\/{rel}","templated":true}]}}