{"id":658,"date":"2020-04-27T15:54:42","date_gmt":"2020-04-27T18:54:42","guid":{"rendered":"https:\/\/www.ufsm.br\/laboratorios\/inct\/?page_id=658"},"modified":"2023-06-24T15:30:12","modified_gmt":"2023-06-24T18:30:12","slug":"conselho-cientifico","status":"publish","type":"page","link":"https:\/\/www.ufsm.br\/laboratorios\/inct\/conselho-cientifico","title":{"rendered":"Conselho Cient\u00edfico"},"content":{"rendered":"\t\t<div data-elementor-type=\"wp-page\" data-elementor-id=\"658\" class=\"elementor elementor-658\">\n\t\t\t\t\t\t<section class=\"elementor-section elementor-top-section elementor-element elementor-element-47084e1f elementor-section-boxed elementor-section-height-default elementor-section-height-default\" data-id=\"47084e1f\" data-element_type=\"section\">\n\t\t\t\t\t\t<div class=\"elementor-container elementor-column-gap-default\">\n\t\t\t\t\t<div class=\"elementor-column elementor-col-100 elementor-top-column elementor-element elementor-element-62ca6035\" data-id=\"62ca6035\" data-element_type=\"column\">\n\t\t\t<div class=\"elementor-widget-wrap elementor-element-populated\">\n\t\t\t\t\t\t<div class=\"elementor-element elementor-element-2e2ac3f4 elementor-widget elementor-widget-text-editor\" data-id=\"2e2ac3f4\" data-element_type=\"widget\" data-widget_type=\"text-editor.default\">\n\t\t\t\t<div class=\"elementor-widget-container\">\n\t\t\t\t\t\t\t<h2>Conselho Cient\u00edfico<\/h2><p>O Conselho Cient\u00edfico tem fun\u00e7\u00e3o de orientar e assessorar o Coordenador Geral no planejamento das atividades cient\u00edficas e tecnol\u00f3gicas do INCT \u2013 GD. Al\u00e9m disso, compete ao conselho propor e supervisionar a implementa\u00e7\u00e3o da pol\u00edtica cient\u00edfica e tecnol\u00f3gica e suas prioridades; avaliar resultados dos programas, projetos e atividades implementados acompanhando a aplica\u00e7\u00e3o dos crit\u00e9rios de avalia\u00e7\u00e3o de desempenho definidos; e apreciar e opinar a respeito de mat\u00e9rias que lhe forem submetidas pelo Diretor.<\/p><p>O conselho \u00e9 composto pelo Coordenador Geral do Instituto, o Coordenador do Programa de P\u00f3s-Gradua\u00e7\u00e3o em Engenharia El\u00e9trica da UFSM, o\u00a0Diretor de Pesquisa e Ci\u00eancia; membro dirigente do N\u00facleo de Inova\u00e7\u00e3o e Transfer\u00eancia de Tecnologia (NIT) da UFSM; tr\u00eas membros representantes da comunidade cient\u00edfica, tecnol\u00f3gica ou empresarial, atuantes em \u00e1reas afins \u00e0s do Instituto.<\/p><table style=\"border: none;width: 100%;height: 786px\"><tbody><tr style=\"height: 23px;border: none\"><td style=\"width: 100%;height: 23px;border: none;text-align: center;margin-bottom: 15px\" colspan=\"2\"><strong>Membros do Conselho Cient\u00edfico:<\/strong><strong><br \/><\/strong><\/td><\/tr><tr style=\"height: 23px;border: none\"><td style=\"width: 50%;height: 23px;border: none\"><strong>Nome<\/strong><\/td><td style=\"width: 50%;height: 23px;border: none\"><strong>Fun\u00e7\u00e3o<\/strong><\/td><\/tr><tr style=\"height: 66px;border: none\"><td style=\"width: 50%;height: 66px;border: none\"><strong><a href=\"http:\/\/lattes.cnpq.br\/9375639768929991\">Cassiano Rech (UFSM)<\/a><\/strong><\/td><td style=\"width: 50%;height: 66px;border: none\"><p>Coordenador Geral INCT-GD<br \/>Representantes da comunidade cient\u00edfica <br \/>(coordenador do proj. estrat\u00e9gico 1)<\/p><\/td><\/tr><tr style=\"height: 23px;border: none\"><td style=\"width: 50%;height: 23px;border: none\" width=\"270\"><a href=\"http:\/\/lattes.cnpq.br\/8993475915541103\"><strong>H\u00e9lio Le\u00e3es Hey (UFSM)<\/strong><\/a><\/td><td style=\"width: 50%;height: 23px;border: none\">Pesquisador e membro INCT-GD<\/td><\/tr><tr style=\"height: 23px;border: none\"><td style=\"width: 50%;height: 23px;border: none\"><strong><a href=\"http:\/\/lattes.cnpq.br\/8474654311017669\">Alessandro Batschauer (UDESC)<\/a><\/strong><\/td><td style=\"width: 50%;height: 23px;border: none\">Suplente proj. estrat\u00e9gico 1<\/td><\/tr><tr style=\"height: 46px;border: none\"><td style=\"width: 50%;height: 46px;border: none\"><strong><a href=\"http:\/\/lattes.cnpq.br\/600461227839727\">Daniel Pinheiro Bernardon (UFSM)<\/a><\/strong><\/td><td style=\"width: 50%;height: 46px;border: none\">Coordenador do PPGEE<br \/>(coordenador do proj. estrat\u00e9gico 2)<\/td><\/tr><tr style=\"height: 23px;border: none\"><td style=\"width: 50%;height: 23px;border: none\"><strong><a href=\"http:\/\/lattes.cnpq.br\/8188999223769913\">Jo\u00e3o Paulo Abreu Vieira (UFPA)<\/a><\/strong><\/td><td style=\"width: 50%;height: 23px;border: none\">Suplente proj. estrat\u00e9gico 2<\/td><\/tr><tr style=\"height: 43px;border: none\"><td style=\"width: 50%;height: 43px;border: none\"><strong><a href=\"http:\/\/lattes.cnpq.br\/4455422053321491\">Marco Ant\u00f4nio Dalla Costa (UFSM)<\/a><\/strong><\/td><td style=\"width: 50%;height: 43px;border: none\">Diretor de Pesquisa e Ci\u00eancia<br \/>(coordenador do proj. estrat\u00e9gico 7)<\/td><\/tr><tr style=\"height: 23px;border: none\"><td style=\"width: 50%;height: 34px;border: none\"><strong><a href=\"http:\/\/lattes.cnpq.br\/2845353851318732\">Jos\u00e9 Marcos Alonso \u00c1lvarez (UNIOVI)<\/a><\/strong><\/td><td style=\"width: 50%;height: 34px;border: none\">Suplente proj. estrat\u00e9gico 7<\/td><\/tr><tr style=\"height: 43px;border: none\"><td style=\"width: 50%;height: 66px;border: none\"><strong><a href=\"http:\/\/lattes.cnpq.br\/2730012969211616\">M\u00e1rio L\u00facio da Silva Martins (UFSM)<\/a><\/strong><\/td><td style=\"width: 50%;height: 66px;border: none\">Representantes da comunidade cient\u00edfica<br \/>(coordenador do proj estrat\u00e9gico 3)<\/td><\/tr><tr style=\"height: 23px;border: none\"><td style=\"width: 50%;height: 23px;border: none\">&#8212;&#8212;&#8212;&#8212;&#8212;&#8212;&#8212;<\/td><td style=\"width: 50%;height: 23px;border: none\">Suplente proj. estrat\u00e9gico 3<\/td><\/tr><tr style=\"height: 66px;border: none\"><td style=\"width: 50%;height: 66px;border: none\"><strong><a href=\"http:\/\/lattes.cnpq.br\/8315298509051752\">Julio Cezar Mairesse Siluk (UFSM)<\/a><\/strong><\/td><td style=\"width: 50%;height: 66px;border: none\">Representantes da comunidade cient\u00edfica<br \/>(coordenador do proj estrat\u00e9gico 4)<\/td><\/tr><tr style=\"height: 23px;border: none\"><td style=\"width: 50%;height: 23px;border: none\">&#8212;&#8212;&#8212;&#8212;&#8212;&#8212;&#8212;<\/td><td style=\"width: 50%;height: 23px;border: none\">Suplente proj. estrat\u00e9gico 4<\/td><\/tr><tr style=\"height: 66px;border: none\"><td style=\"width: 50%;height: 66px;border: none\"><strong><a href=\"http:\/\/lattes.cnpq.br\/9232567042677107\">Leandro Michels (UFSM)<\/a><\/strong><\/td><td style=\"width: 50%;height: 66px;border: none\">Representantes da comunidade cient\u00edfica<br \/>(coordenador do proj estrat\u00e9gico 5)<\/td><\/tr><tr style=\"height: 23px;border: none\"><td style=\"width: 50%;height: 23px;border: none\"><strong><a href=\"http:\/\/lattes.cnpq.br\/7274295997961188\">Fabr\u00edcio Bradaschia (UFPE)<\/a><\/strong><\/td><td style=\"width: 50%;height: 23px;border: none\">Suplente proj. estrat\u00e9gico 5<\/td><\/tr><tr style=\"height: 66px;border: none\"><td style=\"width: 50%;height: 66px;border: none\"><strong><a href=\"http:\/\/lattes.cnpq.br\/6991878627141193\">Luciane Neves Canha (UFSM)<\/a><\/strong><\/td><td style=\"width: 50%;height: 66px;border: none\">Representantes da comunidade cient\u00edfica<br \/>(coordenador do proj estrat\u00e9gico 6)<\/td><\/tr><tr style=\"height: 43px;border: none\"><td style=\"width: 50%;height: 43px;border: none\"><a href=\"http:\/\/lattes.cnpq.br\/1997755245309923\"><strong>Paulo Ricardo da Silva Pereira (UNISINOS)<\/strong>,<\/a><\/td><td style=\"width: 50%;height: 43px;border: none\">Suplente proj. estrat\u00e9gico 6<\/td><\/tr><tr style=\"height: 43px;border: none\"><td style=\"width: 50%;height: 83px;border: none\"><strong><a href=\"http:\/\/lattes.cnpq.br\/0818364721574204\">Rafael Concatto Beltrame (UFSM)<\/a><\/strong><\/td><td style=\"width: 50%;height: 83px;border: none\">Representantes da comunidade cient\u00edfica<br \/>(coordenador substituto do proj estrat\u00e9gico 8)<\/td><\/tr><tr style=\"height: 23px;border: none\"><td style=\"width: 50%;height: 23px;border: none\"><strong><a href=\"http:\/\/lattes.cnpq.br\/7207601062237405\">Maur\u00edcio Campos (UNIJUI)<\/a><\/strong><\/td><td style=\"width: 50%;height: 23px;border: none\">Suplente proj. estrat\u00e9gico 8<\/td><\/tr><\/tbody><\/table>\t\t\t\t\t\t<\/div>\n\t\t\t\t<\/div>\n\t\t\t\t\t<\/div>\n\t\t<\/div>\n\t\t\t\t\t<\/div>\n\t\t<\/section>\n\t\t\t\t<\/div>\n\t\t","protected":false},"excerpt":{"rendered":"<p>Conselho Cient\u00edfico O Conselho Cient\u00edfico tem fun\u00e7\u00e3o de orientar e assessorar o Coordenador Geral no planejamento das atividades cient\u00edficas e tecnol\u00f3gicas do INCT \u2013 GD. Al\u00e9m disso, compete ao conselho propor e supervisionar a implementa\u00e7\u00e3o da pol\u00edtica cient\u00edfica e tecnol\u00f3gica e suas prioridades; avaliar resultados dos programas, projetos e atividades implementados acompanhando a aplica\u00e7\u00e3o dos [&hellip;]<\/p>\n","protected":false},"author":2352,"featured_media":0,"parent":0,"menu_order":0,"comment_status":"closed","ping_status":"closed","template":"","meta":{"footnotes":""},"categories":[],"tags":[],"class_list":["post-658","page","type-page","status-publish","hentry"],"acf":[],"_links":{"self":[{"href":"https:\/\/www.ufsm.br\/laboratorios\/inct\/wp-json\/wp\/v2\/pages\/658","targetHints":{"allow":["GET"]}}],"collection":[{"href":"https:\/\/www.ufsm.br\/laboratorios\/inct\/wp-json\/wp\/v2\/pages"}],"about":[{"href":"https:\/\/www.ufsm.br\/laboratorios\/inct\/wp-json\/wp\/v2\/types\/page"}],"author":[{"embeddable":true,"href":"https:\/\/www.ufsm.br\/laboratorios\/inct\/wp-json\/wp\/v2\/users\/2352"}],"replies":[{"embeddable":true,"href":"https:\/\/www.ufsm.br\/laboratorios\/inct\/wp-json\/wp\/v2\/comments?post=658"}],"version-history":[{"count":0,"href":"https:\/\/www.ufsm.br\/laboratorios\/inct\/wp-json\/wp\/v2\/pages\/658\/revisions"}],"wp:attachment":[{"href":"https:\/\/www.ufsm.br\/laboratorios\/inct\/wp-json\/wp\/v2\/media?parent=658"}],"wp:term":[{"taxonomy":"category","embeddable":true,"href":"https:\/\/www.ufsm.br\/laboratorios\/inct\/wp-json\/wp\/v2\/categories?post=658"},{"taxonomy":"post_tag","embeddable":true,"href":"https:\/\/www.ufsm.br\/laboratorios\/inct\/wp-json\/wp\/v2\/tags?post=658"}],"curies":[{"name":"wp","href":"https:\/\/api.w.org\/{rel}","templated":true}]}}