{"id":663,"date":"2020-04-27T16:03:52","date_gmt":"2020-04-27T19:03:52","guid":{"rendered":"https:\/\/www.ufsm.br\/laboratorios\/inct\/?page_id=663"},"modified":"2022-04-13T11:30:30","modified_gmt":"2022-04-13T14:30:30","slug":"comite-gestor","status":"publish","type":"page","link":"https:\/\/www.ufsm.br\/laboratorios\/inct\/comite-gestor","title":{"rendered":"Comit\u00ea Gestor"},"content":{"rendered":"\n<p>\u00a0O Comit\u00ea Gestor do INCT em Gera\u00e7\u00e3o Distribu\u00edda de Energia El\u00e9trica \u00e9 composto pelos doutores pesquisadores H\u00e9lio Le\u00e3es Hey, Jos\u00e9 Renes Pinheiro, Daniel Pinheiro Bernardon, Cassiano Rech, Marcello Mezaroba e Jos\u00e9 Marcos Alonso \u00c1lvarez e tem como fun\u00e7\u00e3o decidir e fiscalizar o planejamento estrat\u00e9gico, a coordena\u00e7\u00e3o, o controle e as avalia\u00e7\u00f5es globais e fixa\u00e7\u00e3o de diretrizes fundamentais de funcionamento do instituto.<\/p>\n<p><strong>Prof. Dr.\u00a0<a href=\"http:\/\/buscatextual.cnpq.br\/buscatextual\/visualizacv.do?id=K4787834A2\" target=\"_blank\" rel=\"noopener noreferrer\">H\u00e9lio Le\u00e3es Hey<\/a>\u00a0<\/strong>: Dr. Eng. El\u00e9trica \u2013 UFSM\u00a0<\/p>\n<p><strong>Prof. Dr.\u00a0<a href=\"http:\/\/buscatextual.cnpq.br\/buscatextual\/visualizacv.do?id=K4787136P4\" target=\"_blank\" rel=\"noopener noreferrer\">Jos\u00e9 Renes Pinheiro<\/a><\/strong>: Dr Eng. El\u00e9trica \u2013 UFSM<\/p>\n<p><strong>Prof. Dr.\u00a0<a href=\"http:\/\/lattes.cnpq.br\/6004612278397270\" target=\"_blank\" rel=\"noopener noreferrer\">Daniel Pinheiro Bernardon<\/a><\/strong>: Dr. Eng. El\u00e9trica\u00a0 \u2013 UFSM<\/p>\n<p><strong>Prof. Dr.\u00a0<a href=\"http:\/\/lattes.cnpq.br\/9375639768929991\" target=\"_blank\" rel=\"noopener noreferrer\">Cassiano Rech<\/a><\/strong>: Dr. Eng. El\u00e9trica\u00a0 \u2013 UFSM<\/p>\n<p><strong>Prof. Dr.\u00a0<a href=\"http:\/\/buscatextual.cnpq.br\/buscatextual\/visualizacv.do?id=K4767911A6\" target=\"_blank\" rel=\"noopener noreferrer\">Marcello Mezaroba<\/a><\/strong>: Dr. Eng. El\u00e9trica\u00a0 \u2013 UDESC\u00a0<\/p>\n<p><strong>Prof. Dr.\u00a0<a href=\"http:\/\/w3.ufsm.br\/gsec\/index.php\/pt\/equipe\/colaboradores\/52-jose-marcos-alonso-prof-dr-eng\" target=\"_blank\" rel=\"noopener noreferrer\">Jos\u00e9 Marcos Alonso \u00c1lvarez<\/a><\/strong>: Dr. Eng. Industrial \u2013 UNIOVI<\/p>\n<p>\u00a0<\/p>\n","protected":false},"excerpt":{"rendered":"<p>\u00a0O Comit\u00ea Gestor do INCT em Gera\u00e7\u00e3o Distribu\u00edda de Energia El\u00e9trica \u00e9 composto pelos doutores pesquisadores H\u00e9lio Le\u00e3es Hey, Jos\u00e9 Renes Pinheiro, Daniel Pinheiro Bernardon, Cassiano Rech, Marcello Mezaroba e Jos\u00e9 Marcos Alonso \u00c1lvarez e tem como fun\u00e7\u00e3o decidir e fiscalizar o planejamento estrat\u00e9gico, a coordena\u00e7\u00e3o, o controle e as avalia\u00e7\u00f5es globais e fixa\u00e7\u00e3o de [&hellip;]<\/p>\n","protected":false},"author":2352,"featured_media":0,"parent":0,"menu_order":0,"comment_status":"closed","ping_status":"closed","template":"","meta":{"footnotes":""},"categories":[],"tags":[],"class_list":["post-663","page","type-page","status-publish","hentry"],"acf":[],"_links":{"self":[{"href":"https:\/\/www.ufsm.br\/laboratorios\/inct\/wp-json\/wp\/v2\/pages\/663","targetHints":{"allow":["GET"]}}],"collection":[{"href":"https:\/\/www.ufsm.br\/laboratorios\/inct\/wp-json\/wp\/v2\/pages"}],"about":[{"href":"https:\/\/www.ufsm.br\/laboratorios\/inct\/wp-json\/wp\/v2\/types\/page"}],"author":[{"embeddable":true,"href":"https:\/\/www.ufsm.br\/laboratorios\/inct\/wp-json\/wp\/v2\/users\/2352"}],"replies":[{"embeddable":true,"href":"https:\/\/www.ufsm.br\/laboratorios\/inct\/wp-json\/wp\/v2\/comments?post=663"}],"version-history":[{"count":0,"href":"https:\/\/www.ufsm.br\/laboratorios\/inct\/wp-json\/wp\/v2\/pages\/663\/revisions"}],"wp:attachment":[{"href":"https:\/\/www.ufsm.br\/laboratorios\/inct\/wp-json\/wp\/v2\/media?parent=663"}],"wp:term":[{"taxonomy":"category","embeddable":true,"href":"https:\/\/www.ufsm.br\/laboratorios\/inct\/wp-json\/wp\/v2\/categories?post=663"},{"taxonomy":"post_tag","embeddable":true,"href":"https:\/\/www.ufsm.br\/laboratorios\/inct\/wp-json\/wp\/v2\/tags?post=663"}],"curies":[{"name":"wp","href":"https:\/\/api.w.org\/{rel}","templated":true}]}}