{"id":666,"date":"2020-04-27T20:16:58","date_gmt":"2020-04-27T23:16:58","guid":{"rendered":"https:\/\/www.ufsm.br\/laboratorios\/inct\/?page_id=666"},"modified":"2023-10-31T20:02:05","modified_gmt":"2023-10-31T23:02:05","slug":"inclusao-de-bolsista-capes","status":"publish","type":"page","link":"https:\/\/www.ufsm.br\/laboratorios\/inct\/inclusao-de-bolsista-capes","title":{"rendered":"Inclus\u00e3o de Bolsista PDJ \/ PDS"},"content":{"rendered":"\t\t<div data-elementor-type=\"wp-page\" data-elementor-id=\"666\" class=\"elementor elementor-666\">\n\t\t\t\t\t\t<section class=\"elementor-section elementor-top-section elementor-element elementor-element-7c150fcb elementor-section-boxed elementor-section-height-default elementor-section-height-default\" data-id=\"7c150fcb\" data-element_type=\"section\">\n\t\t\t\t\t\t<div class=\"elementor-container elementor-column-gap-default\">\n\t\t\t\t\t<div class=\"elementor-column elementor-col-100 elementor-top-column elementor-element elementor-element-35abec43\" data-id=\"35abec43\" data-element_type=\"column\">\n\t\t\t<div class=\"elementor-widget-wrap elementor-element-populated\">\n\t\t\t\t\t\t<div class=\"elementor-element elementor-element-7e4e3034 elementor-widget elementor-widget-text-editor\" data-id=\"7e4e3034\" data-element_type=\"widget\" data-widget_type=\"text-editor.default\">\n\t\t\t\t<div class=\"elementor-widget-container\">\n\t\t\t\t\t\t\t<p>\u00a0<\/p>\n<p><!-- wp:tadv\/classic-paragraph --><\/p>\n<h5 style=\"width: 100%;padding: 7px;color: #21376b;background: #f3f3f3;border-top: 1px solid #21376b;font-size: 1rem;line-height: 1.2 !important;font-weight: 500 !important\">CNPq &#8211; PDJ \/ PDS<\/h5>\n<h3>Procedimentos para inclus\u00e3o de bolsista:<\/h3>\n<p style=\"text-indent: 50px\">O Coordenador de cada projeto estrat\u00e9gico dever\u00e1 enviar os dados e documentos em pdf, <strong>via e-mail<\/strong> \u00e0 secretaria de apoio do INCT-GD no momento da indica\u00e7\u00e3o do bolsista; (Prazo: at\u00e9 o \u00faltimo dia \u00fatil do m\u00eas anterior \u00e0 implementa\u00e7\u00e3o da bolsa)<\/p>\n<p>Ap\u00f3s recebimento dos dados \u00e9 feito o cadastro na plataforma, pela secretaria de apoio do projeto.<\/p>\n<p style=\"text-indent: 50px\">Em at\u00e9 10 dias ap\u00f3s o cadastro ser\u00e1 feita a homologa\u00e7\u00e3o da inscri\u00e7\u00e3o pelo CNPq.<\/p>\n<p style=\"text-indent: 50px\">Ap\u00f3s homologado o benefici\u00e1rio (bolsista) receber\u00e1 um e-mail com o link de acesso e dever\u00e1 preencher os dados banc\u00e1rios e anexar c\u00f3pia de comprovante da conta banc\u00e1ria. O benefici\u00e1rio ent\u00e3o dever\u00e1 fazer a leitura do Termo de Compromisso, marcar os campos correspondentes de aceita\u00e7\u00e3o e veracidade, e selecionar o bot\u00e3o \u201cConfirmar Aceite\u201d. Imprimir, assinar e enviar via e-mail a c\u00f3pia do termo de aceite.<\/p>\n<p>\u00a0<\/p>\n<p><strong>F<\/strong><b>azer download como Word dos Formul\u00e1rios, atrav\u00e9s dos links:<\/b><\/p>\n<p><!-- \/wp:tadv\/classic-paragraph --><\/p>\t\t\t\t\t\t<\/div>\n\t\t\t\t<\/div>\n\t\t\t\t<div class=\"elementor-element elementor-element-5dfe6f7 elementor-widget elementor-widget-button\" data-id=\"5dfe6f7\" data-element_type=\"widget\" data-widget_type=\"button.default\">\n\t\t\t\t<div class=\"elementor-widget-container\">\n\t\t\t\t\t\t\t<div class=\"elementor-button-wrapper\">\n\t\t\t\t\t<a class=\"elementor-button elementor-button-link elementor-size-sm\" href=\"https:\/\/docs.google.com\/document\/d\/1Hd581BDtL4OiwexYwzRYLEkCpkv4VyWK?rtpof=true&#038;usp=drive_fs\" target=\"_blank\">\n\t\t\t\t\t\t<span class=\"elementor-button-content-wrapper\">\n\t\t\t\t\t\t\t\t\t<span class=\"elementor-button-text\">Declara\u00e7\u00e3o de interesse do Bolsista PDJ<\/span>\n\t\t\t\t\t<\/span>\n\t\t\t\t\t<\/a>\n\t\t\t\t<\/div>\n\t\t\t\t\t\t<\/div>\n\t\t\t\t<\/div>\n\t\t\t\t<div class=\"elementor-element elementor-element-316923b elementor-widget elementor-widget-button\" data-id=\"316923b\" data-element_type=\"widget\" data-widget_type=\"button.default\">\n\t\t\t\t<div class=\"elementor-widget-container\">\n\t\t\t\t\t\t\t<div class=\"elementor-button-wrapper\">\n\t\t\t\t\t<a class=\"elementor-button elementor-button-link elementor-size-sm\" href=\"https:\/\/docs.google.com\/document\/d\/1HeF0MS8W_m_7u3WrffIxENT92g2VX_wP?rtpof=true&#038;usp=drive_fs\" target=\"_blank\">\n\t\t\t\t\t\t<span class=\"elementor-button-content-wrapper\">\n\t\t\t\t\t\t\t\t\t<span class=\"elementor-button-text\">Declara\u00e7\u00e3o de interesse do Bolsista PDS<\/span>\n\t\t\t\t\t<\/span>\n\t\t\t\t\t<\/a>\n\t\t\t\t<\/div>\n\t\t\t\t\t\t<\/div>\n\t\t\t\t<\/div>\n\t\t\t\t<div class=\"elementor-element elementor-element-e7575a8 elementor-widget elementor-widget-button\" data-id=\"e7575a8\" data-element_type=\"widget\" data-widget_type=\"button.default\">\n\t\t\t\t<div class=\"elementor-widget-container\">\n\t\t\t\t\t\t\t<div class=\"elementor-button-wrapper\">\n\t\t\t\t\t<a class=\"elementor-button elementor-button-link elementor-size-sm\" href=\"https:\/\/docs.google.com\/document\/d\/1Ek79K7GZtyjSh7iQNbWKnrccmQNTkf7A?rtpof=true&#038;usp=drive_fs\" target=\"_blank\">\n\t\t\t\t\t\t<span class=\"elementor-button-content-wrapper\">\n\t\t\t\t\t\t\t\t\t<span class=\"elementor-button-text\">Declara\u00e7\u00e3o do orientador<\/span>\n\t\t\t\t\t<\/span>\n\t\t\t\t\t<\/a>\n\t\t\t\t<\/div>\n\t\t\t\t\t\t<\/div>\n\t\t\t\t<\/div>\n\t\t\t\t<div class=\"elementor-element elementor-element-8f5169b elementor-widget elementor-widget-button\" data-id=\"8f5169b\" data-element_type=\"widget\" data-widget_type=\"button.default\">\n\t\t\t\t<div class=\"elementor-widget-container\">\n\t\t\t\t\t\t\t<div class=\"elementor-button-wrapper\">\n\t\t\t\t\t<a class=\"elementor-button elementor-button-link elementor-size-sm\" href=\"https:\/\/docs.google.com\/document\/d\/1EkDFqtZS1AJYsG7ymRXR2PPKsblYcy-n?rtpof=true&#038;usp=drive_fs\" target=\"_blank\">\n\t\t\t\t\t\t<span class=\"elementor-button-content-wrapper\">\n\t\t\t\t\t\t\t\t\t<span class=\"elementor-button-text\">Declara\u00e7\u00e3o do coorientador<\/span>\n\t\t\t\t\t<\/span>\n\t\t\t\t\t<\/a>\n\t\t\t\t<\/div>\n\t\t\t\t\t\t<\/div>\n\t\t\t\t<\/div>\n\t\t\t\t<div class=\"elementor-element elementor-element-9e648cb elementor-widget elementor-widget-button\" data-id=\"9e648cb\" data-element_type=\"widget\" data-widget_type=\"button.default\">\n\t\t\t\t<div class=\"elementor-widget-container\">\n\t\t\t\t\t\t\t<div class=\"elementor-button-wrapper\">\n\t\t\t\t\t<a class=\"elementor-button elementor-button-link elementor-size-sm\" href=\"https:\/\/docs.google.com\/document\/d\/1EmFF-Uq8BBbvg2mF_--pPRg12dO1d06q?rtpof=true&#038;usp=drive_fs\" target=\"_blank\">\n\t\t\t\t\t\t<span class=\"elementor-button-content-wrapper\">\n\t\t\t\t\t\t\t\t\t<span class=\"elementor-button-text\">Formul\u00e1rio para solicita\u00e7\u00e3o de bolsa<\/span>\n\t\t\t\t\t<\/span>\n\t\t\t\t\t<\/a>\n\t\t\t\t<\/div>\n\t\t\t\t\t\t<\/div>\n\t\t\t\t<\/div>\n\t\t\t\t<div class=\"elementor-element elementor-element-7384327 elementor-widget elementor-widget-button\" data-id=\"7384327\" data-element_type=\"widget\" data-widget_type=\"button.default\">\n\t\t\t\t<div class=\"elementor-widget-container\">\n\t\t\t\t\t\t\t<div class=\"elementor-button-wrapper\">\n\t\t\t\t\t<a class=\"elementor-button elementor-button-link elementor-size-sm\" href=\"https:\/\/docs.google.com\/document\/d\/1EkSFq51JItfdblLoEYhGh198VbSKPEDo?rtpof=true&#038;usp=drive_fs\" target=\"_blank\">\n\t\t\t\t\t\t<span class=\"elementor-button-content-wrapper\">\n\t\t\t\t\t\t\t\t\t<span class=\"elementor-button-text\">Plano de Trabalho do bolsista<\/span>\n\t\t\t\t\t<\/span>\n\t\t\t\t\t<\/a>\n\t\t\t\t<\/div>\n\t\t\t\t\t\t<\/div>\n\t\t\t\t<\/div>\n\t\t\t\t\t<\/div>\n\t\t<\/div>\n\t\t\t\t\t<\/div>\n\t\t<\/section>\n\t\t\t\t<\/div>\n\t\t","protected":false},"excerpt":{"rendered":"<p>\u00a0 CNPq &#8211; PDJ \/ PDS Procedimentos para inclus\u00e3o de bolsista: O Coordenador de cada projeto estrat\u00e9gico dever\u00e1 enviar os dados e documentos em pdf, via e-mail \u00e0 secretaria de apoio do INCT-GD no momento da indica\u00e7\u00e3o do bolsista; (Prazo: at\u00e9 o \u00faltimo dia \u00fatil do m\u00eas anterior \u00e0 implementa\u00e7\u00e3o da bolsa) Ap\u00f3s recebimento dos [&hellip;]<\/p>\n","protected":false},"author":2352,"featured_media":0,"parent":0,"menu_order":0,"comment_status":"closed","ping_status":"closed","template":"","meta":{"footnotes":""},"categories":[],"tags":[],"class_list":["post-666","page","type-page","status-publish","hentry"],"acf":[],"_links":{"self":[{"href":"https:\/\/www.ufsm.br\/laboratorios\/inct\/wp-json\/wp\/v2\/pages\/666","targetHints":{"allow":["GET"]}}],"collection":[{"href":"https:\/\/www.ufsm.br\/laboratorios\/inct\/wp-json\/wp\/v2\/pages"}],"about":[{"href":"https:\/\/www.ufsm.br\/laboratorios\/inct\/wp-json\/wp\/v2\/types\/page"}],"author":[{"embeddable":true,"href":"https:\/\/www.ufsm.br\/laboratorios\/inct\/wp-json\/wp\/v2\/users\/2352"}],"replies":[{"embeddable":true,"href":"https:\/\/www.ufsm.br\/laboratorios\/inct\/wp-json\/wp\/v2\/comments?post=666"}],"version-history":[{"count":0,"href":"https:\/\/www.ufsm.br\/laboratorios\/inct\/wp-json\/wp\/v2\/pages\/666\/revisions"}],"wp:attachment":[{"href":"https:\/\/www.ufsm.br\/laboratorios\/inct\/wp-json\/wp\/v2\/media?parent=666"}],"wp:term":[{"taxonomy":"category","embeddable":true,"href":"https:\/\/www.ufsm.br\/laboratorios\/inct\/wp-json\/wp\/v2\/categories?post=666"},{"taxonomy":"post_tag","embeddable":true,"href":"https:\/\/www.ufsm.br\/laboratorios\/inct\/wp-json\/wp\/v2\/tags?post=666"}],"curies":[{"name":"wp","href":"https:\/\/api.w.org\/{rel}","templated":true}]}}