{"id":668,"date":"2020-04-27T20:23:26","date_gmt":"2020-04-27T23:23:26","guid":{"rendered":"https:\/\/www.ufsm.br\/laboratorios\/inct\/?page_id=668"},"modified":"2023-10-31T20:02:47","modified_gmt":"2023-10-31T23:02:47","slug":"obrigacoes-do-bolsista-capes","status":"publish","type":"page","link":"https:\/\/www.ufsm.br\/laboratorios\/inct\/obrigacoes-do-bolsista-capes","title":{"rendered":"Obriga\u00e7\u00f5es do bolsista PDJ \/ PDS"},"content":{"rendered":"\t\t<div data-elementor-type=\"wp-page\" data-elementor-id=\"668\" class=\"elementor elementor-668\">\n\t\t\t\t\t\t<section class=\"elementor-section elementor-top-section elementor-element elementor-element-eee72e6 elementor-section-boxed elementor-section-height-default elementor-section-height-default\" data-id=\"eee72e6\" data-element_type=\"section\">\n\t\t\t\t\t\t<div class=\"elementor-container elementor-column-gap-default\">\n\t\t\t\t\t<div class=\"elementor-column elementor-col-100 elementor-top-column elementor-element elementor-element-ac9e5f4\" data-id=\"ac9e5f4\" data-element_type=\"column\">\n\t\t\t<div class=\"elementor-widget-wrap elementor-element-populated\">\n\t\t\t\t\t\t<div class=\"elementor-element elementor-element-2a3ca2d elementor-widget elementor-widget-text-editor\" data-id=\"2a3ca2d\" data-element_type=\"widget\" data-widget_type=\"text-editor.default\">\n\t\t\t\t<div class=\"elementor-widget-container\">\n\t\t\t\t\t\t\t<h5 style=\"width: 100%;padding: 7px;color: #21376b;background: #f3f3f3;border-top: 1px solid #21376b;font-size: 1rem;line-height: 1.2 !important;font-weight: 500 !important\">CNPq &#8211; PDJ<\/h5><h3>Durante a vig\u00eancia da bolsa \u00e9 obriga\u00e7\u00e3o do bolsista INCT-GD:<\/h3><ul><li>Possuir Curr\u00edculo Lattes na base do CNPq, no caso de pesquisador brasileiro;<\/li><li>Cumprir o plano de trabalho e atividades apresentado no ato da inscri\u00e7\u00e3o;<\/li><li>Incluir em todas as publica\u00e7\u00f5es referentes ao projeto os agradecimentos ao INCTGD e aos \u00f3rg\u00e3os financiadores (CNPq processo 405054\/2022-0, CAPES processo no. 23038.000776\/2017-54 e FAPERGS 17\/2551-0000517-1);<\/li><li>Contemplar como coautores de produ\u00e7\u00f5es o orientador e coorientador;<\/li><li>Atender indicador de produ\u00e7\u00e3o cientifica m\u00ednimo vinculado ao tema do projeto (peri\u00f3dicos Qualis A1, A2, B1, B2 na \u00e1rea das Engenharias IV e artigos em eventos cient\u00edficos nacionais e internacionais com corpo de revisores), al\u00e9m de apresenta\u00e7\u00e3o dos resultados nos eventos promovidos pelo INCT;<\/li><li>Enviar relat\u00f3rios semestrais com as atividades desenvolvidas na vig\u00eancia da bolsa, bem como as publica\u00e7\u00f5es do mesmo per\u00edodo. E sempre que solicitado pela secretaria de apoio;<\/li><li>Enviar o comprovante de matr\u00edcula a cada novo semestre durante a vig\u00eancia da bolsa. Datas limites para envio: At\u00e9 31 de mar\u00e7o para o primeiro semestre do ano e at\u00e9 31 de agosto para o segundo semestre.<\/li><\/ul><p style=\"text-indent: 50px\"><strong>Salientamos que a concess\u00e3o de bolsas passar\u00e1 por avalia\u00e7\u00f5es peri\u00f3dicas, sendo que sua manuten\u00e7\u00e3o est\u00e1 condicionada ao cumprimento dos itens expostos acima.<\/strong><\/p><p>\u00a0<\/p>\t\t\t\t\t\t<\/div>\n\t\t\t\t<\/div>\n\t\t\t\t\t<\/div>\n\t\t<\/div>\n\t\t\t\t\t<\/div>\n\t\t<\/section>\n\t\t\t\t<\/div>\n\t\t","protected":false},"excerpt":{"rendered":"<p>CNPq &#8211; PDJ Durante a vig\u00eancia da bolsa \u00e9 obriga\u00e7\u00e3o do bolsista INCT-GD: Possuir Curr\u00edculo Lattes na base do CNPq, no caso de pesquisador brasileiro; Cumprir o plano de trabalho e atividades apresentado no ato da inscri\u00e7\u00e3o; Incluir em todas as publica\u00e7\u00f5es referentes ao projeto os agradecimentos ao INCTGD e aos \u00f3rg\u00e3os financiadores (CNPq processo [&hellip;]<\/p>\n","protected":false},"author":2352,"featured_media":0,"parent":0,"menu_order":0,"comment_status":"closed","ping_status":"closed","template":"","meta":{"footnotes":""},"categories":[],"tags":[],"class_list":["post-668","page","type-page","status-publish","hentry"],"acf":[],"_links":{"self":[{"href":"https:\/\/www.ufsm.br\/laboratorios\/inct\/wp-json\/wp\/v2\/pages\/668","targetHints":{"allow":["GET"]}}],"collection":[{"href":"https:\/\/www.ufsm.br\/laboratorios\/inct\/wp-json\/wp\/v2\/pages"}],"about":[{"href":"https:\/\/www.ufsm.br\/laboratorios\/inct\/wp-json\/wp\/v2\/types\/page"}],"author":[{"embeddable":true,"href":"https:\/\/www.ufsm.br\/laboratorios\/inct\/wp-json\/wp\/v2\/users\/2352"}],"replies":[{"embeddable":true,"href":"https:\/\/www.ufsm.br\/laboratorios\/inct\/wp-json\/wp\/v2\/comments?post=668"}],"version-history":[{"count":0,"href":"https:\/\/www.ufsm.br\/laboratorios\/inct\/wp-json\/wp\/v2\/pages\/668\/revisions"}],"wp:attachment":[{"href":"https:\/\/www.ufsm.br\/laboratorios\/inct\/wp-json\/wp\/v2\/media?parent=668"}],"wp:term":[{"taxonomy":"category","embeddable":true,"href":"https:\/\/www.ufsm.br\/laboratorios\/inct\/wp-json\/wp\/v2\/categories?post=668"},{"taxonomy":"post_tag","embeddable":true,"href":"https:\/\/www.ufsm.br\/laboratorios\/inct\/wp-json\/wp\/v2\/tags?post=668"}],"curies":[{"name":"wp","href":"https:\/\/api.w.org\/{rel}","templated":true}]}}