{"id":673,"date":"2020-04-27T21:53:12","date_gmt":"2020-04-28T00:53:12","guid":{"rendered":"https:\/\/www.ufsm.br\/laboratorios\/inct\/?page_id=673"},"modified":"2023-02-08T09:16:07","modified_gmt":"2023-02-08T12:16:07","slug":"solicitacao-compra-servico","status":"publish","type":"page","link":"https:\/\/www.ufsm.br\/laboratorios\/inct\/solicitacao-compra-servico","title":{"rendered":"Solicita\u00e7\u00e3o Compra\/Servi\u00e7o"},"content":{"rendered":"\t\t<div data-elementor-type=\"wp-page\" data-elementor-id=\"673\" class=\"elementor elementor-673\">\n\t\t\t\t\t\t<section class=\"elementor-section elementor-top-section elementor-element elementor-element-4ea48800 elementor-section-boxed elementor-section-height-default elementor-section-height-default\" data-id=\"4ea48800\" data-element_type=\"section\">\n\t\t\t\t\t\t<div class=\"elementor-container elementor-column-gap-default\">\n\t\t\t\t\t<div class=\"elementor-column elementor-col-100 elementor-top-column elementor-element elementor-element-258bf817\" data-id=\"258bf817\" data-element_type=\"column\">\n\t\t\t<div class=\"elementor-widget-wrap elementor-element-populated\">\n\t\t\t\t\t\t<div class=\"elementor-element elementor-element-5b8e72c5 elementor-widget elementor-widget-text-editor\" data-id=\"5b8e72c5\" data-element_type=\"widget\" data-widget_type=\"text-editor.default\">\n\t\t\t\t<div class=\"elementor-widget-container\">\n\t\t\t\t\t\t\t<p><!-- wp:tadv\/classic-paragraph --><\/p>\n<h5>Compra de Materiais e Servi\u00e7os<\/h5>\n<p><strong>1 &#8211; Identifica\u00e7\u00e3o da Compra<\/strong><\/p>\n<p>O coordenador do projeto estrat\u00e9gico dever\u00e1 preencher o <strong><a href=\"https:\/\/www.ufsm.br\/app\/uploads\/sites\/737\/2022\/11\/NOVO-Formulario_de_Solicitacao_de_Compra.docx\" target=\"_blank\" rel=\"noopener\">Formul\u00e1rio de Solicita\u00e7\u00e3o de Compra\/Servi\u00e7o<\/a> e enviar via e-mail para <a href=\"mailto:inct@ufsm.br\" target=\"_blank\" rel=\"noopener noreferrer\">inct@ufsm.br<\/a><\/strong>, no qual constar\u00e1 os dados do projeto estrat\u00e9gico, a natureza da rubrica, a descri\u00e7\u00e3o dos itens a serem adquiridos, o valor do or\u00e7amento vencedor, bem como os dados do fornecedor.<\/p>\n<p><strong>2 &#8211; Pesquisa de Pre\u00e7os\/Or\u00e7amentos<\/strong><\/p>\n<p>Dever\u00e1 ser realizado uma pesquisa de pre\u00e7os comprovada por <strong>tr\u00eas <\/strong>or\u00e7amentos para as compras e servi\u00e7os necess\u00e1rios \u00e0 execu\u00e7\u00e3o do projeto.<\/p>\n<p><span style=\"color: #000000;font-size: 1rem;background-color: var(--bs-body-bg);text-align: var(--bs-body-text-align)\">Dados para preenchimento dos or\u00e7amentos:<\/span><\/p>\n<ul>\n<li><strong>Nome: Cassiano Rech;<\/strong><\/li>\n<li><strong>Proc. 17\/2551-0000517-1 (Recurso FAPERGS);<\/strong><\/li>\n<li><strong>Proc. 405054\/2022-0 (Recurso CNPq);<\/strong><\/li>\n<li><b>CPF: 938.881.470-34;<\/b><\/li>\n<li><strong>Raz\u00e3o Social da Empresa;<\/strong><\/li>\n<li><strong>CNPJ da Empresa;<\/strong><\/li>\n<li><strong>Data de emiss\u00e3o do or\u00e7amento;<\/strong><\/li>\n<li><strong>Validade do Or\u00e7amento;<\/strong><\/li>\n<\/ul>\n<p><strong>Orienta\u00e7\u00f5es sobre or\u00e7amentos:<\/strong><\/p>\n<ul>\n<li>O or\u00e7amento pode ser obtido em loja virtual em formato PDF, desde que n\u00e3o seja o vencedor;<\/li>\n<li>Caso a melhor proposta seja de loja virtual, \u00e9 necess\u00e1rio que essa disponha de um canal de venda que n\u00e3o seja apenas o site, para possibilitar a emiss\u00e3o correta do or\u00e7amento e da nota fiscal;<\/li>\n<li>Os valores devem ser informados em R$;<\/li>\n<li>Os or\u00e7amentos podem ser em lista fechada para material de consumo, desde que todos os or\u00e7amentos possuam todos os mesmos itens e mesmas quantidades;<\/li>\n<li>Os or\u00e7amentos devem ser item por item para material permanente;<\/li>\n<li>Caso o fornecedor tenha carta de exclusividade, somente um or\u00e7amento \u00e9 necess\u00e1rio;<\/li>\n<li>Forma de pagamento: Transfer\u00eancia online (preferencialmente Banco do Brasil) ou boletos (desde que sem taxas);<\/li>\n<li>Os tr\u00e2mites de pagamento e emiss\u00e3o de nota fiscal s\u00e3o realizados com o aux\u00edlio direto da secretaria de apoio do projeto;<\/li>\n<li>O frete deve estar incluso e a cargo do fornecedor. N\u00e3o h\u00e1 rubrica no projeto para frete.<\/li>\n<\/ul>\n<p><strong>3 &#8211; Justificativa de Compra<\/strong><\/p>\n<p>Os documentos citados acima dever\u00e3o ser acompanhados da informa\u00e7\u00e3o, por escrito, dos elementos que definiram a escolha de tal fornecedor <strong>(<\/strong><a href=\"https:\/\/www.ufsm.br\/app\/uploads\/sites\/737\/2022\/11\/NOVO-Justificativa_de_Compra.docx\" target=\"_blank\" rel=\"noopener\"><strong>Justificativa de Compra<\/strong><\/a>).<\/p>\n<p>Caso a escolha n\u00e3o seja pela empresa ofertante do melhor pre\u00e7o, dever\u00e1 ser inclu\u00edda na justificativa de compra a motiva\u00e7\u00e3o da escolha do fornecedor e pre\u00e7o.<\/p>\n<p><strong>4 &#8211; Instru\u00e7\u00f5es para emiss\u00e3o da Nota Fiscal<\/strong><\/p>\n<p>Todos notas despesas dever\u00e3o ser emitidos em nome do coordenador do INCT GD, Prof. H\u00e9lio Le\u00e3es Hey e dever\u00e3o conter os seguintes itens:<\/p>\n<ul>\n<li><strong>Nome: Cassiano Rech;<\/strong><\/li>\n<li><span style=\"font-weight: bolder;text-align: var(--bs-body-text-align)\">Proc. 17\/2551-0000517-1 (para recurso FAPERGS);<\/span><\/li>\n<li><span style=\"font-weight: bolder\">Proc. 405054\/2022-0 (para recurso CNPq);<\/span><\/li>\n<li><strong style=\"color: #000000;font-size: 1rem;text-align: var(--bs-body-text-align)\">CPF:\u00a0<span style=\"color: #000000;font-size: 16px\">938.881.470-34<\/span>;<\/strong><\/li>\n<li><strong>Data de emiss\u00e3o;<\/strong><\/li>\n<li><strong>A identifica\u00e7\u00e3o detalhada do produto ou servi\u00e7o;<\/strong><\/li>\n<li><strong>Descri\u00e7\u00e3o detalhada da quantidade de itens;<\/strong><\/li>\n<li><strong>Valores;<\/strong><\/li>\n<li><strong>N\u00famero do Cheque\/pago por transfer\u00eancia banc\u00e1ria.<\/strong><\/li>\n<\/ul>\n<p>Al\u00e9m disso, nas notas fiscais dever\u00e3o conter os seguintes dados do fornecedor:<\/p>\n<ul>\n<li><strong>Nome ou raz\u00e3o social;<\/strong><\/li>\n<li><strong>Endere\u00e7o<\/strong><\/li>\n<li><strong>CPF, CNPJ e Inscri\u00e7\u00e3o Estadual ou Municipal (estas \u00faltimas, se houver)<\/strong><\/li>\n<\/ul>\n<p>Acesso ao <a href=\"https:\/\/www.ufsm.br\/laboratorios\/inct\/wp-content\/uploads\/sites\/737\/2019\/08\/13152309-20141128173501manual-pc-2013.pdf\">Manual de Presta\u00e7\u00e3o de Contas FAPERGS.<\/a><\/p>\n<p><strong>Observa\u00e7\u00e3o Importante:<\/strong><strong> N\u00e3o ser\u00e3o aceitas notas fiscais emitidas com o campo natureza da opera\u00e7\u00e3o preenchido como \u201cVenda Entrega Futura\u201d ou \u201cSimples Remessa\u201d. As compras devem ser feitas \u00e0 vista, com entrega imediata dos produtos.<\/strong><\/p>\n<p><strong>\u00a0<\/strong><\/p>\n<p><strong>\u00a0<\/strong><\/p>\n<p><!-- \/wp:tadv\/classic-paragraph --><\/p>\t\t\t\t\t\t<\/div>\n\t\t\t\t<\/div>\n\t\t\t\t\t<\/div>\n\t\t<\/div>\n\t\t\t\t\t<\/div>\n\t\t<\/section>\n\t\t\t\t<\/div>\n\t\t","protected":false},"excerpt":{"rendered":"<p>Compra de Materiais e Servi\u00e7os 1 &#8211; Identifica\u00e7\u00e3o da Compra O coordenador do projeto estrat\u00e9gico dever\u00e1 preencher o Formul\u00e1rio de Solicita\u00e7\u00e3o de Compra\/Servi\u00e7o e enviar via e-mail para inct@ufsm.br, no qual constar\u00e1 os dados do projeto estrat\u00e9gico, a natureza da rubrica, a descri\u00e7\u00e3o dos itens a serem adquiridos, o valor do or\u00e7amento vencedor, bem como [&hellip;]<\/p>\n","protected":false},"author":2352,"featured_media":0,"parent":0,"menu_order":0,"comment_status":"closed","ping_status":"closed","template":"","meta":{"footnotes":""},"categories":[],"tags":[],"class_list":["post-673","page","type-page","status-publish","hentry"],"acf":[],"_links":{"self":[{"href":"https:\/\/www.ufsm.br\/laboratorios\/inct\/wp-json\/wp\/v2\/pages\/673","targetHints":{"allow":["GET"]}}],"collection":[{"href":"https:\/\/www.ufsm.br\/laboratorios\/inct\/wp-json\/wp\/v2\/pages"}],"about":[{"href":"https:\/\/www.ufsm.br\/laboratorios\/inct\/wp-json\/wp\/v2\/types\/page"}],"author":[{"embeddable":true,"href":"https:\/\/www.ufsm.br\/laboratorios\/inct\/wp-json\/wp\/v2\/users\/2352"}],"replies":[{"embeddable":true,"href":"https:\/\/www.ufsm.br\/laboratorios\/inct\/wp-json\/wp\/v2\/comments?post=673"}],"version-history":[{"count":0,"href":"https:\/\/www.ufsm.br\/laboratorios\/inct\/wp-json\/wp\/v2\/pages\/673\/revisions"}],"wp:attachment":[{"href":"https:\/\/www.ufsm.br\/laboratorios\/inct\/wp-json\/wp\/v2\/media?parent=673"}],"wp:term":[{"taxonomy":"category","embeddable":true,"href":"https:\/\/www.ufsm.br\/laboratorios\/inct\/wp-json\/wp\/v2\/categories?post=673"},{"taxonomy":"post_tag","embeddable":true,"href":"https:\/\/www.ufsm.br\/laboratorios\/inct\/wp-json\/wp\/v2\/tags?post=673"}],"curies":[{"name":"wp","href":"https:\/\/api.w.org\/{rel}","templated":true}]}}