{"id":675,"date":"2020-04-27T21:52:38","date_gmt":"2020-04-28T00:52:38","guid":{"rendered":"https:\/\/www.ufsm.br\/laboratorios\/inct\/?page_id=675"},"modified":"2023-02-08T09:17:33","modified_gmt":"2023-02-08T12:17:33","slug":"solicitacao-de-passagens","status":"publish","type":"page","link":"https:\/\/www.ufsm.br\/laboratorios\/inct\/solicitacao-de-passagens","title":{"rendered":"Solicita\u00e7\u00e3o de passagens"},"content":{"rendered":"\t\t<div data-elementor-type=\"wp-page\" data-elementor-id=\"675\" class=\"elementor elementor-675\">\n\t\t\t\t\t\t<section class=\"elementor-section elementor-top-section elementor-element elementor-element-263c909 elementor-section-boxed elementor-section-height-default elementor-section-height-default\" data-id=\"263c909\" data-element_type=\"section\">\n\t\t\t\t\t\t<div class=\"elementor-container elementor-column-gap-default\">\n\t\t\t\t\t<div class=\"elementor-column elementor-col-100 elementor-top-column elementor-element elementor-element-45ec9df3\" data-id=\"45ec9df3\" data-element_type=\"column\">\n\t\t\t<div class=\"elementor-widget-wrap elementor-element-populated\">\n\t\t\t\t\t\t<div class=\"elementor-element elementor-element-66f4dfc7 elementor-widget elementor-widget-text-editor\" data-id=\"66f4dfc7\" data-element_type=\"widget\" data-widget_type=\"text-editor.default\">\n\t\t\t\t<div class=\"elementor-widget-container\">\n\t\t\t\t\t\t\t<p><!-- wp:tadv\/classic-paragraph --><\/p>\n<h5>Compra de Passagens<\/h5>\n<p><strong>1 &#8211; Solicita\u00e7\u00e3o da Compra<\/strong><\/p>\n<p>O coordenador do projeto estrat\u00e9gico dever\u00e1 preencher o <a href=\"https:\/\/www.ufsm.br\/app\/uploads\/sites\/737\/2021\/08\/Formulario_de_Solicitacao_Passagens.docx\"><strong>Formul\u00e1rio de Solicita\u00e7\u00e3o de Passagens<\/strong><\/a> <strong>e enviar via e-mail para <a href=\"mailto:inct@ufsm.br\" target=\"_blank\" rel=\"noopener noreferrer\">inct@ufsm.br<\/a><\/strong>, no qual constar\u00e1 os dados do projeto estrat\u00e9gico, a natureza da rubrica, a descri\u00e7\u00e3o do itiner\u00e1rio pretendido, os dados do benefici\u00e1rio e a descri\u00e7\u00e3o das atividades a serem realizadas.<\/p>\n<p><strong>2 &#8211; Aprova\u00e7\u00e3o da Compra<\/strong><\/p>\n<p>Ap\u00f3s a aprova\u00e7\u00e3o da solicita\u00e7\u00e3o, a Secretaria de apoio do INCT GD ir\u00e1 buscar as op\u00e7\u00f5es de Voo para os trechos e datas informados no formul\u00e1rio citado acima.<\/p>\n<p><strong>3 &#8211; Comprova\u00e7\u00e3o da Despesa<\/strong><\/p>\n<p>As despesas com passagens dever\u00e3o ser comprovadas atrav\u00e9s da apresenta\u00e7\u00e3o dos seguintes itens:<\/p>\n<ul>\n<li>Tickets de embarque originais (podendo ser check-in online);<\/li>\n<li>Declara\u00e7\u00e3o original da Institui\u00e7\u00e3o\/Entidade patrocinadora ou c\u00f3pia do certificado de participa\u00e7\u00e3o no evento e\/ou miss\u00e3o (atestando a miss\u00e3o e explicitando o per\u00edodo de realiza\u00e7\u00e3o da mesma);<\/li>\n<li><strong><a href=\"https:\/\/www.ufsm.br\/app\/uploads\/sites\/737\/2022\/11\/Relatorio_Atividades_Missao_Eventos.docx\" target=\"_blank\" rel=\"noopener\">Relat\u00f3rio de Atividades<\/a><\/strong>.<\/li>\n<\/ul>\n<p><strong>Importante:<\/strong><\/p>\n<p>O benefici\u00e1rio deve estar cadastrado como <strong><a href=\"https:\/\/www.ufsm.br\/laboratorios\/inct\/pesquisadores-cadastrados-junto-a-fapergs\/\">membro do projeto INCTGD junto a FAPERGS<\/a>&nbsp;ou CNPq<\/strong>. Caso o pesquisador n\u00e3o esteja cadastrado, o coordenador do projeto estrat\u00e9gico ao qual este pertence pode solicitar sua inclus\u00e3o pelo e-mail <strong><span id=\"cloak86a480cdaaaf8185a182dc2b11a3066c\"><a href=\"mailto:inct@ufsm.br\" target=\"_blank\" rel=\"noopener noreferrer\">inct@ufsm.br<\/a><\/span><\/strong>.<\/p>\n<p>Salientamos que este procedimento deve ser efetuado com no m\u00ednimo 30 dias de anteced\u00eancia de qualquer solicita\u00e7\u00e3o.<\/p>\n<p><!-- \/wp:tadv\/classic-paragraph --><\/p>\t\t\t\t\t\t<\/div>\n\t\t\t\t<\/div>\n\t\t\t\t\t<\/div>\n\t\t<\/div>\n\t\t\t\t\t<\/div>\n\t\t<\/section>\n\t\t\t\t<\/div>\n\t\t","protected":false},"excerpt":{"rendered":"<p>Compra de Passagens 1 &#8211; Solicita\u00e7\u00e3o da Compra O coordenador do projeto estrat\u00e9gico dever\u00e1 preencher o Formul\u00e1rio de Solicita\u00e7\u00e3o de Passagens e enviar via e-mail para inct@ufsm.br, no qual constar\u00e1 os dados do projeto estrat\u00e9gico, a natureza da rubrica, a descri\u00e7\u00e3o do itiner\u00e1rio pretendido, os dados do benefici\u00e1rio e a descri\u00e7\u00e3o das atividades a serem [&hellip;]<\/p>\n","protected":false},"author":2352,"featured_media":0,"parent":0,"menu_order":0,"comment_status":"closed","ping_status":"closed","template":"","meta":{"footnotes":""},"categories":[],"tags":[],"class_list":["post-675","page","type-page","status-publish","hentry"],"acf":[],"_links":{"self":[{"href":"https:\/\/www.ufsm.br\/laboratorios\/inct\/wp-json\/wp\/v2\/pages\/675","targetHints":{"allow":["GET"]}}],"collection":[{"href":"https:\/\/www.ufsm.br\/laboratorios\/inct\/wp-json\/wp\/v2\/pages"}],"about":[{"href":"https:\/\/www.ufsm.br\/laboratorios\/inct\/wp-json\/wp\/v2\/types\/page"}],"author":[{"embeddable":true,"href":"https:\/\/www.ufsm.br\/laboratorios\/inct\/wp-json\/wp\/v2\/users\/2352"}],"replies":[{"embeddable":true,"href":"https:\/\/www.ufsm.br\/laboratorios\/inct\/wp-json\/wp\/v2\/comments?post=675"}],"version-history":[{"count":0,"href":"https:\/\/www.ufsm.br\/laboratorios\/inct\/wp-json\/wp\/v2\/pages\/675\/revisions"}],"wp:attachment":[{"href":"https:\/\/www.ufsm.br\/laboratorios\/inct\/wp-json\/wp\/v2\/media?parent=675"}],"wp:term":[{"taxonomy":"category","embeddable":true,"href":"https:\/\/www.ufsm.br\/laboratorios\/inct\/wp-json\/wp\/v2\/categories?post=675"},{"taxonomy":"post_tag","embeddable":true,"href":"https:\/\/www.ufsm.br\/laboratorios\/inct\/wp-json\/wp\/v2\/tags?post=675"}],"curies":[{"name":"wp","href":"https:\/\/api.w.org\/{rel}","templated":true}]}}