{"id":76,"date":"2019-08-26T16:57:16","date_gmt":"2019-08-26T19:57:16","guid":{"rendered":"https:\/\/www.ufsm.br\/laboratorios\/inct\/?page_id=76"},"modified":"2020-07-06T19:16:36","modified_gmt":"2020-07-06T22:16:36","slug":"equipe-cientifica","status":"publish","type":"page","link":"https:\/\/www.ufsm.br\/laboratorios\/inct\/equipe-cientifica","title":{"rendered":"Equipe Cient\u00edfica"},"content":{"rendered":"\t\t<div data-elementor-type=\"wp-page\" data-elementor-id=\"76\" class=\"elementor elementor-76\">\n\t\t\t\t\t\t<section class=\"elementor-section elementor-top-section elementor-element elementor-element-3f2b272d elementor-section-boxed elementor-section-height-default elementor-section-height-default\" data-id=\"3f2b272d\" data-element_type=\"section\">\n\t\t\t\t\t\t<div class=\"elementor-container elementor-column-gap-default\">\n\t\t\t\t\t<div class=\"elementor-column elementor-col-100 elementor-top-column elementor-element elementor-element-39e4026e\" data-id=\"39e4026e\" data-element_type=\"column\">\n\t\t\t<div class=\"elementor-widget-wrap elementor-element-populated\">\n\t\t\t\t\t\t<div class=\"elementor-element elementor-element-1adacfd8 elementor-widget elementor-widget-text-editor\" data-id=\"1adacfd8\" data-element_type=\"widget\" data-widget_type=\"text-editor.default\">\n\t\t\t\t<div class=\"elementor-widget-container\">\n\t\t\t\t\t\t\t<!-- wp:tadv\/classic-paragraph -->\n<p>\u00a0A Universidade Federal de Santa Maria (UFSM), atrav\u00e9s do seu Centro de Tecnologia (CT), \u00e9 a institui\u00e7\u00e3o de execu\u00e7\u00e3o do projeto (institui\u00e7\u00e3o-sede) do Instituto Nacional de Ci\u00eancia e Tecnologia (INCT) em Gera\u00e7\u00e3o Distribu\u00edda de Energia El\u00e9trica. O Centro de Tecnologia da UFSM possui uma significativa produ\u00e7\u00e3o cient\u00edfica e tecnol\u00f3gica no tema proposto e grande capacidade de forma\u00e7\u00e3o de recursos humanos, devido aos 6 Programas de P\u00f3s-Gradua\u00e7\u00e3o (destacando-se o Programa de P\u00f3s-Gradua\u00e7\u00e3o em Eng. El\u00e9trica, conceito 6) e 12 cursos de gradua\u00e7\u00e3o do Centro de Tecnologia (incluindo Eng. El\u00e9trica, Eng. de Controle e Automa\u00e7\u00e3o, Eng. Mec\u00e2nica, Eng. Civil, Eng. Qu\u00edmica, Eng. de Computa\u00e7\u00e3o, entre outros), e tamb\u00e9m devido aos cursos t\u00e9cnicos oferecidos pelo Col\u00e9gio T\u00e9cnico Industrial de Santa Maria (CTISM).<\/p>\n<p>\u00a0 \u00a0 \u00a0Al\u00e9m dos laborat\u00f3rios e grupos de pesquisa da UFSM que participar\u00e3o do INCT em Gera\u00e7\u00e3o Distribu\u00edda de Energia El\u00e9trica, atrav\u00e9s da atua\u00e7\u00e3o dos seus pesquisadores e da disponibiliza\u00e7\u00e3o dos recursos materiais necess\u00e1rios para execu\u00e7\u00e3o das respectivas atividades, diversos laborat\u00f3rios e grupos de pesquisa nacionais e internacionais est\u00e3o associados ao projeto, articulados na forma de redes cient\u00edfico-tecnol\u00f3gicas. Os grupos associados, bem como os pesquisadores participantes, podem ser visualizados a partir dos\u00a0<em>links<\/em>\u00a0abaixo:<\/p>\n\n<ul>\n\n<li> <a href=\"https:\/\/www.ufsm.br\/laboratorios\/inct\/equipe-cientifica-ufsm\/\">UFSM<\/a><\/li>\n<li><a href=\"https:\/\/www.ufsm.br\/laboratorios\/inct\/instituicoes-nacionais\/\">Institui\u00e7\u00f5es Nacionais<\/a><\/li>\n<li><a href=\"https:\/\/www.ufsm.br\/laboratorios\/inct\/equipe-cientifica-instituicoes-internacionais\/\">Institui\u00e7\u00f5es Internacionais<\/a><\/li>\n<\/ul>\n<p>&nbsp;<\/p>\n<!-- \/wp:tadv\/classic-paragraph -->\t\t\t\t\t\t<\/div>\n\t\t\t\t<\/div>\n\t\t\t\t\t<\/div>\n\t\t<\/div>\n\t\t\t\t\t<\/div>\n\t\t<\/section>\n\t\t\t\t<\/div>\n\t\t","protected":false},"excerpt":{"rendered":"<p>\u00a0A Universidade Federal de Santa Maria (UFSM), atrav\u00e9s do seu Centro de Tecnologia (CT), \u00e9 a institui\u00e7\u00e3o de execu\u00e7\u00e3o do projeto (institui\u00e7\u00e3o-sede) do Instituto Nacional de Ci\u00eancia e Tecnologia (INCT) em Gera\u00e7\u00e3o Distribu\u00edda de Energia El\u00e9trica. O Centro de Tecnologia da UFSM possui uma significativa produ\u00e7\u00e3o cient\u00edfica e tecnol\u00f3gica no tema proposto e grande capacidade [&hellip;]<\/p>\n","protected":false},"author":115,"featured_media":0,"parent":0,"menu_order":0,"comment_status":"closed","ping_status":"closed","template":"","meta":{"footnotes":""},"categories":[],"tags":[],"class_list":["post-76","page","type-page","status-publish","hentry"],"acf":[],"_links":{"self":[{"href":"https:\/\/www.ufsm.br\/laboratorios\/inct\/wp-json\/wp\/v2\/pages\/76","targetHints":{"allow":["GET"]}}],"collection":[{"href":"https:\/\/www.ufsm.br\/laboratorios\/inct\/wp-json\/wp\/v2\/pages"}],"about":[{"href":"https:\/\/www.ufsm.br\/laboratorios\/inct\/wp-json\/wp\/v2\/types\/page"}],"author":[{"embeddable":true,"href":"https:\/\/www.ufsm.br\/laboratorios\/inct\/wp-json\/wp\/v2\/users\/115"}],"replies":[{"embeddable":true,"href":"https:\/\/www.ufsm.br\/laboratorios\/inct\/wp-json\/wp\/v2\/comments?post=76"}],"version-history":[{"count":0,"href":"https:\/\/www.ufsm.br\/laboratorios\/inct\/wp-json\/wp\/v2\/pages\/76\/revisions"}],"wp:attachment":[{"href":"https:\/\/www.ufsm.br\/laboratorios\/inct\/wp-json\/wp\/v2\/media?parent=76"}],"wp:term":[{"taxonomy":"category","embeddable":true,"href":"https:\/\/www.ufsm.br\/laboratorios\/inct\/wp-json\/wp\/v2\/categories?post=76"},{"taxonomy":"post_tag","embeddable":true,"href":"https:\/\/www.ufsm.br\/laboratorios\/inct\/wp-json\/wp\/v2\/tags?post=76"}],"curies":[{"name":"wp","href":"https:\/\/api.w.org\/{rel}","templated":true}]}}