{"id":77,"date":"2019-08-26T16:03:44","date_gmt":"2019-08-26T19:03:44","guid":{"rendered":"https:\/\/www.ufsm.br\/laboratorios\/inct\/?page_id=77"},"modified":"2020-07-07T18:35:36","modified_gmt":"2020-07-07T21:35:36","slug":"equipe-cientifica-ufsm","status":"publish","type":"page","link":"https:\/\/www.ufsm.br\/laboratorios\/inct\/equipe-cientifica-ufsm","title":{"rendered":"Equipe Cient\u00edfica &#8211; UFSM"},"content":{"rendered":"\t\t<div data-elementor-type=\"wp-page\" data-elementor-id=\"77\" class=\"elementor elementor-77\">\n\t\t\t\t\t\t<section class=\"elementor-section elementor-top-section elementor-element elementor-element-c92a672 elementor-section-boxed elementor-section-height-default elementor-section-height-default\" data-id=\"c92a672\" data-element_type=\"section\">\n\t\t\t\t\t\t<div class=\"elementor-container elementor-column-gap-default\">\n\t\t\t\t\t<div class=\"elementor-column elementor-col-100 elementor-top-column elementor-element elementor-element-28dcc22\" data-id=\"28dcc22\" data-element_type=\"column\">\n\t\t\t<div class=\"elementor-widget-wrap elementor-element-populated\">\n\t\t\t\t\t\t<div class=\"elementor-element elementor-element-2715e98 elementor-widget elementor-widget-toggle\" data-id=\"2715e98\" data-element_type=\"widget\" data-widget_type=\"toggle.default\">\n\t\t\t\t<div class=\"elementor-widget-container\">\n\t\t\t\t\t<div class=\"elementor-toggle\">\n\t\t\t\t\t\t\t<div class=\"elementor-toggle-item\">\n\t\t\t\t\t<div id=\"elementor-tab-title-4091\" class=\"elementor-tab-title\" data-tab=\"1\" role=\"button\" aria-controls=\"elementor-tab-content-4091\" aria-expanded=\"false\">\n\t\t\t\t\t\t\t\t\t\t\t\t<a class=\"elementor-toggle-title\" tabindex=\"0\"><h5 style=\"text-align:center\"><strong>Grupo de Eletr\u00f4nica de Pot\u00eancia e Controle (GEPOC)<\/strong><\/h5><\/a>\n\t\t\t\t\t<\/div>\n\n\t\t\t\t\t<div id=\"elementor-tab-content-4091\" class=\"elementor-tab-content elementor-clearfix\" data-tab=\"1\" role=\"region\" aria-labelledby=\"elementor-tab-title-4091\"><table style=\"border: none\">\n<tbody>\n<tr style=\"border: none\">\n<td style=\"border: none;text-align: center\"><strong>\u00a0Pesquisador<br \/><\/strong><\/td>\n<td style=\"border: none;text-align: center\">\u00a0<strong>Email<\/strong><\/td>\n<\/tr>\n<tr style=\"border: none\">\n<td style=\"border: none\">\u00a0<a href=\"http:\/\/buscatextual.cnpq.br\/buscatextual\/visualizacv.do?id=K4787834A2\" target=\"_blank\" rel=\"noopener noreferrer\">H\u00e9lio Le\u00e3es Hey<\/a><\/td>\n<td style=\"border: none;text-align: center\"><span id=\"cloak6fd3c78c8b4b082f5bca8a42ef83278a\"><a href=\"mailto:heliohey@ufsm.br\">heliohey@ufsm.br<\/a><\/span>\u00a0<a href=\"mailto:heliohey@gmail.com\"><br \/><\/a><\/td>\n<\/tr>\n<tr style=\"border: none\">\n<td style=\"border: none\">\u00a0<a href=\"http:\/\/buscatextual.cnpq.br\/buscatextual\/visualizacv.do?id=K4787136P4\" target=\"_blank\" rel=\"noopener noreferrer\">Jos\u00e9 Renes Pinheiro<\/a><\/td>\n<td style=\"border: none;text-align: center\"><span id=\"cloakd8654935f05f403885a41f7ea69bdde6\"><a href=\"mailto:jrenes@gepoc.ufsm.br\">jrenes@gepoc.ufsm.br<\/a><\/span>\u00a0<\/td>\n<\/tr>\n<tr style=\"border: none\">\n<td style=\"border: none\">\u00a0<a href=\"http:\/\/buscatextual.cnpq.br\/buscatextual\/visualizacv.do?id=K4767540A9\" target=\"_blank\" rel=\"noopener noreferrer\">Cassiano Rech<\/a><\/td>\n<td style=\"border: none;text-align: center\"><span id=\"cloak9f709e21944e5f932f22172218df8e75\"><a href=\"mailto:rech.cassiano@gmail.com\">rech.cassiano@gmail.com<\/a><\/span>\u00a0<\/td>\n<\/tr>\n<tr style=\"border: none\">\n<td style=\"border: none\">\u00a0<a href=\"http:\/\/buscatextual.cnpq.br\/buscatextual\/visualizacv.do?id=K4765248J6\" target=\"_blank\" rel=\"noopener noreferrer\">Humberto Pinheiro<\/a><\/td>\n<td style=\"border: none;text-align: center\">\u00a0<span id=\"cloak92b472cc869e7d2d286030147e9c9b60\"><a href=\"mailto:humberto.ctlab.ufsm.br@gmail.com\">humberto.ctlab.ufsm.br@gmail.com<\/a><\/span><\/td>\n<\/tr>\n<tr style=\"border: none\">\n<td style=\"border: none\">\u00a0<a href=\"http:\/\/buscatextual.cnpq.br\/buscatextual\/visualizacv.do?id=K4777729T6\" target=\"_blank\" rel=\"noopener noreferrer\">Leandro Michels<\/a><\/td>\n<td style=\"border: none;text-align: center\"><span id=\"cloak78881c08f9f7c82eb63a453667d50eb9\"><a href=\"mailto:michels@gepoc.ufsm.br\">michels@gepoc.ufsm.br<\/a><\/span>\u00a0<\/td>\n<\/tr>\n<tr style=\"border: none\">\n<td style=\"border: none\">\u00a0<a href=\"http:\/\/buscatextual.cnpq.br\/buscatextual\/visualizacv.do?id=K4702349T4\" target=\"_blank\" rel=\"noopener noreferrer\">Luciano Schuch<\/a><\/td>\n<td style=\"border: none;text-align: center\">\u00a0<span id=\"cloak7a983c90337110878aaa86c815f34f83\"><a href=\"mailto:schuch.prof@gmail.com\">schuch.prof@gmail.com<\/a><\/span><\/td>\n<\/tr>\n<tr style=\"border: none\">\n<td style=\"border: none\"><a href=\"http:\/\/buscatextual.cnpq.br\/buscatextual\/visualizacv.do?id=K4707553D1\" target=\"_blank\" rel=\"noopener noreferrer\">M\u00e1rio L\u00facio da Silva Martins<\/a><\/td>\n<td style=\"border: none;text-align: center\">\u00a0<span id=\"cloak67cbab3a7eaaa4c5601eeeed3e6355f8\"><a href=\"mailto:mariolsm@gmail.com\">mariolsm@gmail.com<\/a><\/span><\/td>\n<\/tr>\n<tr style=\"border: none\">\n<td style=\"border: none\">\u00a0<a href=\"http:\/\/buscatextual.cnpq.br\/buscatextual\/visualizacv.do?id=K4705631A0\" target=\"_blank\" rel=\"noopener noreferrer\">Robinson Figueiredo Camargo<\/a><\/td>\n<td style=\"border: none;text-align: center\"><span id=\"cloaka131e0de51953129f6a1c73e5b26ee7e\"><a href=\"mailto:robinson.camargo@gmail.com\">robinson.camargo@gmail.com<\/a><\/span>\u00a0<\/td>\n<\/tr>\n<tr style=\"border: none\">\n<td style=\"border: none\">\u00a0<a href=\"http:\/\/buscatextual.cnpq.br\/buscatextual\/visualizacv.do?id=K4799235Z9\" target=\"_blank\" rel=\"noopener noreferrer\">Vin\u00edcius Folleto Montagner<\/a><\/td>\n<td style=\"border: none;text-align: center\"><span id=\"cloak251ad8a1fd27d12c2eabf09b8572b130\"><a href=\"mailto:vfmontagner@gmail.com\">vfmontagner@gmail.com<\/a><\/span>\u00a0<\/td>\n<\/tr>\n<\/tbody>\n<\/table>\n<\/div>\n\t\t\t\t<\/div>\n\t\t\t\t\t\t\t<div class=\"elementor-toggle-item\">\n\t\t\t\t\t<div id=\"elementor-tab-title-4092\" class=\"elementor-tab-title\" data-tab=\"2\" role=\"button\" aria-controls=\"elementor-tab-content-4092\" aria-expanded=\"false\">\n\t\t\t\t\t\t\t\t\t\t\t\t<a class=\"elementor-toggle-title\" tabindex=\"0\"><h5 style=\"text-align:center\"><strong>Centro de Estudos em Energia e Sistemas de Pot\u00eancia (CEESP)<\/strong><\/h5><\/a>\n\t\t\t\t\t<\/div>\n\n\t\t\t\t\t<div id=\"elementor-tab-content-4092\" class=\"elementor-tab-content elementor-clearfix\" data-tab=\"2\" role=\"region\" aria-labelledby=\"elementor-tab-title-4092\">\n<table style=\"border: none\">\n<tbody>\n<tr style=\"border: none\">\n<td style=\"border: none;text-align: center\">\u00a0<b>Pesquisador<\/b><\/td>\n<td style=\"border: none;text-align: center\">\u00a0<strong>Email<\/strong><\/td>\n<\/tr>\n<tr style=\"border: none\">\n<td style=\"border: none\"><a href=\"http:\/\/buscatextual.cnpq.br\/buscatextual\/visualizacv.do?id=K4774557E1\" target=\"_blank\" rel=\"noopener noreferrer\">Alzenira da Rosa Abaide<\/a><\/td>\n<td style=\"border: none;text-align: center\">\u00a0<span id=\"cloak5fbb1954aa3ae27546342f3763c67632\"><a href=\"mailto:alzenira@ufsm.br\">alzenira@ufsm.br<\/a><\/span><\/td>\n<\/tr>\n<tr style=\"border: none\">\n<td style=\"border: none\">\u00a0<a href=\"http:\/\/buscatextual.cnpq.br\/buscatextual\/visualizacv.do?id=K4762671Y8\" target=\"_blank\" rel=\"noopener noreferrer\">Daniel Pinheiro Bernardon<\/a><\/td>\n<td style=\"border: none;text-align: center\"><span id=\"cloakda32eb1a33ff4b4c5a2acc392af3cf9b\"><a href=\"mailto:dpbernardon@ufsm.br\">dpbernardon@ufsm.br<\/a><\/span>\u00a0<\/td>\n<\/tr>\n<tr style=\"border: none\">\n<td style=\"border: none\">\u00a0<a href=\"http:\/\/buscatextual.cnpq.br\/buscatextual\/visualizacv.do?id=K4790205D6\" target=\"_blank\" rel=\"noopener noreferrer\">Felix Alberto Farret<\/a><\/td>\n<td style=\"border: none;text-align: center\"><span id=\"cloak5568e458a1d05a03be572c0eed7f3d12\"><a href=\"mailto:fafarret@gmail.com\">fafarret@gmail.com<\/a><\/span>\u00a0<\/td>\n<\/tr>\n<tr style=\"border: none\">\n<td style=\"border: none\">\u00a0<a href=\"http:\/\/buscatextual.cnpq.br\/buscatextual\/visualizacv.do?id=K4798975Y0\" target=\"_blank\" rel=\"noopener noreferrer\">Luciane Neves Canha<\/a><\/td>\n<td style=\"border: none;text-align: center\"><span id=\"cloak23e4723b87c96875979d06eb62744c28\"><a href=\"mailto:lucianecanha@ufsm.br\">lucianecanha@ufsm.br<\/a><\/span>\u00a0<\/td>\n<\/tr>\n<tr style=\"border: none\">\n<td style=\"border: none\"><a href=\"http:\/\/buscatextual.cnpq.br\/buscatextual\/visualizacv.do?id=K4777747D7\" target=\"_blank\" rel=\"noopener noreferrer\">\u00a0Mauricio Sperandio<\/a><\/td>\n<td style=\"border: none;text-align: center\"><span id=\"cloakc357feab8117a3af0299f602e878bc2a\"><a href=\"mailto:mauricio.sperandio@ufsm.br\">mauricio.sperandio@ufsm.br<\/a><\/span>\u00a0 \u00a0 \u00a0<\/td>\n<\/tr>\n<\/tbody>\n<\/table><\/div>\n\t\t\t\t<\/div>\n\t\t\t\t\t\t\t<div class=\"elementor-toggle-item\">\n\t\t\t\t\t<div id=\"elementor-tab-title-4093\" class=\"elementor-tab-title\" data-tab=\"3\" role=\"button\" aria-controls=\"elementor-tab-content-4093\" aria-expanded=\"false\">\n\t\t\t\t\t\t\t\t\t\t\t\t<a class=\"elementor-toggle-title\" tabindex=\"0\"><h5 style=\"text-align:center\"><strong>Grupo de Estudo e Desenvolvimento de Reatores Eletr\u00f4nicos (GEDRE)<\/strong><\/h5><\/a>\n\t\t\t\t\t<\/div>\n\n\t\t\t\t\t<div id=\"elementor-tab-content-4093\" class=\"elementor-tab-content elementor-clearfix\" data-tab=\"3\" role=\"region\" aria-labelledby=\"elementor-tab-title-4093\"><table style=\"border: none\">\n<tbody>\n<tr style=\"border: none\">\n<td style=\"border: none;text-align: center\">\u00a0<strong>Pesquisador<\/strong><\/td>\n<td style=\"border: none;text-align: center\">\u00a0<strong>Email<\/strong><\/td>\n<\/tr>\n<tr style=\"border: none\">\n<td style=\"border: none\">\u00a0<a href=\"http:\/\/buscatextual.cnpq.br\/buscatextual\/visualizacv.do?id=K4765177T4\" target=\"_blank\" rel=\"noopener noreferrer\">Marco Antonio Dalla Costa<\/a><\/td>\n<td style=\"border: none;text-align: center\"><span id=\"cloak640e75ef74776ecfc83b7430d2254451\"><a href=\"mailto:madc.sm@gmail.com\">madc.sm@gmail.com<\/a><\/span><\/td>\n<\/tr>\n<tr style=\"border: none\">\n<td style=\"border: none\">\u00a0<a href=\"http:\/\/buscatextual.cnpq.br\/buscatextual\/visualizacv.do?id=K4780705P3\" target=\"_blank\" rel=\"noopener noreferrer\">Ricardo Nederson do Prado<\/a><\/td>\n<td style=\"border: none;text-align: center\"><span id=\"cloakfe734624f57bf6bc66def5887ee6dcf3\"><a href=\"mailto:ricardo@gedre.ufsm.br\">ricardo@gedre.ufsm.br<\/a><\/span><\/td>\n<\/tr>\n<tr style=\"border: none\">\n<td style=\"border: none\">\u00a0<a href=\"http:\/\/buscatextual.cnpq.br\/buscatextual\/visualizacv.do?id=K4762393D9\" target=\"_blank\" rel=\"noopener noreferrer\">Tiago Bandeira Marchesan<\/a><\/td>\n<td style=\"border: none;text-align: center\"><span id=\"cloak073f8587df1fc67142f2a71b36b6a296\"><a href=\"mailto:tiago@ufsm.br\">tiago@ufsm.br<\/a><\/span>\u00a0<\/td>\n<\/tr>\n<\/tbody>\n<\/table><\/div>\n\t\t\t\t<\/div>\n\t\t\t\t\t\t\t<div class=\"elementor-toggle-item\">\n\t\t\t\t\t<div id=\"elementor-tab-title-4094\" class=\"elementor-tab-title\" data-tab=\"4\" role=\"button\" aria-controls=\"elementor-tab-content-4094\" aria-expanded=\"false\">\n\t\t\t\t\t\t\t\t\t\t\t\t<a class=\"elementor-toggle-title\" tabindex=\"0\"><h5 style=\"text-align:center\"><strong>Col\u00e9gio T\u00e9cnico Industrial de Santa Maria (CTISM)<\/strong><\/h5><\/a>\n\t\t\t\t\t<\/div>\n\n\t\t\t\t\t<div id=\"elementor-tab-content-4094\" class=\"elementor-tab-content elementor-clearfix\" data-tab=\"4\" role=\"region\" aria-labelledby=\"elementor-tab-title-4094\"><table style=\"border: none\">\n<tbody>\n<tr style=\"border: none\">\n<td style=\"border: none;text-align: center\">\u00a0<strong>Pesquisador<\/strong><strong><br \/><\/strong><\/td>\n<td style=\"border: none;text-align: center\"><strong>\u00a0 \u00a0Email<\/strong>\u00a0<\/td>\n<\/tr>\n<tr style=\"border: none\">\n<td style=\"border: none\"><a href=\"http:\/\/buscatextual.cnpq.br\/buscatextual\/visualizacv.do?id=K4761972E3\" target=\"_blank\" rel=\"noopener noreferrer\">\u00c1lysson Raniere Seidel<\/a><\/td>\n<td style=\"border: none;text-align: center\"><span id=\"cloakef5cbbf2d9e21e5a7164a53e91215527\"><a href=\"mailto:seidel@ctism.ufsm.br\">seidel@ctism.ufsm.br<\/a><\/span><\/td>\n<\/tr>\n<tr style=\"border: none\">\n<td style=\"border: none\">\u00a0<a href=\"http:\/\/buscatextual.cnpq.br\/buscatextual\/visualizacv.do?id=K4713333E3\" target=\"_blank\" rel=\"noopener noreferrer\">Leandro Roggia<\/a><\/td>\n<td style=\"border: none;text-align: center\"><span id=\"cloakbaec51817fdc22d8ac03eeaf08fd25be\"><a href=\"mailto:roggia@ctism.ufsm.br\">roggia@ctism.ufsm.br<\/a><\/span><\/td>\n<\/tr>\n<tr style=\"border: none\">\n<td style=\"border: none\">\u00a0<a href=\"http:\/\/buscatextual.cnpq.br\/buscatextual\/visualizacv.do?id=K4763995Z2\" target=\"_blank\" rel=\"noopener noreferrer\">Marcelo Freitas da Silva<\/a><\/td>\n<td style=\"border: none;text-align: center\"><span id=\"cloak5ba9025cae66c05d1ee2c375bfbe4303\"><a href=\"mailto:marcelo@ctism.ufsm.br\">marcelo@ctism.ufsm.br<\/a><\/span>\u00a0 \u00a0 \u00a0 \u00a0<\/td>\n<\/tr>\n<tr style=\"border: none\">\n<td style=\"border: none\"><a href=\"http:\/\/buscatextual.cnpq.br\/buscatextual\/visualizacv.do?id=K4772209J5\" target=\"_blank\" rel=\"noopener noreferrer\">Rafael Adaime Pinto<\/a>\n<\/td>\n<td style=\"border: none;text-align:center\"><span id=\"cloak781b66008929abeef776c7791f15e2da\"><a href=\"mailto:rafael@ctism.ufsm.br\">rafael@ctism.ufsm.br<\/a><\/span><\/td>\n<\/tr>\n<\/tbody>\n<\/table><\/div>\n\t\t\t\t<\/div>\n\t\t\t\t\t\t\t<div class=\"elementor-toggle-item\">\n\t\t\t\t\t<div id=\"elementor-tab-title-4095\" class=\"elementor-tab-title\" data-tab=\"5\" role=\"button\" aria-controls=\"elementor-tab-content-4095\" aria-expanded=\"false\">\n\t\t\t\t\t\t\t\t\t\t\t\t<a class=\"elementor-toggle-title\" tabindex=\"0\"><h5 style=\"text-align:center\"><strong>Grupo de Pesquisa em Efici\u00eancia Energ\u00e9tica e Sustentabilidade em Edifica\u00e7\u00f5es (GEESE)<\/strong><\/h5><\/a>\n\t\t\t\t\t<\/div>\n\n\t\t\t\t\t<div id=\"elementor-tab-content-4095\" class=\"elementor-tab-content elementor-clearfix\" data-tab=\"5\" role=\"region\" aria-labelledby=\"elementor-tab-title-4095\"><table style=\"border: none\">\n<tbody>\n<tr style=\"border: none\">\n<td style=\"border: none;text-align: center\">\u00a0<strong>Pesquisador<\/strong><\/td>\n<td style=\"border: none;text-align: center\"><strong>\u00a0Email<\/strong><\/td>\n<\/tr>\n<tr style=\"border: none\">\n<td style=\"border: none\">\u00a0<a href=\"http:\/\/buscatextual.cnpq.br\/buscatextual\/visualizacv.do?id=K4785720U5\" target=\"_blank\" rel=\"noopener noreferrer\">Giane de Campos Grigoletti<\/a>\u00a0<\/td>\n<td style=\"border: none;text-align: center\"><span id=\"cloak37a7cb766c4ec179ecc9c8cbdcfc60b2\"><a href=\"mailto:grigoletti@smail.ufsm.br\">grigoletti@smail.ufsm.br<\/a><\/span><\/td>\n<\/tr>\n<tr style=\"border: none\">\n<td style=\"border: none\">\u00a0<a href=\"http:\/\/buscatextual.cnpq.br\/buscatextual\/visualizacv.do?id=K4509944U3\" target=\"_blank\" rel=\"noopener noreferrer\">\u00cdsis Portolan dos Santos<\/a>\u00a0<\/td>\n<td style=\"border: none;text-align: center\"><span id=\"cloakeda533b245a964298ce74f8f802f8bf4\"><a href=\"mailto:isisporto@gmail.com\">isisporto@gmail.com<\/a><\/span>\u00a0<\/td>\n<\/tr>\n<tr>\n<td style=\"border: none\">\u00a0<a href=\"http:\/\/buscatextual.cnpq.br\/buscatextual\/visualizacv.do?id=K4792651E5\" target=\"_blank\" rel=\"noopener noreferrer\">Joaquim Pizzutti dos Santos<\/a>\u00a0<\/td>\n<td style=\"border: none;text-align: center\"><span id=\"cloak6c2e5573b32ecbd15396669dbdd52f3d\"><a href=\"mailto:joaquimpizzutti@hotmail.com\">joaquimpizzutti@hotmail.com<\/a><\/span>\u00a0<\/td>\n<\/tr>\n<\/tbody>\n<\/table><\/div>\n\t\t\t\t<\/div>\n\t\t\t\t\t\t\t<div class=\"elementor-toggle-item\">\n\t\t\t\t\t<div id=\"elementor-tab-title-4096\" class=\"elementor-tab-title\" data-tab=\"6\" role=\"button\" aria-controls=\"elementor-tab-content-4096\" aria-expanded=\"false\">\n\t\t\t\t\t\t\t\t\t\t\t\t<a class=\"elementor-toggle-title\" tabindex=\"0\"><h5 style=\"text-align:center\"><strong>Laborat\u00f3rio de Motores de Combust\u00e3o Interna (LABMOT)<\/strong><\/h5><\/a>\n\t\t\t\t\t<\/div>\n\n\t\t\t\t\t<div id=\"elementor-tab-content-4096\" class=\"elementor-tab-content elementor-clearfix\" data-tab=\"6\" role=\"region\" aria-labelledby=\"elementor-tab-title-4096\"><table style=\"border: none\">\n<tbody>\n<tr style=\"border: none\">\n<td style=\"border: none;text-align: center\">\u00a0<strong>Pesquisador<\/strong><strong><br \/><\/strong><\/td>\n<td style=\"border: none;text-align: center\"><strong>Email<\/strong><\/td>\n<\/tr>\n<tr style=\"border: none\">\n<td style=\"border: none\">\u00a0<a href=\"http:\/\/buscatextual.cnpq.br\/buscatextual\/visualizacv.do?id=K4761276A7\" target=\"_blank\" rel=\"noopener noreferrer\">Paulo Romeu Moreira Machado<\/a><\/td>\n<td style=\"border: none;text-align: center\">\u00a0 \u00a0<span id=\"cloak435b392fcfe50a5d3f315d769e8628cb\"><a href=\"mailto:promeu.machado@gmail.com\">promeu.machado@gmail.com<\/a><\/span>\u00a0<\/td>\n<\/tr>\n<\/tbody>\n<\/table><\/div>\n\t\t\t\t<\/div>\n\t\t\t\t\t\t\t\t<\/div>\n\t\t\t\t<\/div>\n\t\t\t\t<\/div>\n\t\t\t\t\t<\/div>\n\t\t<\/div>\n\t\t\t\t\t<\/div>\n\t\t<\/section>\n\t\t\t\t<section class=\"elementor-section elementor-top-section elementor-element elementor-element-7b477d04 elementor-section-boxed elementor-section-height-default elementor-section-height-default\" data-id=\"7b477d04\" data-element_type=\"section\">\n\t\t\t\t\t\t<div class=\"elementor-container elementor-column-gap-default\">\n\t\t\t\t\t<div class=\"elementor-column elementor-col-100 elementor-top-column elementor-element elementor-element-445f7960\" data-id=\"445f7960\" data-element_type=\"column\">\n\t\t\t<div class=\"elementor-widget-wrap elementor-element-populated\">\n\t\t\t\t\t\t<div class=\"elementor-element elementor-element-71ddd6bc elementor-widget elementor-widget-text-editor\" data-id=\"71ddd6bc\" data-element_type=\"widget\" data-widget_type=\"text-editor.default\">\n\t\t\t\t<div class=\"elementor-widget-container\">\n\t\t\t\t\t\t\t\n<!-- \/wp:tadv\/classic-paragraph -->\t\t\t\t\t\t<\/div>\n\t\t\t\t<\/div>\n\t\t\t\t\t<\/div>\n\t\t<\/div>\n\t\t\t\t\t<\/div>\n\t\t<\/section>\n\t\t\t\t<\/div>\n\t\t","protected":false},"excerpt":{"rendered":"<p>Grupo de Eletr\u00f4nica de Pot\u00eancia e Controle (GEPOC) \u00a0Pesquisador \u00a0Email \u00a0H\u00e9lio Le\u00e3es Hey heliohey@ufsm.br\u00a0 \u00a0Jos\u00e9 Renes Pinheiro jrenes@gepoc.ufsm.br\u00a0 \u00a0Cassiano Rech rech.cassiano@gmail.com\u00a0 \u00a0Humberto Pinheiro \u00a0humberto.ctlab.ufsm.br@gmail.com \u00a0Leandro Michels michels@gepoc.ufsm.br\u00a0 \u00a0Luciano Schuch \u00a0schuch.prof@gmail.com M\u00e1rio L\u00facio da Silva Martins \u00a0mariolsm@gmail.com \u00a0Robinson Figueiredo Camargo robinson.camargo@gmail.com\u00a0 \u00a0Vin\u00edcius Folleto Montagner vfmontagner@gmail.com\u00a0 Centro de Estudos em Energia e Sistemas de Pot\u00eancia (CEESP) \u00a0Pesquisador [&hellip;]<\/p>\n","protected":false},"author":115,"featured_media":0,"parent":0,"menu_order":0,"comment_status":"closed","ping_status":"closed","template":"","meta":{"footnotes":""},"categories":[],"tags":[],"class_list":["post-77","page","type-page","status-publish","hentry"],"acf":[],"_links":{"self":[{"href":"https:\/\/www.ufsm.br\/laboratorios\/inct\/wp-json\/wp\/v2\/pages\/77","targetHints":{"allow":["GET"]}}],"collection":[{"href":"https:\/\/www.ufsm.br\/laboratorios\/inct\/wp-json\/wp\/v2\/pages"}],"about":[{"href":"https:\/\/www.ufsm.br\/laboratorios\/inct\/wp-json\/wp\/v2\/types\/page"}],"author":[{"embeddable":true,"href":"https:\/\/www.ufsm.br\/laboratorios\/inct\/wp-json\/wp\/v2\/users\/115"}],"replies":[{"embeddable":true,"href":"https:\/\/www.ufsm.br\/laboratorios\/inct\/wp-json\/wp\/v2\/comments?post=77"}],"version-history":[{"count":0,"href":"https:\/\/www.ufsm.br\/laboratorios\/inct\/wp-json\/wp\/v2\/pages\/77\/revisions"}],"wp:attachment":[{"href":"https:\/\/www.ufsm.br\/laboratorios\/inct\/wp-json\/wp\/v2\/media?parent=77"}],"wp:term":[{"taxonomy":"category","embeddable":true,"href":"https:\/\/www.ufsm.br\/laboratorios\/inct\/wp-json\/wp\/v2\/categories?post=77"},{"taxonomy":"post_tag","embeddable":true,"href":"https:\/\/www.ufsm.br\/laboratorios\/inct\/wp-json\/wp\/v2\/tags?post=77"}],"curies":[{"name":"wp","href":"https:\/\/api.w.org\/{rel}","templated":true}]}}