{"id":257,"date":"2026-03-22T13:34:16","date_gmt":"2026-03-22T16:34:16","guid":{"rendered":"https:\/\/www.ufsm.br\/laboratorios\/l2b\/?page_id=257"},"modified":"2026-03-22T14:20:59","modified_gmt":"2026-03-22T17:20:59","slug":"contatos-l2b","status":"publish","type":"page","link":"https:\/\/www.ufsm.br\/laboratorios\/l2b\/contatos-l2b","title":{"rendered":"Contatos L2B"},"content":{"rendered":"\t\t<div data-elementor-type=\"wp-page\" data-elementor-id=\"257\" class=\"elementor elementor-257\">\n\t\t\t\t\t\t<section class=\"elementor-section elementor-top-section elementor-element elementor-element-9d2df2d elementor-section-boxed elementor-section-height-default elementor-section-height-default\" data-id=\"9d2df2d\" data-element_type=\"section\">\n\t\t\t\t\t\t<div class=\"elementor-container elementor-column-gap-default\">\n\t\t\t\t\t<div class=\"elementor-column elementor-col-100 elementor-top-column elementor-element elementor-element-ebaeb6d\" data-id=\"ebaeb6d\" data-element_type=\"column\">\n\t\t\t<div class=\"elementor-widget-wrap elementor-element-populated\">\n\t\t\t\t\t\t<div class=\"elementor-element elementor-element-4e650d3 elementor-widget elementor-widget-text-editor\" data-id=\"4e650d3\" data-element_type=\"widget\" data-widget_type=\"text-editor.default\">\n\t\t\t\t<div class=\"elementor-widget-container\">\n\t\t\t\t\t\t\t<table style=\"border-collapse: collapse;width: 100%\"><thead><tr style=\"background-color: #475db3\"><td style=\"width: 33.3333%;text-align: center\"><span style=\"color: #ffffff;font-size: 14pt\"><strong>Representantes<\/strong><\/span><\/td><td style=\"width: 33.3333%;text-align: center\"><span style=\"color: #000000\">\u00a0<span style=\"color: #ffffff\"><strong><span style=\"font-size: 14pt\">Fun\u00e7\u00e3o<\/span><\/strong><\/span><\/span><\/td><td style=\"width: 33.3333%;text-align: center\"><span style=\"color: #ffffff\"><strong><span style=\"font-size: 14pt\">Contatos<\/span><\/strong><\/span><\/td><\/tr><\/thead><\/table><table style=\"border-collapse: collapse;width: 100%;height: 48px\"><tbody><tr style=\"height: 24px\"><td style=\"width: 33.3333%;height: 24px\">Fl\u00e1vio Dias Mayer<\/td><td style=\"width: 33.3333%;height: 24px\">Coordenador<\/td><td style=\"width: 33.3333%;height: 24px\">E-mail: flavio.mayer@ufsm.br\u00a0<\/td><\/tr><tr style=\"height: 24px\"><td style=\"width: 33.3333%;height: 24px\"><p>Jo\u00e3o Henrique Cabral Wancura<\/p><\/td><td style=\"width: 33.3333%;height: 24px\">Coordenador Substituto<\/td><td style=\"width: 33.3333%;height: 24px\"><p>E-mail: <img decoding=\"async\" class=\"CQ CU\" src=\"https:\/\/mail.google.com\/mail\/u\/0\/images\/cleardot.gif\" alt=\"\" \/>joao.wancura@ufsm.br<\/p><\/td><\/tr><\/tbody><\/table>\t\t\t\t\t\t<\/div>\n\t\t\t\t<\/div>\n\t\t\t\t\t<\/div>\n\t\t<\/div>\n\t\t\t\t\t<\/div>\n\t\t<\/section>\n\t\t\t\t<\/div>\n\t\t","protected":false},"excerpt":{"rendered":"<p>Representantes \u00a0Fun\u00e7\u00e3o Contatos Fl\u00e1vio Dias Mayer Coordenador E-mail: flavio.mayer@ufsm.br\u00a0 Jo\u00e3o Henrique Cabral Wancura Coordenador Substituto E-mail: joao.wancura@ufsm.br<\/p>\n","protected":false},"author":8900,"featured_media":0,"parent":0,"menu_order":0,"comment_status":"closed","ping_status":"closed","template":"","meta":{"footnotes":""},"categories":[],"tags":[],"class_list":["post-257","page","type-page","status-publish","hentry"],"acf":[],"_links":{"self":[{"href":"https:\/\/www.ufsm.br\/laboratorios\/l2b\/wp-json\/wp\/v2\/pages\/257","targetHints":{"allow":["GET"]}}],"collection":[{"href":"https:\/\/www.ufsm.br\/laboratorios\/l2b\/wp-json\/wp\/v2\/pages"}],"about":[{"href":"https:\/\/www.ufsm.br\/laboratorios\/l2b\/wp-json\/wp\/v2\/types\/page"}],"author":[{"embeddable":true,"href":"https:\/\/www.ufsm.br\/laboratorios\/l2b\/wp-json\/wp\/v2\/users\/8900"}],"replies":[{"embeddable":true,"href":"https:\/\/www.ufsm.br\/laboratorios\/l2b\/wp-json\/wp\/v2\/comments?post=257"}],"version-history":[{"count":0,"href":"https:\/\/www.ufsm.br\/laboratorios\/l2b\/wp-json\/wp\/v2\/pages\/257\/revisions"}],"wp:attachment":[{"href":"https:\/\/www.ufsm.br\/laboratorios\/l2b\/wp-json\/wp\/v2\/media?parent=257"}],"wp:term":[{"taxonomy":"category","embeddable":true,"href":"https:\/\/www.ufsm.br\/laboratorios\/l2b\/wp-json\/wp\/v2\/categories?post=257"},{"taxonomy":"post_tag","embeddable":true,"href":"https:\/\/www.ufsm.br\/laboratorios\/l2b\/wp-json\/wp\/v2\/tags?post=257"}],"curies":[{"name":"wp","href":"https:\/\/api.w.org\/{rel}","templated":true}]}}