{"id":22,"date":"2019-05-14T17:01:42","date_gmt":"2019-05-14T20:01:42","guid":{"rendered":"https:\/\/www.ufsm.br\/template-laboratprio\/?page_id=22"},"modified":"2024-11-13T15:41:13","modified_gmt":"2024-11-13T18:41:13","slug":"sobre","status":"publish","type":"page","link":"https:\/\/www.ufsm.br\/laboratorios\/laamuc\/sobre","title":{"rendered":"Sobre"},"content":{"rendered":"\n<p style=\"text-align: left\">O laborat\u00f3rio de an\u00e1lises ambientais e mudan\u00e7as clim\u00e1ticas tem por objetivo potencializar a forma\u00e7\u00e3o de profissionais aptos a atuarem na \u00e1rea de controle, monitoramento e mitiga\u00e7\u00e3o ambiental e clim\u00e1tica, disponibilizando equipamentos e insumos para a coleta, processamento e an\u00e1lise de par\u00e2metros ambientais e clim\u00e1ticos.<\/p>\n","protected":false},"excerpt":{"rendered":"<p>O laborat\u00f3rio de an\u00e1lises ambientais e mudan\u00e7as clim\u00e1ticas tem por objetivo potencializar a forma\u00e7\u00e3o de profissionais aptos a atuarem na \u00e1rea de controle, monitoramento e mitiga\u00e7\u00e3o ambiental e clim\u00e1tica, disponibilizando equipamentos e insumos para a coleta, processamento e an\u00e1lise de par\u00e2metros ambientais e clim\u00e1ticos.<\/p>\n","protected":false},"author":8,"featured_media":0,"parent":0,"menu_order":0,"comment_status":"closed","ping_status":"closed","template":"","meta":{"footnotes":""},"categories":[],"tags":[],"class_list":["post-22","page","type-page","status-publish","hentry"],"acf":[],"_links":{"self":[{"href":"https:\/\/www.ufsm.br\/laboratorios\/laamuc\/wp-json\/wp\/v2\/pages\/22","targetHints":{"allow":["GET"]}}],"collection":[{"href":"https:\/\/www.ufsm.br\/laboratorios\/laamuc\/wp-json\/wp\/v2\/pages"}],"about":[{"href":"https:\/\/www.ufsm.br\/laboratorios\/laamuc\/wp-json\/wp\/v2\/types\/page"}],"author":[{"embeddable":true,"href":"https:\/\/www.ufsm.br\/laboratorios\/laamuc\/wp-json\/wp\/v2\/users\/8"}],"replies":[{"embeddable":true,"href":"https:\/\/www.ufsm.br\/laboratorios\/laamuc\/wp-json\/wp\/v2\/comments?post=22"}],"version-history":[{"count":0,"href":"https:\/\/www.ufsm.br\/laboratorios\/laamuc\/wp-json\/wp\/v2\/pages\/22\/revisions"}],"wp:attachment":[{"href":"https:\/\/www.ufsm.br\/laboratorios\/laamuc\/wp-json\/wp\/v2\/media?parent=22"}],"wp:term":[{"taxonomy":"category","embeddable":true,"href":"https:\/\/www.ufsm.br\/laboratorios\/laamuc\/wp-json\/wp\/v2\/categories?post=22"},{"taxonomy":"post_tag","embeddable":true,"href":"https:\/\/www.ufsm.br\/laboratorios\/laamuc\/wp-json\/wp\/v2\/tags?post=22"}],"curies":[{"name":"wp","href":"https:\/\/api.w.org\/{rel}","templated":true}]}}