{"id":23,"date":"2019-05-14T17:02:03","date_gmt":"2019-05-14T20:02:03","guid":{"rendered":"https:\/\/www.ufsm.br\/template-laboratprio\/?page_id=23"},"modified":"2020-02-05T12:51:28","modified_gmt":"2020-02-05T15:51:28","slug":"equipe","status":"publish","type":"page","link":"https:\/\/www.ufsm.br\/laboratorios\/lab2228\/equipe","title":{"rendered":"Equipe"},"content":{"rendered":"\t\t<div data-elementor-type=\"wp-page\" data-elementor-id=\"23\" class=\"elementor elementor-23\">\n\t\t\t\t\t\t<section class=\"elementor-section elementor-top-section elementor-element elementor-element-09308cc elementor-section-boxed elementor-section-height-default elementor-section-height-default\" data-id=\"09308cc\" data-element_type=\"section\">\n\t\t\t\t\t\t<div class=\"elementor-container elementor-column-gap-default\">\n\t\t\t\t\t<div class=\"elementor-column elementor-col-100 elementor-top-column elementor-element elementor-element-d2ab667\" data-id=\"d2ab667\" data-element_type=\"column\">\n\t\t\t<div class=\"elementor-widget-wrap elementor-element-populated\">\n\t\t\t\t\t\t<div class=\"elementor-element elementor-element-57a7191 elementor-widget elementor-widget-text-editor\" data-id=\"57a7191\" data-element_type=\"widget\" data-widget_type=\"text-editor.default\">\n\t\t\t\t<div class=\"elementor-widget-container\">\n\t\t\t\t\t\t\t<p><img decoding=\"async\" class=\"alignnone size-full wp-image-38 aligncenter\" src=\"https:\/\/www.ufsm.br\/laboratorios\/lab2228\/wp-content\/uploads\/sites\/803\/2020\/02\/Prof.jpg\" alt=\"\" width=\"138\" height=\"227\" \/><\/p><p style=\"text-align: center\">Prof. Dr. Claudio Silveira<\/p><p style=\"text-align: center\"><a href=\"http:\/\/buscatextual.cnpq.br\/buscatextual\/visualizacv.do?id=K4787782A3\"><span>Curr\u00edculo Lattes<\/span><\/a><\/p>\t\t\t\t\t\t<\/div>\n\t\t\t\t<\/div>\n\t\t\t\t\t<\/div>\n\t\t<\/div>\n\t\t\t\t\t<\/div>\n\t\t<\/section>\n\t\t\t\t<section class=\"elementor-section elementor-top-section elementor-element elementor-element-5e5c227 elementor-section-boxed elementor-section-height-default elementor-section-height-default\" data-id=\"5e5c227\" data-element_type=\"section\">\n\t\t\t\t\t\t<div class=\"elementor-container elementor-column-gap-default\">\n\t\t\t\t\t<div class=\"elementor-column elementor-col-100 elementor-top-column elementor-element elementor-element-6e0a13d\" data-id=\"6e0a13d\" data-element_type=\"column\">\n\t\t\t<div class=\"elementor-widget-wrap elementor-element-populated\">\n\t\t\t\t\t\t<div class=\"elementor-element elementor-element-49e044f elementor-widget elementor-widget-text-editor\" data-id=\"49e044f\" data-element_type=\"widget\" data-widget_type=\"text-editor.default\">\n\t\t\t\t<div class=\"elementor-widget-container\">\n\t\t\t\t\t\t\t<p style=\"text-align: center\"><strong>Alunos de P\u00f3s-Gradua\u00e7\u00e3o<\/strong><\/p><table style=\"border-collapse: collapse;width: 95.4986%\"><tbody><tr><td style=\"width: 19.5009%\"><p><img decoding=\"async\" class=\"wp-image-39 aligncenter\" src=\"https:\/\/www.ufsm.br\/laboratorios\/lab2228\/wp-content\/uploads\/sites\/803\/2020\/02\/bruna-kuhn.jpg\" alt=\"\" width=\"180\" height=\"210\" srcset=\"https:\/\/www.ufsm.br\/app\/uploads\/sites\/803\/2020\/02\/bruna-kuhn.jpg 335w, https:\/\/www.ufsm.br\/app\/uploads\/sites\/803\/2020\/02\/bruna-kuhn-258x300.jpg 258w\" sizes=\"(max-width: 180px) 100vw, 180px\" \/><\/p><p style=\"text-align: center\"><strong>Bruna Luiza Kuh<\/strong><\/p><p style=\"text-align: center\"><a href=\"http:\/\/buscatextual.cnpq.br\/buscatextual\/visualizacv.do?id=K4214905H2\">Curr\u00edculo Lattes<\/a><\/p><\/td><td style=\"width: 20.4992%\"><p><img decoding=\"async\" class=\"wp-image-40 aligncenter\" src=\"https:\/\/www.ufsm.br\/laboratorios\/lab2228\/wp-content\/uploads\/sites\/803\/2020\/02\/Gustavo-Padilha-reduzido.jpg\" alt=\"\" width=\"174\" height=\"212\" \/><\/p><p style=\"text-align: center\"><strong>Gustavo Padilha\u00a0<\/strong><\/p><p style=\"text-align: center\"><a href=\"http:\/\/lattes.cnpq.br\/2706309455546776\">Curr\u00edculo Lattes<\/a><\/p><\/td><td style=\"width: 19.3011%\"><p><img loading=\"lazy\" decoding=\"async\" class=\"aligncenter wp-image-41 \" src=\"https:\/\/www.ufsm.br\/laboratorios\/lab2228\/wp-content\/uploads\/sites\/803\/2020\/02\/margi-758x1024.jpg\" alt=\"\" width=\"156\" height=\"211\" srcset=\"https:\/\/www.ufsm.br\/app\/uploads\/sites\/803\/2020\/02\/margi-758x1024.jpg 758w, https:\/\/www.ufsm.br\/app\/uploads\/sites\/803\/2020\/02\/margi-222x300.jpg 222w, https:\/\/www.ufsm.br\/app\/uploads\/sites\/803\/2020\/02\/margi-768x1038.jpg 768w, https:\/\/www.ufsm.br\/app\/uploads\/sites\/803\/2020\/02\/margi.jpg 1126w\" sizes=\"(max-width: 156px) 100vw, 156px\" \/><\/p><p style=\"text-align: center\"><strong>Margiani de Paula Fortes<\/strong><\/p><p style=\"text-align: center\"><a href=\"http:\/\/lattes.cnpq.br\/9304484754626093\">Curr\u00edculo Lattes<\/a><\/p><\/td><td style=\"width: 18.2397%\"><p><img loading=\"lazy\" decoding=\"async\" class=\"wp-image-42 aligncenter\" src=\"https:\/\/www.ufsm.br\/laboratorios\/lab2228\/wp-content\/uploads\/sites\/803\/2020\/02\/mari.jpg\" alt=\"\" width=\"154\" height=\"210\" \/><\/p><p style=\"text-align: center\"><strong>Margiani de Paula Forte<\/strong><\/p><p style=\"text-align: center\"><a href=\"http:\/\/lattes.cnpq.br\/9304484754626093\">Curr\u00edculo Lattes<\/a><\/p><\/td><td style=\"width: 19.9624%\"><p><img loading=\"lazy\" decoding=\"async\" class=\"aligncenter wp-image-43 \" src=\"https:\/\/www.ufsm.br\/laboratorios\/lab2228\/wp-content\/uploads\/sites\/803\/2020\/02\/matias-1.jpg\" alt=\"\" width=\"163\" height=\"214\" \/><\/p><p style=\"text-align: center\"><strong>Matias Mon\u00e7alves Ara\u00fajo<\/strong><\/p><p style=\"text-align: center\"><a href=\"http:\/\/lattes.cnpq.br\/8777189789074240\">Curr\u00edculo Lattes<\/a><\/p><\/td><\/tr><\/tbody><\/table>\t\t\t\t\t\t<\/div>\n\t\t\t\t<\/div>\n\t\t\t\t\t<\/div>\n\t\t<\/div>\n\t\t\t\t\t<\/div>\n\t\t<\/section>\n\t\t\t\t<section class=\"elementor-section elementor-top-section elementor-element elementor-element-fb5d5d8 elementor-section-boxed elementor-section-height-default elementor-section-height-default\" data-id=\"fb5d5d8\" data-element_type=\"section\">\n\t\t\t\t\t\t<div class=\"elementor-container elementor-column-gap-default\">\n\t\t\t\t\t<div class=\"elementor-column elementor-col-100 elementor-top-column elementor-element elementor-element-677c177\" data-id=\"677c177\" data-element_type=\"column\">\n\t\t\t<div class=\"elementor-widget-wrap elementor-element-populated\">\n\t\t\t\t\t\t<div class=\"elementor-element elementor-element-4d224a3 elementor-widget elementor-widget-text-editor\" data-id=\"4d224a3\" data-element_type=\"widget\" data-widget_type=\"text-editor.default\">\n\t\t\t\t<div class=\"elementor-widget-container\">\n\t\t\t\t\t\t\t<p>\u00a0<\/p><p style=\"text-align: center\"><strong>\u00a0Inicia\u00e7\u00e3o Cient\u00edfica<\/strong><\/p><p><img loading=\"lazy\" decoding=\"async\" class=\"size-medium wp-image-44 aligncenter\" src=\"https:\/\/www.ufsm.br\/laboratorios\/lab2228\/wp-content\/uploads\/sites\/803\/2020\/02\/Guilherme-2012-224x300.jpg\" alt=\"\" width=\"224\" height=\"300\" srcset=\"https:\/\/www.ufsm.br\/app\/uploads\/sites\/803\/2020\/02\/Guilherme-2012-224x300.jpg 224w, https:\/\/www.ufsm.br\/app\/uploads\/sites\/803\/2020\/02\/Guilherme-2012.jpg 266w\" sizes=\"(max-width: 224px) 100vw, 224px\" \/><\/p><p style=\"text-align: center\"><strong>Guilherme M. Martins<\/strong><\/p><p style=\"text-align: center\"><a href=\"http:\/\/lattes.cnpq.br\/5993971608195985\">Curr\u00edculo Lattes<\/a><\/p>\t\t\t\t\t\t<\/div>\n\t\t\t\t<\/div>\n\t\t\t\t\t<\/div>\n\t\t<\/div>\n\t\t\t\t\t<\/div>\n\t\t<\/section>\n\t\t\t\t<section class=\"elementor-section elementor-top-section elementor-element elementor-element-cbcae4f elementor-section-boxed elementor-section-height-default elementor-section-height-default\" data-id=\"cbcae4f\" data-element_type=\"section\">\n\t\t\t\t\t\t<div class=\"elementor-container elementor-column-gap-default\">\n\t\t\t\t\t<div class=\"elementor-column elementor-col-100 elementor-top-column elementor-element elementor-element-11b8d12\" data-id=\"11b8d12\" data-element_type=\"column\">\n\t\t\t<div class=\"elementor-widget-wrap elementor-element-populated\">\n\t\t\t\t\t\t<div class=\"elementor-element elementor-element-53526de elementor-widget elementor-widget-text-editor\" data-id=\"53526de\" data-element_type=\"widget\" data-widget_type=\"text-editor.default\">\n\t\t\t\t<div class=\"elementor-widget-container\">\n\t\t\t\t\t\t\t<p style=\"text-align: center\"><strong>Egressos 2228<\/strong><\/p><table style=\"border-collapse: collapse;width: 83.8616%;height: 212px\"><tbody><tr style=\"height: 212px\"><td style=\"width: 21.0066%;height: 212px\"><p><img loading=\"lazy\" decoding=\"async\" class=\"aligncenter wp-image-45 \" src=\"https:\/\/www.ufsm.br\/laboratorios\/lab2228\/wp-content\/uploads\/sites\/803\/2020\/02\/eder-222x300.jpg\" alt=\"\" width=\"190\" height=\"257\" srcset=\"https:\/\/www.ufsm.br\/app\/uploads\/sites\/803\/2020\/02\/eder-222x300.jpg 222w, https:\/\/www.ufsm.br\/app\/uploads\/sites\/803\/2020\/02\/eder.jpg 402w\" sizes=\"(max-width: 190px) 100vw, 190px\" \/><\/p><p style=\"text-align: center\"><strong>Eder Jo\u00e3o Lenard\u00e3o<\/strong><\/p><p style=\"text-align: center\">Professor da UFPEL<\/p><\/td><td style=\"width: 23.055%;height: 212px\"><p>\u00a0<\/p><p><img loading=\"lazy\" decoding=\"async\" class=\"wp-image-46  aligncenter\" src=\"https:\/\/www.ufsm.br\/laboratorios\/lab2228\/wp-content\/uploads\/sites\/803\/2020\/02\/lucas-235x300.jpg\" alt=\"\" width=\"200\" height=\"255\" srcset=\"https:\/\/www.ufsm.br\/app\/uploads\/sites\/803\/2020\/02\/lucas-235x300.jpg 235w, https:\/\/www.ufsm.br\/app\/uploads\/sites\/803\/2020\/02\/lucas.jpg 495w\" sizes=\"(max-width: 200px) 100vw, 200px\" \/><\/p><p style=\"text-align: center\"><strong>Lucas Wolf<\/strong><\/p><p style=\"text-align: center\">Doutorando da UFSM<\/p><p>\u00a0<\/p><\/td><td style=\"width: 20.6224%;height: 212px\"><p><img loading=\"lazy\" decoding=\"async\" class=\"aligncenter wp-image-47 \" src=\"https:\/\/www.ufsm.br\/laboratorios\/lab2228\/wp-content\/uploads\/sites\/803\/2020\/02\/francieli.jpg\" alt=\"\" width=\"176\" height=\"258\" \/><\/p><p style=\"text-align: center\"><strong>Francieli Rinaldi<\/strong><\/p><p style=\"text-align: center\">T\u00e9c. em qu\u00edmica da UNIPAMPA<\/p><\/td><td style=\"width: 22.1229%;height: 212px\"><p><img loading=\"lazy\" decoding=\"async\" class=\"wp-image-48 aligncenter\" src=\"https:\/\/www.ufsm.br\/laboratorios\/lab2228\/wp-content\/uploads\/sites\/803\/2020\/02\/sam.jpg\" alt=\"\" width=\"170\" height=\"227\" \/><\/p><p style=\"text-align: center\"><strong>Samuel Rodrigues Mendes<\/strong><\/p><p style=\"text-align: center\">Professor da Universidade do Estado de Santa Catarina &#8211; UDESC<\/p><\/td><\/tr><\/tbody><\/table>\t\t\t\t\t\t<\/div>\n\t\t\t\t<\/div>\n\t\t\t\t\t<\/div>\n\t\t<\/div>\n\t\t\t\t\t<\/div>\n\t\t<\/section>\n\t\t\t\t<\/div>\n\t\t","protected":false},"excerpt":{"rendered":"<p>Prof. Dr. Claudio Silveira Curr\u00edculo Lattes Alunos de P\u00f3s-Gradua\u00e7\u00e3o Bruna Luiza Kuh Curr\u00edculo Lattes Gustavo Padilha\u00a0 Curr\u00edculo Lattes Margiani de Paula Fortes Curr\u00edculo Lattes Margiani de Paula Forte Curr\u00edculo Lattes Matias Mon\u00e7alves Ara\u00fajo Curr\u00edculo Lattes \u00a0 \u00a0Inicia\u00e7\u00e3o Cient\u00edfica Guilherme M. Martins Curr\u00edculo Lattes Egressos 2228 Eder Jo\u00e3o Lenard\u00e3o Professor da UFPEL \u00a0 Lucas Wolf Doutorando [&hellip;]<\/p>\n","protected":false},"author":124,"featured_media":0,"parent":0,"menu_order":0,"comment_status":"closed","ping_status":"closed","template":"","meta":{"footnotes":""},"categories":[],"tags":[],"class_list":["post-23","page","type-page","status-publish","hentry"],"acf":[],"_links":{"self":[{"href":"https:\/\/www.ufsm.br\/laboratorios\/lab2228\/wp-json\/wp\/v2\/pages\/23","targetHints":{"allow":["GET"]}}],"collection":[{"href":"https:\/\/www.ufsm.br\/laboratorios\/lab2228\/wp-json\/wp\/v2\/pages"}],"about":[{"href":"https:\/\/www.ufsm.br\/laboratorios\/lab2228\/wp-json\/wp\/v2\/types\/page"}],"author":[{"embeddable":true,"href":"https:\/\/www.ufsm.br\/laboratorios\/lab2228\/wp-json\/wp\/v2\/users\/124"}],"replies":[{"embeddable":true,"href":"https:\/\/www.ufsm.br\/laboratorios\/lab2228\/wp-json\/wp\/v2\/comments?post=23"}],"version-history":[{"count":0,"href":"https:\/\/www.ufsm.br\/laboratorios\/lab2228\/wp-json\/wp\/v2\/pages\/23\/revisions"}],"wp:attachment":[{"href":"https:\/\/www.ufsm.br\/laboratorios\/lab2228\/wp-json\/wp\/v2\/media?parent=23"}],"wp:term":[{"taxonomy":"category","embeddable":true,"href":"https:\/\/www.ufsm.br\/laboratorios\/lab2228\/wp-json\/wp\/v2\/categories?post=23"},{"taxonomy":"post_tag","embeddable":true,"href":"https:\/\/www.ufsm.br\/laboratorios\/lab2228\/wp-json\/wp\/v2\/tags?post=23"}],"curies":[{"name":"wp","href":"https:\/\/api.w.org\/{rel}","templated":true}]}}