{"id":26,"date":"2019-05-14T17:03:27","date_gmt":"2019-05-14T20:03:27","guid":{"rendered":"https:\/\/www.ufsm.br\/template-laboratprio\/?page_id=26"},"modified":"2020-02-05T12:52:35","modified_gmt":"2020-02-05T15:52:35","slug":"contato","status":"publish","type":"page","link":"https:\/\/www.ufsm.br\/laboratorios\/lab2228\/contato","title":{"rendered":"Contato"},"content":{"rendered":"\n<p class=\"Estilo7\" style=\"color: #000000\">Universidade Federal de Santa Maria<\/p>\n<p class=\"Estilo7\" style=\"color: #000000\">Centro de Ci\u00eancias Naturais e Exatas<\/p>\n<p class=\"Estilo7\" style=\"color: #000000\">Departamento de Qu\u00edmica<\/p>\n<p class=\"Estilo7\" style=\"color: #000000\">Laborat\u00f3rio 2228<\/p>\n<p class=\"Estilo7\" style=\"color: #000000\">Cx. Postal: 5001<\/p>\n<p class=\"Estilo7\" style=\"color: #000000\">97105-900 &#8211; Santa Maria &#8211; RS Fone\/Fax:(55)3220-8754<\/p>\n<p class=\"Estilo7\"><strong>Prof. Dr. Claudio C. Silveira<\/strong><\/p>\n<p class=\"Estilo7\"><a href=\"mailto:silveira@quimica.ufsm.br\">silveira@quimica.ufsm.br<\/a><\/p>\n<p class=\"Estilo7\"><strong>Web Designer: Samuel R. Mendes<\/strong><\/p>\n<p class=\"Estilo7\"><a href=\"mailto:samuel_qui@yahoo.com.br\">samuel_qui@yahoo.com.br<\/a><\/p>\n<p class=\"Estilo7\"><strong>Atualiza\u00e7\u00f5es: Guilherme M. Martins<\/strong><\/p>\n<p class=\"Estilo7\"><a href=\"mailto:emaildogalina@yahoo.com.br\">guilherme.lab2228@yahoo.com.br<\/a><\/p>\n<p class=\"Estilo7\" style=\"color: #000000;font-family: 'Times New Roman';font-size: medium\">\u00a0<\/p>\n","protected":false},"excerpt":{"rendered":"<p>Universidade Federal de Santa Maria Centro de Ci\u00eancias Naturais e Exatas Departamento de Qu\u00edmica Laborat\u00f3rio 2228 Cx. Postal: 5001 97105-900 &#8211; Santa Maria &#8211; RS Fone\/Fax:(55)3220-8754 Prof. Dr. Claudio C. Silveira silveira@quimica.ufsm.br Web Designer: Samuel R. Mendes samuel_qui@yahoo.com.br Atualiza\u00e7\u00f5es: Guilherme M. Martins guilherme.lab2228@yahoo.com.br \u00a0<\/p>\n","protected":false},"author":124,"featured_media":0,"parent":0,"menu_order":0,"comment_status":"closed","ping_status":"closed","template":"","meta":{"footnotes":""},"categories":[],"tags":[],"class_list":["post-26","page","type-page","status-publish","hentry"],"acf":[],"_links":{"self":[{"href":"https:\/\/www.ufsm.br\/laboratorios\/lab2228\/wp-json\/wp\/v2\/pages\/26","targetHints":{"allow":["GET"]}}],"collection":[{"href":"https:\/\/www.ufsm.br\/laboratorios\/lab2228\/wp-json\/wp\/v2\/pages"}],"about":[{"href":"https:\/\/www.ufsm.br\/laboratorios\/lab2228\/wp-json\/wp\/v2\/types\/page"}],"author":[{"embeddable":true,"href":"https:\/\/www.ufsm.br\/laboratorios\/lab2228\/wp-json\/wp\/v2\/users\/124"}],"replies":[{"embeddable":true,"href":"https:\/\/www.ufsm.br\/laboratorios\/lab2228\/wp-json\/wp\/v2\/comments?post=26"}],"version-history":[{"count":0,"href":"https:\/\/www.ufsm.br\/laboratorios\/lab2228\/wp-json\/wp\/v2\/pages\/26\/revisions"}],"wp:attachment":[{"href":"https:\/\/www.ufsm.br\/laboratorios\/lab2228\/wp-json\/wp\/v2\/media?parent=26"}],"wp:term":[{"taxonomy":"category","embeddable":true,"href":"https:\/\/www.ufsm.br\/laboratorios\/lab2228\/wp-json\/wp\/v2\/categories?post=26"},{"taxonomy":"post_tag","embeddable":true,"href":"https:\/\/www.ufsm.br\/laboratorios\/lab2228\/wp-json\/wp\/v2\/tags?post=26"}],"curies":[{"name":"wp","href":"https:\/\/api.w.org\/{rel}","templated":true}]}}