{"id":2,"date":"2019-05-14T15:59:30","date_gmt":"2019-05-14T18:59:30","guid":{"rendered":"https:\/\/www.ufsm.br\/laboratorios-larp\/?page_id=2"},"modified":"2024-09-09T16:37:09","modified_gmt":"2024-09-09T19:37:09","slug":"pagina-inicial","status":"publish","type":"page","link":"https:\/\/www.ufsm.br\/laboratorios\/labac\/","title":{"rendered":"P\u00e1gina inicial"},"content":{"rendered":"\t\t<div data-elementor-type=\"wp-post\" data-elementor-id=\"2\" class=\"elementor elementor-2\">\n\t\t\t\t\t\t<section class=\"elementor-section elementor-top-section elementor-element elementor-element-6e6b627 elementor-section-boxed elementor-section-height-default elementor-section-height-default\" data-id=\"6e6b627\" data-element_type=\"section\">\n\t\t\t\t\t\t<div class=\"elementor-container elementor-column-gap-default\">\n\t\t\t\t\t<div class=\"elementor-column elementor-col-100 elementor-top-column elementor-element elementor-element-e6a3f8d\" data-id=\"e6a3f8d\" data-element_type=\"column\">\n\t\t\t<div class=\"elementor-widget-wrap elementor-element-populated\">\n\t\t\t\t\t\t<div class=\"elementor-element elementor-element-e48e5ed elementor-widget elementor-widget-wp-widget-ufsm_noticias_widget\" data-id=\"e48e5ed\" data-element_type=\"widget\" data-widget_type=\"wp-widget-ufsm_noticias_widget.default\">\n\t\t\t\t<div class=\"elementor-widget-container\">\n\t\t\t<h5 class='titulo-conteudos'>Apresenta\u00e7\u00e3o<\/h5><p>Nenhuma not\u00edcia encontrada para esta se\u00e7\u00e3o.<\/p>\t\t<\/div>\n\t\t\t\t<\/div>\n\t\t\t\t\t<\/div>\n\t\t<\/div>\n\t\t\t\t\t<\/div>\n\t\t<\/section>\n\t\t\t\t<section class=\"elementor-section elementor-top-section elementor-element elementor-element-c9ddc9d elementor-section-boxed elementor-section-height-default elementor-section-height-default\" data-id=\"c9ddc9d\" data-element_type=\"section\">\n\t\t\t\t\t\t<div class=\"elementor-container elementor-column-gap-default\">\n\t\t\t\t\t<div class=\"elementor-column elementor-col-33 elementor-top-column elementor-element elementor-element-d4afb26\" data-id=\"d4afb26\" data-element_type=\"column\">\n\t\t\t<div class=\"elementor-widget-wrap elementor-element-populated\">\n\t\t\t\t\t\t<div class=\"elementor-element elementor-element-ecd502f elementor-widget elementor-widget-image\" data-id=\"ecd502f\" data-element_type=\"widget\" data-widget_type=\"image.default\">\n\t\t\t\t<div class=\"elementor-widget-container\">\n\t\t\t\t\t\t\t\t\t\t\t\t\t<img fetchpriority=\"high\" decoding=\"async\" width=\"255\" height=\"300\" src=\"https:\/\/www.ufsm.br\/app\/uploads\/sites\/674\/2021\/08\/LABAC-255x300.png\" class=\"attachment-medium size-medium wp-image-136\" alt=\"\" srcset=\"https:\/\/www.ufsm.br\/app\/uploads\/sites\/674\/2021\/08\/LABAC-255x300.png 255w, https:\/\/www.ufsm.br\/app\/uploads\/sites\/674\/2021\/08\/LABAC-870x1024.png 870w, https:\/\/www.ufsm.br\/app\/uploads\/sites\/674\/2021\/08\/LABAC-768x904.png 768w, https:\/\/www.ufsm.br\/app\/uploads\/sites\/674\/2021\/08\/LABAC-1305x1536.png 1305w, https:\/\/www.ufsm.br\/app\/uploads\/sites\/674\/2021\/08\/LABAC-1740x2048.png 1740w, https:\/\/www.ufsm.br\/app\/uploads\/sites\/674\/2021\/08\/LABAC.png 1998w\" sizes=\"(max-width: 255px) 100vw, 255px\" \/>\t\t\t\t\t\t\t\t\t\t\t\t\t<\/div>\n\t\t\t\t<\/div>\n\t\t\t\t\t<\/div>\n\t\t<\/div>\n\t\t\t\t<div class=\"elementor-column elementor-col-66 elementor-top-column elementor-element elementor-element-fbdddd5\" data-id=\"fbdddd5\" data-element_type=\"column\">\n\t\t\t<div class=\"elementor-widget-wrap elementor-element-populated\">\n\t\t\t\t\t\t<div class=\"elementor-element elementor-element-dde4aed elementor-widget elementor-widget-text-editor\" data-id=\"dde4aed\" data-element_type=\"widget\" data-widget_type=\"text-editor.default\">\n\t\t\t\t<div class=\"elementor-widget-container\">\n\t\t\t\t\t\t\t<p style=\"text-align: justify\">&nbsp; &nbsp; &nbsp; No LABAC (Laborat\u00f3rio de Bacteriologia) est\u00e1 vinculado ao departamento de Medicina Veterin\u00e1ria Preventiva do Centro de Ci\u00eancias Rurais da Universidade Federal de Santa Maria, s\u00e3o realizadas pesquisas sobre diagn\u00f3sticos, tratamento e controle de doen\u00e7as infectocontagiosas bacterianas de animais dom\u00e9sticos. Al\u00e9m disso, no LABAC \u00e9 oferecido para a comunidade o servi\u00e7o de diagn\u00f3stico de enfermidades bacterianas de animais.&nbsp;<\/p>\n<p style=\"text-align: justify\"><span style=\"color: black;font-size: 1rem;text-align: left\">&nbsp; &nbsp; &nbsp; &nbsp;O grupo de pesquisa do LABAC est\u00e1 vinculado ao Programa de P\u00f3s- Gradua\u00e7\u00e3o em Medicina Veterin\u00e1ria da UFSM, que recebeu conceito m\u00e1ximo da CAPES (conceito 7) na \u00faltima avalia\u00e7\u00e3o.&nbsp;<\/span><span style=\"color: black;font-size: 1rem;text-align: left\">Para mais informa\u00e7\u00f5es escreva para <\/span><a style=\"font-size: 1rem;text-align: left\" href=\"labac.ufsm@gmail.com\">labac.ufsm@gmail.com<\/a><span style=\"color: black;font-size: 1rem;text-align: left\">&nbsp;ou acesse&nbsp;<\/span><a style=\"font-size: 1rem;text-align: left\" href=\"http:\/\/instagram.com\/labac.ufsm\">n<\/a>ossas redes sociais.<\/p>\t\t\t\t\t\t<\/div>\n\t\t\t\t<\/div>\n\t\t\t\t\t<\/div>\n\t\t<\/div>\n\t\t\t\t\t<\/div>\n\t\t<\/section>\n\t\t\t\t<section class=\"elementor-section elementor-top-section elementor-element elementor-element-7416eee elementor-section-boxed elementor-section-height-default elementor-section-height-default\" data-id=\"7416eee\" data-element_type=\"section\">\n\t\t\t\t\t\t<div class=\"elementor-container elementor-column-gap-default\">\n\t\t\t\t\t<div class=\"elementor-column elementor-col-100 elementor-top-column elementor-element elementor-element-fff47c8\" data-id=\"fff47c8\" data-element_type=\"column\">\n\t\t\t<div class=\"elementor-widget-wrap elementor-element-populated\">\n\t\t\t\t\t\t<div class=\"elementor-element elementor-element-203a095 elementor-widget elementor-widget-wp-widget-ufsm_utilidades\" data-id=\"203a095\" data-element_type=\"widget\" data-widget_type=\"wp-widget-ufsm_utilidades.default\">\n\t\t\t\t<div class=\"elementor-widget-container\">\n\t\t\t\t\t<h5 class=\"card-title titulo-conteudos\">Utilidades<\/h5>\n\t\t\t\t\n\t\t<div class=\"row d-flex justify-content-around\">\n\t\t\t\t\t\t\t<div class=\"col-12 col-sm-6 col-md-2 mt-4 text-center\">\n\t\t\t\t\t\t\t\t\t\t\t<a href=\"https:\/\/www.ufsm.br\/laboratorios\/labac\/equipe\" class=\"item-utilidades d-block\">\n\t\t\t\t\t\t\t\t\t\t<i class=\"fa fa-group animation-pulse\" aria-hidden=\"true\"><\/i><b>Equipe<\/b><\/a>\n\t\t\t\t<\/div>\n\t\t\t\t\t\t\t<div class=\"col-12 col-sm-6 col-md-2 mt-4 text-center\">\n\t\t\t\t\t\t\t\t\t\t\t<a href=\"https:\/\/www.ufsm.br\/laboratorios\/labac\/producao-cientifica\" class=\"item-utilidades d-block\">\n\t\t\t\t\t\t\t\t\t\t<i class=\"fa fa-quote-right animation-pulse\" aria-hidden=\"true\"><\/i><b>Produ\u00e7\u00e3o Cient\u00edfica<\/b><\/a>\n\t\t\t\t<\/div>\n\t\t\t\t\t\t\t<div class=\"col-12 col-sm-6 col-md-2 mt-4 text-center\">\n\t\t\t\t\t\t\t\t\t\t\t<a href=\"https:\/\/www.ufsm.br\/laboratorios\/labac\/projetos\" class=\"item-utilidades d-block\">\n\t\t\t\t\t\t\t\t\t\t<i class=\"fa fa-thumb-tack animation-pulse\" aria-hidden=\"true\"><\/i><b>Projetos<\/b><\/a>\n\t\t\t\t<\/div>\n\t\t\t\t\t\t\t<div class=\"col-12 col-sm-6 col-md-2 mt-4 text-center\">\n\t\t\t\t\t\t\t\t\t\t\t<a href=\"https:\/\/www.ufsm.br\/laboratorios\/labac\/infraestrutura\" class=\"item-utilidades d-block\">\n\t\t\t\t\t\t\t\t\t\t<i class=\"fa fa-university animation-pulse\" aria-hidden=\"true\"><\/i><b>Infraestrutura<\/b><\/a>\n\t\t\t\t<\/div>\n\t\t\t\t\t\t\t<div class=\"col-12 col-sm-6 col-md-2 mt-4 text-center\">\n\t\t\t\t\t\t\t\t\t\t\t<a href=\"https:\/\/www.ufsm.br\/laboratorios\/labac\/servicos\" class=\"item-utilidades d-block\">\n\t\t\t\t\t\t\t\t\t\t<i class=\"ufsm ufsm-servicos-cpd animation-pulse\" aria-hidden=\"true\"><\/i><b>Servi\u00e7os<\/b><\/a>\n\t\t\t\t<\/div>\n\t\t\t\t\t\t\t<div class=\"col-12 col-sm-6 col-md-2 mt-4 text-center\">\n\t\t\t\t\t\t\t\t\t\t\t<a href=\"https:\/\/www.ufsm.br\/laboratorios\/labac\/editais\" class=\"item-utilidades d-block\">\n\t\t\t\t\t\t\t\t\t\t<i class=\"far fa-copy animation-pulse\" aria-hidden=\"true\"><\/i><b>Editais<\/b><\/a>\n\t\t\t\t<\/div>\n\t\t\t\t\t<\/div>\n\t\t\t\t<\/div>\n\t\t\t\t<\/div>\n\t\t\t\t\t<\/div>\n\t\t<\/div>\n\t\t\t\t\t<\/div>\n\t\t<\/section>\n\t\t\t\t<section class=\"elementor-section elementor-top-section elementor-element elementor-element-68fea17 elementor-section-boxed elementor-section-height-default elementor-section-height-default\" data-id=\"68fea17\" data-element_type=\"section\">\n\t\t\t\t\t\t<div class=\"elementor-container elementor-column-gap-default\">\n\t\t\t\t\t<div class=\"elementor-column elementor-col-100 elementor-top-column elementor-element elementor-element-648f6f2\" data-id=\"648f6f2\" data-element_type=\"column\">\n\t\t\t<div class=\"elementor-widget-wrap elementor-element-populated\">\n\t\t\t\t\t\t<section class=\"elementor-section elementor-inner-section elementor-element elementor-element-b18cbf1 elementor-section-boxed elementor-section-height-default elementor-section-height-default\" data-id=\"b18cbf1\" data-element_type=\"section\">\n\t\t\t\t\t\t<div class=\"elementor-container elementor-column-gap-default\">\n\t\t\t\t\t<div class=\"elementor-column elementor-col-50 elementor-inner-column elementor-element elementor-element-bb173dd\" data-id=\"bb173dd\" data-element_type=\"column\">\n\t\t\t<div class=\"elementor-widget-wrap elementor-element-populated\">\n\t\t\t\t\t\t<div class=\"elementor-element elementor-element-d8db51d elementor-widget elementor-widget-heading\" data-id=\"d8db51d\" data-element_type=\"widget\" data-widget_type=\"heading.default\">\n\t\t\t\t<div class=\"elementor-widget-container\">\n\t\t\t<h2 class=\"elementor-heading-title elementor-size-small\"><span>Quer informa\u00e7\u00f5es sobre os exames realizados no LABAC? <br><\/span><\/h2>\t\t<\/div>\n\t\t\t\t<\/div>\n\t\t\t\t<div class=\"elementor-element elementor-element-6301388 elementor-widget elementor-widget-text-editor\" data-id=\"6301388\" data-element_type=\"widget\" data-widget_type=\"text-editor.default\">\n\t\t\t\t<div class=\"elementor-widget-container\">\n\t\t\t\t\t\t\t<p style=\"text-align: center\"><span style=\"color: #000000;font-size: 16px;text-align: var(--bs-body-text-align)\">Acesse os servi\u00e7os clicando\u00a0<\/span><a style=\"color: #204c90;font-size: 16px\" href=\"https:\/\/www.ufsm.br\/laboratorios\/labac\/servicos\/diagnostico-de-doencas-bacterianas-de-animais-de-companhia-e-de-producao\">aqui<\/a><span style=\"color: #000000;font-size: 16px\">.<\/span><\/p>\t\t\t\t\t\t<\/div>\n\t\t\t\t<\/div>\n\t\t\t\t\t<\/div>\n\t\t<\/div>\n\t\t\t\t<div class=\"elementor-column elementor-col-50 elementor-inner-column elementor-element elementor-element-968d51d\" data-id=\"968d51d\" data-element_type=\"column\">\n\t\t\t<div class=\"elementor-widget-wrap elementor-element-populated\">\n\t\t\t\t\t\t<div class=\"elementor-element elementor-element-726228c elementor-widget elementor-widget-heading\" data-id=\"726228c\" data-element_type=\"widget\" data-widget_type=\"heading.default\">\n\t\t\t\t<div class=\"elementor-widget-container\">\n\t\t\t<h2 class=\"elementor-heading-title elementor-size-small\"><span>Dificuldades em encontrar a ficha de solicita\u00e7\u00e3o de exames?<\/span><\/h2>\t\t<\/div>\n\t\t\t\t<\/div>\n\t\t\t\t<div class=\"elementor-element elementor-element-dbe37f7 elementor-widget elementor-widget-text-editor\" data-id=\"dbe37f7\" data-element_type=\"widget\" data-widget_type=\"text-editor.default\">\n\t\t\t\t<div class=\"elementor-widget-container\">\n\t\t\t\t\t\t\t<p style=\"text-align: center\"><a href=\"https:\/\/www.ufsm.br\/app\/uploads\/sites\/674\/2020\/04\/Ficha-de-envio-de-amostras.docx\">Clique aqui e baixe a ficha de encaminhamento de amostras<\/a><a href=\"https:\/\/www.ufsm.br\/app\/uploads\/sites\/674\/2020\/04\/R01-Solicita\u00e7\u00e3o-de-An\u00e1lise-Diagn\u00f3stico-Animal.docx\">\u00a0<\/a><\/p>\t\t\t\t\t\t<\/div>\n\t\t\t\t<\/div>\n\t\t\t\t\t<\/div>\n\t\t<\/div>\n\t\t\t\t\t<\/div>\n\t\t<\/section>\n\t\t\t\t\t<\/div>\n\t\t<\/div>\n\t\t\t\t\t<\/div>\n\t\t<\/section>\n\t\t\t\t<section class=\"elementor-section elementor-top-section elementor-element elementor-element-8f3df36 elementor-section-boxed elementor-section-height-default elementor-section-height-default\" data-id=\"8f3df36\" data-element_type=\"section\">\n\t\t\t\t\t\t<div class=\"elementor-container elementor-column-gap-default\">\n\t\t\t\t\t<div class=\"elementor-column elementor-col-100 elementor-top-column elementor-element elementor-element-9da8458\" data-id=\"9da8458\" data-element_type=\"column\">\n\t\t\t<div class=\"elementor-widget-wrap elementor-element-populated\">\n\t\t\t\t\t\t<div class=\"elementor-element elementor-element-a53d5d2 elementor-widget elementor-widget-google_maps\" data-id=\"a53d5d2\" data-element_type=\"widget\" data-widget_type=\"google_maps.default\">\n\t\t\t\t<div class=\"elementor-widget-container\">\n\t\t\t\t\t<div class=\"elementor-custom-embed\">\n\t\t\t<iframe loading=\"lazy\"\n\t\t\t\t\tsrc=\"https:\/\/maps.google.com\/maps?q=Laborat%C3%B3rio%20de%20Bacteriologia%2C%20UFSM%2C%20Santa%20Maria&#038;t=m&#038;z=13&#038;output=embed&#038;iwloc=near\"\n\t\t\t\t\ttitle=\"Laborat\u00f3rio de Bacteriologia, UFSM, Santa Maria\"\n\t\t\t\t\taria-label=\"Laborat\u00f3rio de Bacteriologia, UFSM, Santa Maria\"\n\t\t\t><\/iframe>\n\t\t<\/div>\n\t\t\t\t<\/div>\n\t\t\t\t<\/div>\n\t\t\t\t\t<\/div>\n\t\t<\/div>\n\t\t\t\t\t<\/div>\n\t\t<\/section>\n\t\t\t\t<section class=\"elementor-section elementor-top-section elementor-element elementor-element-399195b elementor-section-boxed elementor-section-height-default elementor-section-height-default\" data-id=\"399195b\" data-element_type=\"section\">\n\t\t\t\t\t\t<div class=\"elementor-container elementor-column-gap-default\">\n\t\t\t\t\t<div class=\"elementor-column elementor-col-100 elementor-top-column elementor-element elementor-element-8759219\" data-id=\"8759219\" data-element_type=\"column\">\n\t\t\t<div class=\"elementor-widget-wrap elementor-element-populated\">\n\t\t\t\t\t\t<div class=\"elementor-element elementor-element-b327021 elementor-widget elementor-widget-wp-widget-ufsm_noticias_widget\" data-id=\"b327021\" data-element_type=\"widget\" data-widget_type=\"wp-widget-ufsm_noticias_widget.default\">\n\t\t\t\t<div class=\"elementor-widget-container\">\n\t\t\t<h5 class='titulo-conteudos'>Not\u00edcias<\/h5><div class='widget-noticias-inside'>\n                        <div class=\"row\">\n                                    <div class=\"col-12 col-lg-12 pb-4\">\n                                        \n                                        \n                    \n                    <a class=\"noticias-widget-title d-block \"  title=\"Novos perfis de exames e atualiza\u00e7\u00e3o de valores\" href=\"https:\/\/www.ufsm.br\/laboratorios\/labac\/2022\/01\/04\/novos-perfis-de-exames-e-atualizacao-de-valores\">\n                                                Novos perfis de exames e atualiza\u00e7\u00e3o de valores                    <\/a>\n                    \n                                            <div class=\"noticias-widget-introtext\">\n                            \u00a0\u00a0 \u00a0 &nbsp; &nbsp; &nbsp; A partir de 01\/02\/22 os exames tradicionais realizados no LABAC (cultura, antibiograma, testes moleculares, etc.) poder\u00e3o ser solicitados dentro de &#8220;perfis de exames&#8221;, que compreender\u00e1 a pesquisa de v\u00e1rios agentes na mesma an\u00e1lise, antibiograma e\/ou&hellip;                        <\/div>\n                    \n                                        \n                                        \n                                            \n                                                    <div title=\"Publicado em 04\/01\/2022 \" class=\"data-publicacao-widget\">\n                                <i  class=\"far fa-clock\"><\/i>\n                                04\/01\/2022                             <\/div>\n                                                                <\/div>\n                            <\/div>\n                    <div class=\"row\">\n                                    <div class=\"col-12 col-lg-12 pb-4\">\n                                        \n                                        \n                    \n                    <a class=\"noticias-widget-title d-block \"  title=\"Edital de sele\u00e7\u00e3o de alunos para a p\u00f3s-gradua\u00e7\u00e3o\" href=\"https:\/\/www.ufsm.br\/laboratorios\/labac\/2022\/01\/04\/edital-de-selecao-de-alunos-para-a-pos-graduacao\">\n                                                Edital de sele\u00e7\u00e3o de alunos para a p\u00f3s-gradua\u00e7\u00e3o                    <\/a>\n                    \n                                            <div class=\"noticias-widget-introtext\">\n                            Est\u00e1 aberto o edital para sele\u00e7\u00e3o de alunos de p\u00f3s-gradua\u00e7\u00e3o para ingresso no Programa de P\u00f3s-Gradua\u00e7\u00e3o em Medicina Veterin\u00e1ria da UFSM (PPGMV\/UFSM, Conceito CAPES 7) no primeiro semestre de 2022. Na \u00e1rea de Sanidade e Reprodu\u00e7\u00e3o Animal, com \u00eanfase em&hellip;                        <\/div>\n                    \n                                        \n                                        \n                                            \n                                                    <div title=\"Publicado em 04\/01\/2022 \" class=\"data-publicacao-widget\">\n                                <i  class=\"far fa-clock\"><\/i>\n                                04\/01\/2022                             <\/div>\n                                                                <\/div>\n                            <\/div>\n                    <div class=\"row\">\n                                    <div class=\"col-12 col-lg-12 pb-4\">\n                                        \n                                        \n                    \n                    <a class=\"noticias-widget-title d-block \"  title=\"Saiba os servi\u00e7os prestados pelo LABAC\" href=\"https:\/\/www.ufsm.br\/laboratorios\/labac\/2021\/08\/10\/saiba-os-servicos-prestados-pelo-labac\">\n                                                Saiba os servi\u00e7os prestados pelo LABAC                    <\/a>\n                    \n                                            <div class=\"noticias-widget-introtext\">\n                            O Laborat\u00f3rio de Bacteriologia realiza os seguintes exames e diagn\u00f3sticos bacteriol\u00f3gicos: Cultura e identifica\u00e7\u00e3o bacteriana a partir de amostras de secre\u00e7\u00e3o, suabes, urina, fezes, \u00f3rg\u00e3os, entre outros; Cultura microbiol\u00f3gica do leite; Contagem bacteriana em tanque de leite; Diagn\u00f3stico de clostridioses&hellip;                        <\/div>\n                    \n                                        \n                                        \n                                            \n                                                    <div title=\"Publicado em 10\/08\/2021 \" class=\"data-publicacao-widget\">\n                                <i  class=\"far fa-clock\"><\/i>\n                                10\/08\/2021                             <\/div>\n                                                                <\/div>\n                            <\/div>\n                    <div class=\"row\">\n                                    <div class=\"col-12 col-lg-12 pb-4\">\n                                        \n                                        \n                    \n                    <a class=\"noticias-widget-title d-block \"  title=\"Resultado de Sele\u00e7\u00e3o de Bolsista\" href=\"https:\/\/www.ufsm.br\/laboratorios\/labac\/2020\/09\/02\/resultado-de-selecao-de-bolsista\">\n                                                Resultado de Sele\u00e7\u00e3o de Bolsista                    <\/a>\n                    \n                                            <div class=\"noticias-widget-introtext\">\n                            O resultado preliminar da sele\u00e7\u00e3o de bolsista do Edital do LABAC N.3 PIBIC\/2020 est\u00e1 dispon\u00edvel. Clique aqui                        <\/div>\n                    \n                                        \n                                        \n                                            \n                                                    <div title=\"Publicado em 02\/09\/2020 \" class=\"data-publicacao-widget\">\n                                <i  class=\"far fa-clock\"><\/i>\n                                02\/09\/2020                             <\/div>\n                                                                <\/div>\n                            <\/div>\n                    <div class=\"row\">\n                                    <div class=\"col-12 col-lg-12 pb-4\">\n                                        \n                                        \n                    \n                    <a class=\"noticias-widget-title d-block \"  title=\"Edital de bolsa de Inicia\u00e7\u00e3o Cient\u00edfica\" href=\"https:\/\/www.ufsm.br\/laboratorios\/labac\/2020\/08\/28\/edital-de-bolsa-de-iniciacao-cientifica\">\n                                                Edital de bolsa de Inicia\u00e7\u00e3o Cient\u00edfica                    <\/a>\n                    \n                                            <div class=\"noticias-widget-introtext\">\n                            Est\u00e1 aberto o edital para sele\u00e7\u00e3o de bolsista de inicia\u00e7\u00e3o cient\u00edfica no LABAC, com vig\u00eancia de setembro\/20 a agosto\/21. Clique aqui \u00a0 e saiba como se inscrever!                        <\/div>\n                    \n                                        \n                                        \n                                            \n                                                    <div title=\"Publicado em 28\/08\/2020 \" class=\"data-publicacao-widget\">\n                                <i  class=\"far fa-clock\"><\/i>\n                                28\/08\/2020                             <\/div>\n                                                                <\/div>\n                            <\/div>\n            <\/div>\n<div class=\"leia-mais p-1\">\n                <a href=\"https:\/\/www.ufsm.br\/laboratorios\/labac\/busca\/?q=&area=post&orderby=date&sites%5B%5D=674\">\n            LEIA MAIS            <span class=\"icon-box\">\n                <span class=\"bg-ufsm-widget-icon\">\n                    <i class=\"fas fa-chevron-right\" aria-hidden=\"true\"><\/i>\n                <\/span>\n            <\/span>\n        <\/a>\n    <\/div>\n\t\t<\/div>\n\t\t\t\t<\/div>\n\t\t\t\t\t<\/div>\n\t\t<\/div>\n\t\t\t\t\t<\/div>\n\t\t<\/section>\n\t\t\t\t<\/div>\n\t\t","protected":false},"excerpt":{"rendered":"<p>&nbsp; &nbsp; &nbsp; No LABAC (Laborat\u00f3rio de Bacteriologia) est\u00e1 vinculado ao departamento de Medicina Veterin\u00e1ria Preventiva do Centro de Ci\u00eancias Rurais da Universidade Federal de Santa Maria, s\u00e3o realizadas pesquisas sobre diagn\u00f3sticos, tratamento e controle de doen\u00e7as infectocontagiosas bacterianas de animais dom\u00e9sticos. Al\u00e9m disso, no LABAC \u00e9 oferecido para a comunidade o servi\u00e7o de diagn\u00f3stico [&hellip;]<\/p>\n","protected":false},"author":26,"featured_media":0,"parent":0,"menu_order":0,"comment_status":"closed","ping_status":"open","template":"","meta":{"footnotes":""},"categories":[],"tags":[],"class_list":["post-2","page","type-page","status-publish","hentry"],"acf":[],"_links":{"self":[{"href":"https:\/\/www.ufsm.br\/laboratorios\/labac\/wp-json\/wp\/v2\/pages\/2","targetHints":{"allow":["GET"]}}],"collection":[{"href":"https:\/\/www.ufsm.br\/laboratorios\/labac\/wp-json\/wp\/v2\/pages"}],"about":[{"href":"https:\/\/www.ufsm.br\/laboratorios\/labac\/wp-json\/wp\/v2\/types\/page"}],"author":[{"embeddable":true,"href":"https:\/\/www.ufsm.br\/laboratorios\/labac\/wp-json\/wp\/v2\/users\/26"}],"replies":[{"embeddable":true,"href":"https:\/\/www.ufsm.br\/laboratorios\/labac\/wp-json\/wp\/v2\/comments?post=2"}],"version-history":[{"count":0,"href":"https:\/\/www.ufsm.br\/laboratorios\/labac\/wp-json\/wp\/v2\/pages\/2\/revisions"}],"wp:attachment":[{"href":"https:\/\/www.ufsm.br\/laboratorios\/labac\/wp-json\/wp\/v2\/media?parent=2"}],"wp:term":[{"taxonomy":"category","embeddable":true,"href":"https:\/\/www.ufsm.br\/laboratorios\/labac\/wp-json\/wp\/v2\/categories?post=2"},{"taxonomy":"post_tag","embeddable":true,"href":"https:\/\/www.ufsm.br\/laboratorios\/labac\/wp-json\/wp\/v2\/tags?post=2"}],"curies":[{"name":"wp","href":"https:\/\/api.w.org\/{rel}","templated":true}]}}