{"id":23,"date":"2019-05-14T17:02:03","date_gmt":"2019-05-14T20:02:03","guid":{"rendered":"https:\/\/www.ufsm.br\/template-laboratprio\/?page_id=23"},"modified":"2025-05-07T08:55:08","modified_gmt":"2025-05-07T11:55:08","slug":"equipe","status":"publish","type":"page","link":"https:\/\/www.ufsm.br\/laboratorios\/labac\/equipe","title":{"rendered":"Equipe"},"content":{"rendered":"\t\t<div data-elementor-type=\"wp-page\" data-elementor-id=\"23\" class=\"elementor elementor-23\">\n\t\t\t\t\t\t<section class=\"elementor-section elementor-top-section elementor-element elementor-element-167c7c8c elementor-section-boxed elementor-section-height-default elementor-section-height-default\" data-id=\"167c7c8c\" data-element_type=\"section\">\n\t\t\t\t\t\t<div class=\"elementor-container elementor-column-gap-default\">\n\t\t\t\t\t<div class=\"elementor-column elementor-col-100 elementor-top-column elementor-element elementor-element-7880e6c4\" data-id=\"7880e6c4\" data-element_type=\"column\">\n\t\t\t<div class=\"elementor-widget-wrap elementor-element-populated\">\n\t\t\t\t\t\t<div class=\"elementor-element elementor-element-58b2cda5 elementor-widget elementor-widget-text-editor\" data-id=\"58b2cda5\" data-element_type=\"widget\" data-widget_type=\"text-editor.default\">\n\t\t\t\t<div class=\"elementor-widget-container\">\n\t\t\t\t\t\t\t<h3><span style=\"font-size: 14pt\">Coordenadores<\/span><\/h3>\n<p style=\"margin-top: 0px;margin-bottom: 0px;text-align: justify\">&nbsp; &nbsp;O Laborat\u00f3rio de Bacteriologia (LABAC) foi coordenado entre 1987 e 2018 pela Professor<span style=\"color: #000000\">a Doutora&nbsp;<b>Agueda Palmira Castagna de Vargas.&nbsp;<\/b>Ap\u00f3s sua aposentadoria, ocorrida em 2018,<\/span><span style=\"color: #000000\">&nbsp;a equipe do LABAC est\u00e1 sendo coordenada pela Professora&nbsp;<a style=\"color: #000000\"><strong>Juliana Felipetto Cargnelutti<\/strong>.&nbsp;<\/a><\/span><\/p>\n<p style=\"margin-top: 0px;margin-bottom: 0px;text-align: justify\"><span style=\"color: #000000\"><a style=\"color: #000000\">&nbsp;<\/a><\/span><\/p>\n<h3>Membros da equipe<\/h3>\n<h4><u>Alunos da P\u00f3s-Gradua\u00e7\u00e3o<\/u><\/h4>\n<p style=\"margin: 0cm;line-height: 16.866667px;font-size: 11pt;font-family: Arial, sans-serif;color: #000000;text-align: justify\"><b>Alice Sampaio Moraes da Costa<\/b>&nbsp;&#8211; Graduada em Medicina Veterin\u00e1ria pela Universidade Federal de Santa Maria, 2025. Atualmente \u00e9 residente do Programa de Resid\u00eancia em \u00c1rea Profissional da Sa\u00fade- Medicina Veterin\u00e1ria &#8211; \u00canfase: Doen\u00e7as Infecciosas e Parasit\u00e1rias, Universidade Federal de Santa Maria (2025-2027). Preceptor: Prof. Juliana Felipetto Cargnelutti.<\/p><p style=\"margin: 0cm;line-height: 16.866667px;font-size: 11pt;font-family: Arial, sans-serif;color: #000000;text-align: justify\"><br><\/p>\n<p style=\"margin: 0cm;line-height: 16.866667px;font-size: 11pt;font-family: Arial, sans-serif;color: #000000;text-align: justify\">\n<\/p><p style=\"margin: 0cm;line-height: 16.866667px;font-size: 11pt;font-family: Arial, sans-serif;color: #000000;text-align: justify\"><b>Eduarda Cristina da Silva Mior<\/b>&nbsp;&#8211; Graduada em Medicina Veterin\u00e1ria pela Universidade Federal do Rio Grande do Sul, 2019. Atualmente \u00e9 residente do Programa de Resid\u00eancia em \u00c1rea Profissional da Sa\u00fade- Medicina Veterin\u00e1ria &#8211; \u00canfase: Doen\u00e7as Infecciosas e Parasit\u00e1rias, Universidade Federal de Santa Maria (2024-2026). Preceptor: Prof. Fernanda Silveira Flores Vogel.<\/p><p style=\"margin: 0cm;line-height: 16.866667px;font-size: 11pt;font-family: Arial, sans-serif;color: #000000;text-align: justify\"><br><\/p>\n<p style=\"margin: 0cm;line-height: 16.866667px;font-size: 11pt;font-family: Arial, sans-serif;color: #000000;text-align: justify\">\n<\/p><p style=\"margin: 0cm;line-height: 16.866667px;font-size: 11pt;font-family: Arial, sans-serif;color: #000000;text-align: justify\"><b>Gabriela Monteiro de Andrade<\/b>&nbsp;&#8211; Graduada em Medicina Veterin\u00e1ria pela Universidade Federal de Santa Maria, 2022. Especialista em Medicina Veterin\u00e1ria Preventiva com \u00canfase em Patologia Avi\u00e1ria e Micotoxinas, 2024.&nbsp;&nbsp;Atualmente \u00e9 residente do Programa de Resid\u00eancia em \u00c1rea Profissional da Sa\u00fade- Medicina Veterin\u00e1ria &#8211; \u00canfase: Doen\u00e7as Infecciosas e Parasit\u00e1rias, Universidade Federal de Santa Maria (2024-2026). Preceptor: Prof. Juliana Felipetto Cargnelutti.<\/p>\n<p style=\"margin: 0cm;line-height: 16.866667px;font-size: 11pt;font-family: Arial, sans-serif;color: #000000;text-align: justify\"><b>&nbsp;<\/b><\/p>\n<p style=\"margin: 0cm;line-height: 16.866667px;font-size: 11pt;font-family: Arial, sans-serif;color: #000000;text-align: justify\"><b>Junior Navarini<\/b>&nbsp;&#8211; T\u00e9cnico em Agropecu\u00e1ria pelo Instituto Federal do Rio Grande do Sul &#8211;&nbsp;<i>C\u00e2mpus&nbsp;<\/i>Sert\u00e3o, 2019. Graduado em Medicina Veterin\u00e1ria pela Universidade Federal de Santa Maria (UFSM), 2025. Atualmente \u00e9 discente de Mestrado no Programa de P\u00f3s-Gradua\u00e7\u00e3o em Medicina Veterin\u00e1ria da Universidade Federal de Santa Maria, na \u00e1rea de Sanidade e Reprodu\u00e7\u00e3o Animal (2025-2027). Orientador: Prof. Juliana Felipetto Cargnelutti.<\/p><p style=\"margin: 0cm;line-height: 16.866667px;font-size: 11pt;font-family: Arial, sans-serif;color: #000000;text-align: justify\"><br><\/p>\n<p style=\"margin: 0cm;line-height: 16.866667px;font-size: 11pt;font-family: Arial, sans-serif;color: #000000;text-align: justify\">\n<\/p><p style=\"margin: 0cm;line-height: 16.866667px;font-size: 11pt;font-family: Arial, sans-serif;color: #000000;text-align: justify\"><b>Viviane Guimar\u00e3es Rosa<\/b>&nbsp;&#8211; Graduada em Pedagogia pela Universidade Franciscana (UFN) 2000, e em Medicina Veterin\u00e1ria pela Universidade de Cruz Alta (UNICRUZ), 2017. Atuou como cl\u00ednica de pequenos animais, e atualmente \u00e9 discente de Mestrado no Programa de P\u00f3s-Gradua\u00e7\u00e3o em Medicina Veterin\u00e1ria da Universidade Federal de Santa Maria, na \u00e1rea de Sanidade e Reprodu\u00e7\u00e3o Animal (2025-2027). Orientador: Prof. Let\u00edcia Trevisan Gressler.<\/p><p style=\"margin: 0cm;line-height: 16.866667px;font-size: 11pt;font-family: Arial, sans-serif;color: #000000;text-align: justify\"><br><\/p>\n<p style=\"margin: 0cm;line-height: 16.866667px;font-size: 11pt;font-family: Arial, sans-serif;color: #000000;text-align: justify\">\n<\/p><p style=\"margin: 0cm;line-height: 16.866667px;font-size: 11pt;font-family: Arial, sans-serif;color: #000000;text-align: justify\"><b>Eduarda Martins<\/b>&nbsp;&#8211; Graduada em M\u00e9dica Veterin\u00e1ria pelo Instituto Federal Farroupilha &#8211;&nbsp;<i>C\u00e2mpus&nbsp;<\/i>Frederico Westphalen, 2024. Atualmente \u00e9 discente de Mestrado no Programa de P\u00f3s-Gradua\u00e7\u00e3o em Medicina Veterin\u00e1ria da Universidade Federal de Santa Maria, na \u00e1rea de Sanidade e Reprodu\u00e7\u00e3o Animal (2024-2026). Orientador: Prof. Let\u00edcia Trevisan Gressler.<\/p><p style=\"margin: 0cm;line-height: 16.866667px;font-size: 11pt;font-family: Arial, sans-serif;color: #000000;text-align: justify\"><br><\/p>\n<p style=\"margin: 0cm;line-height: 16.866667px;font-size: 11pt;font-family: Arial, sans-serif;color: #000000;text-align: justify\">\n<\/p><p style=\"margin: 0cm;line-height: 16.866667px;font-size: 11pt;font-family: Arial, sans-serif;color: #000000;text-align: justify\"><b>Tauana Fernanda Jantsch Voigt<\/b>&nbsp;&#8211; Graduada em M\u00e9dica Veterin\u00e1ria pela Unidade Central de Educa\u00e7\u00e3o FAEM Faculdades (UCEFF), 2024. Atualmente \u00e9 discente de Mestrado no Programa de P\u00f3s-Gradua\u00e7\u00e3o em Medicina Veterin\u00e1ria da Universidade Federal de Santa Maria, na \u00e1rea de Sanidade e Reprodu\u00e7\u00e3o Animal (2024-2026). Orientador: Prof. Juliana Felipetto Cargnelutti.<\/p><p style=\"margin: 0cm;line-height: 16.866667px;font-size: 11pt;font-family: Arial, sans-serif;color: #000000;text-align: justify\"><br><\/p>\n<p style=\"margin: 0cm;line-height: 16.866667px;font-size: 11pt;font-family: Arial, sans-serif;color: #000000;text-align: justify\">\n<\/p><p style=\"margin: 0cm;line-height: 16.866667px;font-size: 11pt;font-family: Arial, sans-serif;color: #000000;text-align: justify\"><b>Helena Castro Alves Wessely<\/b>&nbsp;&#8211; Bacharel em Biomedicina pela Faculdade Anhanguera de Pelotas, 2021. Mestre em Medicina Veterin\u00e1ria pelo Programa de P\u00f3s-Gradua\u00e7\u00e3o em Medicina Veterin\u00e1ria da Universidade Federal de Santa Maria, na \u00e1rea de Sanidade e Reprodu\u00e7\u00e3o Animal, 2025. Atualmente \u00e9 doutoranda do Programa de P\u00f3s-Gradua\u00e7\u00e3o em Medicina Veterin\u00e1ria da Universidade Federal de Santa Maria, na \u00e1rea de Sanidade e Reprodu\u00e7\u00e3o Animal (2025-2029). Orientador: Prof. Juliana Felipetto Cargnelutti.<\/p><p style=\"margin: 0cm;line-height: 16.866667px;font-size: 11pt;font-family: Arial, sans-serif;color: #000000;text-align: justify\"><br><\/p>\n<p style=\"margin: 0cm;line-height: 16.866667px;font-size: 11pt;font-family: Arial, sans-serif;color: #000000;text-align: justify\">\n<\/p><p style=\"margin: 0cm;line-height: 16.866667px;font-size: 11pt;font-family: Arial, sans-serif;color: #000000;text-align: justify\"><b>Mayara Rosa Bernicker<\/b>&nbsp;&#8211; Bacharel em Biomedicina pela Universidade Franciscana (UFN), 2020. Mestre em Medicina Veterin\u00e1ria pelo Programa de P\u00f3s-Gradua\u00e7\u00e3o em Medicina Veterin\u00e1ria da Universidade Federal de Santa Maria, na \u00e1rea de Sanidade e Reprodu\u00e7\u00e3o Animal, 2024. Atualmente \u00e9 doutoranda do Programa de P\u00f3s-Gradua\u00e7\u00e3o em Medicina Veterin\u00e1ria da Universidade Federal de Santa Maria, na \u00e1rea de Sanidade e Reprodu\u00e7\u00e3o Animal (2024-2028). Orientador: Prof. Juliana Felipetto Cargnelutti.<\/p><p style=\"margin: 0cm;line-height: 16.866667px;font-size: 11pt;font-family: Arial, sans-serif;color: #000000;text-align: justify\"><br><\/p>\n<p style=\"margin: 0cm;line-height: 16.866667px;font-size: 11pt;font-family: Arial, sans-serif;color: #000000;text-align: justify\">\n<\/p><p style=\"margin: 0cm;line-height: 16.866667px;font-size: 11pt;font-family: Arial, sans-serif;color: #000000;text-align: justify\"><b>Evelyn Kaus Dotto<\/b>&nbsp;&#8211; Graduada em Medicina Veterin\u00e1ria pela Universidade Federal de Santa Maria, 2015, Especialista em Medicina Veterin\u00e1ria Preventiva, com \u00canfase em Doen\u00e7as Infecciosas e Parasit\u00e1rias pela Universidade Federal de Santa Maria (UFSM), 2018. Mestre em Sanidade e Reprodu\u00e7\u00e3o Animal pelo Programa de P\u00f3s-Gradua\u00e7\u00e3o em Medicina Veterin\u00e1ria, 2020. Atualmente \u00e9 doutoranda do Programa de P\u00f3s-Gradua\u00e7\u00e3o em Medicina Veterin\u00e1ria da Universidade Federal de Santa Maria, na \u00e1rea de Sanidade e Reprodu\u00e7\u00e3o Animal (2023-2027). Orientador: Prof. Juliana Felipetto Cargnelutti.<\/p><p style=\"margin: 0cm;line-height: 16.866667px;font-size: 11pt;font-family: Arial, sans-serif;color: #000000;text-align: justify\"><br><\/p>\n<p style=\"margin: 0cm;line-height: 16.866667px;font-size: 11pt;font-family: Arial, sans-serif;color: #000000;text-align: justify\">\n<\/p><p style=\"margin: 0cm;line-height: 16.866667px;font-size: 11pt;font-family: Arial, sans-serif;color: #000000;text-align: justify\"><b>Marlane Geribone Seeger<\/b>&nbsp;&#8211; Graduada em Medicina Veterin\u00e1ria pela Universidade Federal de Santa Maria, Especialista em Medicina Veterin\u00e1ria Preventiva com \u00canfase em Doen\u00e7as Infecciosas e Parasit\u00e1rias pela Universidade Federal de Santa Maria (UFSM), 2018. Mestre em Sanidade e Reprodu\u00e7\u00e3o Animal pelo Programa de P\u00f3s-Gradua\u00e7\u00e3o em Medicina Veterin\u00e1ria, 2022. Atualmente \u00e9 doutoranda do Programa de P\u00f3s-Gradua\u00e7\u00e3o em Medicina Veterin\u00e1ria da Universidade Federal de Santa Maria, na \u00e1rea de Sanidade e Reprodu\u00e7\u00e3o Animal (2022-2026). Orientador: Prof. Fernanda Silveira Flores Vogel.<\/p><p style=\"margin: 0cm;line-height: 16.866667px;font-size: 11pt;font-family: Arial, sans-serif;color: #000000;text-align: justify\"><br><\/p>\n<p style=\"margin: 0cm;line-height: 16.866667px;font-size: 11pt;font-family: Arial, sans-serif;color: #000000;text-align: justify\">\n<\/p><h4><u>Alunos de Gradua\u00e7\u00e3o<\/u><\/h4>\n<p style=\"color: #1c1c1c;font-size: 16px\"><b>Ana J\u00falia Floss<\/b>\u2013 T\u00e9cnica em Agropecu\u00e1ria pelo IFRS Campus Ibirub\u00e1. Discente de Gradua\u00e7\u00e3o em Medicina Veterin\u00e1ria \u2013 UFSM. Bolsista PIBIC-CNPq (2025-atual).<\/p>\n<p style=\"color: #1c1c1c;font-size: 16px\"><b>Queila dos Santos Tabarkiewicz de Oliveira<\/b>&nbsp; \u2013 Discente de Gradua\u00e7\u00e3o em Medicina Veterin\u00e1ria \u2013 UFSM. Bolsista PIBIC-CNPq (2024 \u2013 atual).<\/p>\n<p style=\"color: #1c1c1c;font-size: 16px\"><span style=\"font-size: 1rem;text-align: var(--bs-body-text-align)\"><b>Vivian Franklin da Silva<\/b><\/span>&nbsp;\u2013 T\u00e9cnica em Agropecu\u00e1ria pelo IFRS Campus Sert\u00e3o. Discente de Gradua\u00e7\u00e3o em&nbsp;<span style=\"font-size: 16px\">Medicina Veterin\u00e1ria<\/span>&nbsp;\u2013 UFSM. Bolsista PROBIC-FAPERGS (2025 \u2013 atual).<\/p>\t\t\t\t\t\t<\/div>\n\t\t\t\t<\/div>\n\t\t\t\t\t<\/div>\n\t\t<\/div>\n\t\t\t\t\t<\/div>\n\t\t<\/section>\n\t\t\t\t<\/div>\n\t\t","protected":false},"excerpt":{"rendered":"<p>Coordenadores &nbsp; &nbsp;O Laborat\u00f3rio de Bacteriologia (LABAC) foi coordenado entre 1987 e 2018 pela Professora Doutora&nbsp;Agueda Palmira Castagna de Vargas.&nbsp;Ap\u00f3s sua aposentadoria, ocorrida em 2018,&nbsp;a equipe do LABAC est\u00e1 sendo coordenada pela Professora&nbsp;Juliana Felipetto Cargnelutti.&nbsp; &nbsp; Membros da equipe Alunos da P\u00f3s-Gradua\u00e7\u00e3o Alice Sampaio Moraes da Costa&nbsp;&#8211; Graduada em Medicina Veterin\u00e1ria pela Universidade Federal de [&hellip;]<\/p>\n","protected":false},"author":124,"featured_media":0,"parent":0,"menu_order":0,"comment_status":"closed","ping_status":"closed","template":"","meta":{"footnotes":""},"categories":[],"tags":[],"class_list":["post-23","page","type-page","status-publish","hentry"],"acf":[],"_links":{"self":[{"href":"https:\/\/www.ufsm.br\/laboratorios\/labac\/wp-json\/wp\/v2\/pages\/23","targetHints":{"allow":["GET"]}}],"collection":[{"href":"https:\/\/www.ufsm.br\/laboratorios\/labac\/wp-json\/wp\/v2\/pages"}],"about":[{"href":"https:\/\/www.ufsm.br\/laboratorios\/labac\/wp-json\/wp\/v2\/types\/page"}],"author":[{"embeddable":true,"href":"https:\/\/www.ufsm.br\/laboratorios\/labac\/wp-json\/wp\/v2\/users\/124"}],"replies":[{"embeddable":true,"href":"https:\/\/www.ufsm.br\/laboratorios\/labac\/wp-json\/wp\/v2\/comments?post=23"}],"version-history":[{"count":0,"href":"https:\/\/www.ufsm.br\/laboratorios\/labac\/wp-json\/wp\/v2\/pages\/23\/revisions"}],"wp:attachment":[{"href":"https:\/\/www.ufsm.br\/laboratorios\/labac\/wp-json\/wp\/v2\/media?parent=23"}],"wp:term":[{"taxonomy":"category","embeddable":true,"href":"https:\/\/www.ufsm.br\/laboratorios\/labac\/wp-json\/wp\/v2\/categories?post=23"},{"taxonomy":"post_tag","embeddable":true,"href":"https:\/\/www.ufsm.br\/laboratorios\/labac\/wp-json\/wp\/v2\/tags?post=23"}],"curies":[{"name":"wp","href":"https:\/\/api.w.org\/{rel}","templated":true}]}}