{"id":40,"date":"2019-07-08T11:35:56","date_gmt":"2019-07-08T14:35:56","guid":{"rendered":"https:\/\/www.ufsm.br\/laboratorios\/labac\/?page_id=40"},"modified":"2020-04-07T16:57:00","modified_gmt":"2020-04-07T19:57:00","slug":"manuais","status":"publish","type":"page","link":"https:\/\/www.ufsm.br\/laboratorios\/labac\/manuais","title":{"rendered":"Manuais"},"content":{"rendered":"\t\t<div data-elementor-type=\"wp-page\" data-elementor-id=\"40\" class=\"elementor elementor-40\">\n\t\t\t\t\t\t<section class=\"elementor-section elementor-top-section elementor-element elementor-element-2c1ea65 elementor-section-boxed elementor-section-height-default elementor-section-height-default\" data-id=\"2c1ea65\" data-element_type=\"section\">\n\t\t\t\t\t\t<div class=\"elementor-container elementor-column-gap-default\">\n\t\t\t\t\t<div class=\"elementor-column elementor-col-100 elementor-top-column elementor-element elementor-element-b6e1814\" data-id=\"b6e1814\" data-element_type=\"column\">\n\t\t\t<div class=\"elementor-widget-wrap elementor-element-populated\">\n\t\t\t\t\t\t<div class=\"elementor-element elementor-element-ee3b429 elementor-widget elementor-widget-text-editor\" data-id=\"ee3b429\" data-element_type=\"widget\" data-widget_type=\"text-editor.default\">\n\t\t\t\t<div class=\"elementor-widget-container\">\n\t\t\t\t\t\t\t<p style=\"text-align: left\">A qualidade do resultado de um exame est\u00e1 diretamente relacionado \u00e0 qualidade da amostra coletada e enviada ao laborat\u00f3rio. Por isso, \u00e9 fundamental que sejam coletadas amostras representativas do sistema afetado, e que essas sejam acondicionadas corretamente e enviadas o mais r\u00e1pido poss\u00edvel at\u00e9 um laborat\u00f3rio de diagn\u00f3stico.<\/p><p>Abaixo est\u00e3o dispon\u00edveis alguns manuais que podem lhe auxiliar na escolha da amostra e no seu envio adequado para exame laboratorial.<\/p>\t\t\t\t\t\t<\/div>\n\t\t\t\t<\/div>\n\t\t\t\t\t<\/div>\n\t\t<\/div>\n\t\t\t\t\t<\/div>\n\t\t<\/section>\n\t\t\t\t<section class=\"elementor-section elementor-top-section elementor-element elementor-element-786ea12 elementor-section-boxed elementor-section-height-default elementor-section-height-default\" data-id=\"786ea12\" data-element_type=\"section\">\n\t\t\t\t\t\t<div class=\"elementor-container elementor-column-gap-default\">\n\t\t\t\t\t<div class=\"elementor-column elementor-col-100 elementor-top-column elementor-element elementor-element-882eb4f\" data-id=\"882eb4f\" data-element_type=\"column\">\n\t\t\t<div class=\"elementor-widget-wrap elementor-element-populated\">\n\t\t\t\t\t\t<div class=\"elementor-element elementor-element-abb2715 elementor-widget elementor-widget-text-editor\" data-id=\"abb2715\" data-element_type=\"widget\" data-widget_type=\"text-editor.default\">\n\t\t\t\t<div class=\"elementor-widget-container\">\n\t\t\t\t\t\t\t<p><a href=\"https:\/\/www.ufsm.br\/laboratorios\/labac\/wp-content\/uploads\/sites\/674\/2020\/04\/Envio-de-amostra-suspeita-de-Carb\u00fanculo-Sintom\u00e1tico.pdf\">Manual para envio de amostra com suspeita de Carb\u00fanculo Sintom\u00e1tico<\/a><\/p><p><a href=\"https:\/\/www.ufsm.br\/laboratorios\/labac\/wp-content\/uploads\/sites\/674\/2020\/04\/Envio-de-amostra-suspeita-de-Campilobacteriose-genital-bovina.pdf\">Manual para envio de amostra com suspeita de Campilobacteriose Genital Bovina<\/a><\/p><p><a href=\"https:\/\/www.ufsm.br\/laboratorios\/labac\/wp-content\/uploads\/sites\/674\/2020\/04\/2010-manual-veterinc3a1rio-de-colheita-e-envio-de-amostras.pdf\">Manual Veterin\u00e1rio de colheita e envio de amostra<\/a><\/p><p><a href=\"https:\/\/www.ufsm.br\/laboratorios\/labac\/wp-content\/uploads\/sites\/674\/2020\/04\/R01-Solicita\u00e7\u00e3o-de-An\u00e1lise-Diagn\u00f3stico-Animal.docx\">Ficha para encaminhamento de amostra para an\u00e1lise<\/a><\/p>\t\t\t\t\t\t<\/div>\n\t\t\t\t<\/div>\n\t\t\t\t\t<\/div>\n\t\t<\/div>\n\t\t\t\t\t<\/div>\n\t\t<\/section>\n\t\t\t\t<\/div>\n\t\t","protected":false},"excerpt":{"rendered":"<p>A qualidade do resultado de um exame est\u00e1 diretamente relacionado \u00e0 qualidade da amostra coletada e enviada ao laborat\u00f3rio. Por isso, \u00e9 fundamental que sejam coletadas amostras representativas do sistema afetado, e que essas sejam acondicionadas corretamente e enviadas o mais r\u00e1pido poss\u00edvel at\u00e9 um laborat\u00f3rio de diagn\u00f3stico. Abaixo est\u00e3o dispon\u00edveis alguns manuais que podem [&hellip;]<\/p>\n","protected":false},"author":115,"featured_media":0,"parent":0,"menu_order":0,"comment_status":"closed","ping_status":"closed","template":"","meta":{"footnotes":""},"categories":[],"tags":[],"class_list":["post-40","page","type-page","status-publish","hentry"],"acf":[],"_links":{"self":[{"href":"https:\/\/www.ufsm.br\/laboratorios\/labac\/wp-json\/wp\/v2\/pages\/40","targetHints":{"allow":["GET"]}}],"collection":[{"href":"https:\/\/www.ufsm.br\/laboratorios\/labac\/wp-json\/wp\/v2\/pages"}],"about":[{"href":"https:\/\/www.ufsm.br\/laboratorios\/labac\/wp-json\/wp\/v2\/types\/page"}],"author":[{"embeddable":true,"href":"https:\/\/www.ufsm.br\/laboratorios\/labac\/wp-json\/wp\/v2\/users\/115"}],"replies":[{"embeddable":true,"href":"https:\/\/www.ufsm.br\/laboratorios\/labac\/wp-json\/wp\/v2\/comments?post=40"}],"version-history":[{"count":0,"href":"https:\/\/www.ufsm.br\/laboratorios\/labac\/wp-json\/wp\/v2\/pages\/40\/revisions"}],"wp:attachment":[{"href":"https:\/\/www.ufsm.br\/laboratorios\/labac\/wp-json\/wp\/v2\/media?parent=40"}],"wp:term":[{"taxonomy":"category","embeddable":true,"href":"https:\/\/www.ufsm.br\/laboratorios\/labac\/wp-json\/wp\/v2\/categories?post=40"},{"taxonomy":"post_tag","embeddable":true,"href":"https:\/\/www.ufsm.br\/laboratorios\/labac\/wp-json\/wp\/v2\/tags?post=40"}],"curies":[{"name":"wp","href":"https:\/\/api.w.org\/{rel}","templated":true}]}}