{"id":44,"date":"2019-07-08T11:37:40","date_gmt":"2019-07-08T14:37:40","guid":{"rendered":"https:\/\/www.ufsm.br\/laboratorios\/labac\/?page_id=44"},"modified":"2020-04-07T16:58:45","modified_gmt":"2020-04-07T19:58:45","slug":"requisicao","status":"publish","type":"page","link":"https:\/\/www.ufsm.br\/laboratorios\/labac\/requisicao","title":{"rendered":"Requisi\u00e7\u00e3o"},"content":{"rendered":"\n<p>Para realiza\u00e7\u00e3o de exame bacteriol\u00f3gico e teste de suscetibilidade aos antimicrobianos \u00e9 necess\u00e1rio o envio da(s) amostra(s) vi\u00e1veis, acompanhadas da ficha de solicita\u00e7\u00e3o com todos os dados preenchidos.<\/p>\n","protected":false},"excerpt":{"rendered":"<p>Para realiza\u00e7\u00e3o de exame bacteriol\u00f3gico e teste de suscetibilidade aos antimicrobianos \u00e9 necess\u00e1rio o envio da(s) amostra(s) vi\u00e1veis, acompanhadas da ficha de solicita\u00e7\u00e3o com todos os dados preenchidos.<\/p>\n","protected":false},"author":115,"featured_media":0,"parent":0,"menu_order":0,"comment_status":"closed","ping_status":"closed","template":"","meta":{"footnotes":""},"categories":[],"tags":[],"class_list":["post-44","page","type-page","status-publish","hentry"],"acf":[],"_links":{"self":[{"href":"https:\/\/www.ufsm.br\/laboratorios\/labac\/wp-json\/wp\/v2\/pages\/44","targetHints":{"allow":["GET"]}}],"collection":[{"href":"https:\/\/www.ufsm.br\/laboratorios\/labac\/wp-json\/wp\/v2\/pages"}],"about":[{"href":"https:\/\/www.ufsm.br\/laboratorios\/labac\/wp-json\/wp\/v2\/types\/page"}],"author":[{"embeddable":true,"href":"https:\/\/www.ufsm.br\/laboratorios\/labac\/wp-json\/wp\/v2\/users\/115"}],"replies":[{"embeddable":true,"href":"https:\/\/www.ufsm.br\/laboratorios\/labac\/wp-json\/wp\/v2\/comments?post=44"}],"version-history":[{"count":0,"href":"https:\/\/www.ufsm.br\/laboratorios\/labac\/wp-json\/wp\/v2\/pages\/44\/revisions"}],"wp:attachment":[{"href":"https:\/\/www.ufsm.br\/laboratorios\/labac\/wp-json\/wp\/v2\/media?parent=44"}],"wp:term":[{"taxonomy":"category","embeddable":true,"href":"https:\/\/www.ufsm.br\/laboratorios\/labac\/wp-json\/wp\/v2\/categories?post=44"},{"taxonomy":"post_tag","embeddable":true,"href":"https:\/\/www.ufsm.br\/laboratorios\/labac\/wp-json\/wp\/v2\/tags?post=44"}],"curies":[{"name":"wp","href":"https:\/\/api.w.org\/{rel}","templated":true}]}}