{"id":1650,"date":"2020-04-22T20:15:14","date_gmt":"2020-04-22T23:15:14","guid":{"rendered":"https:\/\/www.ufsm.br\/laboratorios\/labart\/?page_id=1650"},"modified":"2021-12-06T14:37:32","modified_gmt":"2021-12-06T17:37:32","slug":"11o-simposio-de-arte-contemporanea-neurociencias-e-arte","status":"publish","type":"page","link":"https:\/\/www.ufsm.br\/laboratorios\/labart\/11o-simposio-de-arte-contemporanea-neurociencias-e-arte","title":{"rendered":"11\u00ba Simp\u00f3sio de Arte Contempor\u00e2nea: Neuroci\u00eancias e Arte"},"content":{"rendered":"\n<p><img fetchpriority=\"high\" decoding=\"async\" class=\"aligncenter wp-image-1489\" src=\"https:\/\/www.ufsm.br\/laboratorios\/labart\/wp-content\/uploads\/sites\/642\/2020\/04\/11S2016_Flyer-A-137x300.jpg\" alt=\"\" width=\"296\" height=\"650\" srcset=\"https:\/\/www.ufsm.br\/app\/uploads\/sites\/642\/2020\/04\/11S2016_Flyer-A-137x300.jpg 137w, https:\/\/www.ufsm.br\/app\/uploads\/sites\/642\/2020\/04\/11S2016_Flyer-A.jpg 456w\" sizes=\"(max-width: 296px) 100vw, 296px\" \/><\/p>\n<p>\u00a0<\/p>\n<p>O\u00a0<strong>11\u00ba Simp\u00f3sio de Arte Contempor\u00e2nea<\/strong>, com o tema <b>Neuroci\u00eancias e Arte<\/b>, acontece de 31 de agosto a 02 de setembro de 2016, no Caixa Preta CAL\/UFSM.<\/p>\n","protected":false},"excerpt":{"rendered":"<p>\u00a0 O\u00a011\u00ba Simp\u00f3sio de Arte Contempor\u00e2nea, com o tema Neuroci\u00eancias e Arte, acontece de 31 de agosto a 02 de setembro de 2016, no Caixa Preta CAL\/UFSM.<\/p>\n","protected":false},"author":2551,"featured_media":0,"parent":0,"menu_order":0,"comment_status":"closed","ping_status":"closed","template":"","meta":{"footnotes":""},"categories":[],"tags":[],"class_list":["post-1650","page","type-page","status-publish","hentry"],"acf":[],"_links":{"self":[{"href":"https:\/\/www.ufsm.br\/laboratorios\/labart\/wp-json\/wp\/v2\/pages\/1650","targetHints":{"allow":["GET"]}}],"collection":[{"href":"https:\/\/www.ufsm.br\/laboratorios\/labart\/wp-json\/wp\/v2\/pages"}],"about":[{"href":"https:\/\/www.ufsm.br\/laboratorios\/labart\/wp-json\/wp\/v2\/types\/page"}],"author":[{"embeddable":true,"href":"https:\/\/www.ufsm.br\/laboratorios\/labart\/wp-json\/wp\/v2\/users\/2551"}],"replies":[{"embeddable":true,"href":"https:\/\/www.ufsm.br\/laboratorios\/labart\/wp-json\/wp\/v2\/comments?post=1650"}],"version-history":[{"count":0,"href":"https:\/\/www.ufsm.br\/laboratorios\/labart\/wp-json\/wp\/v2\/pages\/1650\/revisions"}],"wp:attachment":[{"href":"https:\/\/www.ufsm.br\/laboratorios\/labart\/wp-json\/wp\/v2\/media?parent=1650"}],"wp:term":[{"taxonomy":"category","embeddable":true,"href":"https:\/\/www.ufsm.br\/laboratorios\/labart\/wp-json\/wp\/v2\/categories?post=1650"},{"taxonomy":"post_tag","embeddable":true,"href":"https:\/\/www.ufsm.br\/laboratorios\/labart\/wp-json\/wp\/v2\/tags?post=1650"}],"curies":[{"name":"wp","href":"https:\/\/api.w.org\/{rel}","templated":true}]}}