{"id":1670,"date":"2020-04-23T11:00:47","date_gmt":"2020-04-23T14:00:47","guid":{"rendered":"https:\/\/www.ufsm.br\/laboratorios\/labart\/?page_id=1670"},"modified":"2020-04-23T14:43:25","modified_gmt":"2020-04-23T17:43:25","slug":"7o-simposio-de-arte-contemporanea-participacao-e-interacao","status":"publish","type":"page","link":"https:\/\/www.ufsm.br\/laboratorios\/labart\/7o-simposio-de-arte-contemporanea-participacao-e-interacao","title":{"rendered":"7\u00ba Simp\u00f3sio de Arte Contempor\u00e2nea: Participa\u00e7\u00e3o e Intera\u00e7\u00e3o"},"content":{"rendered":"\n<p><img fetchpriority=\"high\" decoding=\"async\" class=\"aligncenter wp-image-1463\" src=\"https:\/\/www.ufsm.br\/laboratorios\/labart\/wp-content\/uploads\/sites\/642\/2020\/04\/07S2012_Flyer-G-300x297.jpg\" alt=\"\" width=\"657\" height=\"650\" srcset=\"https:\/\/www.ufsm.br\/app\/uploads\/sites\/642\/2020\/04\/07S2012_Flyer-G-300x297.jpg 300w, https:\/\/www.ufsm.br\/app\/uploads\/sites\/642\/2020\/04\/07S2012_Flyer-G-768x760.jpg 768w, https:\/\/www.ufsm.br\/app\/uploads\/sites\/642\/2020\/04\/07S2012_Flyer-G.jpg 1000w\" sizes=\"(max-width: 657px) 100vw, 657px\" \/><\/p>\n<p>O <strong>7\u00ba Simp\u00f3sio de Arte Contempor\u00e2nea<\/strong>, com o tema <strong>Participa\u00e7\u00e3o e Intera\u00e7\u00e3o<\/strong>, acontece em 29 e 30 de agosto de 2012, no CAL\/UFSM.<\/p>\n","protected":false},"excerpt":{"rendered":"<p>O 7\u00ba Simp\u00f3sio de Arte Contempor\u00e2nea, com o tema Participa\u00e7\u00e3o e Intera\u00e7\u00e3o, acontece em 29 e 30 de agosto de 2012, no CAL\/UFSM.<\/p>\n","protected":false},"author":2551,"featured_media":0,"parent":0,"menu_order":0,"comment_status":"closed","ping_status":"closed","template":"","meta":{"footnotes":""},"categories":[],"tags":[],"class_list":["post-1670","page","type-page","status-publish","hentry"],"acf":[],"_links":{"self":[{"href":"https:\/\/www.ufsm.br\/laboratorios\/labart\/wp-json\/wp\/v2\/pages\/1670","targetHints":{"allow":["GET"]}}],"collection":[{"href":"https:\/\/www.ufsm.br\/laboratorios\/labart\/wp-json\/wp\/v2\/pages"}],"about":[{"href":"https:\/\/www.ufsm.br\/laboratorios\/labart\/wp-json\/wp\/v2\/types\/page"}],"author":[{"embeddable":true,"href":"https:\/\/www.ufsm.br\/laboratorios\/labart\/wp-json\/wp\/v2\/users\/2551"}],"replies":[{"embeddable":true,"href":"https:\/\/www.ufsm.br\/laboratorios\/labart\/wp-json\/wp\/v2\/comments?post=1670"}],"version-history":[{"count":0,"href":"https:\/\/www.ufsm.br\/laboratorios\/labart\/wp-json\/wp\/v2\/pages\/1670\/revisions"}],"wp:attachment":[{"href":"https:\/\/www.ufsm.br\/laboratorios\/labart\/wp-json\/wp\/v2\/media?parent=1670"}],"wp:term":[{"taxonomy":"category","embeddable":true,"href":"https:\/\/www.ufsm.br\/laboratorios\/labart\/wp-json\/wp\/v2\/categories?post=1670"},{"taxonomy":"post_tag","embeddable":true,"href":"https:\/\/www.ufsm.br\/laboratorios\/labart\/wp-json\/wp\/v2\/tags?post=1670"}],"curies":[{"name":"wp","href":"https:\/\/api.w.org\/{rel}","templated":true}]}}