{"id":1674,"date":"2020-04-23T11:10:29","date_gmt":"2020-04-23T14:10:29","guid":{"rendered":"https:\/\/www.ufsm.br\/laboratorios\/labart\/?page_id=1674"},"modified":"2020-04-23T15:16:39","modified_gmt":"2020-04-23T18:16:39","slug":"6o-simposio-de-arte-contemporanea-fotografia-analogica-e-digital","status":"publish","type":"page","link":"https:\/\/www.ufsm.br\/laboratorios\/labart\/6o-simposio-de-arte-contemporanea-fotografia-analogica-e-digital","title":{"rendered":"6\u00ba Simp\u00f3sio de Arte Contempor\u00e2nea: Fotografia anal\u00f3gica e digital"},"content":{"rendered":"\n<table style=\"width: 100%;border-collapse: collapse;border-style: hidden\">\n<tbody>\n<tr style=\"border-style: hidden\">\n<td style=\"width: 50%;border-style: hidden\"><img fetchpriority=\"high\" decoding=\"async\" class=\"alignright wp-image-1456\" src=\"https:\/\/www.ufsm.br\/laboratorios\/labart\/wp-content\/uploads\/sites\/642\/2020\/04\/06S2011_Flyer-A-149x300.jpg\" alt=\"\" width=\"322\" height=\"650\" srcset=\"https:\/\/www.ufsm.br\/app\/uploads\/sites\/642\/2020\/04\/06S2011_Flyer-A-149x300.jpg 149w, https:\/\/www.ufsm.br\/app\/uploads\/sites\/642\/2020\/04\/06S2011_Flyer-A.jpg 495w\" sizes=\"(max-width: 322px) 100vw, 322px\" \/><\/td>\n<td style=\"width: 50%;border-style: hidden\"><img decoding=\"async\" class=\"alignnone wp-image-1457\" src=\"https:\/\/www.ufsm.br\/laboratorios\/labart\/wp-content\/uploads\/sites\/642\/2020\/04\/06S2011_Flyer-B-142x300.jpg\" alt=\"\" width=\"308\" height=\"650\" srcset=\"https:\/\/www.ufsm.br\/app\/uploads\/sites\/642\/2020\/04\/06S2011_Flyer-B-142x300.jpg 142w, https:\/\/www.ufsm.br\/app\/uploads\/sites\/642\/2020\/04\/06S2011_Flyer-B.jpg 474w\" sizes=\"(max-width: 308px) 100vw, 308px\" \/><\/td>\n<\/tr>\n<\/tbody>\n<\/table>\n<p>\u00a0<\/p>\n<p>O\u00a0<strong>6\u00ba Simp\u00f3sio de Arte Contempor\u00e2nea<\/strong>, com o tema <strong>Fotografia anal\u00f3gica e digital<\/strong>, acontece de 31 de agosto a 02 de setembro de 2011, no Caixa Preta CAL\/UFSM.<\/p>\n<p>\u00a0<\/p>\n<p><img decoding=\"async\" class=\"aligncenter wp-image-1456\" src=\"https:\/\/www.ufsm.br\/laboratorios\/labart\/wp-content\/uploads\/sites\/642\/2020\/04\/06S2011_Flyer-A-149x300.jpg\" alt=\"\" width=\"322\" height=\"650\" srcset=\"https:\/\/www.ufsm.br\/app\/uploads\/sites\/642\/2020\/04\/06S2011_Flyer-A-149x300.jpg 149w, https:\/\/www.ufsm.br\/app\/uploads\/sites\/642\/2020\/04\/06S2011_Flyer-A.jpg 495w\" sizes=\"(max-width: 322px) 100vw, 322px\" \/><\/p>\n","protected":false},"excerpt":{"rendered":"<p>\u00a0 O\u00a06\u00ba Simp\u00f3sio de Arte Contempor\u00e2nea, com o tema Fotografia anal\u00f3gica e digital, acontece de 31 de agosto a 02 de setembro de 2011, no Caixa Preta CAL\/UFSM. \u00a0<\/p>\n","protected":false},"author":2551,"featured_media":0,"parent":0,"menu_order":0,"comment_status":"closed","ping_status":"closed","template":"","meta":{"footnotes":""},"categories":[],"tags":[],"class_list":["post-1674","page","type-page","status-publish","hentry"],"acf":[],"_links":{"self":[{"href":"https:\/\/www.ufsm.br\/laboratorios\/labart\/wp-json\/wp\/v2\/pages\/1674","targetHints":{"allow":["GET"]}}],"collection":[{"href":"https:\/\/www.ufsm.br\/laboratorios\/labart\/wp-json\/wp\/v2\/pages"}],"about":[{"href":"https:\/\/www.ufsm.br\/laboratorios\/labart\/wp-json\/wp\/v2\/types\/page"}],"author":[{"embeddable":true,"href":"https:\/\/www.ufsm.br\/laboratorios\/labart\/wp-json\/wp\/v2\/users\/2551"}],"replies":[{"embeddable":true,"href":"https:\/\/www.ufsm.br\/laboratorios\/labart\/wp-json\/wp\/v2\/comments?post=1674"}],"version-history":[{"count":0,"href":"https:\/\/www.ufsm.br\/laboratorios\/labart\/wp-json\/wp\/v2\/pages\/1674\/revisions"}],"wp:attachment":[{"href":"https:\/\/www.ufsm.br\/laboratorios\/labart\/wp-json\/wp\/v2\/media?parent=1674"}],"wp:term":[{"taxonomy":"category","embeddable":true,"href":"https:\/\/www.ufsm.br\/laboratorios\/labart\/wp-json\/wp\/v2\/categories?post=1674"},{"taxonomy":"post_tag","embeddable":true,"href":"https:\/\/www.ufsm.br\/laboratorios\/labart\/wp-json\/wp\/v2\/tags?post=1674"}],"curies":[{"name":"wp","href":"https:\/\/api.w.org\/{rel}","templated":true}]}}