{"id":1675,"date":"2020-04-23T11:43:26","date_gmt":"2020-04-23T14:43:26","guid":{"rendered":"https:\/\/www.ufsm.br\/laboratorios\/labart\/?page_id=1675"},"modified":"2020-04-23T14:39:50","modified_gmt":"2020-04-23T17:39:50","slug":"5o-simposio-de-arte-contemporanea-poeticas-digitais","status":"publish","type":"page","link":"https:\/\/www.ufsm.br\/laboratorios\/labart\/5o-simposio-de-arte-contemporanea-poeticas-digitais","title":{"rendered":"5\u00ba Simp\u00f3sio de Arte Contempor\u00e2nea: Po\u00e9ticas digitais"},"content":{"rendered":"\n<p><img fetchpriority=\"high\" decoding=\"async\" class=\"aligncenter wp-image-1443\" src=\"https:\/\/www.ufsm.br\/laboratorios\/labart\/wp-content\/uploads\/sites\/642\/2020\/04\/05S2010_Flyer-L-300x294.jpg\" alt=\"\" width=\"664\" height=\"650\" srcset=\"https:\/\/www.ufsm.br\/app\/uploads\/sites\/642\/2020\/04\/05S2010_Flyer-L-300x294.jpg 300w, https:\/\/www.ufsm.br\/app\/uploads\/sites\/642\/2020\/04\/05S2010_Flyer-L.jpg 667w\" sizes=\"(max-width: 664px) 100vw, 664px\" \/><\/p>\n<p>\u00a0<\/p>\n<p>O\u00a0<strong>5\u00ba Simp\u00f3sio de Arte Contempor\u00e2nea<\/strong>, com o tema <strong>Po\u00e9ticas digitais<\/strong>, acontece de 01 a 03 de setembro de 2010, no CAL\/UFSM.<\/p>\n","protected":false},"excerpt":{"rendered":"<p>\u00a0 O\u00a05\u00ba Simp\u00f3sio de Arte Contempor\u00e2nea, com o tema Po\u00e9ticas digitais, acontece de 01 a 03 de setembro de 2010, no CAL\/UFSM.<\/p>\n","protected":false},"author":2551,"featured_media":0,"parent":0,"menu_order":0,"comment_status":"closed","ping_status":"closed","template":"","meta":{"footnotes":""},"categories":[],"tags":[],"class_list":["post-1675","page","type-page","status-publish","hentry"],"acf":[],"_links":{"self":[{"href":"https:\/\/www.ufsm.br\/laboratorios\/labart\/wp-json\/wp\/v2\/pages\/1675","targetHints":{"allow":["GET"]}}],"collection":[{"href":"https:\/\/www.ufsm.br\/laboratorios\/labart\/wp-json\/wp\/v2\/pages"}],"about":[{"href":"https:\/\/www.ufsm.br\/laboratorios\/labart\/wp-json\/wp\/v2\/types\/page"}],"author":[{"embeddable":true,"href":"https:\/\/www.ufsm.br\/laboratorios\/labart\/wp-json\/wp\/v2\/users\/2551"}],"replies":[{"embeddable":true,"href":"https:\/\/www.ufsm.br\/laboratorios\/labart\/wp-json\/wp\/v2\/comments?post=1675"}],"version-history":[{"count":0,"href":"https:\/\/www.ufsm.br\/laboratorios\/labart\/wp-json\/wp\/v2\/pages\/1675\/revisions"}],"wp:attachment":[{"href":"https:\/\/www.ufsm.br\/laboratorios\/labart\/wp-json\/wp\/v2\/media?parent=1675"}],"wp:term":[{"taxonomy":"category","embeddable":true,"href":"https:\/\/www.ufsm.br\/laboratorios\/labart\/wp-json\/wp\/v2\/categories?post=1675"},{"taxonomy":"post_tag","embeddable":true,"href":"https:\/\/www.ufsm.br\/laboratorios\/labart\/wp-json\/wp\/v2\/tags?post=1675"}],"curies":[{"name":"wp","href":"https:\/\/api.w.org\/{rel}","templated":true}]}}