{"id":1676,"date":"2020-04-23T11:46:17","date_gmt":"2020-04-23T14:46:17","guid":{"rendered":"https:\/\/www.ufsm.br\/laboratorios\/labart\/?page_id=1676"},"modified":"2020-04-23T14:39:17","modified_gmt":"2020-04-23T17:39:17","slug":"4o-simposio-de-arte-contemporanea-curadoria-e-critica","status":"publish","type":"page","link":"https:\/\/www.ufsm.br\/laboratorios\/labart\/4o-simposio-de-arte-contemporanea-curadoria-e-critica","title":{"rendered":"4\u00ba Simp\u00f3sio de Arte Contempor\u00e2nea: Curadoria e Cr\u00edtica"},"content":{"rendered":"\n<p><img fetchpriority=\"high\" decoding=\"async\" class=\"aligncenter wp-image-1430\" src=\"https:\/\/www.ufsm.br\/laboratorios\/labart\/wp-content\/uploads\/sites\/642\/2020\/04\/04S2009_Flyer-I-300x300.jpg\" alt=\"\" width=\"653\" height=\"650\" srcset=\"https:\/\/www.ufsm.br\/app\/uploads\/sites\/642\/2020\/04\/04S2009_Flyer-I-300x300.jpg 300w, https:\/\/www.ufsm.br\/app\/uploads\/sites\/642\/2020\/04\/04S2009_Flyer-I-150x150.jpg 150w, https:\/\/www.ufsm.br\/app\/uploads\/sites\/642\/2020\/04\/04S2009_Flyer-I.jpg 655w\" sizes=\"(max-width: 653px) 100vw, 653px\" \/><\/p>\n<p>\u00a0<\/p>\n<p>O\u00a0<strong>4\u00ba Simp\u00f3sio de Arte Contempor\u00e2nea<\/strong>, com o tema <strong>Curadoria e Cr\u00edtica<\/strong>, acontece de 19 a 21 de agosto de 2009, no CAL\/UFSM.<\/p>\n","protected":false},"excerpt":{"rendered":"<p>\u00a0 O\u00a04\u00ba Simp\u00f3sio de Arte Contempor\u00e2nea, com o tema Curadoria e Cr\u00edtica, acontece de 19 a 21 de agosto de 2009, no CAL\/UFSM.<\/p>\n","protected":false},"author":2551,"featured_media":0,"parent":0,"menu_order":0,"comment_status":"closed","ping_status":"closed","template":"","meta":{"footnotes":""},"categories":[],"tags":[],"class_list":["post-1676","page","type-page","status-publish","hentry"],"acf":[],"_links":{"self":[{"href":"https:\/\/www.ufsm.br\/laboratorios\/labart\/wp-json\/wp\/v2\/pages\/1676","targetHints":{"allow":["GET"]}}],"collection":[{"href":"https:\/\/www.ufsm.br\/laboratorios\/labart\/wp-json\/wp\/v2\/pages"}],"about":[{"href":"https:\/\/www.ufsm.br\/laboratorios\/labart\/wp-json\/wp\/v2\/types\/page"}],"author":[{"embeddable":true,"href":"https:\/\/www.ufsm.br\/laboratorios\/labart\/wp-json\/wp\/v2\/users\/2551"}],"replies":[{"embeddable":true,"href":"https:\/\/www.ufsm.br\/laboratorios\/labart\/wp-json\/wp\/v2\/comments?post=1676"}],"version-history":[{"count":0,"href":"https:\/\/www.ufsm.br\/laboratorios\/labart\/wp-json\/wp\/v2\/pages\/1676\/revisions"}],"wp:attachment":[{"href":"https:\/\/www.ufsm.br\/laboratorios\/labart\/wp-json\/wp\/v2\/media?parent=1676"}],"wp:term":[{"taxonomy":"category","embeddable":true,"href":"https:\/\/www.ufsm.br\/laboratorios\/labart\/wp-json\/wp\/v2\/categories?post=1676"},{"taxonomy":"post_tag","embeddable":true,"href":"https:\/\/www.ufsm.br\/laboratorios\/labart\/wp-json\/wp\/v2\/tags?post=1676"}],"curies":[{"name":"wp","href":"https:\/\/api.w.org\/{rel}","templated":true}]}}