{"id":1678,"date":"2020-04-23T14:19:50","date_gmt":"2020-04-23T17:19:50","guid":{"rendered":"https:\/\/www.ufsm.br\/laboratorios\/labart\/?page_id=1678"},"modified":"2020-04-23T14:38:09","modified_gmt":"2020-04-23T17:38:09","slug":"2o-simposio-de-arte-contemporanea-a-presenca-do-corpo","status":"publish","type":"page","link":"https:\/\/www.ufsm.br\/laboratorios\/labart\/2o-simposio-de-arte-contemporanea-a-presenca-do-corpo","title":{"rendered":"2\u00ba Simp\u00f3sio de Arte Contempor\u00e2nea: A presen\u00e7a do corpo"},"content":{"rendered":"\n<p><img fetchpriority=\"high\" decoding=\"async\" class=\"aligncenter wp-image-1417\" src=\"https:\/\/www.ufsm.br\/laboratorios\/labart\/wp-content\/uploads\/sites\/642\/2020\/04\/02S2007_Flyer-A-143x300.jpg\" alt=\"\" width=\"309\" height=\"650\" srcset=\"https:\/\/www.ufsm.br\/app\/uploads\/sites\/642\/2020\/04\/02S2007_Flyer-A-143x300.jpg 143w, https:\/\/www.ufsm.br\/app\/uploads\/sites\/642\/2020\/04\/02S2007_Flyer-A.jpg 475w\" sizes=\"(max-width: 309px) 100vw, 309px\" \/><\/p>\n<p>O\u00a0<strong>2\u00ba Simp\u00f3sio de Arte Contempor\u00e2nea<\/strong>, com o tema <strong>A presen\u00e7a do corpo<\/strong>, acontece de 01 a 03 de agosto de 2007, no CAL\/UFSM.<\/p>\n","protected":false},"excerpt":{"rendered":"<p>O\u00a02\u00ba Simp\u00f3sio de Arte Contempor\u00e2nea, com o tema A presen\u00e7a do corpo, acontece de 01 a 03 de agosto de 2007, no CAL\/UFSM.<\/p>\n","protected":false},"author":2551,"featured_media":0,"parent":0,"menu_order":0,"comment_status":"closed","ping_status":"closed","template":"","meta":{"footnotes":""},"categories":[],"tags":[],"class_list":["post-1678","page","type-page","status-publish","hentry"],"acf":[],"_links":{"self":[{"href":"https:\/\/www.ufsm.br\/laboratorios\/labart\/wp-json\/wp\/v2\/pages\/1678","targetHints":{"allow":["GET"]}}],"collection":[{"href":"https:\/\/www.ufsm.br\/laboratorios\/labart\/wp-json\/wp\/v2\/pages"}],"about":[{"href":"https:\/\/www.ufsm.br\/laboratorios\/labart\/wp-json\/wp\/v2\/types\/page"}],"author":[{"embeddable":true,"href":"https:\/\/www.ufsm.br\/laboratorios\/labart\/wp-json\/wp\/v2\/users\/2551"}],"replies":[{"embeddable":true,"href":"https:\/\/www.ufsm.br\/laboratorios\/labart\/wp-json\/wp\/v2\/comments?post=1678"}],"version-history":[{"count":0,"href":"https:\/\/www.ufsm.br\/laboratorios\/labart\/wp-json\/wp\/v2\/pages\/1678\/revisions"}],"wp:attachment":[{"href":"https:\/\/www.ufsm.br\/laboratorios\/labart\/wp-json\/wp\/v2\/media?parent=1678"}],"wp:term":[{"taxonomy":"category","embeddable":true,"href":"https:\/\/www.ufsm.br\/laboratorios\/labart\/wp-json\/wp\/v2\/categories?post=1678"},{"taxonomy":"post_tag","embeddable":true,"href":"https:\/\/www.ufsm.br\/laboratorios\/labart\/wp-json\/wp\/v2\/tags?post=1678"}],"curies":[{"name":"wp","href":"https:\/\/api.w.org\/{rel}","templated":true}]}}