{"id":1679,"date":"2020-04-23T14:22:41","date_gmt":"2020-04-23T17:22:41","guid":{"rendered":"https:\/\/www.ufsm.br\/laboratorios\/labart\/?page_id=1679"},"modified":"2020-06-24T15:32:51","modified_gmt":"2020-06-24T18:32:51","slug":"1o-simposio-de-arte-contemporanea-historia-teoria-e-critica","status":"publish","type":"page","link":"https:\/\/www.ufsm.br\/laboratorios\/labart\/1o-simposio-de-arte-contemporanea-historia-teoria-e-critica","title":{"rendered":"1\u00ba Simp\u00f3sio de Arte Contempor\u00e2nea: Hist\u00f3ria, teoria e cr\u00edtica"},"content":{"rendered":"\n<p><img fetchpriority=\"high\" decoding=\"async\" class=\"aligncenter wp-image-1415\" src=\"https:\/\/www.ufsm.br\/laboratorios\/labart\/wp-content\/uploads\/sites\/642\/2020\/04\/01S2006_Flyer-A-143x300.jpg\" alt=\"\" width=\"310\" height=\"650\" srcset=\"https:\/\/www.ufsm.br\/app\/uploads\/sites\/642\/2020\/04\/01S2006_Flyer-A-143x300.jpg 143w, https:\/\/www.ufsm.br\/app\/uploads\/sites\/642\/2020\/04\/01S2006_Flyer-A.jpg 477w\" sizes=\"(max-width: 310px) 100vw, 310px\" \/><\/p>\n<p>\u00a0<\/p>\n<p>O\u00a0<strong>1\u00ba Simp\u00f3sio de Arte Contempor\u00e2nea<\/strong>, com o tema <strong>Hist\u00f3ria, teoria e cr\u00edtica<\/strong>, acontece de 02 a 04 de agosto de 2006, no CAL\/UFSM.<\/p>\n<table style=\"height: 382px;width: 100%;border-collapse: collapse;border-style: hidden\">\n<tbody>\n<tr style=\"border-style: hidden\">\n<td style=\"width: 20%;height: 168px;border-style: hidden\"><img decoding=\"async\" class=\"alignnone wp-image-2014 size-medium\" src=\"https:\/\/www.ufsm.br\/laboratorios\/labart\/wp-content\/uploads\/sites\/642\/2020\/06\/DSCF0274-300x225.jpg\" alt=\"\" width=\"300\" height=\"225\" srcset=\"https:\/\/www.ufsm.br\/app\/uploads\/sites\/642\/2020\/06\/DSCF0274-300x225.jpg 300w, https:\/\/www.ufsm.br\/app\/uploads\/sites\/642\/2020\/06\/DSCF0274-1024x768.jpg 1024w, https:\/\/www.ufsm.br\/app\/uploads\/sites\/642\/2020\/06\/DSCF0274-768x576.jpg 768w, https:\/\/www.ufsm.br\/app\/uploads\/sites\/642\/2020\/06\/DSCF0274-1536x1152.jpg 1536w, https:\/\/www.ufsm.br\/app\/uploads\/sites\/642\/2020\/06\/DSCF0274.jpg 1920w\" sizes=\"(max-width: 300px) 100vw, 300px\" \/><\/td>\n<td style=\"width: 20%;height: 168px;border-style: hidden\"><img decoding=\"async\" class=\"alignnone wp-image-2015 size-medium\" src=\"https:\/\/www.ufsm.br\/laboratorios\/labart\/wp-content\/uploads\/sites\/642\/2020\/06\/DSCF0279-300x225.jpg\" alt=\"\" width=\"300\" height=\"225\" srcset=\"https:\/\/www.ufsm.br\/app\/uploads\/sites\/642\/2020\/06\/DSCF0279-300x225.jpg 300w, https:\/\/www.ufsm.br\/app\/uploads\/sites\/642\/2020\/06\/DSCF0279-1024x768.jpg 1024w, https:\/\/www.ufsm.br\/app\/uploads\/sites\/642\/2020\/06\/DSCF0279-768x576.jpg 768w, https:\/\/www.ufsm.br\/app\/uploads\/sites\/642\/2020\/06\/DSCF0279-1536x1152.jpg 1536w, https:\/\/www.ufsm.br\/app\/uploads\/sites\/642\/2020\/06\/DSCF0279.jpg 1920w\" sizes=\"(max-width: 300px) 100vw, 300px\" \/><\/td>\n<td style=\"width: 20%;height: 168px;border-style: hidden\"><img loading=\"lazy\" decoding=\"async\" class=\"alignnone wp-image-2016 size-medium\" src=\"https:\/\/www.ufsm.br\/laboratorios\/labart\/wp-content\/uploads\/sites\/642\/2020\/06\/DSCF0280-300x225.jpg\" alt=\"\" width=\"300\" height=\"225\" srcset=\"https:\/\/www.ufsm.br\/app\/uploads\/sites\/642\/2020\/06\/DSCF0280-300x225.jpg 300w, https:\/\/www.ufsm.br\/app\/uploads\/sites\/642\/2020\/06\/DSCF0280-1024x768.jpg 1024w, https:\/\/www.ufsm.br\/app\/uploads\/sites\/642\/2020\/06\/DSCF0280-768x576.jpg 768w, https:\/\/www.ufsm.br\/app\/uploads\/sites\/642\/2020\/06\/DSCF0280-1536x1152.jpg 1536w, https:\/\/www.ufsm.br\/app\/uploads\/sites\/642\/2020\/06\/DSCF0280.jpg 1920w\" sizes=\"(max-width: 300px) 100vw, 300px\" \/><\/td>\n<td style=\"width: 20%;height: 168px;border-style: hidden\"><img loading=\"lazy\" decoding=\"async\" class=\"alignnone wp-image-2017 size-medium\" src=\"https:\/\/www.ufsm.br\/laboratorios\/labart\/wp-content\/uploads\/sites\/642\/2020\/06\/DSCF0286-300x225.jpg\" alt=\"\" width=\"300\" height=\"225\" srcset=\"https:\/\/www.ufsm.br\/app\/uploads\/sites\/642\/2020\/06\/DSCF0286-300x225.jpg 300w, https:\/\/www.ufsm.br\/app\/uploads\/sites\/642\/2020\/06\/DSCF0286-1024x768.jpg 1024w, https:\/\/www.ufsm.br\/app\/uploads\/sites\/642\/2020\/06\/DSCF0286-768x576.jpg 768w, https:\/\/www.ufsm.br\/app\/uploads\/sites\/642\/2020\/06\/DSCF0286-1536x1152.jpg 1536w, https:\/\/www.ufsm.br\/app\/uploads\/sites\/642\/2020\/06\/DSCF0286.jpg 1920w\" sizes=\"(max-width: 300px) 100vw, 300px\" \/><\/td>\n<td style=\"width: 20%;height: 168px;border-style: hidden\">\n<p><img loading=\"lazy\" decoding=\"async\" class=\"alignnone wp-image-2024 size-medium\" src=\"https:\/\/www.ufsm.br\/laboratorios\/labart\/wp-content\/uploads\/sites\/642\/2020\/06\/DSCF0300-300x225.jpg\" alt=\"\" width=\"300\" height=\"225\" srcset=\"https:\/\/www.ufsm.br\/app\/uploads\/sites\/642\/2020\/06\/DSCF0300-300x225.jpg 300w, https:\/\/www.ufsm.br\/app\/uploads\/sites\/642\/2020\/06\/DSCF0300-1024x768.jpg 1024w, https:\/\/www.ufsm.br\/app\/uploads\/sites\/642\/2020\/06\/DSCF0300-768x576.jpg 768w, https:\/\/www.ufsm.br\/app\/uploads\/sites\/642\/2020\/06\/DSCF0300-1536x1152.jpg 1536w, https:\/\/www.ufsm.br\/app\/uploads\/sites\/642\/2020\/06\/DSCF0300.jpg 1920w\" sizes=\"(max-width: 300px) 100vw, 300px\" \/><\/p>\n<\/td>\n<\/tr>\n<tr style=\"border-style: hidden\">\n<td style=\"width: 20%;height: 168px;border-style: hidden\"><img loading=\"lazy\" decoding=\"async\" class=\"alignnone wp-image-2025 size-medium\" src=\"https:\/\/www.ufsm.br\/laboratorios\/labart\/wp-content\/uploads\/sites\/642\/2020\/06\/DSCF0307-300x225.jpg\" alt=\"\" width=\"300\" height=\"225\" srcset=\"https:\/\/www.ufsm.br\/app\/uploads\/sites\/642\/2020\/06\/DSCF0307-300x225.jpg 300w, https:\/\/www.ufsm.br\/app\/uploads\/sites\/642\/2020\/06\/DSCF0307-1024x768.jpg 1024w, https:\/\/www.ufsm.br\/app\/uploads\/sites\/642\/2020\/06\/DSCF0307-768x576.jpg 768w, https:\/\/www.ufsm.br\/app\/uploads\/sites\/642\/2020\/06\/DSCF0307-1536x1152.jpg 1536w, https:\/\/www.ufsm.br\/app\/uploads\/sites\/642\/2020\/06\/DSCF0307.jpg 1920w\" sizes=\"(max-width: 300px) 100vw, 300px\" \/><\/td>\n<td style=\"width: 20%;height: 168px;border-style: hidden\"><img loading=\"lazy\" decoding=\"async\" class=\"alignnone wp-image-2026 size-medium\" src=\"https:\/\/www.ufsm.br\/laboratorios\/labart\/wp-content\/uploads\/sites\/642\/2020\/06\/DSCF0319-300x225.jpg\" alt=\"\" width=\"300\" height=\"225\" srcset=\"https:\/\/www.ufsm.br\/app\/uploads\/sites\/642\/2020\/06\/DSCF0319-300x225.jpg 300w, https:\/\/www.ufsm.br\/app\/uploads\/sites\/642\/2020\/06\/DSCF0319-1024x768.jpg 1024w, https:\/\/www.ufsm.br\/app\/uploads\/sites\/642\/2020\/06\/DSCF0319-768x576.jpg 768w, https:\/\/www.ufsm.br\/app\/uploads\/sites\/642\/2020\/06\/DSCF0319-1536x1152.jpg 1536w, https:\/\/www.ufsm.br\/app\/uploads\/sites\/642\/2020\/06\/DSCF0319.jpg 1920w\" sizes=\"(max-width: 300px) 100vw, 300px\" \/><\/td>\n<td style=\"width: 20%;height: 168px;border-style: hidden\"><img loading=\"lazy\" decoding=\"async\" class=\"alignnone wp-image-2021 size-medium\" src=\"https:\/\/www.ufsm.br\/laboratorios\/labart\/wp-content\/uploads\/sites\/642\/2020\/06\/DSCF0292-300x225.jpg\" alt=\"\" width=\"300\" height=\"225\" srcset=\"https:\/\/www.ufsm.br\/app\/uploads\/sites\/642\/2020\/06\/DSCF0292-300x225.jpg 300w, https:\/\/www.ufsm.br\/app\/uploads\/sites\/642\/2020\/06\/DSCF0292-1024x768.jpg 1024w, https:\/\/www.ufsm.br\/app\/uploads\/sites\/642\/2020\/06\/DSCF0292-768x576.jpg 768w, https:\/\/www.ufsm.br\/app\/uploads\/sites\/642\/2020\/06\/DSCF0292-1536x1152.jpg 1536w, https:\/\/www.ufsm.br\/app\/uploads\/sites\/642\/2020\/06\/DSCF0292.jpg 1920w\" sizes=\"(max-width: 300px) 100vw, 300px\" \/><\/td>\n<td style=\"width: 20%;height: 168px;border-style: hidden\"><img loading=\"lazy\" decoding=\"async\" class=\"alignnone wp-image-2022 size-medium\" src=\"https:\/\/www.ufsm.br\/laboratorios\/labart\/wp-content\/uploads\/sites\/642\/2020\/06\/DSCF0293-300x225.jpg\" alt=\"\" width=\"300\" height=\"225\" srcset=\"https:\/\/www.ufsm.br\/app\/uploads\/sites\/642\/2020\/06\/DSCF0293-300x225.jpg 300w, https:\/\/www.ufsm.br\/app\/uploads\/sites\/642\/2020\/06\/DSCF0293-1024x768.jpg 1024w, https:\/\/www.ufsm.br\/app\/uploads\/sites\/642\/2020\/06\/DSCF0293-768x576.jpg 768w, https:\/\/www.ufsm.br\/app\/uploads\/sites\/642\/2020\/06\/DSCF0293-1536x1152.jpg 1536w, https:\/\/www.ufsm.br\/app\/uploads\/sites\/642\/2020\/06\/DSCF0293.jpg 1920w\" sizes=\"(max-width: 300px) 100vw, 300px\" \/><\/td>\n<td style=\"width: 20%;height: 168px;border-style: hidden\">\n<p><img loading=\"lazy\" decoding=\"async\" class=\"alignnone wp-image-2023 size-medium\" src=\"https:\/\/www.ufsm.br\/laboratorios\/labart\/wp-content\/uploads\/sites\/642\/2020\/06\/DSCF0294-300x225.jpg\" alt=\"\" width=\"300\" height=\"225\" srcset=\"https:\/\/www.ufsm.br\/app\/uploads\/sites\/642\/2020\/06\/DSCF0294-300x225.jpg 300w, https:\/\/www.ufsm.br\/app\/uploads\/sites\/642\/2020\/06\/DSCF0294-1024x768.jpg 1024w, https:\/\/www.ufsm.br\/app\/uploads\/sites\/642\/2020\/06\/DSCF0294-768x576.jpg 768w, https:\/\/www.ufsm.br\/app\/uploads\/sites\/642\/2020\/06\/DSCF0294-1536x1152.jpg 1536w, https:\/\/www.ufsm.br\/app\/uploads\/sites\/642\/2020\/06\/DSCF0294.jpg 1920w\" sizes=\"(max-width: 300px) 100vw, 300px\" \/><\/p>\n<\/td>\n<\/tr>\n<tr style=\"border-style: hidden\">\n<td style=\"width: 20%;height: 23px;border-style: hidden\">\u00a0<\/td>\n<td style=\"width: 20%;height: 23px;border-style: hidden\">\u00a0<\/td>\n<td style=\"width: 20%;height: 23px;border-style: hidden\">\u00a0<\/td>\n<td style=\"width: 20%;height: 23px;border-style: hidden\">\u00a0<\/td>\n<td style=\"width: 20%;height: 23px;border-style: hidden\">\u00a0<\/td>\n<\/tr>\n<tr style=\"border-style: hidden\">\n<td style=\"width: 20%;height: 23px;border-style: hidden\">\u00a0<\/td>\n<td style=\"width: 20%;height: 23px;border-style: hidden\">\u00a0<\/td>\n<td style=\"width: 20%;height: 23px;border-style: hidden\">\u00a0<\/td>\n<td style=\"width: 20%;height: 23px;border-style: hidden\">\u00a0<\/td>\n<td style=\"width: 20%;height: 23px;border-style: hidden\">\u00a0<\/td>\n<\/tr>\n<\/tbody>\n<\/table>\n<p>\u00a0<\/p>\n","protected":false},"excerpt":{"rendered":"<p>\u00a0 O\u00a01\u00ba Simp\u00f3sio de Arte Contempor\u00e2nea, com o tema Hist\u00f3ria, teoria e cr\u00edtica, acontece de 02 a 04 de agosto de 2006, no CAL\/UFSM. \u00a0 \u00a0 \u00a0 \u00a0 \u00a0 \u00a0 \u00a0 \u00a0 \u00a0 \u00a0 \u00a0<\/p>\n","protected":false},"author":2551,"featured_media":0,"parent":0,"menu_order":0,"comment_status":"closed","ping_status":"closed","template":"","meta":{"footnotes":""},"categories":[],"tags":[],"class_list":["post-1679","page","type-page","status-publish","hentry"],"acf":[],"_links":{"self":[{"href":"https:\/\/www.ufsm.br\/laboratorios\/labart\/wp-json\/wp\/v2\/pages\/1679","targetHints":{"allow":["GET"]}}],"collection":[{"href":"https:\/\/www.ufsm.br\/laboratorios\/labart\/wp-json\/wp\/v2\/pages"}],"about":[{"href":"https:\/\/www.ufsm.br\/laboratorios\/labart\/wp-json\/wp\/v2\/types\/page"}],"author":[{"embeddable":true,"href":"https:\/\/www.ufsm.br\/laboratorios\/labart\/wp-json\/wp\/v2\/users\/2551"}],"replies":[{"embeddable":true,"href":"https:\/\/www.ufsm.br\/laboratorios\/labart\/wp-json\/wp\/v2\/comments?post=1679"}],"version-history":[{"count":0,"href":"https:\/\/www.ufsm.br\/laboratorios\/labart\/wp-json\/wp\/v2\/pages\/1679\/revisions"}],"wp:attachment":[{"href":"https:\/\/www.ufsm.br\/laboratorios\/labart\/wp-json\/wp\/v2\/media?parent=1679"}],"wp:term":[{"taxonomy":"category","embeddable":true,"href":"https:\/\/www.ufsm.br\/laboratorios\/labart\/wp-json\/wp\/v2\/categories?post=1679"},{"taxonomy":"post_tag","embeddable":true,"href":"https:\/\/www.ufsm.br\/laboratorios\/labart\/wp-json\/wp\/v2\/tags?post=1679"}],"curies":[{"name":"wp","href":"https:\/\/api.w.org\/{rel}","templated":true}]}}