{"id":1697,"date":"2020-04-29T13:23:43","date_gmt":"2020-04-29T16:23:43","guid":{"rendered":"https:\/\/www.ufsm.br\/laboratorios\/labart\/?page_id=1697"},"modified":"2020-04-29T13:23:47","modified_gmt":"2020-04-29T16:23:47","slug":"mostra-online","status":"publish","type":"page","link":"https:\/\/www.ufsm.br\/laboratorios\/labart\/mostra-online","title":{"rendered":"+Mostra Online"},"content":{"rendered":"\n<p><a href=\"https:\/\/www.ufsm.br\/laboratorios\/labart\/mostra-4-0\/\"><strong>+Mostra 4.0<\/strong><\/a><\/p>\n<p><a href=\"https:\/\/www.ufsm.br\/laboratorios\/labart\/mostra-3-0\/\"><strong>+Mostra 3.0<\/strong><\/a><\/p>\n<p><a href=\"https:\/\/mostrafactors.wordpress.com\/\"><strong>+Mostra 2.0<\/strong><\/a><\/p>\n<p><a href=\"https:\/\/mostrafactors.wordpress.com\/portfolio\/mostra-1-0\/\"><strong>+Mostra 1.0<\/strong><\/a><\/p>\n<p>\u00a0<\/p>\n<p>A galeria de arte digital do FACTORS (Festival de Arte, Ci\u00eancia e Tecnologia do Rio Grande do Sul), +Mostra Online, surgiu com a finalidade de expor na web obras de arte digital, selecionadas concomitantemente \u00e0 organiza\u00e7\u00e3o das mostras f\u00edsicas das edi\u00e7\u00f5es do Festival, no intuito de propiciar tamb\u00e9m ao usu\u00e1rio a participa\u00e7\u00e3o no evento. Em 2014 o FACTORS passou a integrar a programa\u00e7\u00e3o do Simp\u00f3sio de Arte Contempor\u00e2nea, realizado anualmente na UFSM desde 2006.<\/p>\n","protected":false},"excerpt":{"rendered":"<p>+Mostra 4.0 +Mostra 3.0 +Mostra 2.0 +Mostra 1.0 \u00a0 A galeria de arte digital do FACTORS (Festival de Arte, Ci\u00eancia e Tecnologia do Rio Grande do Sul), +Mostra Online, surgiu com a finalidade de expor na web obras de arte digital, selecionadas concomitantemente \u00e0 organiza\u00e7\u00e3o das mostras f\u00edsicas das edi\u00e7\u00f5es do Festival, no intuito de [&hellip;]<\/p>\n","protected":false},"author":2551,"featured_media":0,"parent":0,"menu_order":0,"comment_status":"closed","ping_status":"closed","template":"","meta":{"footnotes":""},"categories":[],"tags":[],"class_list":["post-1697","page","type-page","status-publish","hentry"],"acf":[],"_links":{"self":[{"href":"https:\/\/www.ufsm.br\/laboratorios\/labart\/wp-json\/wp\/v2\/pages\/1697","targetHints":{"allow":["GET"]}}],"collection":[{"href":"https:\/\/www.ufsm.br\/laboratorios\/labart\/wp-json\/wp\/v2\/pages"}],"about":[{"href":"https:\/\/www.ufsm.br\/laboratorios\/labart\/wp-json\/wp\/v2\/types\/page"}],"author":[{"embeddable":true,"href":"https:\/\/www.ufsm.br\/laboratorios\/labart\/wp-json\/wp\/v2\/users\/2551"}],"replies":[{"embeddable":true,"href":"https:\/\/www.ufsm.br\/laboratorios\/labart\/wp-json\/wp\/v2\/comments?post=1697"}],"version-history":[{"count":0,"href":"https:\/\/www.ufsm.br\/laboratorios\/labart\/wp-json\/wp\/v2\/pages\/1697\/revisions"}],"wp:attachment":[{"href":"https:\/\/www.ufsm.br\/laboratorios\/labart\/wp-json\/wp\/v2\/media?parent=1697"}],"wp:term":[{"taxonomy":"category","embeddable":true,"href":"https:\/\/www.ufsm.br\/laboratorios\/labart\/wp-json\/wp\/v2\/categories?post=1697"},{"taxonomy":"post_tag","embeddable":true,"href":"https:\/\/www.ufsm.br\/laboratorios\/labart\/wp-json\/wp\/v2\/tags?post=1697"}],"curies":[{"name":"wp","href":"https:\/\/api.w.org\/{rel}","templated":true}]}}