{"id":1771,"date":"2020-04-29T16:56:53","date_gmt":"2020-04-29T19:56:53","guid":{"rendered":"https:\/\/www.ufsm.br\/laboratorios\/labart\/?page_id=1771"},"modified":"2020-04-29T17:47:46","modified_gmt":"2020-04-29T20:47:46","slug":"factors-5-0","status":"publish","type":"page","link":"https:\/\/www.ufsm.br\/laboratorios\/labart\/factors-5-0","title":{"rendered":"FACTORS 5.0"},"content":{"rendered":"\t\t<div data-elementor-type=\"wp-page\" data-elementor-id=\"1771\" class=\"elementor elementor-1771\">\n\t\t\t\t\t\t<section class=\"elementor-section elementor-top-section elementor-element elementor-element-270d557 elementor-section-boxed elementor-section-height-default elementor-section-height-default\" data-id=\"270d557\" data-element_type=\"section\">\n\t\t\t\t\t\t<div class=\"elementor-container elementor-column-gap-default\">\n\t\t\t\t\t<div class=\"elementor-column elementor-col-50 elementor-top-column elementor-element elementor-element-c86c441\" data-id=\"c86c441\" data-element_type=\"column\">\n\t\t\t<div class=\"elementor-widget-wrap elementor-element-populated\">\n\t\t\t\t\t\t<div class=\"elementor-element elementor-element-35c4b23 elementor-widget elementor-widget-image\" data-id=\"35c4b23\" data-element_type=\"widget\" data-widget_type=\"image.default\">\n\t\t\t\t<div class=\"elementor-widget-container\">\n\t\t\t\t\t\t\t\t\t\t\t\t\t<img decoding=\"async\" src=\"https:\/\/www.ufsm.br\/app\/uploads\/sites\/642\/elementor\/thumbs\/05FACT2018_Flyer-A-ons55qlzbibcja9nhmc4w8gw0qjmy889usojjkprz4.png\" title=\"05FACT2018_Flyer-A\" alt=\"05FACT2018_Flyer-A\" loading=\"lazy\" \/>\t\t\t\t\t\t\t\t\t\t\t\t\t<\/div>\n\t\t\t\t<\/div>\n\t\t\t\t\t<\/div>\n\t\t<\/div>\n\t\t\t\t<div class=\"elementor-column elementor-col-50 elementor-top-column elementor-element elementor-element-e328801\" data-id=\"e328801\" data-element_type=\"column\">\n\t\t\t<div class=\"elementor-widget-wrap elementor-element-populated\">\n\t\t\t\t\t\t<div class=\"elementor-element elementor-element-25e009a elementor-widget elementor-widget-image\" data-id=\"25e009a\" data-element_type=\"widget\" data-widget_type=\"image.default\">\n\t\t\t\t<div class=\"elementor-widget-container\">\n\t\t\t\t\t\t\t\t\t\t\t\t\t<img decoding=\"async\" src=\"https:\/\/www.ufsm.br\/app\/uploads\/sites\/642\/elementor\/thumbs\/05FACT2018_Flyer-B-ons56e3y2d7iljbioeht4kjevdbtantka0zojhqxnk.png\" title=\"05FACT2018_Flyer-B\" alt=\"05FACT2018_Flyer-B\" loading=\"lazy\" \/>\t\t\t\t\t\t\t\t\t\t\t\t\t<\/div>\n\t\t\t\t<\/div>\n\t\t\t\t\t<\/div>\n\t\t<\/div>\n\t\t\t\t\t<\/div>\n\t\t<\/section>\n\t\t\t\t<section class=\"elementor-section elementor-top-section elementor-element elementor-element-600a118 elementor-section-boxed elementor-section-height-default elementor-section-height-default\" data-id=\"600a118\" data-element_type=\"section\">\n\t\t\t\t\t\t<div class=\"elementor-container elementor-column-gap-default\">\n\t\t\t\t\t<div class=\"elementor-column elementor-col-100 elementor-top-column elementor-element elementor-element-17c9505\" data-id=\"17c9505\" data-element_type=\"column\">\n\t\t\t<div class=\"elementor-widget-wrap elementor-element-populated\">\n\t\t\t\t\t\t<div class=\"elementor-element elementor-element-7739f57 elementor-widget elementor-widget-spacer\" data-id=\"7739f57\" data-element_type=\"widget\" data-widget_type=\"spacer.default\">\n\t\t\t\t<div class=\"elementor-widget-container\">\n\t\t\t\t\t<div class=\"elementor-spacer\">\n\t\t\t<div class=\"elementor-spacer-inner\"><\/div>\n\t\t<\/div>\n\t\t\t\t<\/div>\n\t\t\t\t<\/div>\n\t\t\t\t<div class=\"elementor-element elementor-element-d34d5b6 elementor-widget elementor-widget-text-editor\" data-id=\"d34d5b6\" data-element_type=\"widget\" data-widget_type=\"text-editor.default\">\n\t\t\t\t<div class=\"elementor-widget-container\">\n\t\t\t\t\t\t\t<p style=\"text-align: justify\">Na sua quinta edi\u00e7\u00e3o, o <strong>Festival de Arte, Ci\u00eancia e Tecnologia<\/strong> acontece de 29 a 31 de agosto na 2018 na Sala Cl\u00e1udio Carriconde\/CAL e no Planet\u00e1rio\/UFSM. O <strong>FACTORS 5.0<\/strong>, que tem como argumento curatorial a concep\u00e7\u00e3o de <strong>Bioarte e Sustentabilidade<\/strong>, traz artistas brasileiros e estrangeiros:\u00a0Camila Zappe e Calixto Bento, Cl\u00e1udia Valente (Argentina), Dario Sacco (Argentina), Federico Hemmer (M\u00e9xico), Helga Corr\u00eaa, Malu Fragoso, Raquel Fonseca. A Curadoria compartilhada da mostra \u00e9 das pesquisadoras Nara Cristina Santos e Mariela Yeregui (Argentina).<\/p>\t\t\t\t\t\t<\/div>\n\t\t\t\t<\/div>\n\t\t\t\t<div class=\"elementor-element elementor-element-e393fff elementor-widget elementor-widget-spacer\" data-id=\"e393fff\" data-element_type=\"widget\" data-widget_type=\"spacer.default\">\n\t\t\t\t<div class=\"elementor-widget-container\">\n\t\t\t\t\t<div class=\"elementor-spacer\">\n\t\t\t<div class=\"elementor-spacer-inner\"><\/div>\n\t\t<\/div>\n\t\t\t\t<\/div>\n\t\t\t\t<\/div>\n\t\t\t\t\t<\/div>\n\t\t<\/div>\n\t\t\t\t\t<\/div>\n\t\t<\/section>\n\t\t\t\t<section class=\"elementor-section elementor-top-section elementor-element elementor-element-551a345 elementor-section-boxed elementor-section-height-default elementor-section-height-default\" data-id=\"551a345\" data-element_type=\"section\">\n\t\t\t\t\t\t<div class=\"elementor-container elementor-column-gap-default\">\n\t\t\t\t\t<div class=\"elementor-column elementor-col-33 elementor-top-column elementor-element elementor-element-a614433\" data-id=\"a614433\" data-element_type=\"column\">\n\t\t\t<div class=\"elementor-widget-wrap elementor-element-populated\">\n\t\t\t\t\t\t<div class=\"elementor-element elementor-element-c14d5cd elementor-widget elementor-widget-image\" data-id=\"c14d5cd\" data-element_type=\"widget\" data-widget_type=\"image.default\">\n\t\t\t\t<div class=\"elementor-widget-container\">\n\t\t\t\t\t\t\t\t\t\t\t\t\t<img fetchpriority=\"high\" decoding=\"async\" width=\"300\" height=\"200\" src=\"https:\/\/www.ufsm.br\/app\/uploads\/sites\/642\/2020\/04\/05FACT2018-A-300x200.jpg\" class=\"attachment-medium size-medium wp-image-1279\" alt=\"\" srcset=\"https:\/\/www.ufsm.br\/app\/uploads\/sites\/642\/2020\/04\/05FACT2018-A-300x200.jpg 300w, https:\/\/www.ufsm.br\/app\/uploads\/sites\/642\/2020\/04\/05FACT2018-A-1024x683.jpg 1024w, https:\/\/www.ufsm.br\/app\/uploads\/sites\/642\/2020\/04\/05FACT2018-A-768x512.jpg 768w, https:\/\/www.ufsm.br\/app\/uploads\/sites\/642\/2020\/04\/05FACT2018-A-272x182.jpg 272w, https:\/\/www.ufsm.br\/app\/uploads\/sites\/642\/2020\/04\/05FACT2018-A.jpg 1500w\" sizes=\"(max-width: 300px) 100vw, 300px\" \/>\t\t\t\t\t\t\t\t\t\t\t\t\t<\/div>\n\t\t\t\t<\/div>\n\t\t\t\t\t<\/div>\n\t\t<\/div>\n\t\t\t\t<div class=\"elementor-column elementor-col-33 elementor-top-column elementor-element elementor-element-e6562c2\" data-id=\"e6562c2\" data-element_type=\"column\">\n\t\t\t<div class=\"elementor-widget-wrap elementor-element-populated\">\n\t\t\t\t\t\t<div class=\"elementor-element elementor-element-3ef6cce elementor-widget elementor-widget-image\" data-id=\"3ef6cce\" data-element_type=\"widget\" data-widget_type=\"image.default\">\n\t\t\t\t<div class=\"elementor-widget-container\">\n\t\t\t\t\t\t\t\t\t\t\t\t\t<img decoding=\"async\" width=\"300\" height=\"200\" src=\"https:\/\/www.ufsm.br\/app\/uploads\/sites\/642\/2020\/04\/05FACT2018-B-300x200.jpg\" class=\"attachment-medium size-medium wp-image-1280\" alt=\"\" srcset=\"https:\/\/www.ufsm.br\/app\/uploads\/sites\/642\/2020\/04\/05FACT2018-B-300x200.jpg 300w, https:\/\/www.ufsm.br\/app\/uploads\/sites\/642\/2020\/04\/05FACT2018-B-1024x683.jpg 1024w, https:\/\/www.ufsm.br\/app\/uploads\/sites\/642\/2020\/04\/05FACT2018-B-768x512.jpg 768w, https:\/\/www.ufsm.br\/app\/uploads\/sites\/642\/2020\/04\/05FACT2018-B-272x182.jpg 272w, https:\/\/www.ufsm.br\/app\/uploads\/sites\/642\/2020\/04\/05FACT2018-B.jpg 1500w\" sizes=\"(max-width: 300px) 100vw, 300px\" \/>\t\t\t\t\t\t\t\t\t\t\t\t\t<\/div>\n\t\t\t\t<\/div>\n\t\t\t\t\t<\/div>\n\t\t<\/div>\n\t\t\t\t<div class=\"elementor-column elementor-col-33 elementor-top-column elementor-element elementor-element-86a8df8\" data-id=\"86a8df8\" data-element_type=\"column\">\n\t\t\t<div class=\"elementor-widget-wrap elementor-element-populated\">\n\t\t\t\t\t\t<div class=\"elementor-element elementor-element-5bdca6f elementor-widget elementor-widget-image\" data-id=\"5bdca6f\" data-element_type=\"widget\" data-widget_type=\"image.default\">\n\t\t\t\t<div class=\"elementor-widget-container\">\n\t\t\t\t\t\t\t\t\t\t\t\t\t<img decoding=\"async\" width=\"300\" height=\"200\" src=\"https:\/\/www.ufsm.br\/app\/uploads\/sites\/642\/2020\/04\/05FACT2018-C-300x200.jpg\" class=\"attachment-medium size-medium wp-image-1281\" alt=\"\" srcset=\"https:\/\/www.ufsm.br\/app\/uploads\/sites\/642\/2020\/04\/05FACT2018-C-300x200.jpg 300w, https:\/\/www.ufsm.br\/app\/uploads\/sites\/642\/2020\/04\/05FACT2018-C-1024x683.jpg 1024w, https:\/\/www.ufsm.br\/app\/uploads\/sites\/642\/2020\/04\/05FACT2018-C-768x512.jpg 768w, https:\/\/www.ufsm.br\/app\/uploads\/sites\/642\/2020\/04\/05FACT2018-C-272x182.jpg 272w, https:\/\/www.ufsm.br\/app\/uploads\/sites\/642\/2020\/04\/05FACT2018-C.jpg 1500w\" sizes=\"(max-width: 300px) 100vw, 300px\" \/>\t\t\t\t\t\t\t\t\t\t\t\t\t<\/div>\n\t\t\t\t<\/div>\n\t\t\t\t\t<\/div>\n\t\t<\/div>\n\t\t\t\t\t<\/div>\n\t\t<\/section>\n\t\t\t\t<section class=\"elementor-section elementor-top-section elementor-element elementor-element-285a013 elementor-section-boxed elementor-section-height-default elementor-section-height-default\" data-id=\"285a013\" data-element_type=\"section\">\n\t\t\t\t\t\t<div class=\"elementor-container elementor-column-gap-default\">\n\t\t\t\t\t<div class=\"elementor-column elementor-col-33 elementor-top-column elementor-element elementor-element-5cf8c6c\" data-id=\"5cf8c6c\" data-element_type=\"column\">\n\t\t\t<div class=\"elementor-widget-wrap elementor-element-populated\">\n\t\t\t\t\t\t<div class=\"elementor-element elementor-element-18a3a2b elementor-widget elementor-widget-image\" data-id=\"18a3a2b\" data-element_type=\"widget\" data-widget_type=\"image.default\">\n\t\t\t\t<div class=\"elementor-widget-container\">\n\t\t\t\t\t\t\t\t\t\t\t\t\t<img loading=\"lazy\" decoding=\"async\" width=\"300\" height=\"200\" src=\"https:\/\/www.ufsm.br\/app\/uploads\/sites\/642\/2020\/04\/05FACT2018-D-300x200.jpg\" class=\"attachment-medium size-medium wp-image-1282\" alt=\"\" srcset=\"https:\/\/www.ufsm.br\/app\/uploads\/sites\/642\/2020\/04\/05FACT2018-D-300x200.jpg 300w, https:\/\/www.ufsm.br\/app\/uploads\/sites\/642\/2020\/04\/05FACT2018-D-1024x683.jpg 1024w, https:\/\/www.ufsm.br\/app\/uploads\/sites\/642\/2020\/04\/05FACT2018-D-768x512.jpg 768w, https:\/\/www.ufsm.br\/app\/uploads\/sites\/642\/2020\/04\/05FACT2018-D-272x182.jpg 272w, https:\/\/www.ufsm.br\/app\/uploads\/sites\/642\/2020\/04\/05FACT2018-D.jpg 1500w\" sizes=\"(max-width: 300px) 100vw, 300px\" \/>\t\t\t\t\t\t\t\t\t\t\t\t\t<\/div>\n\t\t\t\t<\/div>\n\t\t\t\t\t<\/div>\n\t\t<\/div>\n\t\t\t\t<div class=\"elementor-column elementor-col-33 elementor-top-column elementor-element elementor-element-70d6560\" data-id=\"70d6560\" data-element_type=\"column\">\n\t\t\t<div class=\"elementor-widget-wrap elementor-element-populated\">\n\t\t\t\t\t\t<div class=\"elementor-element elementor-element-6b3bb14 elementor-widget elementor-widget-image\" data-id=\"6b3bb14\" data-element_type=\"widget\" data-widget_type=\"image.default\">\n\t\t\t\t<div class=\"elementor-widget-container\">\n\t\t\t\t\t\t\t\t\t\t\t\t\t<img loading=\"lazy\" decoding=\"async\" width=\"300\" height=\"200\" src=\"https:\/\/www.ufsm.br\/app\/uploads\/sites\/642\/2020\/04\/05FACT2018-G-300x200.jpg\" class=\"attachment-medium size-medium wp-image-1285\" alt=\"\" srcset=\"https:\/\/www.ufsm.br\/app\/uploads\/sites\/642\/2020\/04\/05FACT2018-G-300x200.jpg 300w, https:\/\/www.ufsm.br\/app\/uploads\/sites\/642\/2020\/04\/05FACT2018-G-1024x683.jpg 1024w, https:\/\/www.ufsm.br\/app\/uploads\/sites\/642\/2020\/04\/05FACT2018-G-768x512.jpg 768w, https:\/\/www.ufsm.br\/app\/uploads\/sites\/642\/2020\/04\/05FACT2018-G-272x182.jpg 272w, https:\/\/www.ufsm.br\/app\/uploads\/sites\/642\/2020\/04\/05FACT2018-G.jpg 1500w\" sizes=\"(max-width: 300px) 100vw, 300px\" \/>\t\t\t\t\t\t\t\t\t\t\t\t\t<\/div>\n\t\t\t\t<\/div>\n\t\t\t\t\t<\/div>\n\t\t<\/div>\n\t\t\t\t<div class=\"elementor-column elementor-col-33 elementor-top-column elementor-element elementor-element-841fef5\" data-id=\"841fef5\" data-element_type=\"column\">\n\t\t\t<div class=\"elementor-widget-wrap elementor-element-populated\">\n\t\t\t\t\t\t<div class=\"elementor-element elementor-element-99a7575 elementor-widget elementor-widget-image\" data-id=\"99a7575\" data-element_type=\"widget\" data-widget_type=\"image.default\">\n\t\t\t\t<div class=\"elementor-widget-container\">\n\t\t\t\t\t\t\t\t\t\t\t\t\t<img decoding=\"async\" src=\"https:\/\/www.ufsm.br\/app\/uploads\/sites\/642\/elementor\/thumbs\/05FACT2018-F-ons59ag0enwtpemapga65yekf1l3ljl1pdy6c52t1m.jpg\" title=\"05FACT2018-F\" alt=\"05FACT2018-F\" loading=\"lazy\" \/>\t\t\t\t\t\t\t\t\t\t\t\t\t<\/div>\n\t\t\t\t<\/div>\n\t\t\t\t\t<\/div>\n\t\t<\/div>\n\t\t\t\t\t<\/div>\n\t\t<\/section>\n\t\t\t\t<section class=\"elementor-section elementor-top-section elementor-element elementor-element-3370144 elementor-section-boxed elementor-section-height-default elementor-section-height-default\" data-id=\"3370144\" data-element_type=\"section\">\n\t\t\t\t\t\t<div class=\"elementor-container elementor-column-gap-default\">\n\t\t\t\t\t<div class=\"elementor-column elementor-col-100 elementor-top-column elementor-element elementor-element-0eefed6\" data-id=\"0eefed6\" data-element_type=\"column\">\n\t\t\t<div class=\"elementor-widget-wrap elementor-element-populated\">\n\t\t\t\t\t\t<div class=\"elementor-element elementor-element-a66be4f elementor-widget elementor-widget-text-editor\" data-id=\"a66be4f\" data-element_type=\"widget\" data-widget_type=\"text-editor.default\">\n\t\t\t\t<div class=\"elementor-widget-container\">\n\t\t\t\t\t\t\t<p>Propriedade das imagens: LABART\/UFSM.<\/p>\t\t\t\t\t\t<\/div>\n\t\t\t\t<\/div>\n\t\t\t\t<div class=\"elementor-element elementor-element-c4528bd elementor-widget elementor-widget-spacer\" data-id=\"c4528bd\" data-element_type=\"widget\" data-widget_type=\"spacer.default\">\n\t\t\t\t<div class=\"elementor-widget-container\">\n\t\t\t\t\t<div class=\"elementor-spacer\">\n\t\t\t<div class=\"elementor-spacer-inner\"><\/div>\n\t\t<\/div>\n\t\t\t\t<\/div>\n\t\t\t\t<\/div>\n\t\t\t\t\t<\/div>\n\t\t<\/div>\n\t\t\t\t\t<\/div>\n\t\t<\/section>\n\t\t\t\t<section class=\"elementor-section elementor-top-section elementor-element elementor-element-28aab5a elementor-section-boxed elementor-section-height-default elementor-section-height-default\" data-id=\"28aab5a\" data-element_type=\"section\">\n\t\t\t\t\t\t<div class=\"elementor-container elementor-column-gap-default\">\n\t\t\t\t\t<div class=\"elementor-column elementor-col-100 elementor-top-column elementor-element elementor-element-5cf9387\" data-id=\"5cf9387\" data-element_type=\"column\">\n\t\t\t<div class=\"elementor-widget-wrap elementor-element-populated\">\n\t\t\t\t\t\t<div class=\"elementor-element elementor-element-a5dd85b elementor-widget elementor-widget-image\" data-id=\"a5dd85b\" data-element_type=\"widget\" data-widget_type=\"image.default\">\n\t\t\t\t<div class=\"elementor-widget-container\">\n\t\t\t\t\t\t\t\t\t\t\t\t\t<img decoding=\"async\" src=\"https:\/\/www.ufsm.br\/app\/uploads\/sites\/642\/elementor\/thumbs\/05FACT2018_Flyer-C-ons57by9enyjgpzbhb7lvj4wo60ibh4okf4b2oz4q0.png\" title=\"05FACT2018_Flyer-C\" alt=\"05FACT2018_Flyer-C\" loading=\"lazy\" \/>\t\t\t\t\t\t\t\t\t\t\t\t\t<\/div>\n\t\t\t\t<\/div>\n\t\t\t\t\t<\/div>\n\t\t<\/div>\n\t\t\t\t\t<\/div>\n\t\t<\/section>\n\t\t\t\t<\/div>\n\t\t","protected":false},"excerpt":{"rendered":"<p>Na sua quinta edi\u00e7\u00e3o, o Festival de Arte, Ci\u00eancia e Tecnologia acontece de 29 a 31 de agosto na 2018 na Sala Cl\u00e1udio Carriconde\/CAL e no Planet\u00e1rio\/UFSM. O FACTORS 5.0, que tem como argumento curatorial a concep\u00e7\u00e3o de Bioarte e Sustentabilidade, traz artistas brasileiros e estrangeiros:\u00a0Camila Zappe e Calixto Bento, Cl\u00e1udia Valente (Argentina), Dario Sacco [&hellip;]<\/p>\n","protected":false},"author":1884,"featured_media":0,"parent":0,"menu_order":0,"comment_status":"closed","ping_status":"closed","template":"","meta":{"footnotes":""},"categories":[],"tags":[],"class_list":["post-1771","page","type-page","status-publish","hentry"],"acf":[],"_links":{"self":[{"href":"https:\/\/www.ufsm.br\/laboratorios\/labart\/wp-json\/wp\/v2\/pages\/1771","targetHints":{"allow":["GET"]}}],"collection":[{"href":"https:\/\/www.ufsm.br\/laboratorios\/labart\/wp-json\/wp\/v2\/pages"}],"about":[{"href":"https:\/\/www.ufsm.br\/laboratorios\/labart\/wp-json\/wp\/v2\/types\/page"}],"author":[{"embeddable":true,"href":"https:\/\/www.ufsm.br\/laboratorios\/labart\/wp-json\/wp\/v2\/users\/1884"}],"replies":[{"embeddable":true,"href":"https:\/\/www.ufsm.br\/laboratorios\/labart\/wp-json\/wp\/v2\/comments?post=1771"}],"version-history":[{"count":0,"href":"https:\/\/www.ufsm.br\/laboratorios\/labart\/wp-json\/wp\/v2\/pages\/1771\/revisions"}],"wp:attachment":[{"href":"https:\/\/www.ufsm.br\/laboratorios\/labart\/wp-json\/wp\/v2\/media?parent=1771"}],"wp:term":[{"taxonomy":"category","embeddable":true,"href":"https:\/\/www.ufsm.br\/laboratorios\/labart\/wp-json\/wp\/v2\/categories?post=1771"},{"taxonomy":"post_tag","embeddable":true,"href":"https:\/\/www.ufsm.br\/laboratorios\/labart\/wp-json\/wp\/v2\/tags?post=1771"}],"curies":[{"name":"wp","href":"https:\/\/api.w.org\/{rel}","templated":true}]}}