{"id":1819,"date":"2020-05-06T15:58:02","date_gmt":"2020-05-06T18:58:02","guid":{"rendered":"https:\/\/www.ufsm.br\/laboratorios\/labart\/?page_id=1819"},"modified":"2020-05-06T16:03:02","modified_gmt":"2020-05-06T19:03:02","slug":"arte-poetica-digital","status":"publish","type":"page","link":"https:\/\/www.ufsm.br\/laboratorios\/labart\/arte-poetica-digital","title":{"rendered":"ARTE-Po\u00e9tica-Digital"},"content":{"rendered":"\t\t<div data-elementor-type=\"wp-page\" data-elementor-id=\"1819\" class=\"elementor elementor-1819\">\n\t\t\t\t\t\t<section class=\"elementor-section elementor-top-section elementor-element elementor-element-b1d5e4e elementor-section-boxed elementor-section-height-default elementor-section-height-default\" data-id=\"b1d5e4e\" data-element_type=\"section\">\n\t\t\t\t\t\t<div class=\"elementor-container elementor-column-gap-default\">\n\t\t\t\t\t<div class=\"elementor-column elementor-col-50 elementor-top-column elementor-element elementor-element-a6915ba\" data-id=\"a6915ba\" data-element_type=\"column\">\n\t\t\t<div class=\"elementor-widget-wrap elementor-element-populated\">\n\t\t\t\t\t\t<div class=\"elementor-element elementor-element-947e22d elementor-widget elementor-widget-image\" data-id=\"947e22d\" data-element_type=\"widget\" data-widget_type=\"image.default\">\n\t\t\t\t<div class=\"elementor-widget-container\">\n\t\t\t\t\t\t\t\t\t\t\t\t\t<img decoding=\"async\" src=\"https:\/\/www.ufsm.br\/app\/uploads\/sites\/642\/elementor\/thumbs\/04ARTE-P-D-Flyer-Frente-scaled-ons2vzlax8eks70jus78jd4o3bhehwooy639y7xer0.jpg\" title=\"04ARTE-P-D-Flyer-Frente\" alt=\"04ARTE-P-D-Flyer-Frente\" loading=\"lazy\" \/>\t\t\t\t\t\t\t\t\t\t\t\t\t<\/div>\n\t\t\t\t<\/div>\n\t\t\t\t\t<\/div>\n\t\t<\/div>\n\t\t\t\t<div class=\"elementor-column elementor-col-50 elementor-top-column elementor-element elementor-element-5abd789\" data-id=\"5abd789\" data-element_type=\"column\">\n\t\t\t<div class=\"elementor-widget-wrap elementor-element-populated\">\n\t\t\t\t\t\t<div class=\"elementor-element elementor-element-0b28bbd elementor-widget elementor-widget-image\" data-id=\"0b28bbd\" data-element_type=\"widget\" data-widget_type=\"image.default\">\n\t\t\t\t<div class=\"elementor-widget-container\">\n\t\t\t\t\t\t\t\t\t\t\t\t\t<img decoding=\"async\" src=\"https:\/\/www.ufsm.br\/app\/uploads\/sites\/642\/elementor\/thumbs\/04ARTE-P-D-Flyer-Verso-ons2vkjvvvtzmfmealp7fgxal5jj2r0zk3ni9sjor2.jpg\" title=\"04ARTE-P-D-Flyer-Verso\" alt=\"04ARTE-P-D-Flyer-Verso\" loading=\"lazy\" \/>\t\t\t\t\t\t\t\t\t\t\t\t\t<\/div>\n\t\t\t\t<\/div>\n\t\t\t\t\t<\/div>\n\t\t<\/div>\n\t\t\t\t\t<\/div>\n\t\t<\/section>\n\t\t\t\t<section class=\"elementor-section elementor-top-section elementor-element elementor-element-efbd10c elementor-section-boxed elementor-section-height-default elementor-section-height-default\" data-id=\"efbd10c\" data-element_type=\"section\">\n\t\t\t\t\t\t<div class=\"elementor-container elementor-column-gap-default\">\n\t\t\t\t\t<div class=\"elementor-column elementor-col-100 elementor-top-column elementor-element elementor-element-a0b3c1b\" data-id=\"a0b3c1b\" data-element_type=\"column\">\n\t\t\t<div class=\"elementor-widget-wrap elementor-element-populated\">\n\t\t\t\t\t\t<div class=\"elementor-element elementor-element-543cc87 elementor-widget elementor-widget-spacer\" data-id=\"543cc87\" data-element_type=\"widget\" data-widget_type=\"spacer.default\">\n\t\t\t\t<div class=\"elementor-widget-container\">\n\t\t\t\t\t<div class=\"elementor-spacer\">\n\t\t\t<div class=\"elementor-spacer-inner\"><\/div>\n\t\t<\/div>\n\t\t\t\t<\/div>\n\t\t\t\t<\/div>\n\t\t\t\t<div class=\"elementor-element elementor-element-1e5ae93 elementor-widget elementor-widget-text-editor\" data-id=\"1e5ae93\" data-element_type=\"widget\" data-widget_type=\"text-editor.default\">\n\t\t\t\t<div class=\"elementor-widget-container\">\n\t\t\t\t\t\t\t<p style=\"text-align: justify\"><strong>ARTE-Po\u00e9tica-Digital<\/strong>\u00a0apresenta a produ\u00e7\u00e3o dos artistas\u00a0<strong>Anna Barros<\/strong>,\u00a0<strong>Bia Medeiros\/Corpos Inform\u00e1ticos<\/strong>,\u00a0<strong>Edgar Franco e F\u00e1bio Fon<\/strong>,\u00a0<strong>F\u00e1bio Fon e Soraya Braz<\/strong>,\u00a0<strong>Karla Brunet\/Grupo Ecoarte<\/strong>,\u00a0<strong>Marcelo Gobatto<\/strong>,\u00a0<strong>Suzete Venturelli\/MidiaLab<\/strong>, e\u00a0<strong>T\u00e2nia Fraga<\/strong>.<\/p><p style=\"text-align: justify\">A exposi\u00e7\u00e3o integra o\u00a0<a href=\"https:\/\/www.ufsm.br\/laboratorios\/labart\/5o-simposio-de-arte-contemporanea-poeticas-digitais\/\"><strong>5\u00ba Simp\u00f3sio de Arte Contempor\u00e2nea.<\/strong><\/a><\/p>\t\t\t\t\t\t<\/div>\n\t\t\t\t<\/div>\n\t\t\t\t<div class=\"elementor-element elementor-element-76ff9a8 elementor-widget elementor-widget-spacer\" data-id=\"76ff9a8\" data-element_type=\"widget\" data-widget_type=\"spacer.default\">\n\t\t\t\t<div class=\"elementor-widget-container\">\n\t\t\t\t\t<div class=\"elementor-spacer\">\n\t\t\t<div class=\"elementor-spacer-inner\"><\/div>\n\t\t<\/div>\n\t\t\t\t<\/div>\n\t\t\t\t<\/div>\n\t\t\t\t\t<\/div>\n\t\t<\/div>\n\t\t\t\t\t<\/div>\n\t\t<\/section>\n\t\t\t\t<section class=\"elementor-section elementor-top-section elementor-element elementor-element-953767b elementor-section-boxed elementor-section-height-default elementor-section-height-default\" data-id=\"953767b\" data-element_type=\"section\">\n\t\t\t\t\t\t<div class=\"elementor-container elementor-column-gap-default\">\n\t\t\t\t\t<div class=\"elementor-column elementor-col-33 elementor-top-column elementor-element elementor-element-e0d8f8f\" data-id=\"e0d8f8f\" data-element_type=\"column\">\n\t\t\t<div class=\"elementor-widget-wrap elementor-element-populated\">\n\t\t\t\t\t\t<div class=\"elementor-element elementor-element-777915b elementor-widget elementor-widget-image\" data-id=\"777915b\" data-element_type=\"widget\" data-widget_type=\"image.default\">\n\t\t\t\t<div class=\"elementor-widget-container\">\n\t\t\t\t\t\t\t\t\t\t\t\t\t<img decoding=\"async\" width=\"300\" height=\"159\" src=\"https:\/\/www.ufsm.br\/app\/uploads\/sites\/642\/2020\/04\/04ARTE-P-D-A-300x159.jpg\" class=\"attachment-medium size-medium wp-image-1099\" alt=\"\" srcset=\"https:\/\/www.ufsm.br\/app\/uploads\/sites\/642\/2020\/04\/04ARTE-P-D-A-300x159.jpg 300w, https:\/\/www.ufsm.br\/app\/uploads\/sites\/642\/2020\/04\/04ARTE-P-D-A-1024x544.jpg 1024w, https:\/\/www.ufsm.br\/app\/uploads\/sites\/642\/2020\/04\/04ARTE-P-D-A-768x408.jpg 768w, https:\/\/www.ufsm.br\/app\/uploads\/sites\/642\/2020\/04\/04ARTE-P-D-A-1536x816.jpg 1536w, https:\/\/www.ufsm.br\/app\/uploads\/sites\/642\/2020\/04\/04ARTE-P-D-A.jpg 1920w\" sizes=\"(max-width: 300px) 100vw, 300px\" \/>\t\t\t\t\t\t\t\t\t\t\t\t\t<\/div>\n\t\t\t\t<\/div>\n\t\t\t\t\t<\/div>\n\t\t<\/div>\n\t\t\t\t<div class=\"elementor-column elementor-col-33 elementor-top-column elementor-element elementor-element-4b268e7\" data-id=\"4b268e7\" data-element_type=\"column\">\n\t\t\t<div class=\"elementor-widget-wrap elementor-element-populated\">\n\t\t\t\t\t\t<div class=\"elementor-element elementor-element-2252f0a elementor-widget elementor-widget-image\" data-id=\"2252f0a\" data-element_type=\"widget\" data-widget_type=\"image.default\">\n\t\t\t\t<div class=\"elementor-widget-container\">\n\t\t\t\t\t\t\t\t\t\t\t\t\t<img decoding=\"async\" width=\"300\" height=\"154\" src=\"https:\/\/www.ufsm.br\/app\/uploads\/sites\/642\/2020\/04\/04ARTE-P-D-B-300x154.jpg\" class=\"attachment-medium size-medium wp-image-1100\" alt=\"\" srcset=\"https:\/\/www.ufsm.br\/app\/uploads\/sites\/642\/2020\/04\/04ARTE-P-D-B-300x154.jpg 300w, https:\/\/www.ufsm.br\/app\/uploads\/sites\/642\/2020\/04\/04ARTE-P-D-B-1024x525.jpg 1024w, https:\/\/www.ufsm.br\/app\/uploads\/sites\/642\/2020\/04\/04ARTE-P-D-B-768x394.jpg 768w, https:\/\/www.ufsm.br\/app\/uploads\/sites\/642\/2020\/04\/04ARTE-P-D-B-1536x787.jpg 1536w, https:\/\/www.ufsm.br\/app\/uploads\/sites\/642\/2020\/04\/04ARTE-P-D-B.jpg 1920w\" sizes=\"(max-width: 300px) 100vw, 300px\" \/>\t\t\t\t\t\t\t\t\t\t\t\t\t<\/div>\n\t\t\t\t<\/div>\n\t\t\t\t\t<\/div>\n\t\t<\/div>\n\t\t\t\t<div class=\"elementor-column elementor-col-33 elementor-top-column elementor-element elementor-element-aad0800\" data-id=\"aad0800\" data-element_type=\"column\">\n\t\t\t<div class=\"elementor-widget-wrap elementor-element-populated\">\n\t\t\t\t\t\t<div class=\"elementor-element elementor-element-291059e elementor-widget elementor-widget-image\" data-id=\"291059e\" data-element_type=\"widget\" data-widget_type=\"image.default\">\n\t\t\t\t<div class=\"elementor-widget-container\">\n\t\t\t\t\t\t\t\t\t\t\t\t\t<img fetchpriority=\"high\" decoding=\"async\" width=\"300\" height=\"169\" src=\"https:\/\/www.ufsm.br\/app\/uploads\/sites\/642\/2020\/04\/04ARTE-P-D-C-300x169.jpg\" class=\"attachment-medium size-medium wp-image-1101\" alt=\"\" srcset=\"https:\/\/www.ufsm.br\/app\/uploads\/sites\/642\/2020\/04\/04ARTE-P-D-C-300x169.jpg 300w, https:\/\/www.ufsm.br\/app\/uploads\/sites\/642\/2020\/04\/04ARTE-P-D-C-1024x575.jpg 1024w, https:\/\/www.ufsm.br\/app\/uploads\/sites\/642\/2020\/04\/04ARTE-P-D-C-768x432.jpg 768w, https:\/\/www.ufsm.br\/app\/uploads\/sites\/642\/2020\/04\/04ARTE-P-D-C-1536x863.jpg 1536w, https:\/\/www.ufsm.br\/app\/uploads\/sites\/642\/2020\/04\/04ARTE-P-D-C.jpg 1920w\" sizes=\"(max-width: 300px) 100vw, 300px\" \/>\t\t\t\t\t\t\t\t\t\t\t\t\t<\/div>\n\t\t\t\t<\/div>\n\t\t\t\t\t<\/div>\n\t\t<\/div>\n\t\t\t\t\t<\/div>\n\t\t<\/section>\n\t\t\t\t<section class=\"elementor-section elementor-top-section elementor-element elementor-element-c6e6210 elementor-section-boxed elementor-section-height-default elementor-section-height-default\" data-id=\"c6e6210\" data-element_type=\"section\">\n\t\t\t\t\t\t<div class=\"elementor-container elementor-column-gap-default\">\n\t\t\t\t\t<div class=\"elementor-column elementor-col-33 elementor-top-column elementor-element elementor-element-7033c63\" data-id=\"7033c63\" data-element_type=\"column\">\n\t\t\t<div class=\"elementor-widget-wrap elementor-element-populated\">\n\t\t\t\t\t\t<div class=\"elementor-element elementor-element-6db211f elementor-widget elementor-widget-image\" data-id=\"6db211f\" data-element_type=\"widget\" data-widget_type=\"image.default\">\n\t\t\t\t<div class=\"elementor-widget-container\">\n\t\t\t\t\t\t\t\t\t\t\t\t\t<img loading=\"lazy\" decoding=\"async\" width=\"300\" height=\"158\" src=\"https:\/\/www.ufsm.br\/app\/uploads\/sites\/642\/2020\/04\/04ARTE-P-D-D-300x158.jpg\" class=\"attachment-medium size-medium wp-image-1102\" alt=\"\" srcset=\"https:\/\/www.ufsm.br\/app\/uploads\/sites\/642\/2020\/04\/04ARTE-P-D-D-300x158.jpg 300w, https:\/\/www.ufsm.br\/app\/uploads\/sites\/642\/2020\/04\/04ARTE-P-D-D-1024x538.jpg 1024w, https:\/\/www.ufsm.br\/app\/uploads\/sites\/642\/2020\/04\/04ARTE-P-D-D-768x403.jpg 768w, https:\/\/www.ufsm.br\/app\/uploads\/sites\/642\/2020\/04\/04ARTE-P-D-D-1536x806.jpg 1536w, https:\/\/www.ufsm.br\/app\/uploads\/sites\/642\/2020\/04\/04ARTE-P-D-D.jpg 1920w\" sizes=\"(max-width: 300px) 100vw, 300px\" \/>\t\t\t\t\t\t\t\t\t\t\t\t\t<\/div>\n\t\t\t\t<\/div>\n\t\t\t\t\t<\/div>\n\t\t<\/div>\n\t\t\t\t<div class=\"elementor-column elementor-col-33 elementor-top-column elementor-element elementor-element-5bd9bfd\" data-id=\"5bd9bfd\" data-element_type=\"column\">\n\t\t\t<div class=\"elementor-widget-wrap elementor-element-populated\">\n\t\t\t\t\t\t<div class=\"elementor-element elementor-element-d4a10a5 elementor-widget elementor-widget-image\" data-id=\"d4a10a5\" data-element_type=\"widget\" data-widget_type=\"image.default\">\n\t\t\t\t<div class=\"elementor-widget-container\">\n\t\t\t\t\t\t\t\t\t\t\t\t\t<img loading=\"lazy\" decoding=\"async\" width=\"300\" height=\"169\" src=\"https:\/\/www.ufsm.br\/app\/uploads\/sites\/642\/2020\/04\/04ARTE-P-D-E-300x169.jpg\" class=\"attachment-medium size-medium wp-image-1103\" alt=\"\" srcset=\"https:\/\/www.ufsm.br\/app\/uploads\/sites\/642\/2020\/04\/04ARTE-P-D-E-300x169.jpg 300w, https:\/\/www.ufsm.br\/app\/uploads\/sites\/642\/2020\/04\/04ARTE-P-D-E-1024x575.jpg 1024w, https:\/\/www.ufsm.br\/app\/uploads\/sites\/642\/2020\/04\/04ARTE-P-D-E-768x432.jpg 768w, https:\/\/www.ufsm.br\/app\/uploads\/sites\/642\/2020\/04\/04ARTE-P-D-E-1536x863.jpg 1536w, https:\/\/www.ufsm.br\/app\/uploads\/sites\/642\/2020\/04\/04ARTE-P-D-E.jpg 1920w\" sizes=\"(max-width: 300px) 100vw, 300px\" \/>\t\t\t\t\t\t\t\t\t\t\t\t\t<\/div>\n\t\t\t\t<\/div>\n\t\t\t\t\t<\/div>\n\t\t<\/div>\n\t\t\t\t<div class=\"elementor-column elementor-col-33 elementor-top-column elementor-element elementor-element-d698cff\" data-id=\"d698cff\" data-element_type=\"column\">\n\t\t\t<div class=\"elementor-widget-wrap elementor-element-populated\">\n\t\t\t\t\t\t<div class=\"elementor-element elementor-element-e907fa1 elementor-widget elementor-widget-image\" data-id=\"e907fa1\" data-element_type=\"widget\" data-widget_type=\"image.default\">\n\t\t\t\t<div class=\"elementor-widget-container\">\n\t\t\t\t\t\t\t\t\t\t\t\t\t<img loading=\"lazy\" decoding=\"async\" width=\"300\" height=\"169\" src=\"https:\/\/www.ufsm.br\/app\/uploads\/sites\/642\/2020\/04\/04ARTE-P-D-F-300x169.jpg\" class=\"attachment-medium size-medium wp-image-1104\" alt=\"\" srcset=\"https:\/\/www.ufsm.br\/app\/uploads\/sites\/642\/2020\/04\/04ARTE-P-D-F-300x169.jpg 300w, https:\/\/www.ufsm.br\/app\/uploads\/sites\/642\/2020\/04\/04ARTE-P-D-F-1024x575.jpg 1024w, https:\/\/www.ufsm.br\/app\/uploads\/sites\/642\/2020\/04\/04ARTE-P-D-F-768x432.jpg 768w, https:\/\/www.ufsm.br\/app\/uploads\/sites\/642\/2020\/04\/04ARTE-P-D-F-1536x863.jpg 1536w, https:\/\/www.ufsm.br\/app\/uploads\/sites\/642\/2020\/04\/04ARTE-P-D-F.jpg 1920w\" sizes=\"(max-width: 300px) 100vw, 300px\" \/>\t\t\t\t\t\t\t\t\t\t\t\t\t<\/div>\n\t\t\t\t<\/div>\n\t\t\t\t\t<\/div>\n\t\t<\/div>\n\t\t\t\t\t<\/div>\n\t\t<\/section>\n\t\t\t\t<section class=\"elementor-section elementor-top-section elementor-element elementor-element-f2ff166 elementor-section-boxed elementor-section-height-default elementor-section-height-default\" data-id=\"f2ff166\" data-element_type=\"section\">\n\t\t\t\t\t\t<div class=\"elementor-container elementor-column-gap-default\">\n\t\t\t\t\t<div class=\"elementor-column elementor-col-33 elementor-top-column elementor-element elementor-element-95f528d\" data-id=\"95f528d\" data-element_type=\"column\">\n\t\t\t<div class=\"elementor-widget-wrap elementor-element-populated\">\n\t\t\t\t\t\t<div class=\"elementor-element elementor-element-277caf1 elementor-widget elementor-widget-image\" data-id=\"277caf1\" data-element_type=\"widget\" data-widget_type=\"image.default\">\n\t\t\t\t<div class=\"elementor-widget-container\">\n\t\t\t\t\t\t\t\t\t\t\t\t\t<img loading=\"lazy\" decoding=\"async\" width=\"300\" height=\"126\" src=\"https:\/\/www.ufsm.br\/app\/uploads\/sites\/642\/2020\/04\/04ARTE-P-D-G-300x126.jpg\" class=\"attachment-medium size-medium wp-image-1105\" alt=\"\" srcset=\"https:\/\/www.ufsm.br\/app\/uploads\/sites\/642\/2020\/04\/04ARTE-P-D-G-300x126.jpg 300w, https:\/\/www.ufsm.br\/app\/uploads\/sites\/642\/2020\/04\/04ARTE-P-D-G-1024x430.jpg 1024w, https:\/\/www.ufsm.br\/app\/uploads\/sites\/642\/2020\/04\/04ARTE-P-D-G-768x322.jpg 768w, https:\/\/www.ufsm.br\/app\/uploads\/sites\/642\/2020\/04\/04ARTE-P-D-G-1536x645.jpg 1536w, https:\/\/www.ufsm.br\/app\/uploads\/sites\/642\/2020\/04\/04ARTE-P-D-G.jpg 1920w\" sizes=\"(max-width: 300px) 100vw, 300px\" \/>\t\t\t\t\t\t\t\t\t\t\t\t\t<\/div>\n\t\t\t\t<\/div>\n\t\t\t\t\t<\/div>\n\t\t<\/div>\n\t\t\t\t<div class=\"elementor-column elementor-col-33 elementor-top-column elementor-element elementor-element-2eafc49\" data-id=\"2eafc49\" data-element_type=\"column\">\n\t\t\t<div class=\"elementor-widget-wrap\">\n\t\t\t\t\t\t\t<\/div>\n\t\t<\/div>\n\t\t\t\t<div class=\"elementor-column elementor-col-33 elementor-top-column elementor-element elementor-element-c2b67cf\" data-id=\"c2b67cf\" data-element_type=\"column\">\n\t\t\t<div class=\"elementor-widget-wrap\">\n\t\t\t\t\t\t\t<\/div>\n\t\t<\/div>\n\t\t\t\t\t<\/div>\n\t\t<\/section>\n\t\t\t\t<section class=\"elementor-section elementor-top-section elementor-element elementor-element-b5ba2ca elementor-section-boxed elementor-section-height-default elementor-section-height-default\" data-id=\"b5ba2ca\" data-element_type=\"section\">\n\t\t\t\t\t\t<div class=\"elementor-container elementor-column-gap-default\">\n\t\t\t\t\t<div class=\"elementor-column elementor-col-100 elementor-top-column elementor-element elementor-element-6c414bf\" data-id=\"6c414bf\" data-element_type=\"column\">\n\t\t\t<div class=\"elementor-widget-wrap elementor-element-populated\">\n\t\t\t\t\t\t<div class=\"elementor-element elementor-element-bbe4b94 elementor-widget elementor-widget-text-editor\" data-id=\"bbe4b94\" data-element_type=\"widget\" data-widget_type=\"text-editor.default\">\n\t\t\t\t<div class=\"elementor-widget-container\">\n\t\t\t\t\t\t\t<div class=\"elementor-element elementor-element-542d928 elementor-widget elementor-widget-text-editor\" data-id=\"542d928\"><div class=\"elementor-widget-container\"><div class=\"elementor-text-editor elementor-clearfix\"><p>Propriedade das imagens: LABART\/UFSM.<\/p><\/div><\/div><\/div>\t\t\t\t\t\t<\/div>\n\t\t\t\t<\/div>\n\t\t\t\t\t<\/div>\n\t\t<\/div>\n\t\t\t\t\t<\/div>\n\t\t<\/section>\n\t\t\t\t<\/div>\n\t\t","protected":false},"excerpt":{"rendered":"<p>ARTE-Po\u00e9tica-Digital\u00a0apresenta a produ\u00e7\u00e3o dos artistas\u00a0Anna Barros,\u00a0Bia Medeiros\/Corpos Inform\u00e1ticos,\u00a0Edgar Franco e F\u00e1bio Fon,\u00a0F\u00e1bio Fon e Soraya Braz,\u00a0Karla Brunet\/Grupo Ecoarte,\u00a0Marcelo Gobatto,\u00a0Suzete Venturelli\/MidiaLab, e\u00a0T\u00e2nia Fraga. A exposi\u00e7\u00e3o integra o\u00a05\u00ba Simp\u00f3sio de Arte Contempor\u00e2nea. Propriedade das imagens: LABART\/UFSM.<\/p>\n","protected":false},"author":1884,"featured_media":0,"parent":0,"menu_order":0,"comment_status":"closed","ping_status":"closed","template":"","meta":{"footnotes":""},"categories":[],"tags":[],"class_list":["post-1819","page","type-page","status-publish","hentry"],"acf":[],"_links":{"self":[{"href":"https:\/\/www.ufsm.br\/laboratorios\/labart\/wp-json\/wp\/v2\/pages\/1819","targetHints":{"allow":["GET"]}}],"collection":[{"href":"https:\/\/www.ufsm.br\/laboratorios\/labart\/wp-json\/wp\/v2\/pages"}],"about":[{"href":"https:\/\/www.ufsm.br\/laboratorios\/labart\/wp-json\/wp\/v2\/types\/page"}],"author":[{"embeddable":true,"href":"https:\/\/www.ufsm.br\/laboratorios\/labart\/wp-json\/wp\/v2\/users\/1884"}],"replies":[{"embeddable":true,"href":"https:\/\/www.ufsm.br\/laboratorios\/labart\/wp-json\/wp\/v2\/comments?post=1819"}],"version-history":[{"count":0,"href":"https:\/\/www.ufsm.br\/laboratorios\/labart\/wp-json\/wp\/v2\/pages\/1819\/revisions"}],"wp:attachment":[{"href":"https:\/\/www.ufsm.br\/laboratorios\/labart\/wp-json\/wp\/v2\/media?parent=1819"}],"wp:term":[{"taxonomy":"category","embeddable":true,"href":"https:\/\/www.ufsm.br\/laboratorios\/labart\/wp-json\/wp\/v2\/categories?post=1819"},{"taxonomy":"post_tag","embeddable":true,"href":"https:\/\/www.ufsm.br\/laboratorios\/labart\/wp-json\/wp\/v2\/tags?post=1819"}],"curies":[{"name":"wp","href":"https:\/\/api.w.org\/{rel}","templated":true}]}}