{"id":182,"date":"2019-07-31T16:33:08","date_gmt":"2019-07-31T19:33:08","guid":{"rendered":"https:\/\/www.ufsm.br\/laboratorios\/labart\/?page_id=182"},"modified":"2025-08-13T19:45:10","modified_gmt":"2025-08-13T22:45:10","slug":"simposio","status":"publish","type":"page","link":"https:\/\/www.ufsm.br\/laboratorios\/labart\/simposio","title":{"rendered":"Simp\u00f3sio"},"content":{"rendered":"\t\t<div data-elementor-type=\"wp-post\" data-elementor-id=\"182\" class=\"elementor elementor-182\">\n\t\t\t\t\t\t<section class=\"elementor-section elementor-top-section elementor-element elementor-element-ff0893d elementor-section-boxed elementor-section-height-default elementor-section-height-default\" data-id=\"ff0893d\" data-element_type=\"section\">\n\t\t\t\t\t\t<div class=\"elementor-container elementor-column-gap-default\">\n\t\t\t\t\t<div class=\"elementor-column elementor-col-100 elementor-top-column elementor-element elementor-element-75b14df\" data-id=\"75b14df\" data-element_type=\"column\">\n\t\t\t<div class=\"elementor-widget-wrap elementor-element-populated\">\n\t\t\t\t\t\t<div class=\"elementor-element elementor-element-bcdae1d elementor-widget elementor-widget-text-editor\" data-id=\"bcdae1d\" data-element_type=\"widget\" data-widget_type=\"text-editor.default\">\n\t\t\t\t<div class=\"elementor-widget-container\">\n\t\t\t\t\t\t\t<p><a href=\"https:\/\/www.ufsm.br\/laboratorios\/labart\/20o-simposio-de-arte-contemporanea\">20\u00ba Simp\u00f3sio de Arte Contempor\u00e2nea: Interfaces de Futuros<\/a><\/p><p><a href=\"https:\/\/www.ufsm.br\/laboratorios\/labart\/19o-simposio\">19\u00ba Simp\u00f3sio de Arte Contempor\u00e2nea: Intelig\u00eancia Artificial<\/a> (2024)<\/p><p><a href=\"https:\/\/www.ufsm.br\/laboratorios\/labart\/18o-simposio-de-arte-contemporanea\">18\u00ba Simp\u00f3sio de Arte Contempor\u00e2nea: O Futuro das A\u00e7\u00f5es Museais<\/a> (2023)<\/p><p><a href=\"https:\/\/www.ufsm.br\/laboratorios\/labart\/17o-simposio-de-arte-contemporanea-nome\/\">17\u00ba Simp\u00f3sio de Arte Contempor\u00e2nea: Incertezas<\/a> (2022)<\/p><p><a href=\"https:\/\/www.ufsm.br\/laboratorios\/labart\/16o-simposio-de-arte-contemporanea-propagacao-digital-do-in-loco-ao-online\/\">16\u00ba Simp\u00f3sio de Arte Contempor\u00e2nea: Propaga\u00e7\u00e3o digital do in loco ao online <\/a>(2021)<\/p><p><a href=\"https:\/\/www.ufsm.br\/laboratorios\/labart\/simposio-transdisciplinaridade-nas-ciencias-e-nas-artes-capes-print\/\">Simp\u00f3sio Transdisciplinaridade nas Ci\u00eancias e nas Artes<\/a> (2020)<\/p><p><a href=\"https:\/\/www.ufsm.br\/laboratorios\/labart\/15o-simposio-de-arte-contemporanea-agua-e-sustentabilidade\/\">15\u00ba Simp\u00f3sio de Arte Contempor\u00e2nea: \u00c1gua e Sustentabilidade <\/a>(2020)<\/p><p style=\"font-size: 16px\"><a href=\"https:\/\/www.ufsm.br\/laboratorios\/labart\/14o-simposio-de-arte-contemporanea-projetos-curatoriais\/\" rel=\"noopener\">14\u00ba Simp\u00f3sio de Arte Contempor\u00e2nea: Projetos Curatoriais<\/a> (2019)<\/p><p style=\"font-size: 16px\"><a href=\"https:\/\/www.ufsm.br\/laboratorios\/labart\/13o-simposio-de-arte-contemporanea-arte-e-sustentabilidade\/\">13\u00ba Simp\u00f3sio de Arte Contempor\u00e2nea: Arte e Sustentabilidade <\/a>(2018)<\/p><p style=\"font-size: 16px\"><a href=\"https:\/\/www.ufsm.br\/laboratorios\/labart\/12o-simposio-de-arte-contemporanea-arte-e-sustentabilidade\/\">12\u00ba Simp\u00f3sio de Arte Contempor\u00e2nea: A\u00e7\u00f5es Expositivas e Estrat\u00e9gias Museais <\/a>(2017)<\/p><p style=\"font-size: 16px\"><a href=\"https:\/\/www.ufsm.br\/laboratorios\/labart\/11o-simposio-de-arte-contemporanea-neurociencias-e-arte\/\">11\u00ba Simp\u00f3sio de Arte Contempor\u00e2nea: Neuroci\u00eancias e Arte <\/a>(2016)<\/p><p style=\"font-size: 16px\"><span style=\"color: #204c90\"><a href=\"https:\/\/www.ufsm.br\/laboratorios\/labart\/10o-simposio-de-arte-contemporanea-homenagem-sciarts\/\">10\u00ba Simp\u00f3sio de Arte Contempor\u00e2nea: Homenagem Sciarts <\/a>(2015)<\/span><\/p><p style=\"font-size: 16px\"><a href=\"https:\/\/www.ufsm.br\/laboratorios\/labart\/9o-simposio-de-arte-contemporanea-modos-expositivos\/\"><span style=\"color: #204c90\">9<\/span>\u00ba Simp\u00f3sio de Arte Contempor\u00e2nea: Modos expositivos <\/a>(2014)<\/p><p style=\"font-size: 16px\"><a href=\"https:\/\/www.ufsm.br\/laboratorios\/labart\/8o-simposio-o-tema-arte-ciencia-e-tecnologia\/\">8\u00ba Simp\u00f3sio de Arte Contempor\u00e2nea: Arte, Ci\u00eancia e Tecnologia <\/a>(2013)<\/p><p style=\"font-size: 16px\"><a href=\"https:\/\/www.ufsm.br\/laboratorios\/labart\/7o-simposio-de-arte-contemporanea-participacao-e-interacao\/\">7\u00ba Simp\u00f3sio de Arte Contempor\u00e2nea: Participa\u00e7\u00e3o e Intera\u00e7\u00e3o <\/a>(2012)<\/p><p style=\"font-size: 16px\"><a href=\"https:\/\/www.ufsm.br\/laboratorios\/labart\/6o-simposio-de-arte-contemporanea-fotografia-analogica-e-digital\/\"><span style=\"color: #204c90\">6<\/span>\u00ba Simp\u00f3sio de Arte Contempor\u00e2nea: Fotografia anal\u00f3gica e digital <\/a>(2011)<\/p><p style=\"font-size: 16px\"><a href=\"https:\/\/www.ufsm.br\/laboratorios\/labart\/5o-simposio-de-arte-contemporanea-poeticas-digitais\/\"><span style=\"color: #204c90\">5<\/span>\u00ba Simp\u00f3sio de Arte Contempor\u00e2nea: Po\u00e9ticas digitais <\/a>(2010)<\/p><p style=\"font-size: 16px\"><a href=\"https:\/\/www.ufsm.br\/laboratorios\/labart\/4o-simposio-de-arte-contemporanea-curadoria-e-critica\/\"><span style=\"font-size: 16px\">4<\/span>\u00ba Simp\u00f3sio de Arte Contempor\u00e2nea: Curadoria e Cr\u00edtica <\/a>(2009)<\/p><p style=\"font-size: 16px\"><a href=\"https:\/\/www.ufsm.br\/laboratorios\/labart\/3o-simposio-de-arte-contemporanea-processos-hibridos\/\"><span style=\"font-size: 16px\">3<\/span>\u00ba Simp\u00f3sio de Arte Contempor\u00e2nea: Processos H\u00edbridos <\/a>(2008)<\/p><p style=\"font-size: 16px\"><a href=\"https:\/\/www.ufsm.br\/laboratorios\/labart\/2o-simposio-de-arte-contemporanea-a-presenca-do-corpo\/\"><span style=\"font-size: 16px\">2<\/span>\u00ba Simp\u00f3sio de Arte Contempor\u00e2nea: A presen\u00e7a do corpo <\/a>(2007)<\/p><p style=\"font-size: 16px\"><a href=\"https:\/\/www.ufsm.br\/laboratorios\/labart\/1o-simposio-de-arte-contemporanea-historia-teoria-e-critica\/\"><span style=\"font-size: 16px\">1<\/span>\u00ba Simp\u00f3sio de Arte Contempor\u00e2nea: Hist\u00f3ria, teoria e cr\u00edtica <\/a>(2006)<\/p>\t\t\t\t\t\t<\/div>\n\t\t\t\t<\/div>\n\t\t\t\t\t<\/div>\n\t\t<\/div>\n\t\t\t\t\t<\/div>\n\t\t<\/section>\n\t\t\t\t<\/div>\n\t\t","protected":false},"excerpt":{"rendered":"<p>20\u00ba Simp\u00f3sio de Arte Contempor\u00e2nea: Interfaces de Futuros 19\u00ba Simp\u00f3sio de Arte Contempor\u00e2nea: Intelig\u00eancia Artificial (2024) 18\u00ba Simp\u00f3sio de Arte Contempor\u00e2nea: O Futuro das A\u00e7\u00f5es Museais (2023) 17\u00ba Simp\u00f3sio de Arte Contempor\u00e2nea: Incertezas (2022) 16\u00ba Simp\u00f3sio de Arte Contempor\u00e2nea: Propaga\u00e7\u00e3o digital do in loco ao online (2021) Simp\u00f3sio Transdisciplinaridade nas Ci\u00eancias e nas Artes (2020) [&hellip;]<\/p>\n","protected":false},"author":772,"featured_media":0,"parent":0,"menu_order":0,"comment_status":"closed","ping_status":"closed","template":"","meta":{"footnotes":""},"categories":[],"tags":[],"class_list":["post-182","page","type-page","status-publish","hentry"],"acf":[],"_links":{"self":[{"href":"https:\/\/www.ufsm.br\/laboratorios\/labart\/wp-json\/wp\/v2\/pages\/182","targetHints":{"allow":["GET"]}}],"collection":[{"href":"https:\/\/www.ufsm.br\/laboratorios\/labart\/wp-json\/wp\/v2\/pages"}],"about":[{"href":"https:\/\/www.ufsm.br\/laboratorios\/labart\/wp-json\/wp\/v2\/types\/page"}],"author":[{"embeddable":true,"href":"https:\/\/www.ufsm.br\/laboratorios\/labart\/wp-json\/wp\/v2\/users\/772"}],"replies":[{"embeddable":true,"href":"https:\/\/www.ufsm.br\/laboratorios\/labart\/wp-json\/wp\/v2\/comments?post=182"}],"version-history":[{"count":0,"href":"https:\/\/www.ufsm.br\/laboratorios\/labart\/wp-json\/wp\/v2\/pages\/182\/revisions"}],"wp:attachment":[{"href":"https:\/\/www.ufsm.br\/laboratorios\/labart\/wp-json\/wp\/v2\/media?parent=182"}],"wp:term":[{"taxonomy":"category","embeddable":true,"href":"https:\/\/www.ufsm.br\/laboratorios\/labart\/wp-json\/wp\/v2\/categories?post=182"},{"taxonomy":"post_tag","embeddable":true,"href":"https:\/\/www.ufsm.br\/laboratorios\/labart\/wp-json\/wp\/v2\/tags?post=182"}],"curies":[{"name":"wp","href":"https:\/\/api.w.org\/{rel}","templated":true}]}}