{"id":1850,"date":"2020-05-13T14:21:34","date_gmt":"2020-05-13T17:21:34","guid":{"rendered":"https:\/\/www.ufsm.br\/laboratorios\/labart\/?page_id=1850"},"modified":"2020-05-13T14:25:37","modified_gmt":"2020-05-13T17:25:37","slug":"2a-mostra-arte-cinema-e-audiovisual","status":"publish","type":"page","link":"https:\/\/www.ufsm.br\/laboratorios\/labart\/2a-mostra-arte-cinema-e-audiovisual","title":{"rendered":"2\u00aa Mostra Arte Cinema e Audiovisual"},"content":{"rendered":"\t\t<div data-elementor-type=\"wp-page\" data-elementor-id=\"1850\" class=\"elementor elementor-1850\">\n\t\t\t\t\t\t<section class=\"elementor-section elementor-top-section elementor-element elementor-element-7e4af37 elementor-section-boxed elementor-section-height-default elementor-section-height-default\" data-id=\"7e4af37\" data-element_type=\"section\">\n\t\t\t\t\t\t<div class=\"elementor-container elementor-column-gap-default\">\n\t\t\t\t\t<div class=\"elementor-column elementor-col-100 elementor-top-column elementor-element elementor-element-0dbc7e5\" data-id=\"0dbc7e5\" data-element_type=\"column\">\n\t\t\t<div class=\"elementor-widget-wrap elementor-element-populated\">\n\t\t\t\t\t\t<div class=\"elementor-element elementor-element-d9d53f5 elementor-widget elementor-widget-image\" data-id=\"d9d53f5\" data-element_type=\"widget\" data-widget_type=\"image.default\">\n\t\t\t\t<div class=\"elementor-widget-container\">\n\t\t\t\t\t\t\t\t\t\t\t\t\t<img decoding=\"async\" src=\"https:\/\/www.ufsm.br\/app\/uploads\/sites\/642\/elementor\/thumbs\/02ACA2019_Flyer-A-ons61esc3t4uziafub9tnxvx01rcmsjgpannxgdlkc.jpg\" title=\"02ACA2019_Flyer-A\" alt=\"02ACA2019_Flyer-A\" loading=\"lazy\" \/>\t\t\t\t\t\t\t\t\t\t\t\t\t<\/div>\n\t\t\t\t<\/div>\n\t\t\t\t\t<\/div>\n\t\t<\/div>\n\t\t\t\t\t<\/div>\n\t\t<\/section>\n\t\t\t\t<section class=\"elementor-section elementor-top-section elementor-element elementor-element-e0560bc elementor-section-boxed elementor-section-height-default elementor-section-height-default\" data-id=\"e0560bc\" data-element_type=\"section\">\n\t\t\t\t\t\t<div class=\"elementor-container elementor-column-gap-default\">\n\t\t\t\t\t<div class=\"elementor-column elementor-col-100 elementor-top-column elementor-element elementor-element-c67aba2\" data-id=\"c67aba2\" data-element_type=\"column\">\n\t\t\t<div class=\"elementor-widget-wrap elementor-element-populated\">\n\t\t\t\t\t\t<div class=\"elementor-element elementor-element-f4b3aec elementor-widget elementor-widget-spacer\" data-id=\"f4b3aec\" data-element_type=\"widget\" data-widget_type=\"spacer.default\">\n\t\t\t\t<div class=\"elementor-widget-container\">\n\t\t\t\t\t<div class=\"elementor-spacer\">\n\t\t\t<div class=\"elementor-spacer-inner\"><\/div>\n\t\t<\/div>\n\t\t\t\t<\/div>\n\t\t\t\t<\/div>\n\t\t\t\t<div class=\"elementor-element elementor-element-93092b0 elementor-widget elementor-widget-text-editor\" data-id=\"93092b0\" data-element_type=\"widget\" data-widget_type=\"text-editor.default\">\n\t\t\t\t<div class=\"elementor-widget-container\">\n\t\t\t\t\t\t\t<p>A exposi\u00e7\u00e3o integra a programa\u00e7\u00e3o do <strong><a href=\"https:\/\/www.ufsm.br\/laboratorios\/labart\/2019\/08\/02\/7o-forum-arte-cinema-e-audiovisual\/\">7<\/a><a href=\"https:\/\/www.ufsm.br\/laboratorios\/labart\/2019\/08\/02\/7o-forum-arte-cinema-e-audiovisual\/\">\u00ba\u00a0F\u00f3rum Arte, Cinema e Audiovisual<\/a>.<\/strong><\/p>\t\t\t\t\t\t<\/div>\n\t\t\t\t<\/div>\n\t\t\t\t<div class=\"elementor-element elementor-element-ad09013 elementor-widget elementor-widget-spacer\" data-id=\"ad09013\" data-element_type=\"widget\" data-widget_type=\"spacer.default\">\n\t\t\t\t<div class=\"elementor-widget-container\">\n\t\t\t\t\t<div class=\"elementor-spacer\">\n\t\t\t<div class=\"elementor-spacer-inner\"><\/div>\n\t\t<\/div>\n\t\t\t\t<\/div>\n\t\t\t\t<\/div>\n\t\t\t\t\t<\/div>\n\t\t<\/div>\n\t\t\t\t\t<\/div>\n\t\t<\/section>\n\t\t\t\t<section class=\"elementor-section elementor-top-section elementor-element elementor-element-bd3392e elementor-section-boxed elementor-section-height-default elementor-section-height-default\" data-id=\"bd3392e\" data-element_type=\"section\">\n\t\t\t\t\t\t<div class=\"elementor-container elementor-column-gap-default\">\n\t\t\t\t\t<div class=\"elementor-column elementor-col-33 elementor-top-column elementor-element elementor-element-3336f90\" data-id=\"3336f90\" data-element_type=\"column\">\n\t\t\t<div class=\"elementor-widget-wrap elementor-element-populated\">\n\t\t\t\t\t\t<div class=\"elementor-element elementor-element-60c8793 elementor-widget elementor-widget-image\" data-id=\"60c8793\" data-element_type=\"widget\" data-widget_type=\"image.default\">\n\t\t\t\t<div class=\"elementor-widget-container\">\n\t\t\t\t\t\t\t\t\t\t\t\t\t<img fetchpriority=\"high\" decoding=\"async\" width=\"300\" height=\"200\" src=\"https:\/\/www.ufsm.br\/app\/uploads\/sites\/642\/2020\/04\/02ACA2019-A-300x200.jpg\" class=\"attachment-medium size-medium wp-image-1408\" alt=\"\" srcset=\"https:\/\/www.ufsm.br\/app\/uploads\/sites\/642\/2020\/04\/02ACA2019-A-300x200.jpg 300w, https:\/\/www.ufsm.br\/app\/uploads\/sites\/642\/2020\/04\/02ACA2019-A-1024x683.jpg 1024w, https:\/\/www.ufsm.br\/app\/uploads\/sites\/642\/2020\/04\/02ACA2019-A-768x512.jpg 768w, https:\/\/www.ufsm.br\/app\/uploads\/sites\/642\/2020\/04\/02ACA2019-A-272x182.jpg 272w, https:\/\/www.ufsm.br\/app\/uploads\/sites\/642\/2020\/04\/02ACA2019-A.jpg 1050w\" sizes=\"(max-width: 300px) 100vw, 300px\" \/>\t\t\t\t\t\t\t\t\t\t\t\t\t<\/div>\n\t\t\t\t<\/div>\n\t\t\t\t\t<\/div>\n\t\t<\/div>\n\t\t\t\t<div class=\"elementor-column elementor-col-33 elementor-top-column elementor-element elementor-element-4b95db8\" data-id=\"4b95db8\" data-element_type=\"column\">\n\t\t\t<div class=\"elementor-widget-wrap elementor-element-populated\">\n\t\t\t\t\t\t<div class=\"elementor-element elementor-element-6bd12b2 elementor-widget elementor-widget-image\" data-id=\"6bd12b2\" data-element_type=\"widget\" data-widget_type=\"image.default\">\n\t\t\t\t<div class=\"elementor-widget-container\">\n\t\t\t\t\t\t\t\t\t\t\t\t\t<img decoding=\"async\" width=\"300\" height=\"200\" src=\"https:\/\/www.ufsm.br\/app\/uploads\/sites\/642\/2020\/04\/02ACA2019-B-300x200.jpg\" class=\"attachment-medium size-medium wp-image-1409\" alt=\"\" srcset=\"https:\/\/www.ufsm.br\/app\/uploads\/sites\/642\/2020\/04\/02ACA2019-B-300x200.jpg 300w, https:\/\/www.ufsm.br\/app\/uploads\/sites\/642\/2020\/04\/02ACA2019-B-1024x683.jpg 1024w, https:\/\/www.ufsm.br\/app\/uploads\/sites\/642\/2020\/04\/02ACA2019-B-768x512.jpg 768w, https:\/\/www.ufsm.br\/app\/uploads\/sites\/642\/2020\/04\/02ACA2019-B-272x182.jpg 272w, https:\/\/www.ufsm.br\/app\/uploads\/sites\/642\/2020\/04\/02ACA2019-B.jpg 1050w\" sizes=\"(max-width: 300px) 100vw, 300px\" \/>\t\t\t\t\t\t\t\t\t\t\t\t\t<\/div>\n\t\t\t\t<\/div>\n\t\t\t\t\t<\/div>\n\t\t<\/div>\n\t\t\t\t<div class=\"elementor-column elementor-col-33 elementor-top-column elementor-element elementor-element-a48697b\" data-id=\"a48697b\" data-element_type=\"column\">\n\t\t\t<div class=\"elementor-widget-wrap elementor-element-populated\">\n\t\t\t\t\t\t<div class=\"elementor-element elementor-element-28a22e9 elementor-widget elementor-widget-image\" data-id=\"28a22e9\" data-element_type=\"widget\" data-widget_type=\"image.default\">\n\t\t\t\t<div class=\"elementor-widget-container\">\n\t\t\t\t\t\t\t\t\t\t\t\t\t<img decoding=\"async\" width=\"300\" height=\"200\" src=\"https:\/\/www.ufsm.br\/app\/uploads\/sites\/642\/2020\/04\/02ACA2019-C-300x200.jpg\" class=\"attachment-medium size-medium wp-image-1410\" alt=\"\" srcset=\"https:\/\/www.ufsm.br\/app\/uploads\/sites\/642\/2020\/04\/02ACA2019-C-300x200.jpg 300w, https:\/\/www.ufsm.br\/app\/uploads\/sites\/642\/2020\/04\/02ACA2019-C-1024x683.jpg 1024w, https:\/\/www.ufsm.br\/app\/uploads\/sites\/642\/2020\/04\/02ACA2019-C-768x512.jpg 768w, https:\/\/www.ufsm.br\/app\/uploads\/sites\/642\/2020\/04\/02ACA2019-C-272x182.jpg 272w, https:\/\/www.ufsm.br\/app\/uploads\/sites\/642\/2020\/04\/02ACA2019-C.jpg 1050w\" sizes=\"(max-width: 300px) 100vw, 300px\" \/>\t\t\t\t\t\t\t\t\t\t\t\t\t<\/div>\n\t\t\t\t<\/div>\n\t\t\t\t\t<\/div>\n\t\t<\/div>\n\t\t\t\t\t<\/div>\n\t\t<\/section>\n\t\t\t\t<section class=\"elementor-section elementor-top-section elementor-element elementor-element-8c720a7 elementor-section-boxed elementor-section-height-default elementor-section-height-default\" data-id=\"8c720a7\" data-element_type=\"section\">\n\t\t\t\t\t\t<div class=\"elementor-container elementor-column-gap-default\">\n\t\t\t\t\t<div class=\"elementor-column elementor-col-33 elementor-top-column elementor-element elementor-element-265ae79\" data-id=\"265ae79\" data-element_type=\"column\">\n\t\t\t<div class=\"elementor-widget-wrap elementor-element-populated\">\n\t\t\t\t\t\t<div class=\"elementor-element elementor-element-058c451 elementor-widget elementor-widget-image\" data-id=\"058c451\" data-element_type=\"widget\" data-widget_type=\"image.default\">\n\t\t\t\t<div class=\"elementor-widget-container\">\n\t\t\t\t\t\t\t\t\t\t\t\t\t<img loading=\"lazy\" decoding=\"async\" width=\"300\" height=\"200\" src=\"https:\/\/www.ufsm.br\/app\/uploads\/sites\/642\/2020\/04\/02ACA2019-D-300x200.jpg\" class=\"attachment-medium size-medium wp-image-1411\" alt=\"\" srcset=\"https:\/\/www.ufsm.br\/app\/uploads\/sites\/642\/2020\/04\/02ACA2019-D-300x200.jpg 300w, https:\/\/www.ufsm.br\/app\/uploads\/sites\/642\/2020\/04\/02ACA2019-D-1024x683.jpg 1024w, https:\/\/www.ufsm.br\/app\/uploads\/sites\/642\/2020\/04\/02ACA2019-D-768x512.jpg 768w, https:\/\/www.ufsm.br\/app\/uploads\/sites\/642\/2020\/04\/02ACA2019-D-272x182.jpg 272w, https:\/\/www.ufsm.br\/app\/uploads\/sites\/642\/2020\/04\/02ACA2019-D.jpg 1050w\" sizes=\"(max-width: 300px) 100vw, 300px\" \/>\t\t\t\t\t\t\t\t\t\t\t\t\t<\/div>\n\t\t\t\t<\/div>\n\t\t\t\t\t<\/div>\n\t\t<\/div>\n\t\t\t\t<div class=\"elementor-column elementor-col-33 elementor-top-column elementor-element elementor-element-c4d8cad\" data-id=\"c4d8cad\" data-element_type=\"column\">\n\t\t\t<div class=\"elementor-widget-wrap elementor-element-populated\">\n\t\t\t\t\t\t<div class=\"elementor-element elementor-element-4d20805 elementor-widget elementor-widget-image\" data-id=\"4d20805\" data-element_type=\"widget\" data-widget_type=\"image.default\">\n\t\t\t\t<div class=\"elementor-widget-container\">\n\t\t\t\t\t\t\t\t\t\t\t\t\t<img loading=\"lazy\" decoding=\"async\" width=\"300\" height=\"200\" src=\"https:\/\/www.ufsm.br\/app\/uploads\/sites\/642\/2020\/04\/02ACA2019-E-300x200.jpg\" class=\"attachment-medium size-medium wp-image-1412\" alt=\"\" srcset=\"https:\/\/www.ufsm.br\/app\/uploads\/sites\/642\/2020\/04\/02ACA2019-E-300x200.jpg 300w, https:\/\/www.ufsm.br\/app\/uploads\/sites\/642\/2020\/04\/02ACA2019-E-1024x683.jpg 1024w, https:\/\/www.ufsm.br\/app\/uploads\/sites\/642\/2020\/04\/02ACA2019-E-768x512.jpg 768w, https:\/\/www.ufsm.br\/app\/uploads\/sites\/642\/2020\/04\/02ACA2019-E-272x182.jpg 272w, https:\/\/www.ufsm.br\/app\/uploads\/sites\/642\/2020\/04\/02ACA2019-E.jpg 1050w\" sizes=\"(max-width: 300px) 100vw, 300px\" \/>\t\t\t\t\t\t\t\t\t\t\t\t\t<\/div>\n\t\t\t\t<\/div>\n\t\t\t\t\t<\/div>\n\t\t<\/div>\n\t\t\t\t<div class=\"elementor-column elementor-col-33 elementor-top-column elementor-element elementor-element-d67b466\" data-id=\"d67b466\" data-element_type=\"column\">\n\t\t\t<div class=\"elementor-widget-wrap elementor-element-populated\">\n\t\t\t\t\t\t<div class=\"elementor-element elementor-element-18e9573 elementor-widget elementor-widget-image\" data-id=\"18e9573\" data-element_type=\"widget\" data-widget_type=\"image.default\">\n\t\t\t\t<div class=\"elementor-widget-container\">\n\t\t\t\t\t\t\t\t\t\t\t\t\t<img loading=\"lazy\" decoding=\"async\" width=\"300\" height=\"200\" src=\"https:\/\/www.ufsm.br\/app\/uploads\/sites\/642\/2020\/04\/02ACA2019-F-300x200.jpg\" class=\"attachment-medium size-medium wp-image-1413\" alt=\"\" srcset=\"https:\/\/www.ufsm.br\/app\/uploads\/sites\/642\/2020\/04\/02ACA2019-F-300x200.jpg 300w, https:\/\/www.ufsm.br\/app\/uploads\/sites\/642\/2020\/04\/02ACA2019-F-1024x683.jpg 1024w, https:\/\/www.ufsm.br\/app\/uploads\/sites\/642\/2020\/04\/02ACA2019-F-768x512.jpg 768w, https:\/\/www.ufsm.br\/app\/uploads\/sites\/642\/2020\/04\/02ACA2019-F-272x182.jpg 272w, https:\/\/www.ufsm.br\/app\/uploads\/sites\/642\/2020\/04\/02ACA2019-F.jpg 1050w\" sizes=\"(max-width: 300px) 100vw, 300px\" \/>\t\t\t\t\t\t\t\t\t\t\t\t\t<\/div>\n\t\t\t\t<\/div>\n\t\t\t\t\t<\/div>\n\t\t<\/div>\n\t\t\t\t\t<\/div>\n\t\t<\/section>\n\t\t\t\t<section class=\"elementor-section elementor-top-section elementor-element elementor-element-f3637b7 elementor-section-boxed elementor-section-height-default elementor-section-height-default\" data-id=\"f3637b7\" data-element_type=\"section\">\n\t\t\t\t\t\t<div class=\"elementor-container elementor-column-gap-default\">\n\t\t\t\t\t<div class=\"elementor-column elementor-col-100 elementor-top-column elementor-element elementor-element-002c563\" data-id=\"002c563\" data-element_type=\"column\">\n\t\t\t<div class=\"elementor-widget-wrap elementor-element-populated\">\n\t\t\t\t\t\t<div class=\"elementor-element elementor-element-c79be4c elementor-widget elementor-widget-text-editor\" data-id=\"c79be4c\" data-element_type=\"widget\" data-widget_type=\"text-editor.default\">\n\t\t\t\t<div class=\"elementor-widget-container\">\n\t\t\t\t\t\t\t<p>Cr\u00e9ditos das imagens: Raul Dotto Rosa. Propriedade das imagens: LABART\/UFSM.<\/p>\t\t\t\t\t\t<\/div>\n\t\t\t\t<\/div>\n\t\t\t\t\t<\/div>\n\t\t<\/div>\n\t\t\t\t\t<\/div>\n\t\t<\/section>\n\t\t\t\t<\/div>\n\t\t","protected":false},"excerpt":{"rendered":"<p>A exposi\u00e7\u00e3o integra a programa\u00e7\u00e3o do 7\u00ba\u00a0F\u00f3rum Arte, Cinema e Audiovisual. Cr\u00e9ditos das imagens: Raul Dotto Rosa. Propriedade das imagens: LABART\/UFSM.<\/p>\n","protected":false},"author":1884,"featured_media":0,"parent":0,"menu_order":0,"comment_status":"closed","ping_status":"closed","template":"","meta":{"footnotes":""},"categories":[],"tags":[],"class_list":["post-1850","page","type-page","status-publish","hentry"],"acf":[],"_links":{"self":[{"href":"https:\/\/www.ufsm.br\/laboratorios\/labart\/wp-json\/wp\/v2\/pages\/1850","targetHints":{"allow":["GET"]}}],"collection":[{"href":"https:\/\/www.ufsm.br\/laboratorios\/labart\/wp-json\/wp\/v2\/pages"}],"about":[{"href":"https:\/\/www.ufsm.br\/laboratorios\/labart\/wp-json\/wp\/v2\/types\/page"}],"author":[{"embeddable":true,"href":"https:\/\/www.ufsm.br\/laboratorios\/labart\/wp-json\/wp\/v2\/users\/1884"}],"replies":[{"embeddable":true,"href":"https:\/\/www.ufsm.br\/laboratorios\/labart\/wp-json\/wp\/v2\/comments?post=1850"}],"version-history":[{"count":0,"href":"https:\/\/www.ufsm.br\/laboratorios\/labart\/wp-json\/wp\/v2\/pages\/1850\/revisions"}],"wp:attachment":[{"href":"https:\/\/www.ufsm.br\/laboratorios\/labart\/wp-json\/wp\/v2\/media?parent=1850"}],"wp:term":[{"taxonomy":"category","embeddable":true,"href":"https:\/\/www.ufsm.br\/laboratorios\/labart\/wp-json\/wp\/v2\/categories?post=1850"},{"taxonomy":"post_tag","embeddable":true,"href":"https:\/\/www.ufsm.br\/laboratorios\/labart\/wp-json\/wp\/v2\/tags?post=1850"}],"curies":[{"name":"wp","href":"https:\/\/api.w.org\/{rel}","templated":true}]}}