{"id":1857,"date":"2020-05-13T15:07:17","date_gmt":"2020-05-13T18:07:17","guid":{"rendered":"https:\/\/www.ufsm.br\/laboratorios\/labart\/?page_id=1857"},"modified":"2020-05-13T15:16:58","modified_gmt":"2020-05-13T18:16:58","slug":"conectados-imersao-e-silencio","status":"publish","type":"page","link":"https:\/\/www.ufsm.br\/laboratorios\/labart\/conectados-imersao-e-silencio","title":{"rendered":"(conectados) imers\u00e3o e sil\u00eancio"},"content":{"rendered":"\t\t<div data-elementor-type=\"wp-page\" data-elementor-id=\"1857\" class=\"elementor elementor-1857\">\n\t\t\t\t\t\t<section class=\"elementor-section elementor-top-section elementor-element elementor-element-b429499 elementor-section-boxed elementor-section-height-default elementor-section-height-default\" data-id=\"b429499\" data-element_type=\"section\">\n\t\t\t\t\t\t<div class=\"elementor-container elementor-column-gap-default\">\n\t\t\t\t\t<div class=\"elementor-column elementor-col-100 elementor-top-column elementor-element elementor-element-9142ae2\" data-id=\"9142ae2\" data-element_type=\"column\">\n\t\t\t<div class=\"elementor-widget-wrap elementor-element-populated\">\n\t\t\t\t\t\t<div class=\"elementor-element elementor-element-3713562 elementor-widget elementor-widget-image\" data-id=\"3713562\" data-element_type=\"widget\" data-widget_type=\"image.default\">\n\t\t\t\t<div class=\"elementor-widget-container\">\n\t\t\t\t\t\t\t\t\t\t\t\t\t<img decoding=\"async\" src=\"https:\/\/www.ufsm.br\/app\/uploads\/sites\/642\/elementor\/thumbs\/15CONECTADOS-I-S_Flyer-A-ons46khi3xmtdrdq5f4wct3w9n7p9n6m6gknd3hg40.jpg\" title=\"15(CONECTADOS)-I-S_Flyer-A\" alt=\"15(CONECTADOS)-I-S_Flyer-A\" loading=\"lazy\" \/>\t\t\t\t\t\t\t\t\t\t\t\t\t<\/div>\n\t\t\t\t<\/div>\n\t\t\t\t\t<\/div>\n\t\t<\/div>\n\t\t\t\t\t<\/div>\n\t\t<\/section>\n\t\t\t\t<section class=\"elementor-section elementor-top-section elementor-element elementor-element-382a64e elementor-section-boxed elementor-section-height-default elementor-section-height-default\" data-id=\"382a64e\" data-element_type=\"section\">\n\t\t\t\t\t\t<div class=\"elementor-container elementor-column-gap-default\">\n\t\t\t\t\t<div class=\"elementor-column elementor-col-100 elementor-top-column elementor-element elementor-element-9c53a21\" data-id=\"9c53a21\" data-element_type=\"column\">\n\t\t\t<div class=\"elementor-widget-wrap elementor-element-populated\">\n\t\t\t\t\t\t<div class=\"elementor-element elementor-element-aca79ff elementor-widget elementor-widget-spacer\" data-id=\"aca79ff\" data-element_type=\"widget\" data-widget_type=\"spacer.default\">\n\t\t\t\t<div class=\"elementor-widget-container\">\n\t\t\t\t\t<div class=\"elementor-spacer\">\n\t\t\t<div class=\"elementor-spacer-inner\"><\/div>\n\t\t<\/div>\n\t\t\t\t<\/div>\n\t\t\t\t<\/div>\n\t\t\t\t<div class=\"elementor-element elementor-element-a3f5b4e elementor-widget elementor-widget-text-editor\" data-id=\"a3f5b4e\" data-element_type=\"widget\" data-widget_type=\"text-editor.default\">\n\t\t\t\t<div class=\"elementor-widget-container\">\n\t\t\t\t\t\t\t<p>A exposi\u00e7\u00e3o <strong>(conectados) imers\u00e3o e sil\u00eancio<\/strong> apresenta trabalhos do artista <strong>Carlos Donaduzzi<\/strong>.<\/p>\t\t\t\t\t\t<\/div>\n\t\t\t\t<\/div>\n\t\t\t\t<div class=\"elementor-element elementor-element-ed656db elementor-widget elementor-widget-spacer\" data-id=\"ed656db\" data-element_type=\"widget\" data-widget_type=\"spacer.default\">\n\t\t\t\t<div class=\"elementor-widget-container\">\n\t\t\t\t\t<div class=\"elementor-spacer\">\n\t\t\t<div class=\"elementor-spacer-inner\"><\/div>\n\t\t<\/div>\n\t\t\t\t<\/div>\n\t\t\t\t<\/div>\n\t\t\t\t\t<\/div>\n\t\t<\/div>\n\t\t\t\t\t<\/div>\n\t\t<\/section>\n\t\t\t\t<section class=\"elementor-section elementor-top-section elementor-element elementor-element-cb61003 elementor-section-boxed elementor-section-height-default elementor-section-height-default\" data-id=\"cb61003\" data-element_type=\"section\">\n\t\t\t\t\t\t<div class=\"elementor-container elementor-column-gap-default\">\n\t\t\t\t\t<div class=\"elementor-column elementor-col-100 elementor-top-column elementor-element elementor-element-a4af8f0\" data-id=\"a4af8f0\" data-element_type=\"column\">\n\t\t\t<div class=\"elementor-widget-wrap elementor-element-populated\">\n\t\t\t\t\t\t<div class=\"elementor-element elementor-element-f5dd1e2 elementor-widget elementor-widget-image\" data-id=\"f5dd1e2\" data-element_type=\"widget\" data-widget_type=\"image.default\">\n\t\t\t\t<div class=\"elementor-widget-container\">\n\t\t\t\t\t\t\t\t\t\t\t\t\t<img decoding=\"async\" src=\"https:\/\/www.ufsm.br\/app\/uploads\/sites\/642\/elementor\/thumbs\/15CONECTADOS-I-S-A-ons46o8xazboz0v5p54tsq6fy680w62m3ld9j387na.jpg\" title=\"15(CONECTADOS)-I-S-A\" alt=\"15(CONECTADOS)-I-S-A\" loading=\"lazy\" \/>\t\t\t\t\t\t\t\t\t\t\t\t\t<\/div>\n\t\t\t\t<\/div>\n\t\t\t\t\t<\/div>\n\t\t<\/div>\n\t\t\t\t\t<\/div>\n\t\t<\/section>\n\t\t\t\t<section class=\"elementor-section elementor-top-section elementor-element elementor-element-f520b52 elementor-section-boxed elementor-section-height-default elementor-section-height-default\" data-id=\"f520b52\" data-element_type=\"section\">\n\t\t\t\t\t\t<div class=\"elementor-container elementor-column-gap-default\">\n\t\t\t\t\t<div class=\"elementor-column elementor-col-33 elementor-top-column elementor-element elementor-element-b09daca\" data-id=\"b09daca\" data-element_type=\"column\">\n\t\t\t<div class=\"elementor-widget-wrap elementor-element-populated\">\n\t\t\t\t\t\t<div class=\"elementor-element elementor-element-1462c8c elementor-widget elementor-widget-image\" data-id=\"1462c8c\" data-element_type=\"widget\" data-widget_type=\"image.default\">\n\t\t\t\t<div class=\"elementor-widget-container\">\n\t\t\t\t\t\t\t\t\t\t\t\t\t<img fetchpriority=\"high\" decoding=\"async\" width=\"300\" height=\"225\" src=\"https:\/\/www.ufsm.br\/app\/uploads\/sites\/642\/2020\/04\/15CONECTADOS-I-S-B-300x225.jpg\" class=\"attachment-medium size-medium wp-image-1191\" alt=\"\" srcset=\"https:\/\/www.ufsm.br\/app\/uploads\/sites\/642\/2020\/04\/15CONECTADOS-I-S-B-300x225.jpg 300w, https:\/\/www.ufsm.br\/app\/uploads\/sites\/642\/2020\/04\/15CONECTADOS-I-S-B-768x576.jpg 768w, https:\/\/www.ufsm.br\/app\/uploads\/sites\/642\/2020\/04\/15CONECTADOS-I-S-B.jpg 991w\" sizes=\"(max-width: 300px) 100vw, 300px\" \/>\t\t\t\t\t\t\t\t\t\t\t\t\t<\/div>\n\t\t\t\t<\/div>\n\t\t\t\t\t<\/div>\n\t\t<\/div>\n\t\t\t\t<div class=\"elementor-column elementor-col-33 elementor-top-column elementor-element elementor-element-570f8c2\" data-id=\"570f8c2\" data-element_type=\"column\">\n\t\t\t<div class=\"elementor-widget-wrap elementor-element-populated\">\n\t\t\t\t\t\t<div class=\"elementor-element elementor-element-af1c6ae elementor-widget elementor-widget-image\" data-id=\"af1c6ae\" data-element_type=\"widget\" data-widget_type=\"image.default\">\n\t\t\t\t<div class=\"elementor-widget-container\">\n\t\t\t\t\t\t\t\t\t\t\t\t\t<img decoding=\"async\" width=\"300\" height=\"225\" src=\"https:\/\/www.ufsm.br\/app\/uploads\/sites\/642\/2020\/04\/15CONECTADOS-I-S-C-300x225.jpg\" class=\"attachment-medium size-medium wp-image-1192\" alt=\"\" srcset=\"https:\/\/www.ufsm.br\/app\/uploads\/sites\/642\/2020\/04\/15CONECTADOS-I-S-C-300x225.jpg 300w, https:\/\/www.ufsm.br\/app\/uploads\/sites\/642\/2020\/04\/15CONECTADOS-I-S-C-768x576.jpg 768w, https:\/\/www.ufsm.br\/app\/uploads\/sites\/642\/2020\/04\/15CONECTADOS-I-S-C.jpg 975w\" sizes=\"(max-width: 300px) 100vw, 300px\" \/>\t\t\t\t\t\t\t\t\t\t\t\t\t<\/div>\n\t\t\t\t<\/div>\n\t\t\t\t\t<\/div>\n\t\t<\/div>\n\t\t\t\t<div class=\"elementor-column elementor-col-33 elementor-top-column elementor-element elementor-element-30fe47a\" data-id=\"30fe47a\" data-element_type=\"column\">\n\t\t\t<div class=\"elementor-widget-wrap elementor-element-populated\">\n\t\t\t\t\t\t<div class=\"elementor-element elementor-element-52af377 elementor-widget elementor-widget-image\" data-id=\"52af377\" data-element_type=\"widget\" data-widget_type=\"image.default\">\n\t\t\t\t<div class=\"elementor-widget-container\">\n\t\t\t\t\t\t\t\t\t\t\t\t\t<img decoding=\"async\" width=\"300\" height=\"225\" src=\"https:\/\/www.ufsm.br\/app\/uploads\/sites\/642\/2020\/04\/15CONECTADOS-I-S-D-300x225.jpg\" class=\"attachment-medium size-medium wp-image-1193\" alt=\"\" srcset=\"https:\/\/www.ufsm.br\/app\/uploads\/sites\/642\/2020\/04\/15CONECTADOS-I-S-D-300x225.jpg 300w, https:\/\/www.ufsm.br\/app\/uploads\/sites\/642\/2020\/04\/15CONECTADOS-I-S-D-768x576.jpg 768w, https:\/\/www.ufsm.br\/app\/uploads\/sites\/642\/2020\/04\/15CONECTADOS-I-S-D.jpg 1024w\" sizes=\"(max-width: 300px) 100vw, 300px\" \/>\t\t\t\t\t\t\t\t\t\t\t\t\t<\/div>\n\t\t\t\t<\/div>\n\t\t\t\t\t<\/div>\n\t\t<\/div>\n\t\t\t\t\t<\/div>\n\t\t<\/section>\n\t\t\t\t<section class=\"elementor-section elementor-top-section elementor-element elementor-element-c090759 elementor-section-boxed elementor-section-height-default elementor-section-height-default\" data-id=\"c090759\" data-element_type=\"section\">\n\t\t\t\t\t\t<div class=\"elementor-container elementor-column-gap-default\">\n\t\t\t\t\t<div class=\"elementor-column elementor-col-33 elementor-top-column elementor-element elementor-element-0f3d981\" data-id=\"0f3d981\" data-element_type=\"column\">\n\t\t\t<div class=\"elementor-widget-wrap elementor-element-populated\">\n\t\t\t\t\t\t<div class=\"elementor-element elementor-element-eabe902 elementor-widget elementor-widget-image\" data-id=\"eabe902\" data-element_type=\"widget\" data-widget_type=\"image.default\">\n\t\t\t\t<div class=\"elementor-widget-container\">\n\t\t\t\t\t\t\t\t\t\t\t\t\t<img loading=\"lazy\" decoding=\"async\" width=\"300\" height=\"225\" src=\"https:\/\/www.ufsm.br\/app\/uploads\/sites\/642\/2020\/04\/15CONECTADOS-I-S-E-300x225.jpg\" class=\"attachment-medium size-medium wp-image-1194\" alt=\"\" srcset=\"https:\/\/www.ufsm.br\/app\/uploads\/sites\/642\/2020\/04\/15CONECTADOS-I-S-E-300x225.jpg 300w, https:\/\/www.ufsm.br\/app\/uploads\/sites\/642\/2020\/04\/15CONECTADOS-I-S-E-768x576.jpg 768w, https:\/\/www.ufsm.br\/app\/uploads\/sites\/642\/2020\/04\/15CONECTADOS-I-S-E.jpg 1024w\" sizes=\"(max-width: 300px) 100vw, 300px\" \/>\t\t\t\t\t\t\t\t\t\t\t\t\t<\/div>\n\t\t\t\t<\/div>\n\t\t\t\t\t<\/div>\n\t\t<\/div>\n\t\t\t\t<div class=\"elementor-column elementor-col-33 elementor-top-column elementor-element elementor-element-f7a3fc7\" data-id=\"f7a3fc7\" data-element_type=\"column\">\n\t\t\t<div class=\"elementor-widget-wrap elementor-element-populated\">\n\t\t\t\t\t\t<div class=\"elementor-element elementor-element-4b576d6 elementor-widget elementor-widget-image\" data-id=\"4b576d6\" data-element_type=\"widget\" data-widget_type=\"image.default\">\n\t\t\t\t<div class=\"elementor-widget-container\">\n\t\t\t\t\t\t\t\t\t\t\t\t\t<img loading=\"lazy\" decoding=\"async\" width=\"300\" height=\"225\" src=\"https:\/\/www.ufsm.br\/app\/uploads\/sites\/642\/2020\/04\/15CONECTADOS-I-S-F-300x225.jpg\" class=\"attachment-medium size-medium wp-image-1195\" alt=\"\" srcset=\"https:\/\/www.ufsm.br\/app\/uploads\/sites\/642\/2020\/04\/15CONECTADOS-I-S-F-300x225.jpg 300w, https:\/\/www.ufsm.br\/app\/uploads\/sites\/642\/2020\/04\/15CONECTADOS-I-S-F-768x576.jpg 768w, https:\/\/www.ufsm.br\/app\/uploads\/sites\/642\/2020\/04\/15CONECTADOS-I-S-F.jpg 1024w\" sizes=\"(max-width: 300px) 100vw, 300px\" \/>\t\t\t\t\t\t\t\t\t\t\t\t\t<\/div>\n\t\t\t\t<\/div>\n\t\t\t\t\t<\/div>\n\t\t<\/div>\n\t\t\t\t<div class=\"elementor-column elementor-col-33 elementor-top-column elementor-element elementor-element-ecc9542\" data-id=\"ecc9542\" data-element_type=\"column\">\n\t\t\t<div class=\"elementor-widget-wrap elementor-element-populated\">\n\t\t\t\t\t\t<div class=\"elementor-element elementor-element-d7a21b0 elementor-widget elementor-widget-image\" data-id=\"d7a21b0\" data-element_type=\"widget\" data-widget_type=\"image.default\">\n\t\t\t\t<div class=\"elementor-widget-container\">\n\t\t\t\t\t\t\t\t\t\t\t\t\t<img loading=\"lazy\" decoding=\"async\" width=\"300\" height=\"225\" src=\"https:\/\/www.ufsm.br\/app\/uploads\/sites\/642\/2020\/04\/15CONECTADOS-I-S-I-300x225.jpg\" class=\"attachment-medium size-medium wp-image-1197\" alt=\"\" srcset=\"https:\/\/www.ufsm.br\/app\/uploads\/sites\/642\/2020\/04\/15CONECTADOS-I-S-I-300x225.jpg 300w, https:\/\/www.ufsm.br\/app\/uploads\/sites\/642\/2020\/04\/15CONECTADOS-I-S-I-768x576.jpg 768w, https:\/\/www.ufsm.br\/app\/uploads\/sites\/642\/2020\/04\/15CONECTADOS-I-S-I.jpg 1001w\" sizes=\"(max-width: 300px) 100vw, 300px\" \/>\t\t\t\t\t\t\t\t\t\t\t\t\t<\/div>\n\t\t\t\t<\/div>\n\t\t\t\t\t<\/div>\n\t\t<\/div>\n\t\t\t\t\t<\/div>\n\t\t<\/section>\n\t\t\t\t<section class=\"elementor-section elementor-top-section elementor-element elementor-element-03e9b74 elementor-section-boxed elementor-section-height-default elementor-section-height-default\" data-id=\"03e9b74\" data-element_type=\"section\">\n\t\t\t\t\t\t<div class=\"elementor-container elementor-column-gap-default\">\n\t\t\t\t\t<div class=\"elementor-column elementor-col-33 elementor-top-column elementor-element elementor-element-60c0b78\" data-id=\"60c0b78\" data-element_type=\"column\">\n\t\t\t<div class=\"elementor-widget-wrap elementor-element-populated\">\n\t\t\t\t\t\t<div class=\"elementor-element elementor-element-57d3d9d elementor-widget elementor-widget-image\" data-id=\"57d3d9d\" data-element_type=\"widget\" data-widget_type=\"image.default\">\n\t\t\t\t<div class=\"elementor-widget-container\">\n\t\t\t\t\t\t\t\t\t\t\t\t\t<img loading=\"lazy\" decoding=\"async\" width=\"300\" height=\"225\" src=\"https:\/\/www.ufsm.br\/app\/uploads\/sites\/642\/2020\/04\/15CONECTADOS-I-S-J-300x225.jpg\" class=\"attachment-medium size-medium wp-image-1198\" alt=\"\" srcset=\"https:\/\/www.ufsm.br\/app\/uploads\/sites\/642\/2020\/04\/15CONECTADOS-I-S-J-300x225.jpg 300w, https:\/\/www.ufsm.br\/app\/uploads\/sites\/642\/2020\/04\/15CONECTADOS-I-S-J-768x576.jpg 768w, https:\/\/www.ufsm.br\/app\/uploads\/sites\/642\/2020\/04\/15CONECTADOS-I-S-J.jpg 1024w\" sizes=\"(max-width: 300px) 100vw, 300px\" \/>\t\t\t\t\t\t\t\t\t\t\t\t\t<\/div>\n\t\t\t\t<\/div>\n\t\t\t\t\t<\/div>\n\t\t<\/div>\n\t\t\t\t<div class=\"elementor-column elementor-col-33 elementor-top-column elementor-element elementor-element-336478a\" data-id=\"336478a\" data-element_type=\"column\">\n\t\t\t<div class=\"elementor-widget-wrap elementor-element-populated\">\n\t\t\t\t\t\t<div class=\"elementor-element elementor-element-f964d81 elementor-widget elementor-widget-image\" data-id=\"f964d81\" data-element_type=\"widget\" data-widget_type=\"image.default\">\n\t\t\t\t<div class=\"elementor-widget-container\">\n\t\t\t\t\t\t\t\t\t\t\t\t\t<img loading=\"lazy\" decoding=\"async\" width=\"300\" height=\"225\" src=\"https:\/\/www.ufsm.br\/app\/uploads\/sites\/642\/2020\/04\/15CONECTADOS-I-S-L-300x225.jpg\" class=\"attachment-medium size-medium wp-image-1199\" alt=\"\" srcset=\"https:\/\/www.ufsm.br\/app\/uploads\/sites\/642\/2020\/04\/15CONECTADOS-I-S-L-300x225.jpg 300w, https:\/\/www.ufsm.br\/app\/uploads\/sites\/642\/2020\/04\/15CONECTADOS-I-S-L-768x576.jpg 768w, https:\/\/www.ufsm.br\/app\/uploads\/sites\/642\/2020\/04\/15CONECTADOS-I-S-L.jpg 1024w\" sizes=\"(max-width: 300px) 100vw, 300px\" \/>\t\t\t\t\t\t\t\t\t\t\t\t\t<\/div>\n\t\t\t\t<\/div>\n\t\t\t\t\t<\/div>\n\t\t<\/div>\n\t\t\t\t<div class=\"elementor-column elementor-col-33 elementor-top-column elementor-element elementor-element-de06c11\" data-id=\"de06c11\" data-element_type=\"column\">\n\t\t\t<div class=\"elementor-widget-wrap elementor-element-populated\">\n\t\t\t\t\t\t<div class=\"elementor-element elementor-element-bd00f0f elementor-widget elementor-widget-image\" data-id=\"bd00f0f\" data-element_type=\"widget\" data-widget_type=\"image.default\">\n\t\t\t\t<div class=\"elementor-widget-container\">\n\t\t\t\t\t\t\t\t\t\t\t\t\t<img loading=\"lazy\" decoding=\"async\" width=\"300\" height=\"225\" src=\"https:\/\/www.ufsm.br\/app\/uploads\/sites\/642\/2020\/04\/15CONECTADOS-I-S-M-300x225.jpg\" class=\"attachment-medium size-medium wp-image-1200\" alt=\"\" srcset=\"https:\/\/www.ufsm.br\/app\/uploads\/sites\/642\/2020\/04\/15CONECTADOS-I-S-M-300x225.jpg 300w, https:\/\/www.ufsm.br\/app\/uploads\/sites\/642\/2020\/04\/15CONECTADOS-I-S-M-768x576.jpg 768w, https:\/\/www.ufsm.br\/app\/uploads\/sites\/642\/2020\/04\/15CONECTADOS-I-S-M.jpg 1024w\" sizes=\"(max-width: 300px) 100vw, 300px\" \/>\t\t\t\t\t\t\t\t\t\t\t\t\t<\/div>\n\t\t\t\t<\/div>\n\t\t\t\t\t<\/div>\n\t\t<\/div>\n\t\t\t\t\t<\/div>\n\t\t<\/section>\n\t\t\t\t<section class=\"elementor-section elementor-top-section elementor-element elementor-element-b7660e2 elementor-section-boxed elementor-section-height-default elementor-section-height-default\" data-id=\"b7660e2\" data-element_type=\"section\">\n\t\t\t\t\t\t<div class=\"elementor-container elementor-column-gap-default\">\n\t\t\t\t\t<div class=\"elementor-column elementor-col-33 elementor-top-column elementor-element elementor-element-a2cff29\" data-id=\"a2cff29\" data-element_type=\"column\">\n\t\t\t<div class=\"elementor-widget-wrap elementor-element-populated\">\n\t\t\t\t\t\t<div class=\"elementor-element elementor-element-5ac63bc elementor-widget elementor-widget-image\" data-id=\"5ac63bc\" data-element_type=\"widget\" data-widget_type=\"image.default\">\n\t\t\t\t<div class=\"elementor-widget-container\">\n\t\t\t\t\t\t\t\t\t\t\t\t\t<img loading=\"lazy\" decoding=\"async\" width=\"300\" height=\"225\" src=\"https:\/\/www.ufsm.br\/app\/uploads\/sites\/642\/2020\/04\/15CONECTADOS-I-S-N-300x225.jpg\" class=\"attachment-medium size-medium wp-image-1201\" alt=\"\" srcset=\"https:\/\/www.ufsm.br\/app\/uploads\/sites\/642\/2020\/04\/15CONECTADOS-I-S-N-300x225.jpg 300w, https:\/\/www.ufsm.br\/app\/uploads\/sites\/642\/2020\/04\/15CONECTADOS-I-S-N-768x576.jpg 768w, https:\/\/www.ufsm.br\/app\/uploads\/sites\/642\/2020\/04\/15CONECTADOS-I-S-N.jpg 975w\" sizes=\"(max-width: 300px) 100vw, 300px\" \/>\t\t\t\t\t\t\t\t\t\t\t\t\t<\/div>\n\t\t\t\t<\/div>\n\t\t\t\t\t<\/div>\n\t\t<\/div>\n\t\t\t\t<div class=\"elementor-column elementor-col-33 elementor-top-column elementor-element elementor-element-fbab41d\" data-id=\"fbab41d\" data-element_type=\"column\">\n\t\t\t<div class=\"elementor-widget-wrap elementor-element-populated\">\n\t\t\t\t\t\t<div class=\"elementor-element elementor-element-d4ae5de elementor-widget elementor-widget-image\" data-id=\"d4ae5de\" data-element_type=\"widget\" data-widget_type=\"image.default\">\n\t\t\t\t<div class=\"elementor-widget-container\">\n\t\t\t\t\t\t\t\t\t\t\t\t\t<img loading=\"lazy\" decoding=\"async\" width=\"300\" height=\"225\" src=\"https:\/\/www.ufsm.br\/app\/uploads\/sites\/642\/2020\/04\/15CONECTADOS-I-S-O-300x225.jpg\" class=\"attachment-medium size-medium wp-image-1202\" alt=\"\" srcset=\"https:\/\/www.ufsm.br\/app\/uploads\/sites\/642\/2020\/04\/15CONECTADOS-I-S-O-300x225.jpg 300w, https:\/\/www.ufsm.br\/app\/uploads\/sites\/642\/2020\/04\/15CONECTADOS-I-S-O-768x575.jpg 768w, https:\/\/www.ufsm.br\/app\/uploads\/sites\/642\/2020\/04\/15CONECTADOS-I-S-O.jpg 1024w\" sizes=\"(max-width: 300px) 100vw, 300px\" \/>\t\t\t\t\t\t\t\t\t\t\t\t\t<\/div>\n\t\t\t\t<\/div>\n\t\t\t\t\t<\/div>\n\t\t<\/div>\n\t\t\t\t<div class=\"elementor-column elementor-col-33 elementor-top-column elementor-element elementor-element-dada0d0\" data-id=\"dada0d0\" data-element_type=\"column\">\n\t\t\t<div class=\"elementor-widget-wrap elementor-element-populated\">\n\t\t\t\t\t\t<div class=\"elementor-element elementor-element-0561d1e elementor-widget elementor-widget-image\" data-id=\"0561d1e\" data-element_type=\"widget\" data-widget_type=\"image.default\">\n\t\t\t\t<div class=\"elementor-widget-container\">\n\t\t\t\t\t\t\t\t\t\t\t\t\t<img loading=\"lazy\" decoding=\"async\" width=\"300\" height=\"188\" src=\"https:\/\/www.ufsm.br\/app\/uploads\/sites\/642\/2020\/04\/15CONECTADOS-I-S-Q-300x188.jpg\" class=\"attachment-medium size-medium wp-image-1203\" alt=\"\" srcset=\"https:\/\/www.ufsm.br\/app\/uploads\/sites\/642\/2020\/04\/15CONECTADOS-I-S-Q-300x188.jpg 300w, https:\/\/www.ufsm.br\/app\/uploads\/sites\/642\/2020\/04\/15CONECTADOS-I-S-Q-768x482.jpg 768w, https:\/\/www.ufsm.br\/app\/uploads\/sites\/642\/2020\/04\/15CONECTADOS-I-S-Q.jpg 1024w\" sizes=\"(max-width: 300px) 100vw, 300px\" \/>\t\t\t\t\t\t\t\t\t\t\t\t\t<\/div>\n\t\t\t\t<\/div>\n\t\t\t\t\t<\/div>\n\t\t<\/div>\n\t\t\t\t\t<\/div>\n\t\t<\/section>\n\t\t\t\t<section class=\"elementor-section elementor-top-section elementor-element elementor-element-3901901 elementor-section-boxed elementor-section-height-default elementor-section-height-default\" data-id=\"3901901\" data-element_type=\"section\">\n\t\t\t\t\t\t<div class=\"elementor-container elementor-column-gap-default\">\n\t\t\t\t\t<div class=\"elementor-column elementor-col-33 elementor-top-column elementor-element elementor-element-f8e01e5\" data-id=\"f8e01e5\" data-element_type=\"column\">\n\t\t\t<div class=\"elementor-widget-wrap elementor-element-populated\">\n\t\t\t\t\t\t<div class=\"elementor-element elementor-element-b28a7e2 elementor-widget elementor-widget-image\" data-id=\"b28a7e2\" data-element_type=\"widget\" data-widget_type=\"image.default\">\n\t\t\t\t<div class=\"elementor-widget-container\">\n\t\t\t\t\t\t\t\t\t\t\t\t\t<img loading=\"lazy\" decoding=\"async\" width=\"300\" height=\"177\" src=\"https:\/\/www.ufsm.br\/app\/uploads\/sites\/642\/2020\/04\/15CONECTADOS-I-S-R-300x177.jpg\" class=\"attachment-medium size-medium wp-image-1204\" alt=\"\" srcset=\"https:\/\/www.ufsm.br\/app\/uploads\/sites\/642\/2020\/04\/15CONECTADOS-I-S-R-300x177.jpg 300w, https:\/\/www.ufsm.br\/app\/uploads\/sites\/642\/2020\/04\/15CONECTADOS-I-S-R-768x454.jpg 768w, https:\/\/www.ufsm.br\/app\/uploads\/sites\/642\/2020\/04\/15CONECTADOS-I-S-R.jpg 1024w\" sizes=\"(max-width: 300px) 100vw, 300px\" \/>\t\t\t\t\t\t\t\t\t\t\t\t\t<\/div>\n\t\t\t\t<\/div>\n\t\t\t\t\t<\/div>\n\t\t<\/div>\n\t\t\t\t<div class=\"elementor-column elementor-col-33 elementor-top-column elementor-element elementor-element-210fdfc\" data-id=\"210fdfc\" data-element_type=\"column\">\n\t\t\t<div class=\"elementor-widget-wrap\">\n\t\t\t\t\t\t\t<\/div>\n\t\t<\/div>\n\t\t\t\t<div class=\"elementor-column elementor-col-33 elementor-top-column elementor-element elementor-element-1990538\" data-id=\"1990538\" data-element_type=\"column\">\n\t\t\t<div class=\"elementor-widget-wrap\">\n\t\t\t\t\t\t\t<\/div>\n\t\t<\/div>\n\t\t\t\t\t<\/div>\n\t\t<\/section>\n\t\t\t\t<section class=\"elementor-section elementor-top-section elementor-element elementor-element-795e867 elementor-section-boxed elementor-section-height-default elementor-section-height-default\" data-id=\"795e867\" data-element_type=\"section\">\n\t\t\t\t\t\t<div class=\"elementor-container elementor-column-gap-default\">\n\t\t\t\t\t<div class=\"elementor-column elementor-col-100 elementor-top-column elementor-element elementor-element-4b8a710\" data-id=\"4b8a710\" data-element_type=\"column\">\n\t\t\t<div class=\"elementor-widget-wrap elementor-element-populated\">\n\t\t\t\t\t\t<div class=\"elementor-element elementor-element-7624630 elementor-widget elementor-widget-text-editor\" data-id=\"7624630\" data-element_type=\"widget\" data-widget_type=\"text-editor.default\">\n\t\t\t\t<div class=\"elementor-widget-container\">\n\t\t\t\t\t\t\t<p>Propriedade das imagens: LABART\/UFSM.<\/p>\t\t\t\t\t\t<\/div>\n\t\t\t\t<\/div>\n\t\t\t\t\t<\/div>\n\t\t<\/div>\n\t\t\t\t\t<\/div>\n\t\t<\/section>\n\t\t\t\t<\/div>\n\t\t","protected":false},"excerpt":{"rendered":"<p>A exposi\u00e7\u00e3o (conectados) imers\u00e3o e sil\u00eancio apresenta trabalhos do artista Carlos Donaduzzi. Propriedade das imagens: LABART\/UFSM.<\/p>\n","protected":false},"author":1884,"featured_media":0,"parent":0,"menu_order":0,"comment_status":"closed","ping_status":"closed","template":"","meta":{"footnotes":""},"categories":[],"tags":[],"class_list":["post-1857","page","type-page","status-publish","hentry"],"acf":[],"_links":{"self":[{"href":"https:\/\/www.ufsm.br\/laboratorios\/labart\/wp-json\/wp\/v2\/pages\/1857","targetHints":{"allow":["GET"]}}],"collection":[{"href":"https:\/\/www.ufsm.br\/laboratorios\/labart\/wp-json\/wp\/v2\/pages"}],"about":[{"href":"https:\/\/www.ufsm.br\/laboratorios\/labart\/wp-json\/wp\/v2\/types\/page"}],"author":[{"embeddable":true,"href":"https:\/\/www.ufsm.br\/laboratorios\/labart\/wp-json\/wp\/v2\/users\/1884"}],"replies":[{"embeddable":true,"href":"https:\/\/www.ufsm.br\/laboratorios\/labart\/wp-json\/wp\/v2\/comments?post=1857"}],"version-history":[{"count":0,"href":"https:\/\/www.ufsm.br\/laboratorios\/labart\/wp-json\/wp\/v2\/pages\/1857\/revisions"}],"wp:attachment":[{"href":"https:\/\/www.ufsm.br\/laboratorios\/labart\/wp-json\/wp\/v2\/media?parent=1857"}],"wp:term":[{"taxonomy":"category","embeddable":true,"href":"https:\/\/www.ufsm.br\/laboratorios\/labart\/wp-json\/wp\/v2\/categories?post=1857"},{"taxonomy":"post_tag","embeddable":true,"href":"https:\/\/www.ufsm.br\/laboratorios\/labart\/wp-json\/wp\/v2\/tags?post=1857"}],"curies":[{"name":"wp","href":"https:\/\/api.w.org\/{rel}","templated":true}]}}