{"id":1896,"date":"2020-05-13T16:16:26","date_gmt":"2020-05-13T19:16:26","guid":{"rendered":"https:\/\/www.ufsm.br\/laboratorios\/labart\/?page_id=1896"},"modified":"2023-06-06T17:19:57","modified_gmt":"2023-06-06T20:19:57","slug":"2o-assimetria-festival-universitario-de-cinema-e-audiovisual","status":"publish","type":"page","link":"https:\/\/www.ufsm.br\/laboratorios\/labart\/2o-assimetria-festival-universitario-de-cinema-e-audiovisual","title":{"rendered":"2\u00ba ASSIMETRIA Festival Universit\u00e1rio de Cinema e Audiovisual"},"content":{"rendered":"\t\t<div data-elementor-type=\"wp-page\" data-elementor-id=\"1896\" class=\"elementor elementor-1896\">\n\t\t\t\t\t\t<section class=\"elementor-section elementor-top-section elementor-element elementor-element-2ae6b2b elementor-section-boxed elementor-section-height-default elementor-section-height-default\" data-id=\"2ae6b2b\" data-element_type=\"section\">\n\t\t\t\t\t\t<div class=\"elementor-container elementor-column-gap-default\">\n\t\t\t\t\t<div class=\"elementor-column elementor-col-50 elementor-top-column elementor-element elementor-element-290c5ce\" data-id=\"290c5ce\" data-element_type=\"column\">\n\t\t\t<div class=\"elementor-widget-wrap elementor-element-populated\">\n\t\t\t\t\t\t<div class=\"elementor-element elementor-element-ffb3ae9 elementor-widget elementor-widget-image\" data-id=\"ffb3ae9\" data-element_type=\"widget\" data-widget_type=\"image.default\">\n\t\t\t\t<div class=\"elementor-widget-container\">\n\t\t\t\t\t\t\t\t\t\t\t\t\t<img decoding=\"async\" src=\"https:\/\/www.ufsm.br\/app\/uploads\/sites\/642\/elementor\/thumbs\/02ASS2019_Flyer-C-ons5ll60jy0eal8vxyyofqholmffqi5cd8o9uj7qoo.jpg\" title=\"02ASS2019_Flyer-C\" alt=\"02ASS2019_Flyer-C\" loading=\"lazy\" \/>\t\t\t\t\t\t\t\t\t\t\t\t\t<\/div>\n\t\t\t\t<\/div>\n\t\t\t\t\t<\/div>\n\t\t<\/div>\n\t\t\t\t<div class=\"elementor-column elementor-col-50 elementor-top-column elementor-element elementor-element-9e2e153\" data-id=\"9e2e153\" data-element_type=\"column\">\n\t\t\t<div class=\"elementor-widget-wrap elementor-element-populated\">\n\t\t\t\t\t\t<div class=\"elementor-element elementor-element-80fa668 elementor-widget elementor-widget-image\" data-id=\"80fa668\" data-element_type=\"widget\" data-widget_type=\"image.default\">\n\t\t\t\t<div class=\"elementor-widget-container\">\n\t\t\t\t\t\t\t\t\t\t\t\t\t<img decoding=\"async\" src=\"https:\/\/www.ufsm.br\/app\/uploads\/sites\/642\/elementor\/thumbs\/02ASS2019_Flyer-A-ons5ldnb19q3ppjt5vpnvsdzujgi0xbho7ge0biw2q.jpg\" title=\"02ASS2019_Flyer-A\" alt=\"02ASS2019_Flyer-A\" loading=\"lazy\" \/>\t\t\t\t\t\t\t\t\t\t\t\t\t<\/div>\n\t\t\t\t<\/div>\n\t\t\t\t\t<\/div>\n\t\t<\/div>\n\t\t\t\t\t<\/div>\n\t\t<\/section>\n\t\t\t\t<section class=\"elementor-section elementor-top-section elementor-element elementor-element-58cc38d elementor-section-boxed elementor-section-height-default elementor-section-height-default\" data-id=\"58cc38d\" data-element_type=\"section\">\n\t\t\t\t\t\t<div class=\"elementor-container elementor-column-gap-default\">\n\t\t\t\t\t<div class=\"elementor-column elementor-col-100 elementor-top-column elementor-element elementor-element-1f75883\" data-id=\"1f75883\" data-element_type=\"column\">\n\t\t\t<div class=\"elementor-widget-wrap elementor-element-populated\">\n\t\t\t\t\t\t<div class=\"elementor-element elementor-element-23d0b27 elementor-widget elementor-widget-spacer\" data-id=\"23d0b27\" data-element_type=\"widget\" data-widget_type=\"spacer.default\">\n\t\t\t\t<div class=\"elementor-widget-container\">\n\t\t\t\t\t<div class=\"elementor-spacer\">\n\t\t\t<div class=\"elementor-spacer-inner\"><\/div>\n\t\t<\/div>\n\t\t\t\t<\/div>\n\t\t\t\t<\/div>\n\t\t\t\t<div class=\"elementor-element elementor-element-a598e57 elementor-icon-list--layout-traditional elementor-list-item-link-full_width elementor-widget elementor-widget-icon-list\" data-id=\"a598e57\" data-element_type=\"widget\" data-widget_type=\"icon-list.default\">\n\t\t\t\t<div class=\"elementor-widget-container\">\n\t\t\t\t\t<ul class=\"elementor-icon-list-items\">\n\t\t\t\t\t\t\t<li class=\"elementor-icon-list-item\">\n\t\t\t\t\t\t\t\t\t\t\t<a href=\"https:\/\/www.facebook.com\/assimetriafestival\" target=\"_blank\">\n\n\t\t\t\t\t\t\t\t\t\t\t\t<span class=\"elementor-icon-list-icon\">\n\t\t\t\t\t\t\t<i aria-hidden=\"true\" class=\"fab fa-facebook\"><\/i>\t\t\t\t\t\t<\/span>\n\t\t\t\t\t\t\t\t\t\t<span class=\"elementor-icon-list-text\">facebook.com\/assimetriafestival<\/span>\n\t\t\t\t\t\t\t\t\t\t\t<\/a>\n\t\t\t\t\t\t\t\t\t<\/li>\n\t\t\t\t\t\t\t\t<li class=\"elementor-icon-list-item\">\n\t\t\t\t\t\t\t\t\t\t\t<a href=\"https:\/\/www.youtube.com\/channel\/UC7lm2YwJel5T7ib7n2NmsoQ\" target=\"_blank\">\n\n\t\t\t\t\t\t\t\t\t\t\t\t<span class=\"elementor-icon-list-icon\">\n\t\t\t\t\t\t\t<i aria-hidden=\"true\" class=\"fab fa-youtube\"><\/i>\t\t\t\t\t\t<\/span>\n\t\t\t\t\t\t\t\t\t\t<span class=\"elementor-icon-list-text\">YouTube Festival Assimetria<\/span>\n\t\t\t\t\t\t\t\t\t\t\t<\/a>\n\t\t\t\t\t\t\t\t\t<\/li>\n\t\t\t\t\t\t\t\t<li class=\"elementor-icon-list-item\">\n\t\t\t\t\t\t\t\t\t\t\t<a href=\"https:\/\/www.instagram.com\/festivalassimetria\/\" target=\"_blank\">\n\n\t\t\t\t\t\t\t\t\t\t\t\t<span class=\"elementor-icon-list-icon\">\n\t\t\t\t\t\t\t<i aria-hidden=\"true\" class=\"fab fa-instagram\"><\/i>\t\t\t\t\t\t<\/span>\n\t\t\t\t\t\t\t\t\t\t<span class=\"elementor-icon-list-text\">Instagram Festival Assimetria<\/span>\n\t\t\t\t\t\t\t\t\t\t\t<\/a>\n\t\t\t\t\t\t\t\t\t<\/li>\n\t\t\t\t\t\t<\/ul>\n\t\t\t\t<\/div>\n\t\t\t\t<\/div>\n\t\t\t\t<div class=\"elementor-element elementor-element-3133e72 elementor-widget elementor-widget-text-editor\" data-id=\"3133e72\" data-element_type=\"widget\" data-widget_type=\"text-editor.default\">\n\t\t\t\t<div class=\"elementor-widget-container\">\n\t\t\t\t\t\t\t<p>O <strong>Festival Universit\u00e1rio de Cinema e Audiovisual 2\u00ba Asimetria<\/strong> faz parte da programa\u00e7\u00e3o do <strong><a href=\"https:\/\/www.ufsm.br\/laboratorios\/labart\/2019\/08\/02\/7o-forum-arte-cinema-e-audiovisual\/\">7\u00ba F\u00f3rum Arte, Cinema e Audiovisual<\/a><\/strong>.<\/p>\t\t\t\t\t\t<\/div>\n\t\t\t\t<\/div>\n\t\t\t\t<div class=\"elementor-element elementor-element-892d957 elementor-widget elementor-widget-text-editor\" data-id=\"892d957\" data-element_type=\"widget\" data-widget_type=\"text-editor.default\">\n\t\t\t\t<div class=\"elementor-widget-container\">\n\t\t\t\t\t\t\t<p>Para d\u00favidas e casos espec\u00edficos, contatar a Comiss\u00e3o Organizadora do Festival atrav\u00e9s do e-mail <span id=\"cloakf75596a58ac8a395ca22085cea47ee7f\"><a href=\"mailto:assimetriacine@gmail.com\">assimetriacine@gmail.com<\/a><\/span><\/p>\t\t\t\t\t\t<\/div>\n\t\t\t\t<\/div>\n\t\t\t\t<div class=\"elementor-element elementor-element-9edfc08 elementor-widget elementor-widget-spacer\" data-id=\"9edfc08\" data-element_type=\"widget\" data-widget_type=\"spacer.default\">\n\t\t\t\t<div class=\"elementor-widget-container\">\n\t\t\t\t\t<div class=\"elementor-spacer\">\n\t\t\t<div class=\"elementor-spacer-inner\"><\/div>\n\t\t<\/div>\n\t\t\t\t<\/div>\n\t\t\t\t<\/div>\n\t\t\t\t\t<\/div>\n\t\t<\/div>\n\t\t\t\t\t<\/div>\n\t\t<\/section>\n\t\t\t\t<section class=\"elementor-section elementor-top-section elementor-element elementor-element-5dca193 elementor-section-boxed elementor-section-height-default elementor-section-height-default\" data-id=\"5dca193\" data-element_type=\"section\">\n\t\t\t\t\t\t<div class=\"elementor-container elementor-column-gap-default\">\n\t\t\t\t\t<div class=\"elementor-column elementor-col-33 elementor-top-column elementor-element elementor-element-adbc0e4\" data-id=\"adbc0e4\" data-element_type=\"column\">\n\t\t\t<div class=\"elementor-widget-wrap elementor-element-populated\">\n\t\t\t\t\t\t<div class=\"elementor-element elementor-element-2b1e2c5 elementor-widget elementor-widget-image\" data-id=\"2b1e2c5\" data-element_type=\"widget\" data-widget_type=\"image.default\">\n\t\t\t\t<div class=\"elementor-widget-container\">\n\t\t\t\t\t\t\t\t\t\t\t\t\t<img fetchpriority=\"high\" decoding=\"async\" width=\"300\" height=\"225\" src=\"https:\/\/www.ufsm.br\/app\/uploads\/sites\/642\/2020\/04\/02ASS2019-A-300x225.jpg\" class=\"attachment-medium size-medium wp-image-1324\" alt=\"\" srcset=\"https:\/\/www.ufsm.br\/app\/uploads\/sites\/642\/2020\/04\/02ASS2019-A-300x225.jpg 300w, https:\/\/www.ufsm.br\/app\/uploads\/sites\/642\/2020\/04\/02ASS2019-A-768x576.jpg 768w, https:\/\/www.ufsm.br\/app\/uploads\/sites\/642\/2020\/04\/02ASS2019-A.jpg 960w\" sizes=\"(max-width: 300px) 100vw, 300px\" \/>\t\t\t\t\t\t\t\t\t\t\t\t\t<\/div>\n\t\t\t\t<\/div>\n\t\t\t\t\t<\/div>\n\t\t<\/div>\n\t\t\t\t<div class=\"elementor-column elementor-col-33 elementor-top-column elementor-element elementor-element-e4d24a2\" data-id=\"e4d24a2\" data-element_type=\"column\">\n\t\t\t<div class=\"elementor-widget-wrap elementor-element-populated\">\n\t\t\t\t\t\t<div class=\"elementor-element elementor-element-e5d5ca7 elementor-widget elementor-widget-image\" data-id=\"e5d5ca7\" data-element_type=\"widget\" data-widget_type=\"image.default\">\n\t\t\t\t<div class=\"elementor-widget-container\">\n\t\t\t\t\t\t\t\t\t\t\t\t\t<img decoding=\"async\" width=\"300\" height=\"225\" src=\"https:\/\/www.ufsm.br\/app\/uploads\/sites\/642\/2020\/04\/02ASS2019-B-300x225.jpg\" class=\"attachment-medium size-medium wp-image-1325\" alt=\"\" srcset=\"https:\/\/www.ufsm.br\/app\/uploads\/sites\/642\/2020\/04\/02ASS2019-B-300x225.jpg 300w, https:\/\/www.ufsm.br\/app\/uploads\/sites\/642\/2020\/04\/02ASS2019-B-768x576.jpg 768w, https:\/\/www.ufsm.br\/app\/uploads\/sites\/642\/2020\/04\/02ASS2019-B.jpg 960w\" sizes=\"(max-width: 300px) 100vw, 300px\" \/>\t\t\t\t\t\t\t\t\t\t\t\t\t<\/div>\n\t\t\t\t<\/div>\n\t\t\t\t\t<\/div>\n\t\t<\/div>\n\t\t\t\t<div class=\"elementor-column elementor-col-33 elementor-top-column elementor-element elementor-element-2936a4c\" data-id=\"2936a4c\" data-element_type=\"column\">\n\t\t\t<div class=\"elementor-widget-wrap elementor-element-populated\">\n\t\t\t\t\t\t<div class=\"elementor-element elementor-element-980db06 elementor-widget elementor-widget-image\" data-id=\"980db06\" data-element_type=\"widget\" data-widget_type=\"image.default\">\n\t\t\t\t<div class=\"elementor-widget-container\">\n\t\t\t\t\t\t\t\t\t\t\t\t\t<img decoding=\"async\" width=\"300\" height=\"198\" src=\"https:\/\/www.ufsm.br\/app\/uploads\/sites\/642\/2020\/04\/02ASS2019-C-300x198.jpg\" class=\"attachment-medium size-medium wp-image-1326\" alt=\"\" srcset=\"https:\/\/www.ufsm.br\/app\/uploads\/sites\/642\/2020\/04\/02ASS2019-C-300x198.jpg 300w, https:\/\/www.ufsm.br\/app\/uploads\/sites\/642\/2020\/04\/02ASS2019-C-768x508.jpg 768w, https:\/\/www.ufsm.br\/app\/uploads\/sites\/642\/2020\/04\/02ASS2019-C.jpg 960w\" sizes=\"(max-width: 300px) 100vw, 300px\" \/>\t\t\t\t\t\t\t\t\t\t\t\t\t<\/div>\n\t\t\t\t<\/div>\n\t\t\t\t\t<\/div>\n\t\t<\/div>\n\t\t\t\t\t<\/div>\n\t\t<\/section>\n\t\t\t\t<section class=\"elementor-section elementor-top-section elementor-element elementor-element-b07eea0 elementor-section-boxed elementor-section-height-default elementor-section-height-default\" data-id=\"b07eea0\" data-element_type=\"section\">\n\t\t\t\t\t\t<div class=\"elementor-container elementor-column-gap-default\">\n\t\t\t\t\t<div class=\"elementor-column elementor-col-100 elementor-top-column elementor-element elementor-element-03699aa\" data-id=\"03699aa\" data-element_type=\"column\">\n\t\t\t<div class=\"elementor-widget-wrap elementor-element-populated\">\n\t\t\t\t\t\t<div class=\"elementor-element elementor-element-8b27146 elementor-widget elementor-widget-text-editor\" data-id=\"8b27146\" data-element_type=\"widget\" data-widget_type=\"text-editor.default\">\n\t\t\t\t<div class=\"elementor-widget-container\">\n\t\t\t\t\t\t\t<div class=\"entry-content\"><div class=\"elementor elementor-1862\" data-elementor-type=\"wp-page\" data-elementor-id=\"1862\" data-elementor-settings=\"[]\"><div class=\"elementor-inner\"><div class=\"elementor-section-wrap\"><section class=\"elementor-element elementor-element-711fb6f elementor-section-boxed elementor-section-height-default elementor-section-height-default elementor-section elementor-top-section\" data-id=\"711fb6f\"><div class=\"elementor-container elementor-column-gap-default\"><div class=\"elementor-row\"><div class=\"elementor-element elementor-element-d5f1e6c elementor-column elementor-col-100 elementor-top-column\" data-id=\"d5f1e6c\"><div class=\"elementor-column-wrap  elementor-element-populated\"><div class=\"elementor-widget-wrap\"><div class=\"elementor-element elementor-element-a5723dc elementor-widget elementor-widget-text-editor\" data-id=\"a5723dc\"><div class=\"elementor-widget-container\"><div class=\"elementor-text-editor elementor-clearfix\"><div class=\"entry-content\"><div class=\"elementor elementor-1857\" data-elementor-type=\"wp-page\" data-elementor-id=\"1857\" data-elementor-settings=\"[]\"><div class=\"elementor-inner\"><div class=\"elementor-section-wrap\"><section class=\"elementor-element elementor-element-795e867 elementor-section-boxed elementor-section-height-default elementor-section-height-default elementor-section elementor-top-section\" data-id=\"795e867\"><div class=\"elementor-container elementor-column-gap-default\"><div class=\"elementor-row\"><div class=\"elementor-element elementor-element-4b8a710 elementor-column elementor-col-100 elementor-top-column\" data-id=\"4b8a710\"><div class=\"elementor-column-wrap  elementor-element-populated\"><div class=\"elementor-widget-wrap\"><div class=\"elementor-element elementor-element-7624630 elementor-widget elementor-widget-text-editor\" data-id=\"7624630\"><div class=\"elementor-widget-container\"><div class=\"elementor-text-editor elementor-clearfix\"><p>Propriedade das imagens: LABART\/UFSM.<\/p><\/div><\/div><\/div><\/div><\/div><\/div><\/div><\/div><\/section><\/div><\/div><\/div><\/div><\/div><\/div><\/div><\/div><\/div><\/div><\/div><\/div><\/section><\/div><\/div><\/div><\/div>\t\t\t\t\t\t<\/div>\n\t\t\t\t<\/div>\n\t\t\t\t\t<\/div>\n\t\t<\/div>\n\t\t\t\t\t<\/div>\n\t\t<\/section>\n\t\t\t\t<\/div>\n\t\t","protected":false},"excerpt":{"rendered":"<p>facebook.com\/assimetriafestival YouTube Festival Assimetria Instagram Festival Assimetria O Festival Universit\u00e1rio de Cinema e Audiovisual 2\u00ba Asimetria faz parte da programa\u00e7\u00e3o do 7\u00ba F\u00f3rum Arte, Cinema e Audiovisual. Para d\u00favidas e casos espec\u00edficos, contatar a Comiss\u00e3o Organizadora do Festival atrav\u00e9s do e-mail assimetriacine@gmail.com Propriedade das imagens: LABART\/UFSM.<\/p>\n","protected":false},"author":1884,"featured_media":0,"parent":0,"menu_order":0,"comment_status":"closed","ping_status":"closed","template":"","meta":{"footnotes":""},"categories":[],"tags":[],"class_list":["post-1896","page","type-page","status-publish","hentry"],"acf":[],"_links":{"self":[{"href":"https:\/\/www.ufsm.br\/laboratorios\/labart\/wp-json\/wp\/v2\/pages\/1896","targetHints":{"allow":["GET"]}}],"collection":[{"href":"https:\/\/www.ufsm.br\/laboratorios\/labart\/wp-json\/wp\/v2\/pages"}],"about":[{"href":"https:\/\/www.ufsm.br\/laboratorios\/labart\/wp-json\/wp\/v2\/types\/page"}],"author":[{"embeddable":true,"href":"https:\/\/www.ufsm.br\/laboratorios\/labart\/wp-json\/wp\/v2\/users\/1884"}],"replies":[{"embeddable":true,"href":"https:\/\/www.ufsm.br\/laboratorios\/labart\/wp-json\/wp\/v2\/comments?post=1896"}],"version-history":[{"count":0,"href":"https:\/\/www.ufsm.br\/laboratorios\/labart\/wp-json\/wp\/v2\/pages\/1896\/revisions"}],"wp:attachment":[{"href":"https:\/\/www.ufsm.br\/laboratorios\/labart\/wp-json\/wp\/v2\/media?parent=1896"}],"wp:term":[{"taxonomy":"category","embeddable":true,"href":"https:\/\/www.ufsm.br\/laboratorios\/labart\/wp-json\/wp\/v2\/categories?post=1896"},{"taxonomy":"post_tag","embeddable":true,"href":"https:\/\/www.ufsm.br\/laboratorios\/labart\/wp-json\/wp\/v2\/tags?post=1896"}],"curies":[{"name":"wp","href":"https:\/\/api.w.org\/{rel}","templated":true}]}}