{"id":2039,"date":"2020-10-05T19:48:34","date_gmt":"2020-10-05T22:48:34","guid":{"rendered":"https:\/\/www.ufsm.br\/laboratorios\/labart\/?page_id=2039"},"modified":"2020-10-22T11:57:35","modified_gmt":"2020-10-22T14:57:35","slug":"simposio-transdisciplinaridade-nas-ciencias-e-nas-artes-capes-print","status":"publish","type":"page","link":"https:\/\/www.ufsm.br\/laboratorios\/labart\/simposio-transdisciplinaridade-nas-ciencias-e-nas-artes-capes-print","title":{"rendered":"Simp\u00f3sio Transdisciplinaridade nas Ci\u00eancias e nas Artes | Capes-PrInt"},"content":{"rendered":"\t\t<div data-elementor-type=\"wp-page\" data-elementor-id=\"2039\" class=\"elementor elementor-2039\">\n\t\t\t\t\t\t<section class=\"elementor-section elementor-top-section elementor-element elementor-element-1091dbe elementor-section-boxed elementor-section-height-default elementor-section-height-default\" data-id=\"1091dbe\" data-element_type=\"section\">\n\t\t\t\t\t\t<div class=\"elementor-container elementor-column-gap-default\">\n\t\t\t\t\t<div class=\"elementor-column elementor-col-100 elementor-top-column elementor-element elementor-element-c8b8b70\" data-id=\"c8b8b70\" data-element_type=\"column\">\n\t\t\t<div class=\"elementor-widget-wrap elementor-element-populated\">\n\t\t\t\t\t\t<div class=\"elementor-element elementor-element-919d349 elementor-widget elementor-widget-image\" data-id=\"919d349\" data-element_type=\"widget\" data-widget_type=\"image.default\">\n\t\t\t\t<div class=\"elementor-widget-container\">\n\t\t\t\t\t\t\t\t\t\t\t\t\t<img fetchpriority=\"high\" decoding=\"async\" width=\"1024\" height=\"790\" src=\"https:\/\/www.ufsm.br\/app\/uploads\/sites\/642\/2020\/10\/cartaz_programacao-1024x790.jpg\" class=\"attachment-large size-large wp-image-2043\" alt=\"\" srcset=\"https:\/\/www.ufsm.br\/app\/uploads\/sites\/642\/2020\/10\/cartaz_programacao-1024x790.jpg 1024w, https:\/\/www.ufsm.br\/app\/uploads\/sites\/642\/2020\/10\/cartaz_programacao-300x232.jpg 300w, https:\/\/www.ufsm.br\/app\/uploads\/sites\/642\/2020\/10\/cartaz_programacao-768x593.jpg 768w, https:\/\/www.ufsm.br\/app\/uploads\/sites\/642\/2020\/10\/cartaz_programacao-1536x1186.jpg 1536w, https:\/\/www.ufsm.br\/app\/uploads\/sites\/642\/2020\/10\/cartaz_programacao.jpg 1920w\" sizes=\"(max-width: 1024px) 100vw, 1024px\" \/>\t\t\t\t\t\t\t\t\t\t\t\t\t<\/div>\n\t\t\t\t<\/div>\n\t\t\t\t\t<\/div>\n\t\t<\/div>\n\t\t\t\t\t<\/div>\n\t\t<\/section>\n\t\t\t\t<section class=\"elementor-section elementor-top-section elementor-element elementor-element-bc96cb6 elementor-section-boxed elementor-section-height-default elementor-section-height-default\" data-id=\"bc96cb6\" data-element_type=\"section\">\n\t\t\t\t\t\t<div class=\"elementor-container elementor-column-gap-default\">\n\t\t\t\t\t<div class=\"elementor-column elementor-col-100 elementor-top-column elementor-element elementor-element-96e8012\" data-id=\"96e8012\" data-element_type=\"column\">\n\t\t\t<div class=\"elementor-widget-wrap elementor-element-populated\">\n\t\t\t\t\t\t<div class=\"elementor-element elementor-element-878a1d5 elementor-widget elementor-widget-spacer\" data-id=\"878a1d5\" data-element_type=\"widget\" data-widget_type=\"spacer.default\">\n\t\t\t\t<div class=\"elementor-widget-container\">\n\t\t\t\t\t<div class=\"elementor-spacer\">\n\t\t\t<div class=\"elementor-spacer-inner\"><\/div>\n\t\t<\/div>\n\t\t\t\t<\/div>\n\t\t\t\t<\/div>\n\t\t\t\t\t<\/div>\n\t\t<\/div>\n\t\t\t\t\t<\/div>\n\t\t<\/section>\n\t\t\t\t<section class=\"elementor-section elementor-top-section elementor-element elementor-element-258daa6 elementor-section-boxed elementor-section-height-default elementor-section-height-default\" data-id=\"258daa6\" data-element_type=\"section\">\n\t\t\t\t\t\t<div class=\"elementor-container elementor-column-gap-default\">\n\t\t\t\t\t<div class=\"elementor-column elementor-col-100 elementor-top-column elementor-element elementor-element-4847e1d\" data-id=\"4847e1d\" data-element_type=\"column\">\n\t\t\t<div class=\"elementor-widget-wrap elementor-element-populated\">\n\t\t\t\t\t\t<div class=\"elementor-element elementor-element-29442a8 elementor-widget elementor-widget-heading\" data-id=\"29442a8\" data-element_type=\"widget\" data-widget_type=\"heading.default\">\n\t\t\t\t<div class=\"elementor-widget-container\">\n\t\t\t<h5 class=\"elementor-heading-title elementor-size-default\">Simp\u00f3sio Transdisciplinaridade nas Ci\u00eancias e nas Artes | Capes PrInt - Dia 20.10 via Zoom com transmiss\u00e3o pelo YouTube<\/h5>\t\t<\/div>\n\t\t\t\t<\/div>\n\t\t\t\t\t<\/div>\n\t\t<\/div>\n\t\t\t\t\t<\/div>\n\t\t<\/section>\n\t\t\t\t<section class=\"elementor-section elementor-top-section elementor-element elementor-element-f3271b2 elementor-section-boxed elementor-section-height-default elementor-section-height-default\" data-id=\"f3271b2\" data-element_type=\"section\">\n\t\t\t\t\t\t<div class=\"elementor-container elementor-column-gap-default\">\n\t\t\t\t\t<div class=\"elementor-column elementor-col-100 elementor-top-column elementor-element elementor-element-a6eb20f\" data-id=\"a6eb20f\" data-element_type=\"column\">\n\t\t\t<div class=\"elementor-widget-wrap elementor-element-populated\">\n\t\t\t\t\t\t<div class=\"elementor-element elementor-element-dbea6d1 elementor-widget elementor-widget-video\" data-id=\"dbea6d1\" data-element_type=\"widget\" data-settings=\"{&quot;youtube_url&quot;:&quot;https:\\\/\\\/www.youtube.com\\\/watch?v=Zs5y9geF_eY&amp;ab_channel=LabartUFSM&quot;,&quot;video_type&quot;:&quot;youtube&quot;,&quot;controls&quot;:&quot;yes&quot;}\" data-widget_type=\"video.default\">\n\t\t\t\t<div class=\"elementor-widget-container\">\n\t\t\t\t\t<div class=\"elementor-wrapper elementor-open-inline\">\n\t\t\t<div class=\"elementor-video\"><\/div>\t\t<\/div>\n\t\t\t\t<\/div>\n\t\t\t\t<\/div>\n\t\t\t\t\t<\/div>\n\t\t<\/div>\n\t\t\t\t\t<\/div>\n\t\t<\/section>\n\t\t\t\t<section class=\"elementor-section elementor-top-section elementor-element elementor-element-4d6eaa6 elementor-section-boxed elementor-section-height-default elementor-section-height-default\" data-id=\"4d6eaa6\" data-element_type=\"section\">\n\t\t\t\t\t\t<div class=\"elementor-container elementor-column-gap-default\">\n\t\t\t\t\t<div class=\"elementor-column elementor-col-100 elementor-top-column elementor-element elementor-element-0923773\" data-id=\"0923773\" data-element_type=\"column\">\n\t\t\t<div class=\"elementor-widget-wrap elementor-element-populated\">\n\t\t\t\t\t\t<div class=\"elementor-element elementor-element-fe4eed7 elementor-widget elementor-widget-spacer\" data-id=\"fe4eed7\" data-element_type=\"widget\" data-widget_type=\"spacer.default\">\n\t\t\t\t<div class=\"elementor-widget-container\">\n\t\t\t\t\t<div class=\"elementor-spacer\">\n\t\t\t<div class=\"elementor-spacer-inner\"><\/div>\n\t\t<\/div>\n\t\t\t\t<\/div>\n\t\t\t\t<\/div>\n\t\t\t\t\t<\/div>\n\t\t<\/div>\n\t\t\t\t\t<\/div>\n\t\t<\/section>\n\t\t\t\t<section class=\"elementor-section elementor-top-section elementor-element elementor-element-0a99e5f elementor-section-boxed elementor-section-height-default elementor-section-height-default\" data-id=\"0a99e5f\" data-element_type=\"section\">\n\t\t\t\t\t\t<div class=\"elementor-container elementor-column-gap-default\">\n\t\t\t\t\t<div class=\"elementor-column elementor-col-100 elementor-top-column elementor-element elementor-element-1d4461d\" data-id=\"1d4461d\" data-element_type=\"column\">\n\t\t\t<div class=\"elementor-widget-wrap elementor-element-populated\">\n\t\t\t\t\t\t<div class=\"elementor-element elementor-element-4753a4a elementor-widget elementor-widget-heading\" data-id=\"4753a4a\" data-element_type=\"widget\" data-widget_type=\"heading.default\">\n\t\t\t\t<div class=\"elementor-widget-container\">\n\t\t\t<h5 class=\"elementor-heading-title elementor-size-default\">Simp\u00f3sio Transdisciplinaridade nas Ci\u00eancias e nas Artes | Capes PrInt - Dia 21.10 via Zoom com transmiss\u00e3o pelo YouTube<\/h5>\t\t<\/div>\n\t\t\t\t<\/div>\n\t\t\t\t\t<\/div>\n\t\t<\/div>\n\t\t\t\t\t<\/div>\n\t\t<\/section>\n\t\t\t\t<section class=\"elementor-section elementor-top-section elementor-element elementor-element-0d973ea elementor-section-boxed elementor-section-height-default elementor-section-height-default\" data-id=\"0d973ea\" data-element_type=\"section\">\n\t\t\t\t\t\t<div class=\"elementor-container elementor-column-gap-default\">\n\t\t\t\t\t<div class=\"elementor-column elementor-col-100 elementor-top-column elementor-element elementor-element-20f8fed\" data-id=\"20f8fed\" data-element_type=\"column\">\n\t\t\t<div class=\"elementor-widget-wrap elementor-element-populated\">\n\t\t\t\t\t\t<div class=\"elementor-element elementor-element-89d22f4 elementor-widget elementor-widget-video\" data-id=\"89d22f4\" data-element_type=\"widget\" data-settings=\"{&quot;youtube_url&quot;:&quot;https:\\\/\\\/www.youtube.com\\\/watch?v=xg1MauBAAL4&amp;t=11419s&amp;ab_channel=LabartUFSM&quot;,&quot;video_type&quot;:&quot;youtube&quot;,&quot;controls&quot;:&quot;yes&quot;}\" data-widget_type=\"video.default\">\n\t\t\t\t<div class=\"elementor-widget-container\">\n\t\t\t\t\t<div class=\"elementor-wrapper elementor-open-inline\">\n\t\t\t<div class=\"elementor-video\"><\/div>\t\t<\/div>\n\t\t\t\t<\/div>\n\t\t\t\t<\/div>\n\t\t\t\t\t<\/div>\n\t\t<\/div>\n\t\t\t\t\t<\/div>\n\t\t<\/section>\n\t\t\t\t<section class=\"elementor-section elementor-top-section elementor-element elementor-element-954e327 elementor-section-boxed elementor-section-height-default elementor-section-height-default\" data-id=\"954e327\" data-element_type=\"section\">\n\t\t\t\t\t\t<div class=\"elementor-container elementor-column-gap-default\">\n\t\t\t\t\t<div class=\"elementor-column elementor-col-100 elementor-top-column elementor-element elementor-element-a4e68d7\" data-id=\"a4e68d7\" data-element_type=\"column\">\n\t\t\t<div class=\"elementor-widget-wrap elementor-element-populated\">\n\t\t\t\t\t\t<div class=\"elementor-element elementor-element-0abd627 elementor-widget elementor-widget-spacer\" data-id=\"0abd627\" data-element_type=\"widget\" data-widget_type=\"spacer.default\">\n\t\t\t\t<div class=\"elementor-widget-container\">\n\t\t\t\t\t<div class=\"elementor-spacer\">\n\t\t\t<div class=\"elementor-spacer-inner\"><\/div>\n\t\t<\/div>\n\t\t\t\t<\/div>\n\t\t\t\t<\/div>\n\t\t\t\t\t<\/div>\n\t\t<\/div>\n\t\t\t\t\t<\/div>\n\t\t<\/section>\n\t\t\t\t<section class=\"elementor-section elementor-top-section elementor-element elementor-element-7ce085a elementor-section-boxed elementor-section-height-default elementor-section-height-default\" data-id=\"7ce085a\" data-element_type=\"section\">\n\t\t\t\t\t\t<div class=\"elementor-container elementor-column-gap-default\">\n\t\t\t\t\t<div class=\"elementor-column elementor-col-100 elementor-top-column elementor-element elementor-element-0be84cf\" data-id=\"0be84cf\" data-element_type=\"column\">\n\t\t\t<div class=\"elementor-widget-wrap elementor-element-populated\">\n\t\t\t\t\t\t<div class=\"elementor-element elementor-element-0da860f elementor-widget elementor-widget-heading\" data-id=\"0da860f\" data-element_type=\"widget\" data-widget_type=\"heading.default\">\n\t\t\t\t<div class=\"elementor-widget-container\">\n\t\t\t<h5 class=\"elementor-heading-title elementor-size-default\">Simp\u00f3sio Transdisciplinaridade nas Ci\u00eancias e nas Artes | Capes PrInt - Dia 22.10 via Zoom com transmiss\u00e3o pelo YouTube<\/h5>\t\t<\/div>\n\t\t\t\t<\/div>\n\t\t\t\t\t<\/div>\n\t\t<\/div>\n\t\t\t\t\t<\/div>\n\t\t<\/section>\n\t\t\t\t<section class=\"elementor-section elementor-top-section elementor-element elementor-element-2f516a5 elementor-section-boxed elementor-section-height-default elementor-section-height-default\" data-id=\"2f516a5\" data-element_type=\"section\">\n\t\t\t\t\t\t<div class=\"elementor-container elementor-column-gap-default\">\n\t\t\t\t\t<div class=\"elementor-column elementor-col-100 elementor-top-column elementor-element elementor-element-c1d095c\" data-id=\"c1d095c\" data-element_type=\"column\">\n\t\t\t<div class=\"elementor-widget-wrap elementor-element-populated\">\n\t\t\t\t\t\t<div class=\"elementor-element elementor-element-ec32680 elementor-widget elementor-widget-video\" data-id=\"ec32680\" data-element_type=\"widget\" data-settings=\"{&quot;youtube_url&quot;:&quot;https:\\\/\\\/www.youtube.com\\\/watch?v=x7gODiBo6_0&amp;ab_channel=LabartUFSM&quot;,&quot;video_type&quot;:&quot;youtube&quot;,&quot;controls&quot;:&quot;yes&quot;}\" data-widget_type=\"video.default\">\n\t\t\t\t<div class=\"elementor-widget-container\">\n\t\t\t\t\t<div class=\"elementor-wrapper elementor-open-inline\">\n\t\t\t<div class=\"elementor-video\"><\/div>\t\t<\/div>\n\t\t\t\t<\/div>\n\t\t\t\t<\/div>\n\t\t\t\t\t<\/div>\n\t\t<\/div>\n\t\t\t\t\t<\/div>\n\t\t<\/section>\n\t\t\t\t<section class=\"elementor-section elementor-top-section elementor-element elementor-element-7b4d8aa elementor-section-boxed elementor-section-height-default elementor-section-height-default\" data-id=\"7b4d8aa\" data-element_type=\"section\">\n\t\t\t\t\t\t<div class=\"elementor-container elementor-column-gap-default\">\n\t\t\t\t\t<div class=\"elementor-column elementor-col-100 elementor-top-column elementor-element elementor-element-3c331b5\" data-id=\"3c331b5\" data-element_type=\"column\">\n\t\t\t<div class=\"elementor-widget-wrap elementor-element-populated\">\n\t\t\t\t\t\t<div class=\"elementor-element elementor-element-584cd03 elementor-widget elementor-widget-spacer\" data-id=\"584cd03\" data-element_type=\"widget\" data-widget_type=\"spacer.default\">\n\t\t\t\t<div class=\"elementor-widget-container\">\n\t\t\t\t\t<div class=\"elementor-spacer\">\n\t\t\t<div class=\"elementor-spacer-inner\"><\/div>\n\t\t<\/div>\n\t\t\t\t<\/div>\n\t\t\t\t<\/div>\n\t\t\t\t\t<\/div>\n\t\t<\/div>\n\t\t\t\t\t<\/div>\n\t\t<\/section>\n\t\t\t\t<section class=\"elementor-section elementor-top-section elementor-element elementor-element-f07ea32 elementor-section-boxed elementor-section-height-default elementor-section-height-default\" data-id=\"f07ea32\" data-element_type=\"section\">\n\t\t\t\t\t\t<div class=\"elementor-container elementor-column-gap-default\">\n\t\t\t\t\t<div class=\"elementor-column elementor-col-100 elementor-top-column elementor-element elementor-element-603c079\" data-id=\"603c079\" data-element_type=\"column\">\n\t\t\t<div class=\"elementor-widget-wrap elementor-element-populated\">\n\t\t\t\t\t\t<div class=\"elementor-element elementor-element-e03536e elementor-widget elementor-widget-text-editor\" data-id=\"e03536e\" data-element_type=\"widget\" data-widget_type=\"text-editor.default\">\n\t\t\t\t<div class=\"elementor-widget-container\">\n\t\t\t\t\t\t\t<div class=\"entry-content\"><div class=\"elementor elementor-2059\" data-elementor-type=\"wp-page\" data-elementor-id=\"2059\" data-elementor-settings=\"[]\"><div class=\"elementor-inner\"><div class=\"elementor-section-wrap\"><section class=\"elementor-element elementor-element-d981a3e elementor-section-boxed elementor-section-height-default elementor-section-height-default elementor-section elementor-top-section\" data-id=\"d981a3e\" data-element_type=\"section\"><div class=\"elementor-container elementor-column-gap-default\"><div class=\"elementor-row\"><div class=\"elementor-element elementor-element-cf03a6a elementor-column elementor-col-100 elementor-top-column\" data-id=\"cf03a6a\" data-element_type=\"column\"><div class=\"elementor-column-wrap  elementor-element-populated\"><div class=\"elementor-widget-wrap\"><div class=\"elementor-element elementor-element-6414893 elementor-widget elementor-widget-text-editor\" data-id=\"6414893\" data-element_type=\"widget\" data-widget_type=\"text-editor.default\"><div class=\"elementor-widget-container\"><div class=\"elementor-text-editor elementor-clearfix\"><div><div data-elementor-type=\"wp-page\" data-elementor-id=\"2052\" data-elementor-settings=\"[]\"><div><div><section data-id=\"3083379\" data-element_type=\"section\"><div><div><div data-id=\"29326d8\" data-element_type=\"column\"><div><div><div data-id=\"938d849\" data-element_type=\"widget\" data-widget_type=\"text-editor.default\"><div><div><div><div data-elementor-type=\"wp-page\" data-elementor-id=\"1862\" data-elementor-settings=\"[]\"><div><div><section data-id=\"711fb6f\" data-element_type=\"section\"><div><div><div data-id=\"d5f1e6c\" data-element_type=\"column\"><div><div><div data-id=\"a5723dc\" data-element_type=\"widget\" data-widget_type=\"text-editor.default\"><div><div><div><div data-elementor-type=\"wp-page\" data-elementor-id=\"1857\" data-elementor-settings=\"[]\"><div><div><section data-id=\"795e867\"><div><div><div data-id=\"4b8a710\"><div><div><div data-id=\"7624630\"><div><div><p>Propriedade das imagens: LABART\/UFSM.<\/p><\/div><\/div><\/div><\/div><\/div><\/div><\/div><\/div><\/section><\/div><\/div><\/div><\/div><\/div><\/div><\/div><\/div><\/div><\/div><\/div><\/div><\/section><\/div><\/div><\/div><\/div><\/div><\/div><\/div><\/div><\/div><\/div><\/div><\/div><\/section><\/div><\/div><\/div><\/div><\/div><\/div><\/div><\/div><\/div><\/div><\/div><\/div><\/section><\/div><\/div><\/div><\/div>\t\t\t\t\t\t<\/div>\n\t\t\t\t<\/div>\n\t\t\t\t\t<\/div>\n\t\t<\/div>\n\t\t\t\t\t<\/div>\n\t\t<\/section>\n\t\t\t\t<\/div>\n\t\t","protected":false},"excerpt":{"rendered":"<p>Simp\u00f3sio Transdisciplinaridade nas Ci\u00eancias e nas Artes | Capes PrInt &#8211; Dia 20.10 via Zoom com transmiss\u00e3o pelo YouTube Simp\u00f3sio Transdisciplinaridade nas Ci\u00eancias e nas Artes | Capes PrInt &#8211; Dia 21.10 via Zoom com transmiss\u00e3o pelo YouTube Simp\u00f3sio Transdisciplinaridade nas Ci\u00eancias e nas Artes | Capes PrInt &#8211; Dia 22.10 via Zoom com transmiss\u00e3o [&hellip;]<\/p>\n","protected":false},"author":2551,"featured_media":0,"parent":0,"menu_order":0,"comment_status":"closed","ping_status":"closed","template":"","meta":{"footnotes":""},"categories":[],"tags":[],"class_list":["post-2039","page","type-page","status-publish","hentry"],"acf":[],"_links":{"self":[{"href":"https:\/\/www.ufsm.br\/laboratorios\/labart\/wp-json\/wp\/v2\/pages\/2039","targetHints":{"allow":["GET"]}}],"collection":[{"href":"https:\/\/www.ufsm.br\/laboratorios\/labart\/wp-json\/wp\/v2\/pages"}],"about":[{"href":"https:\/\/www.ufsm.br\/laboratorios\/labart\/wp-json\/wp\/v2\/types\/page"}],"author":[{"embeddable":true,"href":"https:\/\/www.ufsm.br\/laboratorios\/labart\/wp-json\/wp\/v2\/users\/2551"}],"replies":[{"embeddable":true,"href":"https:\/\/www.ufsm.br\/laboratorios\/labart\/wp-json\/wp\/v2\/comments?post=2039"}],"version-history":[{"count":0,"href":"https:\/\/www.ufsm.br\/laboratorios\/labart\/wp-json\/wp\/v2\/pages\/2039\/revisions"}],"wp:attachment":[{"href":"https:\/\/www.ufsm.br\/laboratorios\/labart\/wp-json\/wp\/v2\/media?parent=2039"}],"wp:term":[{"taxonomy":"category","embeddable":true,"href":"https:\/\/www.ufsm.br\/laboratorios\/labart\/wp-json\/wp\/v2\/categories?post=2039"},{"taxonomy":"post_tag","embeddable":true,"href":"https:\/\/www.ufsm.br\/laboratorios\/labart\/wp-json\/wp\/v2\/tags?post=2039"}],"curies":[{"name":"wp","href":"https:\/\/api.w.org\/{rel}","templated":true}]}}