{"id":2052,"date":"2020-10-20T09:36:21","date_gmt":"2020-10-20T12:36:21","guid":{"rendered":"https:\/\/www.ufsm.br\/laboratorios\/labart\/?page_id=2052"},"modified":"2020-11-10T16:43:26","modified_gmt":"2020-11-10T19:43:26","slug":"transdisciplinaridade-arte-ciencia-e-neurociencia","status":"publish","type":"page","link":"https:\/\/www.ufsm.br\/laboratorios\/labart\/transdisciplinaridade-arte-ciencia-e-neurociencia","title":{"rendered":"Transdisciplinaridade | Arte, Ci\u00eancia e Neuroci\u00eancia"},"content":{"rendered":"\t\t<div data-elementor-type=\"wp-page\" data-elementor-id=\"2052\" class=\"elementor elementor-2052\">\n\t\t\t\t\t\t<section class=\"elementor-section elementor-top-section elementor-element elementor-element-3474a8e elementor-section-boxed elementor-section-height-default elementor-section-height-default\" data-id=\"3474a8e\" data-element_type=\"section\">\n\t\t\t\t\t\t<div class=\"elementor-container elementor-column-gap-default\">\n\t\t\t\t\t<div class=\"elementor-column elementor-col-100 elementor-top-column elementor-element elementor-element-b045977\" data-id=\"b045977\" data-element_type=\"column\">\n\t\t\t<div class=\"elementor-widget-wrap elementor-element-populated\">\n\t\t\t\t\t\t<div class=\"elementor-element elementor-element-e3c460c elementor-widget elementor-widget-image\" data-id=\"e3c460c\" data-element_type=\"widget\" data-widget_type=\"image.default\">\n\t\t\t\t<div class=\"elementor-widget-container\">\n\t\t\t\t\t\t\t\t\t\t\t\t\t<img fetchpriority=\"high\" decoding=\"async\" width=\"1024\" height=\"559\" src=\"https:\/\/www.ufsm.br\/app\/uploads\/sites\/642\/2020\/10\/18Transdiciplinaridade_flyerA-1024x559.jpg\" class=\"attachment-large size-large wp-image-2050\" alt=\"\" srcset=\"https:\/\/www.ufsm.br\/app\/uploads\/sites\/642\/2020\/10\/18Transdiciplinaridade_flyerA-1024x559.jpg 1024w, https:\/\/www.ufsm.br\/app\/uploads\/sites\/642\/2020\/10\/18Transdiciplinaridade_flyerA-300x164.jpg 300w, https:\/\/www.ufsm.br\/app\/uploads\/sites\/642\/2020\/10\/18Transdiciplinaridade_flyerA-768x419.jpg 768w, https:\/\/www.ufsm.br\/app\/uploads\/sites\/642\/2020\/10\/18Transdiciplinaridade_flyerA-1536x838.jpg 1536w, https:\/\/www.ufsm.br\/app\/uploads\/sites\/642\/2020\/10\/18Transdiciplinaridade_flyerA.jpg 1920w\" sizes=\"(max-width: 1024px) 100vw, 1024px\" \/>\t\t\t\t\t\t\t\t\t\t\t\t\t<\/div>\n\t\t\t\t<\/div>\n\t\t\t\t\t<\/div>\n\t\t<\/div>\n\t\t\t\t\t<\/div>\n\t\t<\/section>\n\t\t\t\t<section class=\"elementor-section elementor-top-section elementor-element elementor-element-ad3500b elementor-section-boxed elementor-section-height-default elementor-section-height-default\" data-id=\"ad3500b\" data-element_type=\"section\">\n\t\t\t\t\t\t<div class=\"elementor-container elementor-column-gap-default\">\n\t\t\t\t\t<div class=\"elementor-column elementor-col-100 elementor-top-column elementor-element elementor-element-9c97a97\" data-id=\"9c97a97\" data-element_type=\"column\">\n\t\t\t<div class=\"elementor-widget-wrap elementor-element-populated\">\n\t\t\t\t\t\t<div class=\"elementor-element elementor-element-efc7586 elementor-widget elementor-widget-spacer\" data-id=\"efc7586\" data-element_type=\"widget\" data-widget_type=\"spacer.default\">\n\t\t\t\t<div class=\"elementor-widget-container\">\n\t\t\t\t\t<div class=\"elementor-spacer\">\n\t\t\t<div class=\"elementor-spacer-inner\"><\/div>\n\t\t<\/div>\n\t\t\t\t<\/div>\n\t\t\t\t<\/div>\n\t\t\t\t\t<\/div>\n\t\t<\/div>\n\t\t\t\t\t<\/div>\n\t\t<\/section>\n\t\t\t\t<section class=\"elementor-section elementor-top-section elementor-element elementor-element-70ad0ba elementor-section-boxed elementor-section-height-default elementor-section-height-default\" data-id=\"70ad0ba\" data-element_type=\"section\">\n\t\t\t\t\t\t<div class=\"elementor-container elementor-column-gap-default\">\n\t\t\t\t\t<div class=\"elementor-column elementor-col-100 elementor-top-column elementor-element elementor-element-5e97900\" data-id=\"5e97900\" data-element_type=\"column\">\n\t\t\t<div class=\"elementor-widget-wrap elementor-element-populated\">\n\t\t\t\t\t\t<div class=\"elementor-element elementor-element-185a8c6 elementor-widget elementor-widget-text-editor\" data-id=\"185a8c6\" data-element_type=\"widget\" data-widget_type=\"text-editor.default\">\n\t\t\t\t<div class=\"elementor-widget-container\">\n\t\t\t\t\t\t\t<p>A Exposi\u00e7\u00e3o integra o <a href=\"https:\/\/www.ufsm.br\/laboratorios\/labart\/simposio-transdisciplinaridade-nas-ciencias-e-nas-artes-capes-print\/\">Simp\u00f3sio Transdisciplinaridade nas Ci\u00eancias e nas Artes<\/a> | Capes PrInt<\/p><p><br \/><strong>Transdisciplinaridade | Arte, Ci\u00eancia e Neuroci\u00eancia<\/strong><br \/>Abertura \u2192 20.10.2020<br \/>Exposi\u00e7\u00e3o dispon\u00edvel no Instagram <a href=\"https:\/\/www.instagram.com\/labart.ufsm\/\" target=\"_blank\" rel=\"noopener\">@labart.ufsm<\/a> e <a href=\"https:\/\/www.instagram.com\/salacarriconde\/\" target=\"_blank\" rel=\"noopener\">@salacarriconde<\/a><br \/><br \/>Artistas | Pia Tikka, Marta de Menezes, Maria Manuela Lopes, Mariela Yeregui, Rachel Zuanon, Tania Fraga<br \/><br \/>Curadoria e Expografia | Nara Cristina Santos e Hosana Celeste<br \/>Apoio Curatorial | Juliana Callero, Fab\u00edola Assun\u00e7\u00e3o e Pierre J\u00e1come<br \/>Apoio Expogr\u00e1fico | Ana Luiza Martins<br \/>Media\u00e7\u00e3o | Hosana Celeste, Fl\u00e1via Queiroz e Daniel Lopes<br \/><br \/>O Simp\u00f3sio \u00e9 uma a\u00e7\u00e3o do Projeto Institucional de Internacionaliza\u00e7\u00e3o da Universidade Federal de Santa Maria &#8211; CAPES PrInt: Estrat\u00e9gias farmacol\u00f3gicas e nutricionais para a promo\u00e7\u00e3o da sa\u00fade.<br \/>Organiza\u00e7\u00e3o Geral | Maria Rosa Chitolina, Nara Cristina Santos, Hosana Celeste<\/p>\t\t\t\t\t\t<\/div>\n\t\t\t\t<\/div>\n\t\t\t\t\t<\/div>\n\t\t<\/div>\n\t\t\t\t\t<\/div>\n\t\t<\/section>\n\t\t\t\t<section class=\"elementor-section elementor-top-section elementor-element elementor-element-89ccefd elementor-section-boxed elementor-section-height-default elementor-section-height-default\" data-id=\"89ccefd\" data-element_type=\"section\">\n\t\t\t\t\t\t<div class=\"elementor-container elementor-column-gap-default\">\n\t\t\t\t\t<div class=\"elementor-column elementor-col-100 elementor-top-column elementor-element elementor-element-8f7b158\" data-id=\"8f7b158\" data-element_type=\"column\">\n\t\t\t<div class=\"elementor-widget-wrap elementor-element-populated\">\n\t\t\t\t\t\t<div class=\"elementor-element elementor-element-851c370 elementor-widget elementor-widget-spacer\" data-id=\"851c370\" data-element_type=\"widget\" data-widget_type=\"spacer.default\">\n\t\t\t\t<div class=\"elementor-widget-container\">\n\t\t\t\t\t<div class=\"elementor-spacer\">\n\t\t\t<div class=\"elementor-spacer-inner\"><\/div>\n\t\t<\/div>\n\t\t\t\t<\/div>\n\t\t\t\t<\/div>\n\t\t\t\t\t<\/div>\n\t\t<\/div>\n\t\t\t\t\t<\/div>\n\t\t<\/section>\n\t\t\t\t<section class=\"elementor-section elementor-top-section elementor-element elementor-element-db98fba elementor-section-boxed elementor-section-height-default elementor-section-height-default\" data-id=\"db98fba\" data-element_type=\"section\">\n\t\t\t\t\t\t<div class=\"elementor-container elementor-column-gap-default\">\n\t\t\t\t\t<div class=\"elementor-column elementor-col-100 elementor-top-column elementor-element elementor-element-070e9ab\" data-id=\"070e9ab\" data-element_type=\"column\">\n\t\t\t<div class=\"elementor-widget-wrap elementor-element-populated\">\n\t\t\t\t\t\t<div class=\"elementor-element elementor-element-3119afd elementor-widget elementor-widget-heading\" data-id=\"3119afd\" data-element_type=\"widget\" data-widget_type=\"heading.default\">\n\t\t\t\t<div class=\"elementor-widget-container\">\n\t\t\t<h5 class=\"elementor-heading-title elementor-size-default\">Transdisciplinaridade | Arte, Ci\u00eancia e Neuroci\u00eancia - Abertura da Exposi\u00e7\u00e3o via Zoom com transmiss\u00e3o pelo YouTube<\/h5>\t\t<\/div>\n\t\t\t\t<\/div>\n\t\t\t\t\t<\/div>\n\t\t<\/div>\n\t\t\t\t\t<\/div>\n\t\t<\/section>\n\t\t\t\t<section class=\"elementor-section elementor-top-section elementor-element elementor-element-012baab elementor-section-boxed elementor-section-height-default elementor-section-height-default\" data-id=\"012baab\" data-element_type=\"section\">\n\t\t\t\t\t\t<div class=\"elementor-container elementor-column-gap-default\">\n\t\t\t\t\t<div class=\"elementor-column elementor-col-100 elementor-top-column elementor-element elementor-element-e15a97e\" data-id=\"e15a97e\" data-element_type=\"column\">\n\t\t\t<div class=\"elementor-widget-wrap elementor-element-populated\">\n\t\t\t\t\t\t<div class=\"elementor-element elementor-element-c3ff2c4 elementor-widget elementor-widget-video\" data-id=\"c3ff2c4\" data-element_type=\"widget\" data-settings=\"{&quot;youtube_url&quot;:&quot;https:\\\/\\\/www.youtube.com\\\/watch?v=c0mJkEPkW_U&amp;feature=youtu.be&amp;ab_channel=LabartUFSM&quot;,&quot;video_type&quot;:&quot;youtube&quot;,&quot;controls&quot;:&quot;yes&quot;}\" data-widget_type=\"video.default\">\n\t\t\t\t<div class=\"elementor-widget-container\">\n\t\t\t\t\t<div class=\"elementor-wrapper elementor-open-inline\">\n\t\t\t<div class=\"elementor-video\"><\/div>\t\t<\/div>\n\t\t\t\t<\/div>\n\t\t\t\t<\/div>\n\t\t\t\t\t<\/div>\n\t\t<\/div>\n\t\t\t\t\t<\/div>\n\t\t<\/section>\n\t\t\t\t<section class=\"elementor-section elementor-top-section elementor-element elementor-element-f2161da elementor-section-boxed elementor-section-height-default elementor-section-height-default\" data-id=\"f2161da\" data-element_type=\"section\">\n\t\t\t\t\t\t<div class=\"elementor-container elementor-column-gap-default\">\n\t\t\t\t\t<div class=\"elementor-column elementor-col-100 elementor-top-column elementor-element elementor-element-8ad2777\" data-id=\"8ad2777\" data-element_type=\"column\">\n\t\t\t<div class=\"elementor-widget-wrap elementor-element-populated\">\n\t\t\t\t\t\t<div class=\"elementor-element elementor-element-2b5714a elementor-widget elementor-widget-spacer\" data-id=\"2b5714a\" data-element_type=\"widget\" data-widget_type=\"spacer.default\">\n\t\t\t\t<div class=\"elementor-widget-container\">\n\t\t\t\t\t<div class=\"elementor-spacer\">\n\t\t\t<div class=\"elementor-spacer-inner\"><\/div>\n\t\t<\/div>\n\t\t\t\t<\/div>\n\t\t\t\t<\/div>\n\t\t\t\t\t<\/div>\n\t\t<\/div>\n\t\t\t\t\t<\/div>\n\t\t<\/section>\n\t\t\t\t<section class=\"elementor-section elementor-top-section elementor-element elementor-element-75944a5 elementor-section-boxed elementor-section-height-default elementor-section-height-default\" data-id=\"75944a5\" data-element_type=\"section\">\n\t\t\t\t\t\t<div class=\"elementor-container elementor-column-gap-default\">\n\t\t\t\t\t<div class=\"elementor-column elementor-col-100 elementor-top-column elementor-element elementor-element-27a0199\" data-id=\"27a0199\" data-element_type=\"column\">\n\t\t\t<div class=\"elementor-widget-wrap elementor-element-populated\">\n\t\t\t\t\t\t<div class=\"elementor-element elementor-element-19b8709 elementor-widget elementor-widget-heading\" data-id=\"19b8709\" data-element_type=\"widget\" data-widget_type=\"heading.default\">\n\t\t\t\t<div class=\"elementor-widget-container\">\n\t\t\t<h5 class=\"elementor-heading-title elementor-size-default\">Transdisciplinaridade | Arte, Ci\u00eancia e Neuroci\u00eancia - Exposi\u00e7\u00e3o no Instagram LABART<\/h5>\t\t<\/div>\n\t\t\t\t<\/div>\n\t\t\t\t\t<\/div>\n\t\t<\/div>\n\t\t\t\t\t<\/div>\n\t\t<\/section>\n\t\t\t\t<section class=\"elementor-section elementor-top-section elementor-element elementor-element-e770afb elementor-section-boxed elementor-section-height-default elementor-section-height-default\" data-id=\"e770afb\" data-element_type=\"section\">\n\t\t\t\t\t\t<div class=\"elementor-container elementor-column-gap-default\">\n\t\t\t\t\t<div class=\"elementor-column elementor-col-100 elementor-top-column elementor-element elementor-element-ccd0386\" data-id=\"ccd0386\" data-element_type=\"column\">\n\t\t\t<div class=\"elementor-widget-wrap elementor-element-populated\">\n\t\t\t\t\t\t<div class=\"elementor-element elementor-element-d39449f elementor-widget elementor-widget-image\" data-id=\"d39449f\" data-element_type=\"widget\" data-widget_type=\"image.default\">\n\t\t\t\t<div class=\"elementor-widget-container\">\n\t\t\t\t\t\t\t\t\t\t\t\t\t<img decoding=\"async\" src=\"https:\/\/www.ufsm.br\/app\/uploads\/sites\/642\/elementor\/thumbs\/18Transdiciplinaridade_CapInst_A-oy82vwe98dcvhzgl9u9baqmvp6pea94mqwkng5n8fc.jpg\" title=\"18Transdiciplinaridade_CapInst_A\" alt=\"18Transdiciplinaridade_CapInst_A\" loading=\"lazy\" \/>\t\t\t\t\t\t\t\t\t\t\t\t\t<\/div>\n\t\t\t\t<\/div>\n\t\t\t\t<div class=\"elementor-element elementor-element-366409b elementor-widget elementor-widget-image\" data-id=\"366409b\" data-element_type=\"widget\" data-widget_type=\"image.default\">\n\t\t\t\t<div class=\"elementor-widget-container\">\n\t\t\t\t\t\t\t\t\t\t\t\t\t<img decoding=\"async\" src=\"https:\/\/www.ufsm.br\/app\/uploads\/sites\/642\/elementor\/thumbs\/18Transdiciplinaridade_CapInst_B-oy82wx1ymwr22rzcbs3rhzduv7opmg65vy0l5y52ho.jpg\" title=\"18Transdiciplinaridade_CapInst_B\" alt=\"18Transdiciplinaridade_CapInst_B\" loading=\"lazy\" \/>\t\t\t\t\t\t\t\t\t\t\t\t\t<\/div>\n\t\t\t\t<\/div>\n\t\t\t\t\t<\/div>\n\t\t<\/div>\n\t\t\t\t\t<\/div>\n\t\t<\/section>\n\t\t\t\t<section class=\"elementor-section elementor-top-section elementor-element elementor-element-01aae64 elementor-section-boxed elementor-section-height-default elementor-section-height-default\" data-id=\"01aae64\" data-element_type=\"section\">\n\t\t\t\t\t\t<div class=\"elementor-container elementor-column-gap-default\">\n\t\t\t\t\t<div class=\"elementor-column elementor-col-100 elementor-top-column elementor-element elementor-element-c0523d3\" data-id=\"c0523d3\" data-element_type=\"column\">\n\t\t\t<div class=\"elementor-widget-wrap elementor-element-populated\">\n\t\t\t\t\t\t<div class=\"elementor-element elementor-element-9dcffab elementor-widget elementor-widget-spacer\" data-id=\"9dcffab\" data-element_type=\"widget\" data-widget_type=\"spacer.default\">\n\t\t\t\t<div class=\"elementor-widget-container\">\n\t\t\t\t\t<div class=\"elementor-spacer\">\n\t\t\t<div class=\"elementor-spacer-inner\"><\/div>\n\t\t<\/div>\n\t\t\t\t<\/div>\n\t\t\t\t<\/div>\n\t\t\t\t\t<\/div>\n\t\t<\/div>\n\t\t\t\t\t<\/div>\n\t\t<\/section>\n\t\t\t\t<section class=\"elementor-section elementor-top-section elementor-element elementor-element-3083379 elementor-section-boxed elementor-section-height-default elementor-section-height-default\" data-id=\"3083379\" data-element_type=\"section\">\n\t\t\t\t\t\t<div class=\"elementor-container elementor-column-gap-default\">\n\t\t\t\t\t<div class=\"elementor-column elementor-col-100 elementor-top-column elementor-element elementor-element-29326d8\" data-id=\"29326d8\" data-element_type=\"column\">\n\t\t\t<div class=\"elementor-widget-wrap elementor-element-populated\">\n\t\t\t\t\t\t<div class=\"elementor-element elementor-element-938d849 elementor-widget elementor-widget-text-editor\" data-id=\"938d849\" data-element_type=\"widget\" data-widget_type=\"text-editor.default\">\n\t\t\t\t<div class=\"elementor-widget-container\">\n\t\t\t\t\t\t\t<div class=\"entry-content\"><div class=\"elementor elementor-1862\" data-elementor-type=\"wp-page\" data-elementor-id=\"1862\" data-elementor-settings=\"[]\"><div class=\"elementor-inner\"><div class=\"elementor-section-wrap\"><section class=\"elementor-element elementor-element-711fb6f elementor-section-boxed elementor-section-height-default elementor-section-height-default elementor-section elementor-top-section\" data-id=\"711fb6f\" data-element_type=\"section\"><div class=\"elementor-container elementor-column-gap-default\"><div class=\"elementor-row\"><div class=\"elementor-element elementor-element-d5f1e6c elementor-column elementor-col-100 elementor-top-column\" data-id=\"d5f1e6c\" data-element_type=\"column\"><div class=\"elementor-column-wrap  elementor-element-populated\"><div class=\"elementor-widget-wrap\"><div class=\"elementor-element elementor-element-a5723dc elementor-widget elementor-widget-text-editor\" data-id=\"a5723dc\" data-element_type=\"widget\" data-widget_type=\"text-editor.default\"><div class=\"elementor-widget-container\"><div class=\"elementor-text-editor elementor-clearfix\"><div class=\"entry-content\"><div class=\"elementor elementor-1857\" data-elementor-type=\"wp-page\" data-elementor-id=\"1857\" data-elementor-settings=\"[]\"><div class=\"elementor-inner\"><div class=\"elementor-section-wrap\"><section class=\"elementor-element elementor-element-795e867 elementor-section-boxed elementor-section-height-default elementor-section-height-default elementor-section elementor-top-section\" data-id=\"795e867\"><div class=\"elementor-container elementor-column-gap-default\"><div class=\"elementor-row\"><div class=\"elementor-element elementor-element-4b8a710 elementor-column elementor-col-100 elementor-top-column\" data-id=\"4b8a710\"><div class=\"elementor-column-wrap  elementor-element-populated\"><div class=\"elementor-widget-wrap\"><div class=\"elementor-element elementor-element-7624630 elementor-widget elementor-widget-text-editor\" data-id=\"7624630\"><div class=\"elementor-widget-container\"><div class=\"elementor-text-editor elementor-clearfix\"><p>Propriedade das imagens: LABART\/UFSM.<\/p><\/div><\/div><\/div><\/div><\/div><\/div><\/div><\/div><\/section><\/div><\/div><\/div><\/div><\/div><\/div><\/div><\/div><\/div><\/div><\/div><\/div><\/section><\/div><\/div><\/div><\/div>\t\t\t\t\t\t<\/div>\n\t\t\t\t<\/div>\n\t\t\t\t\t<\/div>\n\t\t<\/div>\n\t\t\t\t\t<\/div>\n\t\t<\/section>\n\t\t\t\t<\/div>\n\t\t","protected":false},"excerpt":{"rendered":"<p>A Exposi\u00e7\u00e3o integra o Simp\u00f3sio Transdisciplinaridade nas Ci\u00eancias e nas Artes | Capes PrInt Transdisciplinaridade | Arte, Ci\u00eancia e Neuroci\u00eanciaAbertura \u2192 20.10.2020Exposi\u00e7\u00e3o dispon\u00edvel no Instagram @labart.ufsm e @salacarriconde Artistas | Pia Tikka, Marta de Menezes, Maria Manuela Lopes, Mariela Yeregui, Rachel Zuanon, Tania Fraga Curadoria e Expografia | Nara Cristina Santos e Hosana CelesteApoio Curatorial [&hellip;]<\/p>\n","protected":false},"author":1884,"featured_media":0,"parent":0,"menu_order":0,"comment_status":"closed","ping_status":"closed","template":"","meta":{"footnotes":""},"categories":[],"tags":[],"class_list":["post-2052","page","type-page","status-publish","hentry"],"acf":[],"_links":{"self":[{"href":"https:\/\/www.ufsm.br\/laboratorios\/labart\/wp-json\/wp\/v2\/pages\/2052","targetHints":{"allow":["GET"]}}],"collection":[{"href":"https:\/\/www.ufsm.br\/laboratorios\/labart\/wp-json\/wp\/v2\/pages"}],"about":[{"href":"https:\/\/www.ufsm.br\/laboratorios\/labart\/wp-json\/wp\/v2\/types\/page"}],"author":[{"embeddable":true,"href":"https:\/\/www.ufsm.br\/laboratorios\/labart\/wp-json\/wp\/v2\/users\/1884"}],"replies":[{"embeddable":true,"href":"https:\/\/www.ufsm.br\/laboratorios\/labart\/wp-json\/wp\/v2\/comments?post=2052"}],"version-history":[{"count":0,"href":"https:\/\/www.ufsm.br\/laboratorios\/labart\/wp-json\/wp\/v2\/pages\/2052\/revisions"}],"wp:attachment":[{"href":"https:\/\/www.ufsm.br\/laboratorios\/labart\/wp-json\/wp\/v2\/media?parent=2052"}],"wp:term":[{"taxonomy":"category","embeddable":true,"href":"https:\/\/www.ufsm.br\/laboratorios\/labart\/wp-json\/wp\/v2\/categories?post=2052"},{"taxonomy":"post_tag","embeddable":true,"href":"https:\/\/www.ufsm.br\/laboratorios\/labart\/wp-json\/wp\/v2\/tags?post=2052"}],"curies":[{"name":"wp","href":"https:\/\/api.w.org\/{rel}","templated":true}]}}